{"id":15623,"date":"2017-03-30T09:42:17","date_gmt":"2017-03-30T15:42:17","guid":{"rendered":"https:\/\/foosales.com\/?page_id=15623"},"modified":"2025-06-05T05:18:42","modified_gmt":"2025-06-05T12:18:42","slug":"registrace","status":"publish","type":"page","link":"https:\/\/www.foosales.com\/cs\/signup\/","title":{"rendered":"Registrace"},"content":{"rendered":"<div data-elementor-type=\"wp-page\" data-elementor-id=\"15623\" class=\"elementor elementor-15623\" data-elementor-post-type=\"page\">\n\t\t\t\t\t\t<section class=\"elementor-section elementor-top-section elementor-element elementor-element-13bfe9ef elementor-section-boxed elementor-section-height-default elementor-section-height-default\" data-id=\"13bfe9ef\" data-element_type=\"section\" data-e-type=\"section\">\n\t\t\t\t\t\t<div class=\"elementor-container elementor-column-gap-default\">\n\t\t\t\t\t<div class=\"elementor-column elementor-col-25 elementor-top-column elementor-element elementor-element-46f179da\" data-id=\"46f179da\" data-element_type=\"column\" data-e-type=\"column\">\n\t\t\t<div class=\"elementor-widget-wrap\">\n\t\t\t\t\t\t\t<\/div>\n\t\t<\/div>\n\t\t\t\t<div class=\"elementor-column elementor-col-50 elementor-top-column elementor-element elementor-element-289ccc5a\" data-id=\"289ccc5a\" data-element_type=\"column\" data-e-type=\"column\">\n\t\t\t<div class=\"elementor-widget-wrap elementor-element-populated\">\n\t\t\t\t\t\t<div class=\"elementor-element elementor-element-0f615ac elementor-widget elementor-widget-text-editor\" data-id=\"0f615ac\" data-element_type=\"widget\" data-e-type=\"widget\" data-widget_type=\"text-editor.default\">\n\t\t\t\t<div class=\"elementor-widget-container\">\n\t\t\t\t\t\t\t\t\t<p><img decoding=\"async\" class=\"alignnone wp-image-69499\" src=\"https:\/\/www.foosales.com\/wp-content\/uploads\/2021\/01\/register_fs_logo.png\" alt=\"\" width=\"130\" height=\"64\" title=\"\" srcset=\"https:\/\/www.foosales.com\/wp-content\/uploads\/2021\/01\/register_fs_logo.png 196w, https:\/\/www.foosales.com\/wp-content\/uploads\/2021\/01\/register_fs_logo-18x9.png 18w, https:\/\/www.foosales.com\/wp-content\/uploads\/2021\/01\/register_fs_logo-58x28.png 58w\" sizes=\"(max-width: 130px) 100vw, 130px\" \/><\/p>\t\t\t\t\t\t\t\t<\/div>\n\t\t\t\t<\/div>\n\t\t\t\t<div class=\"elementor-element elementor-element-31568a0f elementor-widget elementor-widget-heading\" data-id=\"31568a0f\" data-element_type=\"widget\" data-e-type=\"widget\" data-widget_type=\"heading.default\">\n\t\t\t\t<div class=\"elementor-widget-container\">\n\t\t\t\t\t<h1 class=\"elementor-heading-title elementor-size-large\">Spus\u0165te 7denn\u00ed zku\u0161ebn\u00ed verzi zdarma<\/h1>\t\t\t\t<\/div>\n\t\t\t\t<\/div>\n\t\t\t\t<div class=\"elementor-element elementor-element-38375821 elementor-widget elementor-widget-text-editor\" data-id=\"38375821\" data-element_type=\"widget\" data-e-type=\"widget\" data-widget_type=\"text-editor.default\">\n\t\t\t\t<div class=\"elementor-widget-container\">\n\t\t\t\t\t\t\t\t\t<p>Vyzkou\u0161ejte FooSales zdarma, <u>nevy\u017eaduje se \u017e\u00e1dn\u00e1 kreditn\u00ed karta ani faktura\u010dn\u00ed \u00fadaje<\/u>. U\u017e m\u00e1te \u00fa\u010det? <a href=\"https:\/\/www.foosales.com\/cs\/muj-ucet\/\"><strong>P\u0159ihl\u00e1sit se nyn\u00ed<\/strong><\/a><\/p>\t\t\t\t\t\t\t\t<\/div>\n\t\t\t\t<\/div>\n\t\t\t\t<div class=\"elementor-element elementor-element-1b3d955 elementor-widget elementor-widget-heading\" data-id=\"1b3d955\" data-element_type=\"widget\" data-e-type=\"widget\" data-widget_type=\"heading.default\">\n\t\t\t\t<div class=\"elementor-widget-container\">\n\t\t\t\t\t<div class=\"elementor-heading-title elementor-size-default\">D\u016fle\u017eit\u00e9: Zadejte spr\u00e1vnou adresu URL sv\u00e9ho obchodu - je nutn\u00e1 pro p\u0159ipojen\u00ed va\u0161eho webu k FooSales a umo\u017en\u011bn\u00ed p\u0159\u00edstupu k aplikac\u00edm FooSales POS.<\/div>\t\t\t\t<\/div>\n\t\t\t\t<\/div>\n\t\t\t\t<div class=\"elementor-element elementor-element-528e043 elementor-widget elementor-widget-shortcode\" data-id=\"528e043\" data-element_type=\"widget\" data-e-type=\"widget\" data-widget_type=\"shortcode.default\">\n\t\t\t\t<div class=\"elementor-widget-container\">\n\t\t\t\t\t\t\t<div class=\"elementor-shortcode\"><div class=\"registration-form woocommerce\">\r\n\r\n\t\r\n\t<h2>Registrace na<\/h2>\r\n\r\n\t<form method=\"post\" class=\"register\" action=\"\">\r\n\r\n\t\t\n<p class=\"form-row form-row-wide\">\n\t<label for=\"foosales_trial_url\">Adresa URL obchodu *<\/label>\n\t<input type=\"text\" class=\"input-text\" name=\"foosales_trial_url\" id=\"reg_foosales_url\" value=\"\" placeholder=\"https:\/\/www.yourstore.com\" \/>\n<\/p>\n\n\r\n\t\t\r\n\t\t<p class=\"woocommerce-FormRow woocommerce-FormRow--wide form-row form-row-wide\">\r\n\t\t\t<label for=\"reg_email\">E-mailov\u00e1 adresa <span class=\"required\">*<\/span><\/label>\r\n\t\t\t<input type=\"email\" class=\"woocommerce-Input woocommerce-Input--text input-text\" name=\"email\" id=\"reg_email\" value=\"\" \/>\r\n\t\t<\/p>\r\n\r\n\t\t\r\n\t\t\t<p class=\"woocommerce-FormRow woocommerce-FormRow--wide form-row form-row-wide\">\r\n\t\t\t\t<label for=\"reg_password\">Heslo <span class=\"required\">*<\/span><\/label>\r\n\t\t\t\t<input type=\"password\" class=\"woocommerce-Input woocommerce-Input--text input-text\" name=\"password\" id=\"reg_password\" \/>\r\n\t\t\t<\/p>\r\n\r\n\t\t\r\n\t\t<!-- Spam Trap -->\r\n\t\t<div style=\"left: -999em; position: absolute;\"><label for=\"trap\">Ochrana proti spamu<\/label><input type=\"text\" name=\"email_2\" id=\"trap\" tabindex=\"-1\" autocomplete=\"off\" \/><\/div>\r\n\r\n\t\t<wc-order-attribution-inputs><\/wc-order-attribution-inputs><div class=\"woocommerce-privacy-policy-text\"><\/div>\t\t\r\n\t\t<p class=\"woocomerce-FormRow form-row\">\r\n\t\t\t<input type=\"hidden\" id=\"woocommerce-register-nonce\" name=\"woocommerce-register-nonce\" value=\"1ffab45a76\" \/><input type=\"hidden\" name=\"_wp_http_referer\" value=\"\/cs\/wp-json\/wp\/v2\/pages\/15623\" \/>\t\t\t<input type=\"submit\" class=\"woocommerce-Button button\" name=\"register\" value=\"Registrace na\" \/>\r\n\t\t<\/p>\r\n\r\n\t\t<p class=\"woocommerce-simple-registration-login-link\">\r\n\t\t\t<a href=\"https:\/\/www.foosales.com\/wp-login.php?redirect_to=https%3A%2F%2Fwww.foosales.com%2Fcs%2Fsignup%2F\">P\u0159ihl\u00e1\u0161en\u00ed<\/a>\r\n\t\t<\/p>\r\n\r\n\t\t\r\n\t<input type=\"hidden\" name=\"trp-form-language\" value=\"cs\"\/><\/form>\r\n\r\n<\/div>\r\n<\/div>\n\t\t\t\t\t\t<\/div>\n\t\t\t\t<\/div>\n\t\t\t\t<div class=\"elementor-element elementor-element-0043a66 elementor-widget elementor-widget-text-editor\" data-id=\"0043a66\" data-element_type=\"widget\" data-e-type=\"widget\" data-widget_type=\"text-editor.default\">\n\t\t\t\t<div class=\"elementor-widget-container\">\n\t\t\t\t\t\t\t\t\t<p>Kliknut\u00edm na tla\u010d\u00edtko \"Zaregistrovat se\" souhlas\u00edte s vytvo\u0159en\u00edm \u00fa\u010dtu FooSales a souhlas\u00edte s podm\u00ednkami FooSales. <a href=\"https:\/\/www.foosales.com\/cs\/podminky-sluzby\/\">Podm\u00ednky slu\u017eby<\/a> a <a href=\"https:\/\/www.foosales.com\/cs\/zasady-ochrany-osobnich-udaju\/\">Z\u00e1sady ochrany osobn\u00edch \u00fadaj\u016f<\/a>.<\/p>\t\t\t\t\t\t\t\t<\/div>\n\t\t\t\t<\/div>\n\t\t\t\t\t<\/div>\n\t\t<\/div>\n\t\t\t\t<div class=\"elementor-column elementor-col-25 elementor-top-column elementor-element elementor-element-69a344e2\" data-id=\"69a344e2\" data-element_type=\"column\" data-e-type=\"column\">\n\t\t\t<div class=\"elementor-widget-wrap\">\n\t\t\t\t\t\t\t<\/div>\n\t\t<\/div>\n\t\t\t\t\t<\/div>\n\t\t<\/section>\n\t\t\t\t<\/div>","protected":false},"excerpt":{"rendered":"<p>Start your 7-day Free Trial Try FooSales for free, no credit card or billing details required. Already have an account? [&hellip;]<\/p>\n","protected":false},"author":1,"featured_media":0,"parent":0,"menu_order":8,"comment_status":"closed","ping_status":"closed","template":"","meta":{"site-sidebar-layout":"default","site-content-layout":"default","ast-site-content-layout":"default","site-content-style":"default","site-sidebar-style":"default","ast-global-header-display":"","ast-banner-title-visibility":"","ast-main-header-display":"disabled","ast-hfb-above-header-display":"","ast-hfb-below-header-display":"","ast-hfb-mobile-header-display":"","site-post-title":"disabled","ast-breadcrumbs-content":"","ast-featured-img":"","footer-sml-layout":"disabled","ast-disable-related-posts":"","theme-transparent-header-meta":"default","adv-header-id-meta":"","stick-header-meta":"default","header-above-stick-meta":"","header-main-stick-meta":"","header-below-stick-meta":"","astra-migrate-meta-layouts":"set","ast-page-background-enabled":"default","ast-page-background-meta":{"desktop":{"background-color":"","background-image":"","background-repeat":"repeat","background-position":"center center","background-size":"auto","background-attachment":"scroll","background-type":"","background-media":"","overlay-type":"","overlay-color":"","overlay-opacity":"","overlay-gradient":""},"tablet":{"background-color":"","background-image":"","background-repeat":"repeat","background-position":"center center","background-size":"auto","background-attachment":"scroll","background-type":"","background-media":"","overlay-type":"","overlay-color":"","overlay-opacity":"","overlay-gradient":""},"mobile":{"background-color":"","background-image":"","background-repeat":"repeat","background-position":"center center","background-size":"auto","background-attachment":"scroll","background-type":"","background-media":"","overlay-type":"","overlay-color":"","overlay-opacity":"","overlay-gradient":""}},"ast-content-background-meta":{"desktop":{"background-color":"var(--ast-global-color-5)","background-image":"","background-repeat":"repeat","background-position":"center center","background-size":"auto","background-attachment":"scroll","background-type":"","background-media":"","overlay-type":"","overlay-color":"","overlay-opacity":"","overlay-gradient":""},"tablet":{"background-color":"var(--ast-global-color-5)","background-image":"","background-repeat":"repeat","background-position":"center center","background-size":"auto","background-attachment":"scroll","background-type":"","background-media":"","overlay-type":"","overlay-color":"","overlay-opacity":"","overlay-gradient":""},"mobile":{"background-color":"var(--ast-global-color-5)","background-image":"","background-repeat":"repeat","background-position":"center center","background-size":"auto","background-attachment":"scroll","background-type":"","background-media":"","overlay-type":"","overlay-color":"","overlay-opacity":"","overlay-gradient":""}},"footnotes":""},"class_list":["post-15623","page","type-page","status-publish","hentry"],"_links":{"self":[{"href":"https:\/\/www.foosales.com\/cs\/wp-json\/wp\/v2\/pages\/15623","targetHints":{"allow":["GET"]}}],"collection":[{"href":"https:\/\/www.foosales.com\/cs\/wp-json\/wp\/v2\/pages"}],"about":[{"href":"https:\/\/www.foosales.com\/cs\/wp-json\/wp\/v2\/types\/page"}],"author":[{"embeddable":true,"href":"https:\/\/www.foosales.com\/cs\/wp-json\/wp\/v2\/users\/1"}],"replies":[{"embeddable":true,"href":"https:\/\/www.foosales.com\/cs\/wp-json\/wp\/v2\/comments?post=15623"}],"version-history":[{"count":17,"href":"https:\/\/www.foosales.com\/cs\/wp-json\/wp\/v2\/pages\/15623\/revisions"}],"predecessor-version":[{"id":183678,"href":"https:\/\/www.foosales.com\/cs\/wp-json\/wp\/v2\/pages\/15623\/revisions\/183678"}],"wp:attachment":[{"href":"https:\/\/www.foosales.com\/cs\/wp-json\/wp\/v2\/media?parent=15623"}],"curies":[{"name":"wp","href":"https:\/\/api.w.org\/{rel}","templated":true}]}}