{"id":18542,"date":"2018-06-04T04:02:48","date_gmt":"2018-06-04T10:02:48","guid":{"rendered":"https:\/\/foosales.com\/?page_id=18542"},"modified":"2024-09-09T13:50:36","modified_gmt":"2024-09-09T20:50:36","slug":"soukromi-zasuvneho-modulu","status":"publish","type":"page","link":"https:\/\/www.foosales.com\/cs\/plugin-privacy\/","title":{"rendered":"FooSales Plugin Z\u00e1sady ochrany osobn\u00edch \u00fadaj\u016f"},"content":{"rendered":"<div data-elementor-type=\"wp-page\" data-elementor-id=\"18542\" class=\"elementor elementor-18542\" data-elementor-post-type=\"page\">\n\t\t\t\t\t\t<section class=\"elementor-section elementor-top-section elementor-element elementor-element-3a603702 elementor-section-boxed elementor-section-height-default elementor-section-height-default\" data-id=\"3a603702\" data-element_type=\"section\" data-e-type=\"section\">\n\t\t\t\t\t\t<div class=\"elementor-container elementor-column-gap-default\">\n\t\t\t\t\t<div class=\"elementor-column elementor-col-100 elementor-top-column elementor-element elementor-element-9300ef8\" data-id=\"9300ef8\" data-element_type=\"column\" data-e-type=\"column\">\n\t\t\t<div class=\"elementor-widget-wrap elementor-element-populated\">\n\t\t\t\t\t\t<div class=\"elementor-element elementor-element-664944af elementor-widget elementor-widget-text-editor\" data-id=\"664944af\" data-element_type=\"widget\" data-e-type=\"widget\" data-widget_type=\"text-editor.default\">\n\t\t\t\t<div class=\"elementor-widget-container\">\n\t\t\t\t\t\t\t\t\t<h1>FooSales WP Plugin Z\u00e1sady ochrany osobn\u00edch \u00fadaj\u016f<\/h1><p><em>Posledn\u00ed aktualizace: 9. z\u00e1\u0159\u00ed 2024<\/em><\/p><h2><span style=\"font-size: 30px; font-weight: normal; font-family: var( --e-global-typography-text-font-family ), Sans-serif;\">Jak FooSales ukl\u00e1d\u00e1 data<\/span><span style=\"font-size: 1.875rem; font-style: normal; font-weight: normal; font-family: var( --e-global-typography-text-font-family ), Sans-serif;\">:<\/span><\/h2><h3 style=\"font-style: normal;\">Datab\u00e1ze<\/h3><p><span style=\"font-weight: 400;\">FooSales minim\u00e1ln\u011b vyu\u017e\u00edv\u00e1 data, kter\u00e1 jsou ulo\u017eena v datab\u00e1zi WooCommerce z\u00e1kazn\u00edka. FooSales p\u0159id\u00e1v\u00e1 do datab\u00e1ze WooCommerce z\u00e1kladn\u00ed informace ve form\u011b vlastn\u00edch metadat p\u0159\u00edsp\u011bvk\u016f, aby rozli\u0161il objedn\u00e1vky, kter\u00e9 byly zpracov\u00e1ny FooSales, spolu s pou\u017eitou platebn\u00ed metodou. \u017d\u00e1dn\u00e9 \u00fadaje o kreditn\u00edch kart\u00e1ch z\u00e1kazn\u00edk\u016f ani jin\u00e9 citliv\u00e9 platebn\u00ed \u00fadaje nejsou p\u0159en\u00e1\u0161eny ani ukl\u00e1d\u00e1ny.<\/span><\/p><h3><span style=\"font-weight: 400;\">Aplikace<\/span><\/h3><p><span style=\"font-weight: 400;\">Na str\u00e1nk\u00e1ch <\/span><span style=\"font-weight: 400;\">Aplikace pro prodejn\u00ed m\u00edsta FooSales (POS)<\/span><span style=\"font-weight: 400;\"> pou\u017e\u00edvat vlastn\u00ed rozhran\u00ed REST API pro bezpe\u010dnou komunikaci se z\u00e1suvn\u00fdm modulem FooSales, aby bylo mo\u017en\u00e9 na\u010d\u00edtat informace o z\u00e1kazn\u00edc\u00edch a objedn\u00e1vk\u00e1ch a zpracov\u00e1vat prodeje. Data, kter\u00e1 se p\u0159en\u00e1\u0161ej\u00ed mezi z\u00e1suvn\u00fdm modulem FooSales a aplikacemi, zahrnuj\u00ed \u00fadaje o objedn\u00e1vk\u00e1ch, produktech a kupuj\u00edc\u00edch. Tato data jsou ukl\u00e1d\u00e1na do mezipam\u011bti za\u0159\u00edzen\u00ed, na kter\u00e9m je spu\u0161t\u011bna aplikace FooSales, aby se urychlilo po\u010d\u00e1te\u010dn\u00ed na\u010d\u00edt\u00e1n\u00ed. Chcete-li tato data z mezipam\u011bti odstranit, jednodu\u0161e odpojte aplikaci FooSales od sv\u00e9ho obchodu klepnut\u00edm na tla\u010d\u00edtko\u00a0<\/span><b>Odpojen\u00ed<\/b>\u00a0na obrazovce Nastaven\u00ed nebo <b>odinstalovat<\/b> aplikace FooSales z va\u0161eho za\u0159\u00edzen\u00ed.<\/p><h3 style=\"font-style: normal;\"><span style=\"font-size: 25px; font-weight: 400;\">Zpracov\u00e1n\u00ed plateb<\/span><\/h3><p style=\"font-size: 16px; font-style: normal; font-weight: 400;\"><span style=\"font-size: 16px; font-weight: 400;\">FooSales se integruje s hardwarem Square a Stripe, aby bylo mo\u017en\u00e9 zpracov\u00e1vat platby kartou pomoc\u00ed jejich nativn\u00edch v\u00fdvojov\u00fdch sad. A\u010dkoli ve\u0161ker\u00e9 zpracov\u00e1n\u00ed karet a t\u011b\u017ek\u00e9 pr\u00e1ce jsou bezpe\u010dn\u011b spravov\u00e1ny Square a Stripe mimo FooSales, celkov\u00e1 \u010d\u00e1stka objedn\u00e1vky a popis zakoupen\u00fdch polo\u017eek jsou odesl\u00e1ny na v\u00e1\u0161 \u00fa\u010det Square a\/nebo Stripe za \u00fa\u010delem zpracov\u00e1n\u00ed platby.<\/span><\/p><h3><span style=\"font-weight: 400;\">Anal\u00fdza objedn\u00e1vek<\/span><\/h3><p><span style=\"font-weight: 400;\">Spole\u010dnost FooSales se zavazuje sd\u00edlet zaj\u00edmav\u00e9 trendy a poznatky se z\u00e1kazn\u00edky a \u0161ir\u0161\u00ed komunitou WordPress\/WooCommerce na z\u00e1klad\u011b souhrnn\u00fdch \u00fadaj\u016f o z\u00e1kazn\u00edc\u00edch. <\/span>Pokud <b>anal\u00fdza objedn\u00e1vek<\/b> je v z\u00e1suvn\u00e9m modulu FooSales povoleno nastaven\u00ed<span style=\"font-size: 16px; font-weight: 400; color: var( --e-global-color-text ); font-family: var( --e-global-typography-text-font-family ), Sans-serif;\">, budeme anonymn\u011b shroma\u017e\u010fovat n\u00e1sleduj\u00edc\u00ed \u00fadaje, kter\u00e9 nejsou citliv\u00e9, pro ka\u017edou objedn\u00e1vku, kter\u00e1 je zad\u00e1na prost\u0159ednictv\u00edm aplikac\u00ed FooSales:<\/span><\/p><ul><li style=\"font-size: 16px;\"><span style=\"font-size: 16px; font-weight: 400;\"><span style=\"font-size: 16px; font-weight: bold;\"><span style=\"font-size: 16px; font-style: normal; font-weight: bold; color: var( --e-global-color-text ); font-family: var( --e-global-typography-text-font-family ), Sans-serif;\">\u010casov\u00e9 raz\u00edtko<\/span><span style=\"font-size: 16px; font-style: normal; font-weight: 400; color: var( --e-global-color-text ); font-family: var( --e-global-typography-text-font-family ), Sans-serif;\">\u00a0(automaticky generovan\u00e9)<\/span><br \/><\/span><\/span><\/li><li style=\"font-size: 16px;\"><span style=\"font-size: 16px; font-weight: 400;\"><span style=\"font-size: 16px; font-weight: bold;\">Kl\u00ed\u010d pro seskupov\u00e1n\u00ed\u00a0<\/span><\/span>(n\u00e1hodn\u011b generovan\u00fd \u0159et\u011bzec pro anonymn\u00ed seskupov\u00e1n\u00ed objedn\u00e1vek)<\/li><li><span style=\"font-weight: 400;\"><strong>Platforma<\/strong> (Web, iOS, Android)<\/span><\/li><li><span style=\"font-weight: 400;\"><strong>Zem\u011b<\/strong> (zkr\u00e1cen\u00fd k\u00f3d zem\u011b)<\/span><\/li><li><span style=\"font-weight: 400;\"><strong>M\u011bna<\/strong> (zkr\u00e1cen\u00fd k\u00f3d m\u011bny)<\/span><\/li><li><span style=\"font-weight: 400;\"><strong>Zp\u016fsob platby<\/strong> (zp\u016fsob platby pou\u017eit\u00fd v objedn\u00e1vce)<\/span><\/li><li><span style=\"font-weight: 400;\"><strong>Sektor<\/strong> (pouze pokud jste se p\u0159ihl\u00e1sili ke sd\u00edlen\u00ed informac\u00ed o odv\u011btv\u00ed\/kategorii s WooCommerce)<\/span><\/li><li style=\"font-size: 16px;\"><span style=\"font-size: 16px; font-weight: 400;\"><span style=\"font-size: 16px; font-weight: bold;\">Po\u010det polo\u017eek<\/span>\u00a0(celkov\u00fd po\u010det polo\u017eek zahrnut\u00fdch do objedn\u00e1vky)<\/span><\/li><li style=\"font-size: 16px;\"><span style=\"font-size: 16px; font-weight: 400;\"><span style=\"font-size: 16px; font-weight: bold;\">Mno\u017estv\u00ed celkem<\/span>\u00a0(celkov\u00e9 mno\u017estv\u00ed polo\u017eek v objedn\u00e1vce)<\/span><\/li><li><span style=\"font-weight: 400;\"><strong>Objedn\u00e1vka celkem<\/strong> (celkov\u00e1 \u010d\u00e1stka objedn\u00e1vky ve zvolen\u00e9 m\u011bn\u011b obchodu, nap\u0159. 10,00 CAD)<\/span><\/li><li><span style=\"font-weight: 400;\"><strong>Celkov\u00e1 \u010d\u00e1stka objedn\u00e1vky v USD<\/strong> (celkov\u00e1 \u010d\u00e1stka objedn\u00e1vky p\u0159eveden\u00e1 na ekvivalentn\u00ed \u010d\u00e1stku v USD, nap\u0159. 8,07 USD)\u00a0<\/span><\/li><\/ul><h3><span style=\"font-weight: 400;\">E-maily<\/span><\/h3><p><span style=\"font-weight: 400;\">Objedn\u00e1vky zpracovan\u00e9 aplikacemi FooSales POS spust\u00ed v\u00fdchoz\u00ed funkci e-mailov\u00e9 objedn\u00e1vky WooCommerce. Pokud je tato mo\u017enost povolena, bude e-mailov\u00e1 zpr\u00e1va WooCommerce \"Objedn\u00e1vka nov\u00e9ho z\u00e1kazn\u00edka\" odesl\u00e1na na e-mailov\u00e9 adresy zadan\u00e9 v polo\u017ece <strong>WooCommerce<\/strong> &gt; <strong>Nastaven\u00ed<\/strong><\/span><span style=\"font-size: 16px; font-style: normal; font-weight: 400; color: var( --e-global-color-text ); font-family: var( --e-global-typography-text-font-family ), Sans-serif;\">\u00a0<\/span><span style=\"font-size: 16px; font-style: normal; font-weight: 400; color: var( --e-global-color-text ); font-family: var( --e-global-typography-text-font-family ), Sans-serif;\">&gt;<\/span><span style=\"font-size: 16px; font-style: normal; font-weight: 400; color: var( --e-global-color-text ); font-family: var( --e-global-typography-text-font-family ), Sans-serif;\">\u00a0<\/span><strong style=\"font-size: 16px; color: var( --e-global-color-text ); font-family: var( --e-global-typography-text-font-family ), Sans-serif;\">E-maily<\/strong><span style=\"font-size: 16px; font-weight: 400; color: var( --e-global-color-text ); font-family: var( --e-global-typography-text-font-family ), Sans-serif;\"> mo\u017enosti. V\u00fdchoz\u00ed \u00fadaje v tomto e-mailu zahrnuj\u00ed podrobnosti o objedn\u00e1vce a polo\u017ece a \u00fadaje o z\u00e1kazn\u00edkovi. Po odesl\u00e1n\u00ed e-mailu \"Nov\u00e1 objedn\u00e1vka z\u00e1kazn\u00edka\" bude tento e-mail ulo\u017een na neur\u010ditou dobu na e-mailov\u00e9m serveru spr\u00e1vce webu v z\u00e1vislosti na e-mailov\u00e9 adrese\/adres\u00e1ch, kter\u00e9 byly zad\u00e1ny v nastaven\u00ed WooCommerce.<\/span><\/p><h2>Jak odstranit data:<\/h2><div><h3 style=\"font-style: normal;\">Odstran\u011bn\u00ed objedn\u00e1vek<\/h3><\/div><ol><li><span style=\"font-weight: 400;\">P\u0159ejd\u011bte na <\/span><b>WooCommerce<\/b><span style=\"font-weight: 400;\"> &gt; <\/span><b>Objedn\u00e1vky<\/b><span style=\"font-weight: 400;\"> v oblasti spr\u00e1vy WordPress<\/span><\/li><li style=\"font-weight: 400;\"><span style=\"font-weight: 400;\">Zv\u00fdrazn\u011bte zak\u00e1zky, kter\u00e9 maj\u00ed b\u00fdt odstran\u011bny<\/span><\/li><li style=\"font-weight: 400;\"><span style=\"font-weight: 400;\">V hromadn\u00fdch akc\u00edch vyberte mo\u017enost \"P\u0159esunout do ko\u0161e\" a klikn\u011bte na tla\u010d\u00edtko \"Pou\u017e\u00edt\".<\/span><\/li><li style=\"font-weight: 400;\"><span style=\"font-weight: 400;\">P\u0159ejd\u011bte na objedn\u00e1vku \"Bin\"<\/span><\/li><li style=\"font-weight: 400;\"><span style=\"font-weight: 400;\">Zv\u00fdrazn\u011bte zak\u00e1zku\/y, kter\u00e9 maj\u00ed b\u00fdt odstran\u011bny<\/span><\/li><li style=\"font-weight: 400;\"><span style=\"font-weight: 400;\">V hromadn\u00fdch akc\u00edch vyberte mo\u017enost \"Trvale odstranit\" a klikn\u011bte na tla\u010d\u00edtko \"Pou\u017e\u00edt\".<\/span><\/li><\/ol><h3><span style=\"font-weight: 400;\">Odstran\u011bn\u00ed mo\u017enost\u00ed a nastaven\u00ed z\u00e1suvn\u00e9ho modulu<\/span><\/h3><p><span style=\"font-weight: 400;\">Chcete-li odstranit v\u0161echny mo\u017enosti a nastaven\u00ed FooSales, jednodu\u0161e zaka\u017ete a odinstalujte z\u00e1suvn\u00e9 moduly. Z\u00e1suvn\u00e9 moduly automaticky odstran\u00ed v\u0161echny mo\u017enosti a nastaven\u00ed z datab\u00e1ze b\u011bhem procesu odinstalace.<\/span><\/p><h3><span style=\"font-weight: 400;\">Odstran\u011bn\u00ed v\u0161ech soubor\u016f FooSales<\/span><\/h3><ol><li style=\"font-weight: 400;\"><span style=\"font-weight: 400;\">Zak\u00e1zat a odinstalovat z\u00e1suvn\u00e9 moduly podle v\u00fd\u0161e uveden\u00fdch pokyn\u016f (Odstran\u011bn\u00ed mo\u017enost\u00ed a nastaven\u00ed z\u00e1suvn\u00fdch modul\u016f).<\/span><\/li><li style=\"font-weight: 400;\"><span style=\"font-weight: 400;\">P\u0159ipojte se k webov\u00e9mu serveru pomoc\u00ed klienta FTP a p\u0159ejd\u011bte na adresu<\/span><i><span style=\"font-weight: 400;\">wp-content\/plugins<\/span><\/i><span style=\"font-weight: 400;\">' v adres\u00e1\u0159i WordPress. Zkontrolujte, zda byly odstran\u011bny v\u0161echny adres\u00e1\u0159e z\u00e1suvn\u00fdch modul\u016f FooSales.<\/span><\/li><\/ol><h3><span style=\"font-weight: 400;\">U\u017eivatelsk\u00e9 role, schopnosti a opr\u00e1vn\u011bn\u00ed:<\/span><\/h3><p><span style=\"font-weight: 400;\">FooSales ve velk\u00e9 m\u00ed\u0159e vyu\u017e\u00edv\u00e1 vestav\u011bnou funkci u\u017eivatelsk\u00fdch rol\u00ed a schopnost\u00ed WordPress, kter\u00e1 zaji\u0161\u0165uje lep\u0161\u00ed ochranu soukrom\u00ed. Ve v\u00fdchoz\u00edm nastaven\u00ed maj\u00ed p\u0159\u00edstup ke v\u0161em funkc\u00edm FooSales pouze u\u017eivatel\u00e9 s rol\u00ed \"Administrator\". Pokud pot\u0159ebujete dal\u0161\u00ed roli, kter\u00e1 bude m\u00edt p\u0159\u00edstup ke konkr\u00e9tn\u00edm funkc\u00edm FooSales, budete muset t\u00e9to roli p\u0159i\u0159adit schopnosti pomoc\u00ed bezplatn\u00e9ho z\u00e1suvn\u00e9ho modulu WordPress t\u0159et\u00ed strany.<\/span><\/p><p><span style=\"font-weight: 400;\">Zde je uveden postup, kter\u00fd je k tomu zapot\u0159eb\u00ed:<\/span><\/p><ol><li style=\"font-weight: 400;\"><span style=\"font-weight: 400;\">P\u0159ihlaste se do administr\u00e1torsk\u00e9 oblasti WordPress a nainstalujte a aktivujte aplikaci <\/span><b>Editor u\u017eivatelsk\u00fdch rol\u00ed<\/b><span style=\"font-weight: 400;\"> plugin: <\/span><a href=\"https:\/\/wordpress.org\/plugins\/user-role-editor\/\" rel=\"noopener\"><span style=\"font-weight: 400;\">https:\/\/wordpress.org\/plugins\/user-role-editor\/<\/span><\/a><\/li><li><span style=\"font-weight: 400;\">P\u0159ejd\u011bte na <\/span><b>U\u017eivatel\u00e9<\/b><span style=\"font-weight: 400;\"> &gt; <\/span><b>Editor u\u017eivatelsk\u00fdch rol\u00ed<\/b><\/li><li style=\"font-weight: 400;\"><span style=\"font-weight: 400;\">Vyberte u\u017eivatelskou roli, kter\u00e1 pot\u0159ebuje p\u0159\u00edstup ke specifick\u00fdm funkc\u00edm FooSales v mo\u017enosti \"Vybrat roli a zm\u011bnit jej\u00ed mo\u017enosti\".<\/span><\/li><li style=\"font-weight: 400;\"><span style=\"font-weight: 400;\">Do textov\u00e9ho pole rychl\u00e9ho filtru zadejte v\u00fdraz \"foosales\".<\/span><\/li><li style=\"font-weight: 400;\"><span style=\"font-weight: 400;\">Za\u0161krtn\u011bte v\u0161echny zv\u00fdrazn\u011bn\u00e9 polo\u017eky (jedn\u00e1 se v podstat\u011b o v\u0161echny mo\u017enosti s p\u0159\u00edponou \"foosales\").<\/span><\/li><li><span style=\"font-weight: 400;\">Klikn\u011bte na tla\u010d\u00edtko \"Aktualizovat\" vpravo<\/span><\/li><\/ol>\t\t\t\t\t\t\t\t<\/div>\n\t\t\t\t<\/div>\n\t\t\t\t\t<\/div>\n\t\t<\/div>\n\t\t\t\t\t<\/div>\n\t\t<\/section>\n\t\t\t\t<\/div>","protected":false},"excerpt":{"rendered":"<p>FooSales WP Plugin Privacy Policy Last Updated: 9 September 2024 How FooSales Stores Data: Database FooSales makes minimal use of [&hellip;]<\/p>\n","protected":false},"author":1,"featured_media":0,"parent":0,"menu_order":100,"comment_status":"closed","ping_status":"closed","template":"elementor_header_footer","meta":{"site-sidebar-layout":"default","site-content-layout":"default","ast-site-content-layout":"default","site-content-style":"default","site-sidebar-style":"default","ast-global-header-display":"","ast-banner-title-visibility":"","ast-main-header-display":"","ast-hfb-above-header-display":"","ast-hfb-below-header-display":"","ast-hfb-mobile-header-display":"","site-post-title":"","ast-breadcrumbs-content":"","ast-featured-img":"","footer-sml-layout":"","ast-disable-related-posts":"","theme-transparent-header-meta":"default","adv-header-id-meta":"","stick-header-meta":"default","header-above-stick-meta":"","header-main-stick-meta":"","header-below-stick-meta":"","astra-migrate-meta-layouts":"default","ast-page-background-enabled":"default","ast-page-background-meta":{"desktop":{"background-color":"","background-image":"","background-repeat":"repeat","background-position":"center center","background-size":"auto","background-attachment":"scroll","background-type":"","background-media":"","overlay-type":"","overlay-color":"","overlay-opacity":"","overlay-gradient":""},"tablet":{"background-color":"","background-image":"","background-repeat":"repeat","background-position":"center center","background-size":"auto","background-attachment":"scroll","background-type":"","background-media":"","overlay-type":"","overlay-color":"","overlay-opacity":"","overlay-gradient":""},"mobile":{"background-color":"","background-image":"","background-repeat":"repeat","background-position":"center center","background-size":"auto","background-attachment":"scroll","background-type":"","background-media":"","overlay-type":"","overlay-color":"","overlay-opacity":"","overlay-gradient":""}},"ast-content-background-meta":{"desktop":{"background-color":"var(--ast-global-color-5)","background-image":"","background-repeat":"repeat","background-position":"center center","background-size":"auto","background-attachment":"scroll","background-type":"","background-media":"","overlay-type":"","overlay-color":"","overlay-opacity":"","overlay-gradient":""},"tablet":{"background-color":"var(--ast-global-color-5)","background-image":"","background-repeat":"repeat","background-position":"center center","background-size":"auto","background-attachment":"scroll","background-type":"","background-media":"","overlay-type":"","overlay-color":"","overlay-opacity":"","overlay-gradient":""},"mobile":{"background-color":"var(--ast-global-color-5)","background-image":"","background-repeat":"repeat","background-position":"center center","background-size":"auto","background-attachment":"scroll","background-type":"","background-media":"","overlay-type":"","overlay-color":"","overlay-opacity":"","overlay-gradient":""}},"footnotes":""},"class_list":["post-18542","page","type-page","status-publish","hentry"],"_links":{"self":[{"href":"https:\/\/www.foosales.com\/cs\/wp-json\/wp\/v2\/pages\/18542","targetHints":{"allow":["GET"]}}],"collection":[{"href":"https:\/\/www.foosales.com\/cs\/wp-json\/wp\/v2\/pages"}],"about":[{"href":"https:\/\/www.foosales.com\/cs\/wp-json\/wp\/v2\/types\/page"}],"author":[{"embeddable":true,"href":"https:\/\/www.foosales.com\/cs\/wp-json\/wp\/v2\/users\/1"}],"replies":[{"embeddable":true,"href":"https:\/\/www.foosales.com\/cs\/wp-json\/wp\/v2\/comments?post=18542"}],"version-history":[{"count":0,"href":"https:\/\/www.foosales.com\/cs\/wp-json\/wp\/v2\/pages\/18542\/revisions"}],"wp:attachment":[{"href":"https:\/\/www.foosales.com\/cs\/wp-json\/wp\/v2\/media?parent=18542"}],"curies":[{"name":"wp","href":"https:\/\/api.w.org\/{rel}","templated":true}]}}