{"id":20121,"date":"2019-03-04T14:25:37","date_gmt":"2019-03-04T21:25:37","guid":{"rendered":"https:\/\/foosales.com\/?page_id=20121"},"modified":"2025-01-21T15:15:01","modified_gmt":"2025-01-21T23:15:01","slug":"pruvodce-pro-zacatecniky-elektronickeho-obchodovani","status":"publish","type":"page","link":"https:\/\/www.foosales.com\/cs\/promo\/ecommerce-starter-guide\/","title":{"rendered":"Pr\u016fvodce pro za\u010d\u00e1te\u010dn\u00edky v oblasti elektronick\u00e9ho obchodov\u00e1n\u00ed"},"content":{"rendered":"<div data-elementor-type=\"wp-page\" data-elementor-id=\"20121\" class=\"elementor elementor-20121\" data-elementor-post-type=\"page\">\n\t\t\t\t\t\t<section class=\"elementor-section elementor-top-section elementor-element elementor-element-9022c18 elementor-section-boxed elementor-section-height-default elementor-section-height-default\" data-id=\"9022c18\" data-element_type=\"section\" data-e-type=\"section\">\n\t\t\t\t\t\t<div class=\"elementor-container elementor-column-gap-default\">\n\t\t\t\t\t<div class=\"elementor-column elementor-col-50 elementor-top-column elementor-element elementor-element-7f21192\" data-id=\"7f21192\" data-element_type=\"column\" data-e-type=\"column\">\n\t\t\t<div class=\"elementor-widget-wrap elementor-element-populated\">\n\t\t\t\t\t\t<div class=\"elementor-element elementor-element-b8b27f8 elementor-widget elementor-widget-image\" data-id=\"b8b27f8\" data-element_type=\"widget\" data-e-type=\"widget\" data-widget_type=\"image.default\">\n\t\t\t\t<div class=\"elementor-widget-container\">\n\t\t\t\t\t\t\t\t\t\t\t\t\t\t\t<img fetchpriority=\"high\" decoding=\"async\" width=\"724\" height=\"1024\" src=\"https:\/\/www.foosales.com\/wp-content\/uploads\/2019\/03\/The-Ecommerce-Starter-Guide-724x1024.png\" class=\"attachment-large size-large wp-image-20793\" alt=\"\" srcset=\"https:\/\/www.foosales.com\/wp-content\/uploads\/2019\/03\/The-Ecommerce-Starter-Guide-724x1024.png 724w, https:\/\/www.foosales.com\/wp-content\/uploads\/2019\/03\/The-Ecommerce-Starter-Guide-600x849.png 600w, https:\/\/www.foosales.com\/wp-content\/uploads\/2019\/03\/The-Ecommerce-Starter-Guide-212x300.png 212w, https:\/\/www.foosales.com\/wp-content\/uploads\/2019\/03\/The-Ecommerce-Starter-Guide-768x1087.png 768w, https:\/\/www.foosales.com\/wp-content\/uploads\/2019\/03\/The-Ecommerce-Starter-Guide.png 800w\" sizes=\"(max-width: 724px) 100vw, 724px\" title=\"\">\t\t\t\t\t\t\t\t\t\t\t\t\t\t\t<\/div>\n\t\t\t\t<\/div>\n\t\t\t\t\t<\/div>\n\t\t<\/div>\n\t\t\t\t<div class=\"elementor-column elementor-col-50 elementor-top-column elementor-element elementor-element-fb39e62\" data-id=\"fb39e62\" data-element_type=\"column\" data-e-type=\"column\">\n\t\t\t<div class=\"elementor-widget-wrap elementor-element-populated\">\n\t\t\t\t\t\t<div class=\"elementor-element elementor-element-c7270a8 elementor-widget elementor-widget-heading\" data-id=\"c7270a8\" data-element_type=\"widget\" data-e-type=\"widget\" data-widget_type=\"heading.default\">\n\t\t\t\t<div class=\"elementor-widget-container\">\n\t\t\t\t\t<h2 class=\"elementor-heading-title elementor-size-xxl\">Pr\u016fvodce pro za\u010d\u00e1te\u010dn\u00edky v oblasti elektronick\u00e9ho obchodov\u00e1n\u00ed\n<\/h2>\t\t\t\t<\/div>\n\t\t\t\t<\/div>\n\t\t\t\t<div class=\"elementor-element elementor-element-9d58894 elementor-widget elementor-widget-heading\" data-id=\"9d58894\" data-element_type=\"widget\" data-e-type=\"widget\" data-widget_type=\"heading.default\">\n\t\t\t\t<div class=\"elementor-widget-container\">\n\t\t\t\t\t<h3 class=\"elementor-heading-title elementor-size-default\">Robin Pietersen a Colin Daniels, spoluzakladatel\u00e9 FooSales.<\/h3>\t\t\t\t<\/div>\n\t\t\t\t<\/div>\n\t\t\t\t<div class=\"elementor-element elementor-element-1d0c048 elementor-widget elementor-widget-text-editor\" data-id=\"1d0c048\" data-element_type=\"widget\" data-e-type=\"widget\" data-widget_type=\"text-editor.default\">\n\t\t\t\t<div class=\"elementor-widget-container\">\n\t\t\t\t\t\t\t\t\t<p>Snili jste n\u011bkdy o tom, \u017ee se stanete vlastn\u00edm \u0161\u00e9fem a dos\u00e1hnete finan\u010dn\u00ed svobody? Nebo u\u017e m\u00e1te kamenn\u00fd obchod a r\u00e1di byste za\u010dali prod\u00e1vat online, ale nev\u00edte, jak za\u010d\u00edt? D\u00edky internetu a n\u00e1stupu elektronick\u00e9ho obchodov\u00e1n\u00ed se zp\u016fsob podnik\u00e1n\u00ed nav\u017edy zm\u011bnil. Startovac\u00ed pr\u016fvodce elektronick\u00fdm obchodov\u00e1n\u00edm ZDARMA v\u00e1m poskytne solidn\u00ed, ale p\u0159itom nezastra\u0161uj\u00edc\u00ed znalosti o elektronick\u00e9m obchodov\u00e1n\u00ed, v\u010detn\u011b v\u0161ech n\u00e1stroj\u016f a praktick\u00fdch krok\u016f, kter\u00e9 v\u00e1m pomohou sami vybudovat \u00fasp\u011b\u0161n\u00fd internetov\u00fd obchod a dos\u00e1hnout sv\u00fdch c\u00edl\u016f.<\/p>\t\t\t\t\t\t\t\t<\/div>\n\t\t\t\t<\/div>\n\t\t\t\t<div class=\"elementor-element elementor-element-ab91f74 elementor-widget elementor-widget-text-editor\" data-id=\"ab91f74\" data-element_type=\"widget\" data-e-type=\"widget\" data-widget_type=\"text-editor.default\">\n\t\t\t\t<div class=\"elementor-widget-container\">\n\t\t\t\t\t\t\t\t\t<h3>Zadejte pros\u00edm sv\u00e9 \u00fadaje n\u00ed\u017ee a my v\u00e1m ihned za\u0161leme odkaz ke sta\u017een\u00ed!<\/h3>\n<p>                    <script type=\"text\/javascript\">\n                        var onloadSibCallback = function () {\n                            jQuery('.g-recaptcha').each(function (index, el) {\n                                grecaptcha.render(el, {\n                                    'sitekey': jQuery(el).attr('data-sitekey')\n                                });\n                            });\n                        };\n                    <\/script>\n\t\t\t\t\t                <script src=\"https:\/\/www.google.com\/recaptcha\/api.js?onload=onloadSibCallback&#038;render=explicit\" async defer><\/script>\n\t\t\t\t\n\t\t\t<form id=\"sib_signup_form_2\" method=\"post\" class=\"sib_signup_form\" action=\"\">\n\t\t\t\t<div class=\"sib_loader\" style=\"display:none;\"><img\n\t\t\t\t\t\t\tsrc=\"https:\/\/www.foosales.com\/wp-includes\/images\/spinner.gif\" alt=\"naklada\u010d\"><\/div>\n\t\t\t\t<input type=\"hidden\" name=\"sib_form_action\" value=\"subscribe_form_submit\">\n\t\t\t\t<input type=\"hidden\" name=\"sib_form_id\" value=\"2\">\n                <input type=\"hidden\" name=\"sib_form_alert_notice\" value=\"Please complete all the required fields.\">\n                <input type=\"hidden\" name=\"sib_form_invalid_email_notice\" value=\"Your email address is invalid.\">\n                <input type=\"hidden\" name=\"sib_security\" value=\"74a797793b\">\n\t\t\t\t<div class=\"sib_signup_box_inside_2\">\n\t\t\t\t\t<div style=\"\/*display:none*\/\" class=\"sib_msg_disp\">\n\t\t\t\t\t<\/div>\n                    \t\t\t\t\t<p class=\"sib-FIRSTNAME-area\">\r\n    <input type=\"text\" class=\"sib-FIRSTNAME-area\" name=\"FIRSTNAME\" placeholder=\"Jm\u00e9no*\" required=\"required\" \/>\r\n<\/p>\r\n\r\n<p class=\"sib-LASTNAME-area\">\r\n   <input type=\"text\" class=\"sib-LASTNAME-area\" name=\"LASTNAME\" placeholder=\"P\u0159\u00edjmen\u00ed*\" required=\"required\" \/>\r\n<\/p>\r\n\r\n<p class=\"sib-EMAIL-area\">\r\n   <input type=\"email\" class=\"sib-EMAIL-area\" name=\"email\" placeholder=\"E-mailov\u00e1 adresa*\" required=\"required\" \/>\r\n<\/p>\r\n\r\n<p class=\"sib-multi-lists-area\">\r\n\r\n<div class=\"sib-multi-lists\" data-require=\"\">\r\n\r\n<div class=\"checkbox-wrapper\">\r\n\r\n <input type=\"checkbox\" class=\"sib-interesting-lists\" value=\"10\" name=\"listIDs[]\" id=\"updatesCheckbox\" \/>\r\n <label for=\"checkbox1\" class=\"list_text\">Chci dost\u00e1vat novinky a propaga\u010dn\u00ed akce od FooSales<\/label><br \/>\r\n\r\n<\/div>\r\n\r\n<\/div>\r\n\r\n<div class=\"checkbox-wrapper\">\r\n\r\n<input type=\"checkbox\" class=\"sib-interesting-lists\" name=\"terms\" required=\"required\">\r\n\r\n  <label for=\"checkbox2\" class=\"list_text\">Souhlas\u00edm se zasl\u00e1n\u00edm e-mailu s odkazem ke sta\u017een\u00ed a p\u0159ij\u00edm\u00e1m <a href=\"https:\/\/www.foosales.com\/cs\/prohlaseni-o-ochrane-osobnich-udaju-nas\/?cmplz_region_redirect=true\" target=\"_blank\">FooSales Prohl\u00e1\u0161en\u00ed o ochran\u011b osobn\u00edch \u00fadaj\u016f<\/a>*<\/label>\r\n<\/div>\r\n\r\n<\/p>\r\n\r\n<p>\r\n    <input type=\"submit\" class=\"sib-default-btn\" value=\"Odeslat odkaz na eBook\">\r\n<\/p>\r\n\r\n<div id=\"sib_captcha\" class=\"g-recaptcha\" data-sitekey=\"6LfYac0fAAAAACLODiHr4TqvjLQpzvFKdXdnJkH4\"><\/div>\r\n<p class=\"sib-CONSENT-area\"> \r\n<input type=\"hidden\" class=\"sib-CONSENT-area\" name=\"CONSENT\" value=\"1\">\r\n<\/p>\r\n\r\n<p class=\"sib-CONSENT-text\">Jako marketingovou platformu pou\u017e\u00edv\u00e1me Brevo. Odesl\u00e1n\u00edm tohoto formul\u00e1\u0159e souhlas\u00edte s t\u00edm, \u017ee v\u00e1mi poskytnut\u00e9 osobn\u00ed \u00fadaje budou p\u0159ed\u00e1ny spole\u010dnosti Brevo ke zpracov\u00e1n\u00ed v souladu se z\u00e1konem o ochran\u011b osobn\u00edch \u00fadaj\u016f. <a href=\"https:\/\/www.brevo.com\/en\/legal\/privacypolicy\/\" target=\"_blank\" rel=\"nofollow noopener\">Z\u00e1sady ochrany osobn\u00edch \u00fadaj\u016f spole\u010dnosti Brevo<\/a>.<\/p>\r\n\t\t\t\t<\/div>\n\t\t\t<input type=\"hidden\" name=\"trp-form-language\" value=\"cs\"\/><\/form>\n\t\t\t<style>\n\t\t\t\tform#sib_signup_form_2 p.sib-alert-message {\n    padding: 6px 12px;\n    margin-bottom: 20px;\n    border: 1px solid transparent;\n    border-radius: 4px;\n    -webkit-box-sizing: border-box;\n    -moz-box-sizing: border-box;\n    box-sizing: border-box;\n}\nform#sib_signup_form_2 p.sib-alert-message-error {\n    background-color: #f2dede;\n    border-color: #ebccd1;\n    color: #a94442;\n}\nform#sib_signup_form_2 p.sib-alert-message-success {\n    background-color: #dff0d8;\n    border-color: #d6e9c6;\n    color: #3c763d;\n}\nform#sib_signup_form_2 p.sib-alert-message-warning {\n    background-color: #fcf8e3;\n    border-color: #faebcc;\n    color: #8a6d3b;\n}\n\t\t\t<\/style>\n\t\t\t<\/p>\n<p><script>\n  \/\/ Pre-check the checkbox\n  document.getElementById(\"updatesCheckbox\").checked = true;\n<\/script><\/p>\t\t\t\t\t\t\t\t<\/div>\n\t\t\t\t<\/div>\n\t\t\t\t\t<\/div>\n\t\t<\/div>\n\t\t\t\t\t<\/div>\n\t\t<\/section>\n\t\t\t\t<\/div>","protected":false},"excerpt":{"rendered":"<p>The Ecommerce Starter Guide By Robin Pietersen and Colin Daniels, FooSales co-founders. Have you ever dreamt of becoming your own [&hellip;]<\/p>\n","protected":false},"author":1,"featured_media":0,"parent":68689,"menu_order":0,"comment_status":"closed","ping_status":"closed","template":"elementor_header_footer","meta":{"site-sidebar-layout":"default","site-content-layout":"default","ast-site-content-layout":"default","site-content-style":"default","site-sidebar-style":"default","ast-global-header-display":"","ast-banner-title-visibility":"","ast-main-header-display":"","ast-hfb-above-header-display":"","ast-hfb-below-header-display":"","ast-hfb-mobile-header-display":"","site-post-title":"","ast-breadcrumbs-content":"","ast-featured-img":"","footer-sml-layout":"","ast-disable-related-posts":"","theme-transparent-header-meta":"default","adv-header-id-meta":"","stick-header-meta":"default","header-above-stick-meta":"","header-main-stick-meta":"","header-below-stick-meta":"","astra-migrate-meta-layouts":"set","ast-page-background-enabled":"default","ast-page-background-meta":{"desktop":{"background-color":"","background-image":"","background-repeat":"repeat","background-position":"center center","background-size":"auto","background-attachment":"scroll","background-type":"","background-media":"","overlay-type":"","overlay-color":"","overlay-opacity":"","overlay-gradient":""},"tablet":{"background-color":"","background-image":"","background-repeat":"repeat","background-position":"center center","background-size":"auto","background-attachment":"scroll","background-type":"","background-media":"","overlay-type":"","overlay-color":"","overlay-opacity":"","overlay-gradient":""},"mobile":{"background-color":"","background-image":"","background-repeat":"repeat","background-position":"center center","background-size":"auto","background-attachment":"scroll","background-type":"","background-media":"","overlay-type":"","overlay-color":"","overlay-opacity":"","overlay-gradient":""}},"ast-content-background-meta":{"desktop":{"background-color":"var(--ast-global-color-5)","background-image":"","background-repeat":"repeat","background-position":"center center","background-size":"auto","background-attachment":"scroll","background-type":"","background-media":"","overlay-type":"","overlay-color":"","overlay-opacity":"","overlay-gradient":""},"tablet":{"background-color":"var(--ast-global-color-5)","background-image":"","background-repeat":"repeat","background-position":"center center","background-size":"auto","background-attachment":"scroll","background-type":"","background-media":"","overlay-type":"","overlay-color":"","overlay-opacity":"","overlay-gradient":""},"mobile":{"background-color":"var(--ast-global-color-5)","background-image":"","background-repeat":"repeat","background-position":"center center","background-size":"auto","background-attachment":"scroll","background-type":"","background-media":"","overlay-type":"","overlay-color":"","overlay-opacity":"","overlay-gradient":""}},"footnotes":""},"class_list":["post-20121","page","type-page","status-publish","hentry"],"_links":{"self":[{"href":"https:\/\/www.foosales.com\/cs\/wp-json\/wp\/v2\/pages\/20121","targetHints":{"allow":["GET"]}}],"collection":[{"href":"https:\/\/www.foosales.com\/cs\/wp-json\/wp\/v2\/pages"}],"about":[{"href":"https:\/\/www.foosales.com\/cs\/wp-json\/wp\/v2\/types\/page"}],"author":[{"embeddable":true,"href":"https:\/\/www.foosales.com\/cs\/wp-json\/wp\/v2\/users\/1"}],"replies":[{"embeddable":true,"href":"https:\/\/www.foosales.com\/cs\/wp-json\/wp\/v2\/comments?post=20121"}],"version-history":[{"count":11,"href":"https:\/\/www.foosales.com\/cs\/wp-json\/wp\/v2\/pages\/20121\/revisions"}],"predecessor-version":[{"id":182260,"href":"https:\/\/www.foosales.com\/cs\/wp-json\/wp\/v2\/pages\/20121\/revisions\/182260"}],"up":[{"embeddable":true,"href":"https:\/\/www.foosales.com\/cs\/wp-json\/wp\/v2\/pages\/68689"}],"wp:attachment":[{"href":"https:\/\/www.foosales.com\/cs\/wp-json\/wp\/v2\/media?parent=20121"}],"curies":[{"name":"wp","href":"https:\/\/api.w.org\/{rel}","templated":true}]}}