{"id":20326,"date":"2019-02-08T22:11:14","date_gmt":"2019-02-09T05:11:14","guid":{"rendered":"https:\/\/foosales.com\/?page_id=20326"},"modified":"2025-12-16T14:37:03","modified_gmt":"2025-12-16T22:37:03","slug":"o","status":"publish","type":"page","link":"https:\/\/www.foosales.com\/cs\/about\/","title":{"rendered":"O str\u00e1nk\u00e1ch"},"content":{"rendered":"<div data-elementor-type=\"wp-page\" data-elementor-id=\"20326\" class=\"elementor elementor-20326\" data-elementor-post-type=\"page\">\n\t\t\t\t\t\t<section class=\"elementor-section elementor-top-section elementor-element elementor-element-a262e29 elementor-section-full_width elementor-section-height-default elementor-section-height-default\" data-id=\"a262e29\" data-element_type=\"section\" data-e-type=\"section\">\n\t\t\t\t\t\t<div class=\"elementor-container elementor-column-gap-default\">\n\t\t\t\t\t<div class=\"elementor-column elementor-col-16 elementor-top-column elementor-element elementor-element-10b5924\" data-id=\"10b5924\" data-element_type=\"column\" data-e-type=\"column\">\n\t\t\t<div class=\"elementor-widget-wrap\">\n\t\t\t\t\t\t\t<\/div>\n\t\t<\/div>\n\t\t\t\t<div class=\"elementor-column elementor-col-66 elementor-top-column elementor-element elementor-element-1aa6075\" data-id=\"1aa6075\" data-element_type=\"column\" data-e-type=\"column\">\n\t\t\t<div class=\"elementor-widget-wrap elementor-element-populated\">\n\t\t\t\t\t\t<div class=\"elementor-element elementor-element-3130bec elementor-widget elementor-widget-heading\" data-id=\"3130bec\" data-element_type=\"widget\" data-e-type=\"widget\" data-widget_type=\"heading.default\">\n\t\t\t\t<div class=\"elementor-widget-container\">\n\t\t\t\t\t<h2 class=\"elementor-heading-title elementor-size-xxl\">P\u0159\u00edb\u011bh FooSales<\/h2>\t\t\t\t<\/div>\n\t\t\t\t<\/div>\n\t\t\t\t<div class=\"elementor-element elementor-element-d55d8cb elementor-widget elementor-widget-heading\" data-id=\"d55d8cb\" data-element_type=\"widget\" data-e-type=\"widget\" data-widget_type=\"heading.default\">\n\t\t\t\t<div class=\"elementor-widget-container\">\n\t\t\t\t\t<h3 class=\"elementor-heading-title elementor-size-medium\">Uplat\u0148ov\u00e1n\u00ed kreativity, jin\u00e9 my\u0161len\u00ed, vytv\u00e1\u0159en\u00ed n\u00e1stroj\u016f, kter\u00e9 pom\u00e1haj\u00ed lidem, a spolupr\u00e1ce s kolegy \u017eiv\u00ed na\u0161e zv\u00eddav\u00e9 choutky a podporuje na\u0161i spole\u010dnou v\u00e1\u0161e\u0148 pro to, co d\u011bl\u00e1me.\n<\/h3>\t\t\t\t<\/div>\n\t\t\t\t<\/div>\n\t\t\t\t\t<\/div>\n\t\t<\/div>\n\t\t\t\t<div class=\"elementor-column elementor-col-16 elementor-top-column elementor-element elementor-element-4c227a8\" data-id=\"4c227a8\" data-element_type=\"column\" data-e-type=\"column\">\n\t\t\t<div class=\"elementor-widget-wrap\">\n\t\t\t\t\t\t\t<\/div>\n\t\t<\/div>\n\t\t\t\t\t<\/div>\n\t\t<\/section>\n\t\t\t\t<section class=\"elementor-section elementor-top-section elementor-element elementor-element-e4a225a elementor-section-full_width elementor-section-height-default elementor-section-height-default\" data-id=\"e4a225a\" data-element_type=\"section\" data-e-type=\"section\">\n\t\t\t\t\t\t<div class=\"elementor-container elementor-column-gap-default\">\n\t\t\t\t\t<div class=\"elementor-column elementor-col-100 elementor-top-column elementor-element elementor-element-04c5048\" data-id=\"04c5048\" data-element_type=\"column\" data-e-type=\"column\">\n\t\t\t<div class=\"elementor-widget-wrap elementor-element-populated\">\n\t\t\t\t\t\t<div class=\"elementor-element elementor-element-1dbb24d elementor-widget__width-auto elementor-widget elementor-widget-image\" data-id=\"1dbb24d\" data-element_type=\"widget\" data-e-type=\"widget\" data-widget_type=\"image.default\">\n\t\t\t\t<div class=\"elementor-widget-container\">\n\t\t\t\t\t\t\t\t\t\t\t\t\t\t\t<img decoding=\"async\" width=\"200\" height=\"61\" src=\"https:\/\/www.foosales.com\/wp-content\/uploads\/2021\/01\/woocommerce-partner-1.png\" class=\"attachment-medium_large size-medium_large wp-image-69834\" alt=\"\" title=\"\">\t\t\t\t\t\t\t\t\t\t\t\t\t\t\t<\/div>\n\t\t\t\t<\/div>\n\t\t\t\t<div class=\"elementor-element elementor-element-a93f1db elementor-widget__width-auto elementor-widget elementor-widget-image\" data-id=\"a93f1db\" data-element_type=\"widget\" data-e-type=\"widget\" data-widget_type=\"image.default\">\n\t\t\t\t<div class=\"elementor-widget-container\">\n\t\t\t\t\t\t\t\t\t\t\t\t\t\t\t<img decoding=\"async\" width=\"150\" height=\"150\" src=\"https:\/\/www.foosales.com\/wp-content\/uploads\/2019\/08\/Silver-150x150.png\" class=\"attachment-thumbnail size-thumbnail wp-image-29067\" alt=\"\" srcset=\"https:\/\/www.foosales.com\/wp-content\/uploads\/2019\/08\/Silver-150x150.png 150w, https:\/\/www.foosales.com\/wp-content\/uploads\/2019\/08\/Silver-300x300.png 300w, https:\/\/www.foosales.com\/wp-content\/uploads\/2019\/08\/Silver-100x100.png 100w, https:\/\/www.foosales.com\/wp-content\/uploads\/2019\/08\/Silver-80x80.png 80w\" sizes=\"(max-width: 150px) 100vw, 150px\" title=\"\">\t\t\t\t\t\t\t\t\t\t\t\t\t\t\t<\/div>\n\t\t\t\t<\/div>\n\t\t\t\t<div class=\"elementor-element elementor-element-aa26823 elementor-widget__width-auto elementor-widget elementor-widget-image\" data-id=\"aa26823\" data-element_type=\"widget\" data-e-type=\"widget\" data-widget_type=\"image.default\">\n\t\t\t\t<div class=\"elementor-widget-container\">\n\t\t\t\t\t\t\t\t\t\t\t\t\t\t\t\t<a href=\"https:\/\/www.capterra.com\/p\/196706\/FooSales\/reviews\/\" rel=\"noopener\">\n\t\t\t\t\t\t\t<img decoding=\"async\" src=\"https:\/\/assets.capterra.com\/badge\/0f5338ac7c96f2445094c585c1207303.png?v=2137458&#038;p=196706\" title=\"\" alt=\"\" loading=\"lazy\">\t\t\t\t\t\t\t\t<\/a>\n\t\t\t\t\t\t\t\t\t\t\t\t\t\t\t<\/div>\n\t\t\t\t<\/div>\n\t\t\t\t<div class=\"elementor-element elementor-element-42a7c28 elementor-widget__width-auto elementor-widget elementor-widget-image\" data-id=\"42a7c28\" data-element_type=\"widget\" data-e-type=\"widget\" data-widget_type=\"image.default\">\n\t\t\t\t<div class=\"elementor-widget-container\">\n\t\t\t\t\t\t\t\t\t\t\t\t\t\t\t\t<a href=\"https:\/\/www.fooevents.com\/cs\/\" rel=\"noopener\">\n\t\t\t\t\t\t\t<img decoding=\"async\" width=\"284\" height=\"58\" src=\"https:\/\/www.foosales.com\/wp-content\/uploads\/2021\/02\/fe-logo-ret.png\" class=\"attachment-medium_large size-medium_large wp-image-71993\" alt=\"\" title=\"\">\t\t\t\t\t\t\t\t<\/a>\n\t\t\t\t\t\t\t\t\t\t\t\t\t\t\t<\/div>\n\t\t\t\t<\/div>\n\t\t\t\t\t<\/div>\n\t\t<\/div>\n\t\t\t\t\t<\/div>\n\t\t<\/section>\n\t\t\t\t<section class=\"elementor-section elementor-top-section elementor-element elementor-element-883fa91 elementor-section-full_width elementor-section-height-default elementor-section-height-default\" data-id=\"883fa91\" data-element_type=\"section\" data-e-type=\"section\">\n\t\t\t\t\t\t<div class=\"elementor-container elementor-column-gap-default\">\n\t\t\t\t\t<div class=\"elementor-column elementor-col-16 elementor-top-column elementor-element elementor-element-b96a469\" data-id=\"b96a469\" data-element_type=\"column\" data-e-type=\"column\">\n\t\t\t<div class=\"elementor-widget-wrap\">\n\t\t\t\t\t\t\t<\/div>\n\t\t<\/div>\n\t\t\t\t<div class=\"elementor-column elementor-col-66 elementor-top-column elementor-element elementor-element-40f75ee\" data-id=\"40f75ee\" data-element_type=\"column\" data-e-type=\"column\">\n\t\t\t<div class=\"elementor-widget-wrap elementor-element-populated\">\n\t\t\t\t\t\t<div class=\"elementor-element elementor-element-6d81d2c elementor-widget elementor-widget-heading\" data-id=\"6d81d2c\" data-element_type=\"widget\" data-e-type=\"widget\" data-widget_type=\"heading.default\">\n\t\t\t\t<div class=\"elementor-widget-container\">\n\t\t\t\t\t<h2 class=\"elementor-heading-title elementor-size-default\">Jak to za\u010dalo?<\/h2>\t\t\t\t<\/div>\n\t\t\t\t<\/div>\n\t\t\t\t<div class=\"elementor-element elementor-element-90ed73c elementor-widget elementor-widget-text-editor\" data-id=\"90ed73c\" data-element_type=\"widget\" data-e-type=\"widget\" data-widget_type=\"text-editor.default\">\n\t\t\t\t<div class=\"elementor-widget-container\">\n\t\t\t\t\t\t\t\t\t<p style=\"text-align: center;\">My\u0161lenka na vytvo\u0159en\u00ed FooSales\u2122 vznikla v roce 2016. P\u0159i diskusi o nov\u00fdch n\u00e1padech na produkty jsme identifikovali p\u0159\u00edle\u017eitost vyvinout aplikaci zalo\u017eenou na syst\u00e9mu Point of Sales, kter\u00e1 by byla nativn\u011b vytvo\u0159ena pro WooCommerce.<\/p>\n<p style=\"text-align: center;\">Brzy jsme zjistili, \u017ee to byl d\u016fvod, pro\u010d to nebylo ud\u011bl\u00e1no d\u0159\u00edve, proto\u017ee to byl obrovsk\u00fd podnik! Podnikli jsme tuto monument\u00e1ln\u00ed v\u00fdzvu (s mnoha jedine\u010dn\u00fdmi ne\u00fasp\u011bchy na cest\u011b) a FooSales jsme nakonec spustili v roce 2018. B\u011bhem kr\u00e1tk\u00e9 doby se FooSales v\u00fdrazn\u011b rozrostl a nyn\u00ed jej aktivn\u011b vyu\u017e\u00edvaj\u00ed tis\u00edce z\u00e1kazn\u00edk\u016f po cel\u00e9m sv\u011bt\u011b.<\/p>\t\t\t\t\t\t\t\t<\/div>\n\t\t\t\t<\/div>\n\t\t\t\t<div class=\"elementor-element elementor-element-2ac4dc8 elementor-widget elementor-widget-heading\" data-id=\"2ac4dc8\" data-element_type=\"widget\" data-e-type=\"widget\" data-widget_type=\"heading.default\">\n\t\t\t\t<div class=\"elementor-widget-container\">\n\t\t\t\t\t<h2 class=\"elementor-heading-title elementor-size-default\">Kdo jsme?<\/h2>\t\t\t\t<\/div>\n\t\t\t\t<\/div>\n\t\t\t\t<div class=\"elementor-element elementor-element-341dd71 elementor-widget elementor-widget-text-editor\" data-id=\"341dd71\" data-element_type=\"widget\" data-e-type=\"widget\" data-widget_type=\"text-editor.default\">\n\t\t\t\t<div class=\"elementor-widget-container\">\n\t\t\t\t\t\t\t\t\t<p><img loading=\"lazy\" decoding=\"async\" class=\"aligncenter wp-image-165949 size-large\" src=\"https:\/\/www.foosales.com\/wp-content\/uploads\/2023\/02\/fooevents-team-1024x156.png\" alt=\"Profilov\u00e9 obr\u00e1zky t\u00fdmu FooSales.\" width=\"1024\" height=\"156\" title=\"\" srcset=\"https:\/\/www.foosales.com\/wp-content\/uploads\/2023\/02\/fooevents-team-1024x156.png 1024w, https:\/\/www.foosales.com\/wp-content\/uploads\/2023\/02\/fooevents-team-300x46.png 300w, https:\/\/www.foosales.com\/wp-content\/uploads\/2023\/02\/fooevents-team-768x117.png 768w, https:\/\/www.foosales.com\/wp-content\/uploads\/2023\/02\/fooevents-team-600x92.png 600w, https:\/\/www.foosales.com\/wp-content\/uploads\/2023\/02\/fooevents-team.png 1436w\" sizes=\"(max-width: 1024px) 100vw, 1024px\" \/><\/p><p style=\"text-align: center;\">Za\u010d\u00ednali jsme jako digit\u00e1ln\u00ed agentura s n\u00e1zvem\u00a0<a href=\"https:\/\/www.grenadeco.com\/\" rel=\"noopener\">Grenade<\/a>\u00a0kter\u00e1 vyv\u00edjela webov\u00e9 a mobiln\u00ed aplikace pro spole\u010dnosti z oblasti blue chip a tak\u00e9 vytvo\u0159ila velmi popul\u00e1rn\u00ed \u0159e\u0161en\u00ed pro ud\u00e1losti a prodej vstupenek pro spole\u010dnost WooCommerce s n\u00e1zvem\u00a0<a href=\"https:\/\/www.fooevents.com\/cs\/\" rel=\"noopener\">FooEvents<\/a>.<\/p><p style=\"text-align: center;\">T\u00fdm FooSales tvo\u0159\u00ed talentovan\u00ed v\u00fdvoj\u00e1\u0159i, design\u00e9\u0159i, odborn\u00edci na z\u00e1kaznickou podporu a marketing se s\u00eddlem v Severn\u00ed Americe, Ji\u017en\u00ed Africe a na Filip\u00edn\u00e1ch, kte\u0159\u00ed ne\u00fanavn\u011b vytv\u00e1\u0159ej\u00ed a podporuj\u00ed vysoce kvalitn\u00ed produkty, kter\u00e9 jsou nejen u\u017eivatelsky p\u0159\u00edv\u011btiv\u00e9, ale tak\u00e9 n\u00e1kladov\u011b efektivn\u00ed.<\/p><p style=\"text-align: center;\">N\u00e1\u0161 t\u00fdm se zformoval v z\u00e1kopech vysoce konkuren\u010dn\u00edho sv\u011bta agentur, kter\u00fd se vyzna\u010duje napjat\u00fdmi, \u010dasto nep\u0159im\u011b\u0159en\u00fdmi term\u00edny a vy\u017eaduje spoustu kreativn\u00edho \u0159e\u0161en\u00ed probl\u00e9m\u016f a pevn\u00e9 nervy, aby p\u0159e\u017eil. Tyto vlastnosti se projevuj\u00ed v na\u0161ich zku\u0161enostech, znalostech, odhodl\u00e1n\u00ed a prvot\u0159\u00eddn\u00ed z\u00e1kaznick\u00e9 podpo\u0159e. Uplatn\u011bn\u00ed na\u0161eho jedine\u010dn\u00e9ho z\u00e1zem\u00ed digit\u00e1ln\u00ed agentury a v\u00fdvoje aplikac\u00ed FooSales je jedn\u00edm z mnoha d\u016fvod\u016f, pro\u010d vynik\u00e1me a zaji\u0161\u0165ujeme spokojen\u00e9 z\u00e1kazn\u00edky a \u00fasp\u011b\u0161n\u00e9 obchody.<\/p><p style=\"text-align: center;\"><strong>Pokud se chcete dozv\u011bd\u011bt v\u00edce o FooSales nebo se st\u00e1t na\u0161\u00edm partnerem. <a href=\"https:\/\/help.foosales.com\/cs\/contact\/\" rel=\"nofollow noopener\">nav\u00e1zat kontakt<\/a>!<\/strong>\u00a0\u00a0<\/p>\t\t\t\t\t\t\t\t<\/div>\n\t\t\t\t<\/div>\n\t\t\t\t\t<\/div>\n\t\t<\/div>\n\t\t\t\t<div class=\"elementor-column elementor-col-16 elementor-top-column elementor-element elementor-element-b33bf94\" data-id=\"b33bf94\" data-element_type=\"column\" data-e-type=\"column\">\n\t\t\t<div class=\"elementor-widget-wrap\">\n\t\t\t\t\t\t\t<\/div>\n\t\t<\/div>\n\t\t\t\t\t<\/div>\n\t\t<\/section>\n\t\t\t\t<\/div>","protected":false},"excerpt":{"rendered":"<p>The FooSales Story Applying creativity, thinking differently, building tools that help people and collaborating with our peers nourishes our curious [&hellip;]<\/p>\n","protected":false},"author":1,"featured_media":0,"parent":0,"menu_order":20,"comment_status":"closed","ping_status":"closed","template":"elementor_header_footer","meta":{"site-sidebar-layout":"default","site-content-layout":"default","ast-site-content-layout":"default","site-content-style":"default","site-sidebar-style":"default","ast-global-header-display":"","ast-banner-title-visibility":"","ast-main-header-display":"","ast-hfb-above-header-display":"","ast-hfb-below-header-display":"","ast-hfb-mobile-header-display":"","site-post-title":"","ast-breadcrumbs-content":"","ast-featured-img":"","footer-sml-layout":"","ast-disable-related-posts":"","theme-transparent-header-meta":"default","adv-header-id-meta":"","stick-header-meta":"default","header-above-stick-meta":"","header-main-stick-meta":"","header-below-stick-meta":"","astra-migrate-meta-layouts":"set","ast-page-background-enabled":"default","ast-page-background-meta":{"desktop":{"background-color":"","background-image":"","background-repeat":"repeat","background-position":"center center","background-size":"auto","background-attachment":"scroll","background-type":"","background-media":"","overlay-type":"","overlay-color":"","overlay-opacity":"","overlay-gradient":""},"tablet":{"background-color":"","background-image":"","background-repeat":"repeat","background-position":"center center","background-size":"auto","background-attachment":"scroll","background-type":"","background-media":"","overlay-type":"","overlay-color":"","overlay-opacity":"","overlay-gradient":""},"mobile":{"background-color":"","background-image":"","background-repeat":"repeat","background-position":"center center","background-size":"auto","background-attachment":"scroll","background-type":"","background-media":"","overlay-type":"","overlay-color":"","overlay-opacity":"","overlay-gradient":""}},"ast-content-background-meta":{"desktop":{"background-color":"var(--ast-global-color-5)","background-image":"","background-repeat":"repeat","background-position":"center center","background-size":"auto","background-attachment":"scroll","background-type":"","background-media":"","overlay-type":"","overlay-color":"","overlay-opacity":"","overlay-gradient":""},"tablet":{"background-color":"var(--ast-global-color-5)","background-image":"","background-repeat":"repeat","background-position":"center center","background-size":"auto","background-attachment":"scroll","background-type":"","background-media":"","overlay-type":"","overlay-color":"","overlay-opacity":"","overlay-gradient":""},"mobile":{"background-color":"var(--ast-global-color-5)","background-image":"","background-repeat":"repeat","background-position":"center center","background-size":"auto","background-attachment":"scroll","background-type":"","background-media":"","overlay-type":"","overlay-color":"","overlay-opacity":"","overlay-gradient":""}},"footnotes":""},"class_list":["post-20326","page","type-page","status-publish","hentry"],"_links":{"self":[{"href":"https:\/\/www.foosales.com\/cs\/wp-json\/wp\/v2\/pages\/20326","targetHints":{"allow":["GET"]}}],"collection":[{"href":"https:\/\/www.foosales.com\/cs\/wp-json\/wp\/v2\/pages"}],"about":[{"href":"https:\/\/www.foosales.com\/cs\/wp-json\/wp\/v2\/types\/page"}],"author":[{"embeddable":true,"href":"https:\/\/www.foosales.com\/cs\/wp-json\/wp\/v2\/users\/1"}],"replies":[{"embeddable":true,"href":"https:\/\/www.foosales.com\/cs\/wp-json\/wp\/v2\/comments?post=20326"}],"version-history":[{"count":3,"href":"https:\/\/www.foosales.com\/cs\/wp-json\/wp\/v2\/pages\/20326\/revisions"}],"predecessor-version":[{"id":185373,"href":"https:\/\/www.foosales.com\/cs\/wp-json\/wp\/v2\/pages\/20326\/revisions\/185373"}],"wp:attachment":[{"href":"https:\/\/www.foosales.com\/cs\/wp-json\/wp\/v2\/media?parent=20326"}],"curies":[{"name":"wp","href":"https:\/\/api.w.org\/{rel}","templated":true}]}}