{"id":29172,"date":"2020-10-29T06:48:10","date_gmt":"2020-10-29T12:48:10","guid":{"rendered":"https:\/\/staging.foosales.com\/?page_id=29172"},"modified":"2025-06-23T07:10:29","modified_gmt":"2025-06-23T14:10:29","slug":"woocommerce","status":"publish","type":"page","link":"https:\/\/www.foosales.com\/cs\/features\/woocommerce\/","title":{"rendered":"WooCommerce"},"content":{"rendered":"<div data-elementor-type=\"wp-page\" data-elementor-id=\"29172\" class=\"elementor elementor-29172\" data-elementor-post-type=\"page\">\n\t\t\t\t\t\t<section class=\"elementor-section elementor-top-section elementor-element elementor-element-50525b9 elementor-section-boxed elementor-section-height-default elementor-section-height-default\" data-id=\"50525b9\" data-element_type=\"section\" data-e-type=\"section\">\n\t\t\t\t\t\t<div class=\"elementor-container elementor-column-gap-default\">\n\t\t\t\t\t<div class=\"elementor-column elementor-col-100 elementor-top-column elementor-element elementor-element-e910ffa\" data-id=\"e910ffa\" data-element_type=\"column\" data-e-type=\"column\">\n\t\t\t<div class=\"elementor-widget-wrap elementor-element-populated\">\n\t\t\t\t\t\t<div class=\"elementor-element elementor-element-78568ae elementor-widget elementor-widget-heading\" data-id=\"78568ae\" data-element_type=\"widget\" data-e-type=\"widget\" data-widget_type=\"heading.default\">\n\t\t\t\t<div class=\"elementor-widget-container\">\n\t\t\t\t\t<h5 class=\"elementor-heading-title elementor-size-default\">Ofici\u00e1ln\u00ed partner tr\u017ei\u0161t\u011b<\/h5>\t\t\t\t<\/div>\n\t\t\t\t<\/div>\n\t\t\t\t<div class=\"elementor-element elementor-element-796e800 elementor-widget elementor-widget-image\" data-id=\"796e800\" data-element_type=\"widget\" data-e-type=\"widget\" data-widget_type=\"image.default\">\n\t\t\t\t<div class=\"elementor-widget-container\">\n\t\t\t\t\t\t\t\t\t\t\t\t\t\t\t<img decoding=\"async\" width=\"204\" height=\"121\" src=\"https:\/\/www.foosales.com\/wp-content\/uploads\/2021\/01\/logo-woocommerce.png\" class=\"attachment-large size-large wp-image-68695\" alt=\"\" title=\"\">\t\t\t\t\t\t\t\t\t\t\t\t\t\t\t<\/div>\n\t\t\t\t<\/div>\n\t\t\t\t<div class=\"elementor-element elementor-element-b6a028b elementor-widget elementor-widget-heading\" data-id=\"b6a028b\" data-element_type=\"widget\" data-e-type=\"widget\" data-widget_type=\"heading.default\">\n\t\t\t\t<div class=\"elementor-widget-container\">\n\t\t\t\t\t<h1 class=\"elementor-heading-title elementor-size-xxl\">S nejobl\u00edben\u011bj\u0161\u00ed platformou pro elektronick\u00e9 obchodov\u00e1n\u00ed na sv\u011bt\u011b nem\u016f\u017eete ud\u011blat chybu.<\/h1>\t\t\t\t<\/div>\n\t\t\t\t<\/div>\n\t\t\t\t<div class=\"elementor-element elementor-element-6d6cb68 elementor-widget elementor-widget-text-editor\" data-id=\"6d6cb68\" data-element_type=\"widget\" data-e-type=\"widget\" data-widget_type=\"text-editor.default\">\n\t\t\t\t<div class=\"elementor-widget-container\">\n\t\t\t\t\t\t\t\t\t<p>P\u0159ed p\u0159\u00edchodem FooSales byl WooCommerce zn\u00e1m\u00fd jako nejlep\u0161\u00ed platforma pro budov\u00e1n\u00ed online podnik\u00e1n\u00ed. Nyn\u00ed je to <span style=\"text-decoration: underline;\">nejlep\u0161\u00ed platforma pro budov\u00e1n\u00ed <strong>jak\u00fdkoli podnik<\/strong><\/span>!\u00a0<\/p>\t\t\t\t\t\t\t\t<\/div>\n\t\t\t\t<\/div>\n\t\t\t\t\t<\/div>\n\t\t<\/div>\n\t\t\t\t\t<\/div>\n\t\t<\/section>\n\t\t\t\t<section class=\"elementor-section elementor-top-section elementor-element elementor-element-579e66c elementor-section-boxed elementor-section-height-default elementor-section-height-default\" data-id=\"579e66c\" data-element_type=\"section\" data-e-type=\"section\">\n\t\t\t\t\t\t<div class=\"elementor-container elementor-column-gap-default\">\n\t\t\t\t\t<div class=\"elementor-column elementor-col-25 elementor-top-column elementor-element elementor-element-2935a18\" data-id=\"2935a18\" data-element_type=\"column\" data-e-type=\"column\">\n\t\t\t<div class=\"elementor-widget-wrap\">\n\t\t\t\t\t\t\t<\/div>\n\t\t<\/div>\n\t\t\t\t<div class=\"elementor-column elementor-col-50 elementor-top-column elementor-element elementor-element-319e3a9\" data-id=\"319e3a9\" data-element_type=\"column\" data-e-type=\"column\">\n\t\t\t<div class=\"elementor-widget-wrap elementor-element-populated\">\n\t\t\t\t\t\t<div class=\"elementor-element elementor-element-c361f7b elementor-widget elementor-widget-text-editor\" data-id=\"c361f7b\" data-element_type=\"widget\" data-e-type=\"widget\" data-widget_type=\"text-editor.default\">\n\t\t\t\t<div class=\"elementor-widget-container\">\n\t\t\t\t\t\t\t\t\t<h3>Pro\u010d WooCommerce?<\/h3><p>WooCommerce d\u016fv\u011b\u0159uj\u00ed miliony majitel\u016f obchod\u016f jako p\u00e1te\u0159i jejich online podnik\u00e1n\u00ed. Ale jak v\u00e1m \u0159ekne ka\u017ed\u00fd majitel obchodu, tyto obchody t\u00e9m\u011b\u0159 nikdy neexistuj\u00ed v\u00fdhradn\u011b online. A\u0165 u\u017e chcete otev\u0159\u00edt fyzickou prodejnu, nebo provozovat jednor\u00e1zov\u00fd popup obchod p\u0159es v\u00edkend, FooSales v\u00e1m zajist\u00ed, \u017ee budete schopni bezprobl\u00e9mov\u011b spravovat sv\u016fj katalog, z\u00e1soby, objedn\u00e1vky a z\u00e1kazn\u00edky prost\u0159ednictv\u00edm v\u0161ech maloobchodn\u00edch kan\u00e1l\u016f.<\/p>\t\t\t\t\t\t\t\t<\/div>\n\t\t\t\t<\/div>\n\t\t\t\t<div class=\"elementor-element elementor-element-83a0047 elementor-widget elementor-widget-text-editor\" data-id=\"83a0047\" data-element_type=\"widget\" data-e-type=\"widget\" data-widget_type=\"text-editor.default\">\n\t\t\t\t<div class=\"elementor-widget-container\">\n\t\t\t\t\t\t\t\t\t<h3>Je WooCommerce bezpe\u010dn\u00fd?<\/h3><p>WooCommerce vlastn\u00ed spole\u010dnost Automattic, kter\u00e1 stoj\u00ed za WordPress a provozuje v\u00edce ne\u017e 26% v\u0161ech webov\u00fdch str\u00e1nek na internetu. Pravideln\u011b je auditov\u00e1n spole\u010dnost\u00ed Sucuri, kter\u00e1 je l\u00eddrem v oblasti online bezpe\u010dnosti, tak\u017ee jste v bezpe\u010dn\u00fdch rukou!<\/p>\t\t\t\t\t\t\t\t<\/div>\n\t\t\t\t<\/div>\n\t\t\t\t\t<\/div>\n\t\t<\/div>\n\t\t\t\t<div class=\"elementor-column elementor-col-25 elementor-top-column elementor-element elementor-element-5af5f15\" data-id=\"5af5f15\" data-element_type=\"column\" data-e-type=\"column\">\n\t\t\t<div class=\"elementor-widget-wrap\">\n\t\t\t\t\t\t\t<\/div>\n\t\t<\/div>\n\t\t\t\t\t<\/div>\n\t\t<\/section>\n\t\t\t\t<section class=\"elementor-section elementor-top-section elementor-element elementor-element-7f80c31b elementor-section-boxed elementor-section-height-default elementor-section-height-default\" data-id=\"7f80c31b\" data-element_type=\"section\" data-e-type=\"section\">\n\t\t\t\t\t\t<div class=\"elementor-container elementor-column-gap-default\">\n\t\t\t\t\t<div class=\"elementor-column elementor-col-100 elementor-top-column elementor-element elementor-element-42e351e1\" data-id=\"42e351e1\" data-element_type=\"column\" data-e-type=\"column\">\n\t\t\t<div class=\"elementor-widget-wrap elementor-element-populated\">\n\t\t\t\t\t\t<div class=\"elementor-element elementor-element-ea8c2be elementor-widget elementor-widget-image\" data-id=\"ea8c2be\" data-element_type=\"widget\" data-e-type=\"widget\" data-widget_type=\"image.default\">\n\t\t\t\t<div class=\"elementor-widget-container\">\n\t\t\t\t\t\t\t\t\t\t\t\t\t\t\t<img fetchpriority=\"high\" decoding=\"async\" width=\"918\" height=\"166\" src=\"https:\/\/www.foosales.com\/wp-content\/uploads\/2019\/06\/woocommerce-logos.png\" class=\"attachment-large size-large wp-image-23365\" alt=\"\" srcset=\"https:\/\/www.foosales.com\/wp-content\/uploads\/2019\/06\/woocommerce-logos.png 918w, https:\/\/www.foosales.com\/wp-content\/uploads\/2019\/06\/woocommerce-logos-600x108.png 600w, https:\/\/www.foosales.com\/wp-content\/uploads\/2019\/06\/woocommerce-logos-300x54.png 300w, https:\/\/www.foosales.com\/wp-content\/uploads\/2019\/06\/woocommerce-logos-768x139.png 768w\" sizes=\"(max-width: 918px) 100vw, 918px\" title=\"\">\t\t\t\t\t\t\t\t\t\t\t\t\t\t\t<\/div>\n\t\t\t\t<\/div>\n\t\t\t\t\t<\/div>\n\t\t<\/div>\n\t\t\t\t\t<\/div>\n\t\t<\/section>\n\t\t\t\t<section class=\"elementor-section elementor-top-section elementor-element elementor-element-db9642b elementor-section-boxed elementor-section-height-default elementor-section-height-default\" data-id=\"db9642b\" data-element_type=\"section\" data-e-type=\"section\">\n\t\t\t\t\t\t<div class=\"elementor-container elementor-column-gap-default\">\n\t\t\t\t\t<div class=\"elementor-column elementor-col-100 elementor-top-column elementor-element elementor-element-7588463\" data-id=\"7588463\" data-element_type=\"column\" data-e-type=\"column\">\n\t\t\t<div class=\"elementor-widget-wrap elementor-element-populated\">\n\t\t\t\t\t\t<div class=\"elementor-element elementor-element-d43f068 elementor-widget elementor-widget-text-editor\" data-id=\"d43f068\" data-element_type=\"widget\" data-e-type=\"widget\" data-widget_type=\"text-editor.default\">\n\t\t\t\t<div class=\"elementor-widget-container\">\n\t\t\t\t\t\t\t\t\t<div style=\"text-align: center;\"><a href=\"https:\/\/help.foosales.com\/docs\/topics\/introduction\/what-is-woocommerce\/\" rel=\"nofollow noopener\"><img decoding=\"async\" class=\"alignnone wp-image-76092 size-full\" src=\"https:\/\/www.foosales.com\/wp-content\/uploads\/2021\/05\/wapuu-foosales.png\" alt=\"\" width=\"130\" height=\"121\" title=\"\"><\/a><\/div><p style=\"text-align: center;\">Nav\u0161tivte na\u0161i <span style=\"text-decoration: underline;\"><a href=\"https:\/\/help.foosales.com\/docs\/topics\/introduction\/what-is-woocommerce\/\" rel=\"nofollow noopener\">Centrum n\u00e1pov\u011bdy<\/a><\/span> pro<br \/>podrobn\u011bj\u0161\u00ed informace.<\/p>\t\t\t\t\t\t\t\t<\/div>\n\t\t\t\t<\/div>\n\t\t\t\t<div class=\"elementor-element elementor-element-64158d9 elementor-widget elementor-widget-heading\" data-id=\"64158d9\" data-element_type=\"widget\" data-e-type=\"widget\" data-widget_type=\"heading.default\">\n\t\t\t\t<div class=\"elementor-widget-container\">\n\t\t\t\t\t<h2 class=\"elementor-heading-title elementor-size-default\">Jste p\u0159ipraveni za\u010d\u00edt?<\/h2>\t\t\t\t<\/div>\n\t\t\t\t<\/div>\n\t\t\t\t<div class=\"elementor-element elementor-element-7100f93 elementor-widget elementor-widget-global elementor-global-172358 elementor-widget-heading\" data-id=\"7100f93\" data-element_type=\"widget\" data-e-type=\"widget\" data-widget_type=\"heading.default\">\n\t\t\t\t<div class=\"elementor-widget-container\">\n\t\t\t\t\t<p class=\"elementor-heading-title elementor-size-large\">Zaregistrujte se a z\u00edskejte okam\u017eit\u00fd p\u0159\u00edstup k FooSales WooCommerce POS. Vytvo\u0159en\u00ed \u00fa\u010dtu a spu\u0161t\u011bn\u00ed 7denn\u00ed bezplatn\u00e9 zku\u0161ebn\u00ed verze zabere jen n\u011bkolik minut!\n<span style=\"text-decoration: underline\"><br>Nevy\u017eaduje se \u017e\u00e1dn\u00e1 kreditn\u00ed karta ani faktura\u010dn\u00ed \u00fadaje.<\/span><\/p>\t\t\t\t<\/div>\n\t\t\t\t<\/div>\n\t\t\t\t<div class=\"elementor-element elementor-element-d2ca1fa elementor-align-center elementor-widget__width-auto elementor-widget elementor-widget-global elementor-global-167462 elementor-widget-button\" data-id=\"d2ca1fa\" data-element_type=\"widget\" data-e-type=\"widget\" data-widget_type=\"button.default\">\n\t\t\t\t<div class=\"elementor-widget-container\">\n\t\t\t\t\t\t\t\t\t<div class=\"elementor-button-wrapper\">\n\t\t\t\t\t<a class=\"elementor-button elementor-button-link elementor-size-md\" href=\"https:\/\/www.foosales.com\/cs\/ke-stazeni\/\">\n\t\t\t\t\t\t<span class=\"elementor-button-content-wrapper\">\n\t\t\t\t\t\t\t\t\t<span class=\"elementor-button-text\">Za\u010dn\u011bte<\/span>\n\t\t\t\t\t<\/span>\n\t\t\t\t\t<\/a>\n\t\t\t\t<\/div>\n\t\t\t\t\t\t\t\t<\/div>\n\t\t\t\t<\/div>\n\t\t\t\t<div class=\"elementor-element elementor-element-974af86 elementor-widget elementor-widget-text-editor\" data-id=\"974af86\" data-element_type=\"widget\" data-e-type=\"widget\" data-widget_type=\"text-editor.default\">\n\t\t\t\t<div class=\"elementor-widget-container\">\n\t\t\t\t\t\t\t\t\t<p style=\"text-align: center;\"><a href=\"https:\/\/www.foosales.com\/cs\/stanoveni-cen\/\"><span style=\"text-decoration: underline;\">Viz ceny<\/span><\/a> nebo <span style=\"text-decoration: underline;\"><a href=\"https:\/\/www.foosales.com\/cs\/demo\/\">Vyzkou\u0161ejte uk\u00e1zku<\/a><\/span><\/p>\t\t\t\t\t\t\t\t<\/div>\n\t\t\t\t<\/div>\n\t\t\t\t\t<\/div>\n\t\t<\/div>\n\t\t\t\t\t<\/div>\n\t\t<\/section>\n\t\t\t\t<section class=\"elementor-section elementor-top-section elementor-element elementor-element-6c9461c4 elementor-section-full_width elementor-section-height-default elementor-section-height-default\" data-id=\"6c9461c4\" data-element_type=\"section\" data-e-type=\"section\">\n\t\t\t\t\t\t<div class=\"elementor-container elementor-column-gap-default\">\n\t\t\t\t\t<div class=\"elementor-column elementor-col-100 elementor-top-column elementor-element elementor-element-371f53d3\" data-id=\"371f53d3\" data-element_type=\"column\" data-e-type=\"column\">\n\t\t\t<div class=\"elementor-widget-wrap elementor-element-populated\">\n\t\t\t\t\t\t<div class=\"elementor-element elementor-element-23b69198 elementor-position-inline-end elementor-widget__width-initial elementor-fixed elementor-view-default elementor-mobile-position-block-start elementor-widget elementor-widget-icon-box\" data-id=\"23b69198\" data-element_type=\"widget\" data-e-type=\"widget\" data-settings=\"{&quot;_position&quot;:&quot;fixed&quot;}\" data-widget_type=\"icon-box.default\">\n\t\t\t\t<div class=\"elementor-widget-container\">\n\t\t\t\t\t\t\t<div class=\"elementor-icon-box-wrapper\">\n\n\t\t\t\t\t\t<div class=\"elementor-icon-box-icon\">\n\t\t\t\t<a href=\"https:\/\/www.foosales.com\/cs\/funkce\/kompatibilita\/\" class=\"elementor-icon\" tabindex=\"-1\" aria-label=\"Dal\u0161\u00ed\">\n\t\t\t\t<i aria-hidden=\"true\" class=\"fas fa-chevron-right\"><\/i>\t\t\t\t<\/a>\n\t\t\t<\/div>\n\t\t\t\n\t\t\t\t\t\t<div class=\"elementor-icon-box-content\">\n\n\t\t\t\t\t\t\t\t\t<h2 class=\"elementor-icon-box-title\">\n\t\t\t\t\t\t<a href=\"https:\/\/www.foosales.com\/cs\/funkce\/kompatibilita\/\">\n\t\t\t\t\t\t\tDal\u0161\u00ed\t\t\t\t\t\t<\/a>\n\t\t\t\t\t<\/h2>\n\t\t\t\t\n\t\t\t\t\n\t\t\t<\/div>\n\t\t\t\n\t\t<\/div>\n\t\t\t\t\t\t<\/div>\n\t\t\t\t<\/div>\n\t\t\t\t<div class=\"elementor-element elementor-element-2a76ec0c elementor-position-inline-start elementor-widget__width-initial elementor-fixed elementor-view-default elementor-mobile-position-block-start elementor-widget elementor-widget-icon-box\" data-id=\"2a76ec0c\" data-element_type=\"widget\" data-e-type=\"widget\" data-settings=\"{&quot;_position&quot;:&quot;fixed&quot;}\" data-widget_type=\"icon-box.default\">\n\t\t\t\t<div class=\"elementor-widget-container\">\n\t\t\t\t\t\t\t<div class=\"elementor-icon-box-wrapper\">\n\n\t\t\t\t\t\t<div class=\"elementor-icon-box-icon\">\n\t\t\t\t<a href=\"https:\/\/www.foosales.com\/cs\/funkce\/hardware\/\" class=\"elementor-icon\" tabindex=\"-1\" aria-label=\"P\u0159edchoz\u00ed\">\n\t\t\t\t<i aria-hidden=\"true\" class=\"fas fa-chevron-left\"><\/i>\t\t\t\t<\/a>\n\t\t\t<\/div>\n\t\t\t\n\t\t\t\t\t\t<div class=\"elementor-icon-box-content\">\n\n\t\t\t\t\t\t\t\t\t<h2 class=\"elementor-icon-box-title\">\n\t\t\t\t\t\t<a href=\"https:\/\/www.foosales.com\/cs\/funkce\/hardware\/\">\n\t\t\t\t\t\t\tP\u0159edchoz\u00ed\t\t\t\t\t\t<\/a>\n\t\t\t\t\t<\/h2>\n\t\t\t\t\n\t\t\t\t\n\t\t\t<\/div>\n\t\t\t\n\t\t<\/div>\n\t\t\t\t\t\t<\/div>\n\t\t\t\t<\/div>\n\t\t\t\t\t<\/div>\n\t\t<\/div>\n\t\t\t\t\t<\/div>\n\t\t<\/section>\n\t\t\t\t<\/div>","protected":false},"excerpt":{"rendered":"<p>Official Marketplace Partner You can&#8217;t go wrong with the world\u2019s most popular ecommerce platform Before FooSales arrived, WooCommerce was known [&hellip;]<\/p>\n","protected":false},"author":1,"featured_media":0,"parent":17892,"menu_order":0,"comment_status":"closed","ping_status":"closed","template":"","meta":{"site-sidebar-layout":"no-sidebar","site-content-layout":"plain-container","ast-site-content-layout":"default","site-content-style":"default","site-sidebar-style":"default","ast-global-header-display":"","ast-banner-title-visibility":"","ast-main-header-display":"","ast-hfb-above-header-display":"","ast-hfb-below-header-display":"","ast-hfb-mobile-header-display":"","site-post-title":"disabled","ast-breadcrumbs-content":"","ast-featured-img":"disabled","footer-sml-layout":"","ast-disable-related-posts":"","theme-transparent-header-meta":"default","adv-header-id-meta":"","stick-header-meta":"default","header-above-stick-meta":"","header-main-stick-meta":"","header-below-stick-meta":"","astra-migrate-meta-layouts":"default","ast-page-background-enabled":"default","ast-page-background-meta":{"desktop":{"background-color":"","background-image":"","background-repeat":"repeat","background-position":"center center","background-size":"auto","background-attachment":"scroll","background-type":"","background-media":"","overlay-type":"","overlay-color":"","overlay-opacity":"","overlay-gradient":""},"tablet":{"background-color":"","background-image":"","background-repeat":"repeat","background-position":"center center","background-size":"auto","background-attachment":"scroll","background-type":"","background-media":"","overlay-type":"","overlay-color":"","overlay-opacity":"","overlay-gradient":""},"mobile":{"background-color":"","background-image":"","background-repeat":"repeat","background-position":"center center","background-size":"auto","background-attachment":"scroll","background-type":"","background-media":"","overlay-type":"","overlay-color":"","overlay-opacity":"","overlay-gradient":""}},"ast-content-background-meta":{"desktop":{"background-color":"var(--ast-global-color-5)","background-image":"","background-repeat":"repeat","background-position":"center center","background-size":"auto","background-attachment":"scroll","background-type":"","background-media":"","overlay-type":"","overlay-color":"","overlay-opacity":"","overlay-gradient":""},"tablet":{"background-color":"var(--ast-global-color-5)","background-image":"","background-repeat":"repeat","background-position":"center center","background-size":"auto","background-attachment":"scroll","background-type":"","background-media":"","overlay-type":"","overlay-color":"","overlay-opacity":"","overlay-gradient":""},"mobile":{"background-color":"var(--ast-global-color-5)","background-image":"","background-repeat":"repeat","background-position":"center center","background-size":"auto","background-attachment":"scroll","background-type":"","background-media":"","overlay-type":"","overlay-color":"","overlay-opacity":"","overlay-gradient":""}},"footnotes":""},"class_list":["post-29172","page","type-page","status-publish","hentry"],"_links":{"self":[{"href":"https:\/\/www.foosales.com\/cs\/wp-json\/wp\/v2\/pages\/29172","targetHints":{"allow":["GET"]}}],"collection":[{"href":"https:\/\/www.foosales.com\/cs\/wp-json\/wp\/v2\/pages"}],"about":[{"href":"https:\/\/www.foosales.com\/cs\/wp-json\/wp\/v2\/types\/page"}],"author":[{"embeddable":true,"href":"https:\/\/www.foosales.com\/cs\/wp-json\/wp\/v2\/users\/1"}],"replies":[{"embeddable":true,"href":"https:\/\/www.foosales.com\/cs\/wp-json\/wp\/v2\/comments?post=29172"}],"version-history":[{"count":3,"href":"https:\/\/www.foosales.com\/cs\/wp-json\/wp\/v2\/pages\/29172\/revisions"}],"predecessor-version":[{"id":183941,"href":"https:\/\/www.foosales.com\/cs\/wp-json\/wp\/v2\/pages\/29172\/revisions\/183941"}],"up":[{"embeddable":true,"href":"https:\/\/www.foosales.com\/cs\/wp-json\/wp\/v2\/pages\/17892"}],"wp:attachment":[{"href":"https:\/\/www.foosales.com\/cs\/wp-json\/wp\/v2\/media?parent=29172"}],"curies":[{"name":"wp","href":"https:\/\/api.w.org\/{rel}","templated":true}]}}