{"id":135206,"date":"2021-08-13T03:07:56","date_gmt":"2021-08-13T10:07:56","guid":{"rendered":"https:\/\/foosales.com\/?post_type=product&#038;p=135206"},"modified":"2024-11-25T14:19:33","modified_gmt":"2024-11-25T22:19:33","slug":"platby-stripe","status":"publish","type":"product","link":"https:\/\/www.foosales.com\/cs\/product\/stripe-payments\/","title":{"rendered":"Stripe Dopln\u011bk pro platby"},"content":{"rendered":"","protected":false},"excerpt":{"rendered":"<p>FooSales se integruje s <a href=\"https:\/\/docs.stripe.com\/terminal\/payments\/setup-reader\/stripe-reader-s700\" target=\"_blank\" rel=\"nofollow noopener\">Stripe S700<\/a>, <span style=\"font-size: 16px;\"><a href=\"https:\/\/stripe.com\/docs\/terminal\/readers\/bbpos-wisepos-e\" target=\"_blank\" rel=\"nofollow noopener\">BBPOS WisePOS\u2122 E<\/a><\/span>, <a href=\"https:\/\/docs.stripe.com\/terminal\/payments\/setup-reader\/stripe-m2\" target=\"_blank\" rel=\"nofollow noopener\">Stripe \u010cten\u00e1\u0159 M2<\/a>, <a href=\"https:\/\/docs.stripe.com\/terminal\/payments\/setup-reader\/bbpos-wisepad3\" target=\"_blank\" rel=\"nofollow noopener\">BBPOS WisePad\u2122 3<\/a>, <a href=\"https:\/\/stripe.com\/docs\/terminal\/readers\/bbpos-chipper2xbt\" target=\"_blank\" rel=\"noopener\">BBPOS Chipper\u2122 2X BT<\/a> a <a href=\"https:\/\/stripe.com\/docs\/terminal\/readers\/verifone-p400\">Verifone P400<\/a> \u010dte\u010dky karet pro zachycen\u00ed osobn\u00edch plateb kartou p\u0159\u00edmo v r\u00e1mci <a href=\"https:\/\/help.foosales.com\/docs\/topics\/foosales-web-app\/\">Webov\u00e1 aplikace FooSales<\/a> a <a href=\"https:\/\/help.foosales.com\/docs\/topics\/foosales-ipad-and-android-tablet-apps\/\">Aplikace pro tablety FooSales<\/a> pro bezprobl\u00e9mov\u00e9 odbaven\u00ed. Celkov\u00e9 \u010d\u00e1stky objedn\u00e1vek jsou p\u0159i placen\u00ed odesl\u00e1ny na Stripe a FooSales automaticky dokon\u010d\u00ed objedn\u00e1vku WooCommerce po \u00fasp\u011b\u0161n\u00e9m dokon\u010den\u00ed platby. Pokud nem\u00e1te <strong>\u010cte\u010dka karet Stripe<\/strong>, m\u016f\u017eete st\u00e1le ru\u010dn\u011b zachytit \u00fadaje o kart\u011b u pokladny a zpracovat tak platbu za objedn\u00e1vku, co\u017e je u\u017eite\u010dn\u00e9 nap\u0159\u00edklad p\u0159i p\u0159ij\u00edm\u00e1n\u00ed objedn\u00e1vek po telefonu.<\/p>\n<p><strong><u><a href=\"https:\/\/www.foosales.com\/cs\/funkce\/platby\/pruh\/\">Dal\u0161\u00ed informace o platb\u00e1ch Stripe \u2192<\/a><\/u><\/strong><\/p>\n<p>Pro integraci FooSales Stripe Payments je vy\u017eadov\u00e1n dopln\u011bk Stripe, kter\u00fd lze zakoupit s. <a href=\"https:\/\/www.foosales.com\/cs\/stanoveni-cen\/\">Pl\u00e1n pro jednu nebo v\u00edce dom\u00e9n<\/a> i samostatn\u011b, pokud byste ji cht\u011bli v budoucnu p\u0159idat.<\/p>\n<p><strong><u><a href=\"https:\/\/help.foosales.com\/docs\/topics\/payments\/stripe-payment-integration\/#requirements\" target=\"_blank\" rel=\"noopener\">Viz po\u017eadavky \u2192<\/a><\/u><\/strong><\/p>","protected":false},"featured_media":138528,"template":"","meta":{"site-sidebar-layout":"default","site-content-layout":"default","ast-site-content-layout":"default","site-content-style":"default","site-sidebar-style":"default","ast-global-header-display":"","ast-banner-title-visibility":"","ast-main-header-display":"","ast-hfb-above-header-display":"","ast-hfb-below-header-display":"","ast-hfb-mobile-header-display":"","site-post-title":"","ast-breadcrumbs-content":"","ast-featured-img":"","footer-sml-layout":"","ast-disable-related-posts":"","theme-transparent-header-meta":"default","adv-header-id-meta":"","stick-header-meta":"default","header-above-stick-meta":"","header-main-stick-meta":"","header-below-stick-meta":"","astra-migrate-meta-layouts":"set","ast-page-background-enabled":"default","ast-page-background-meta":{"desktop":{"background-color":"","background-image":"","background-repeat":"repeat","background-position":"center center","background-size":"auto","background-attachment":"scroll","background-type":"","background-media":"","overlay-type":"","overlay-color":"","overlay-opacity":"","overlay-gradient":""},"tablet":{"background-color":"","background-image":"","background-repeat":"repeat","background-position":"center center","background-size":"auto","background-attachment":"scroll","background-type":"","background-media":"","overlay-type":"","overlay-color":"","overlay-opacity":"","overlay-gradient":""},"mobile":{"background-color":"","background-image":"","background-repeat":"repeat","background-position":"center center","background-size":"auto","background-attachment":"scroll","background-type":"","background-media":"","overlay-type":"","overlay-color":"","overlay-opacity":"","overlay-gradient":""}},"ast-content-background-meta":{"desktop":{"background-color":"var(--ast-global-color-5)","background-image":"","background-repeat":"repeat","background-position":"center center","background-size":"auto","background-attachment":"scroll","background-type":"","background-media":"","overlay-type":"","overlay-color":"","overlay-opacity":"","overlay-gradient":""},"tablet":{"background-color":"var(--ast-global-color-5)","background-image":"","background-repeat":"repeat","background-position":"center center","background-size":"auto","background-attachment":"scroll","background-type":"","background-media":"","overlay-type":"","overlay-color":"","overlay-opacity":"","overlay-gradient":""},"mobile":{"background-color":"var(--ast-global-color-5)","background-image":"","background-repeat":"repeat","background-position":"center center","background-size":"auto","background-attachment":"scroll","background-type":"","background-media":"","overlay-type":"","overlay-color":"","overlay-opacity":"","overlay-gradient":""}}},"product_brand":[],"product_cat":[68,262,293],"product_tag":[],"class_list":{"0":"post-135206","1":"product","2":"type-product","3":"status-publish","4":"has-post-thumbnail","6":"product_cat-subscription","7":"product_cat-add-on","8":"product_cat-stripe","9":"desktop-align-left","10":"tablet-align-left","11":"mobile-align-left","12":"ast-product-gallery-layout-vertical","13":"ast-product-gallery-with-no-image","14":"ast-magnify-disabled","15":"ast-product-single-variable","17":"first","18":"instock","19":"taxable","20":"shipping-taxable","21":"purchasable","22":"product-type-variable-subscription","23":"has-default-attributes"},"_links":{"self":[{"href":"https:\/\/www.foosales.com\/cs\/wp-json\/wp\/v2\/product\/135206","targetHints":{"allow":["GET"]}}],"collection":[{"href":"https:\/\/www.foosales.com\/cs\/wp-json\/wp\/v2\/product"}],"about":[{"href":"https:\/\/www.foosales.com\/cs\/wp-json\/wp\/v2\/types\/product"}],"wp:featuredmedia":[{"embeddable":true,"href":"https:\/\/www.foosales.com\/cs\/wp-json\/wp\/v2\/media\/138528"}],"wp:attachment":[{"href":"https:\/\/www.foosales.com\/cs\/wp-json\/wp\/v2\/media?parent=135206"}],"wp:term":[{"taxonomy":"product_brand","embeddable":true,"href":"https:\/\/www.foosales.com\/cs\/wp-json\/wp\/v2\/product_brand?post=135206"},{"taxonomy":"product_cat","embeddable":true,"href":"https:\/\/www.foosales.com\/cs\/wp-json\/wp\/v2\/product_cat?post=135206"},{"taxonomy":"product_tag","embeddable":true,"href":"https:\/\/www.foosales.com\/cs\/wp-json\/wp\/v2\/product_tag?post=135206"}],"curies":[{"name":"wp","href":"https:\/\/api.w.org\/{rel}","templated":true}]}}