{"id":182641,"date":"2025-03-03T05:47:18","date_gmt":"2025-03-03T13:47:18","guid":{"rendered":"https:\/\/foosales.com\/?post_type=product&#038;p=182641"},"modified":"2025-03-03T05:47:19","modified_gmt":"2025-03-03T13:47:19","slug":"foosales-plus","status":"publish","type":"product","link":"https:\/\/www.foosales.com\/cs\/product\/foosales-plus\/","title":{"rendered":"FooSales Plus"},"content":{"rendered":"","protected":false},"excerpt":{"rendered":"<p>Vyu\u017e\u00edvejte v\u0161e, co je obsa\u017eeno v j\u00e1d\u0159e, a nav\u00edc v\u00fdkonn\u00e9 integrace, kter\u00e9 v\u00e1m pomohou zv\u00fd\u0161it prodej a provoz. Tento pl\u00e1n podporuje a\u017e dev\u011bt u\u017eivatel\u016f nebo za\u0159\u00edzen\u00ed a zahrnuje v\u0161echny funkce a v\u00fdhody Core spolu s dal\u0161\u00edmi funkcemi, jako jsou Square Platby, Stripe Platby, WooCommerce Dopl\u0148ky produkt\u016f (pouze zobrazen\u00ed) a FooEvents Ud\u00e1losti a vstupenky.<\/p>","protected":false},"featured_media":66562,"template":"","meta":{"site-sidebar-layout":"default","site-content-layout":"","ast-site-content-layout":"default","site-content-style":"default","site-sidebar-style":"default","ast-global-header-display":"","ast-banner-title-visibility":"","ast-main-header-display":"","ast-hfb-above-header-display":"","ast-hfb-below-header-display":"","ast-hfb-mobile-header-display":"","site-post-title":"","ast-breadcrumbs-content":"","ast-featured-img":"","footer-sml-layout":"","ast-disable-related-posts":"","theme-transparent-header-meta":"default","adv-header-id-meta":"","stick-header-meta":"default","header-above-stick-meta":"","header-main-stick-meta":"","header-below-stick-meta":"","astra-migrate-meta-layouts":"set","ast-page-background-enabled":"default","ast-page-background-meta":{"desktop":{"background-color":"","background-image":"","background-repeat":"repeat","background-position":"center center","background-size":"auto","background-attachment":"scroll","background-type":"","background-media":"","overlay-type":"","overlay-color":"","overlay-opacity":"","overlay-gradient":""},"tablet":{"background-color":"","background-image":"","background-repeat":"repeat","background-position":"center center","background-size":"auto","background-attachment":"scroll","background-type":"","background-media":"","overlay-type":"","overlay-color":"","overlay-opacity":"","overlay-gradient":""},"mobile":{"background-color":"","background-image":"","background-repeat":"repeat","background-position":"center center","background-size":"auto","background-attachment":"scroll","background-type":"","background-media":"","overlay-type":"","overlay-color":"","overlay-opacity":"","overlay-gradient":""}},"ast-content-background-meta":{"desktop":{"background-color":"var(--ast-global-color-5)","background-image":"","background-repeat":"repeat","background-position":"center center","background-size":"auto","background-attachment":"scroll","background-type":"","background-media":"","overlay-type":"","overlay-color":"","overlay-opacity":"","overlay-gradient":""},"tablet":{"background-color":"var(--ast-global-color-5)","background-image":"","background-repeat":"repeat","background-position":"center center","background-size":"auto","background-attachment":"scroll","background-type":"","background-media":"","overlay-type":"","overlay-color":"","overlay-opacity":"","overlay-gradient":""},"mobile":{"background-color":"var(--ast-global-color-5)","background-image":"","background-repeat":"repeat","background-position":"center center","background-size":"auto","background-attachment":"scroll","background-type":"","background-media":"","overlay-type":"","overlay-color":"","overlay-opacity":"","overlay-gradient":""}}},"product_brand":[],"product_cat":[68,325],"product_tag":[],"class_list":{"0":"post-182641","1":"product","2":"type-product","3":"status-publish","4":"has-post-thumbnail","6":"product_cat-subscription","7":"product_cat-annual","8":"desktop-align-left","9":"tablet-align-left","10":"mobile-align-left","11":"ast-product-gallery-layout-vertical","12":"ast-product-gallery-with-no-image","13":"ast-magnify-disabled","15":"first","16":"instock","17":"downloadable","18":"virtual","19":"taxable","20":"purchasable","21":"product-type-subscription"},"_links":{"self":[{"href":"https:\/\/www.foosales.com\/cs\/wp-json\/wp\/v2\/product\/182641","targetHints":{"allow":["GET"]}}],"collection":[{"href":"https:\/\/www.foosales.com\/cs\/wp-json\/wp\/v2\/product"}],"about":[{"href":"https:\/\/www.foosales.com\/cs\/wp-json\/wp\/v2\/types\/product"}],"wp:featuredmedia":[{"embeddable":true,"href":"https:\/\/www.foosales.com\/cs\/wp-json\/wp\/v2\/media\/66562"}],"wp:attachment":[{"href":"https:\/\/www.foosales.com\/cs\/wp-json\/wp\/v2\/media?parent=182641"}],"wp:term":[{"taxonomy":"product_brand","embeddable":true,"href":"https:\/\/www.foosales.com\/cs\/wp-json\/wp\/v2\/product_brand?post=182641"},{"taxonomy":"product_cat","embeddable":true,"href":"https:\/\/www.foosales.com\/cs\/wp-json\/wp\/v2\/product_cat?post=182641"},{"taxonomy":"product_tag","embeddable":true,"href":"https:\/\/www.foosales.com\/cs\/wp-json\/wp\/v2\/product_tag?post=182641"}],"curies":[{"name":"wp","href":"https:\/\/api.w.org\/{rel}","templated":true}]}}