{"id":98949,"date":"2021-05-27T06:37:59","date_gmt":"2021-05-27T13:37:59","guid":{"rendered":"https:\/\/foosales.com\/?post_type=product&#038;p=98949"},"modified":"2024-10-03T18:21:04","modified_gmt":"2024-10-04T01:21:04","slug":"pridani-uzivatele","status":"publish","type":"product","link":"https:\/\/www.foosales.com\/cs\/product\/user-add-on\/","title":{"rendered":"U\u017eivatelsk\u00fd dopln\u011bk FooSales"},"content":{"rendered":"","protected":false},"excerpt":{"rendered":"<p>Na str\u00e1nk\u00e1ch <strong>U\u017eivatelsk\u00fd dopln\u011bk FooSales<\/strong> zvy\u0161uje po\u010det u\u017eivatel\u016f WordPress, kte\u0159\u00ed se mohou pomoc\u00ed aplikac\u00ed FooSales p\u0159ipojit k va\u0161emu obchodu. To je nad r\u00e1mec toho, co je zahrnuto v pl\u00e1nu FooSales.<\/p>\n<p>Vyberte si m\u011bs\u00ed\u010dn\u00ed nebo ro\u010dn\u00ed obdob\u00ed a zadejte po\u010det u\u017eivatel\u016f, kter\u00e9 chcete do sv\u00e9ho \u00fa\u010dtu p\u0159idat.<\/p>\n<p><em>Upozorn\u011bn\u00ed: Aktivn\u00ed <a href=\"https:\/\/www.foosales.com\/cs\/stanoveni-cen\/\">Pl\u00e1n FooSales<\/a> je nutn\u00e9 tento dopln\u011bk zakoupit.<\/em><\/p>","protected":false},"featured_media":98958,"template":"","meta":{"site-sidebar-layout":"default","site-content-layout":"default","ast-site-content-layout":"default","site-content-style":"default","site-sidebar-style":"default","ast-global-header-display":"","ast-banner-title-visibility":"","ast-main-header-display":"","ast-hfb-above-header-display":"","ast-hfb-below-header-display":"","ast-hfb-mobile-header-display":"","site-post-title":"","ast-breadcrumbs-content":"","ast-featured-img":"","footer-sml-layout":"","ast-disable-related-posts":"","theme-transparent-header-meta":"default","adv-header-id-meta":"","stick-header-meta":"default","header-above-stick-meta":"","header-main-stick-meta":"","header-below-stick-meta":"","astra-migrate-meta-layouts":"set","ast-page-background-enabled":"default","ast-page-background-meta":{"desktop":{"background-color":"","background-image":"","background-repeat":"repeat","background-position":"center center","background-size":"auto","background-attachment":"scroll","background-type":"","background-media":"","overlay-type":"","overlay-color":"","overlay-opacity":"","overlay-gradient":""},"tablet":{"background-color":"","background-image":"","background-repeat":"repeat","background-position":"center center","background-size":"auto","background-attachment":"scroll","background-type":"","background-media":"","overlay-type":"","overlay-color":"","overlay-opacity":"","overlay-gradient":""},"mobile":{"background-color":"","background-image":"","background-repeat":"repeat","background-position":"center center","background-size":"auto","background-attachment":"scroll","background-type":"","background-media":"","overlay-type":"","overlay-color":"","overlay-opacity":"","overlay-gradient":""}},"ast-content-background-meta":{"desktop":{"background-color":"var(--ast-global-color-5)","background-image":"","background-repeat":"repeat","background-position":"center center","background-size":"auto","background-attachment":"scroll","background-type":"","background-media":"","overlay-type":"","overlay-color":"","overlay-opacity":"","overlay-gradient":""},"tablet":{"background-color":"var(--ast-global-color-5)","background-image":"","background-repeat":"repeat","background-position":"center center","background-size":"auto","background-attachment":"scroll","background-type":"","background-media":"","overlay-type":"","overlay-color":"","overlay-opacity":"","overlay-gradient":""},"mobile":{"background-color":"var(--ast-global-color-5)","background-image":"","background-repeat":"repeat","background-position":"center center","background-size":"auto","background-attachment":"scroll","background-type":"","background-media":"","overlay-type":"","overlay-color":"","overlay-opacity":"","overlay-gradient":""}}},"product_brand":[],"product_cat":[262,285],"product_tag":[],"class_list":{"0":"post-98949","1":"product","2":"type-product","3":"status-publish","4":"has-post-thumbnail","6":"product_cat-add-on","7":"product_cat-user","8":"desktop-align-left","9":"tablet-align-left","10":"mobile-align-left","11":"ast-product-gallery-layout-vertical","12":"ast-product-gallery-with-no-image","13":"ast-magnify-disabled","14":"ast-product-single-variable","16":"first","17":"instock","18":"taxable","19":"shipping-taxable","20":"purchasable","21":"product-type-variable-subscription","22":"has-default-attributes"},"_links":{"self":[{"href":"https:\/\/www.foosales.com\/cs\/wp-json\/wp\/v2\/product\/98949","targetHints":{"allow":["GET"]}}],"collection":[{"href":"https:\/\/www.foosales.com\/cs\/wp-json\/wp\/v2\/product"}],"about":[{"href":"https:\/\/www.foosales.com\/cs\/wp-json\/wp\/v2\/types\/product"}],"wp:featuredmedia":[{"embeddable":true,"href":"https:\/\/www.foosales.com\/cs\/wp-json\/wp\/v2\/media\/98958"}],"wp:attachment":[{"href":"https:\/\/www.foosales.com\/cs\/wp-json\/wp\/v2\/media?parent=98949"}],"wp:term":[{"taxonomy":"product_brand","embeddable":true,"href":"https:\/\/www.foosales.com\/cs\/wp-json\/wp\/v2\/product_brand?post=98949"},{"taxonomy":"product_cat","embeddable":true,"href":"https:\/\/www.foosales.com\/cs\/wp-json\/wp\/v2\/product_cat?post=98949"},{"taxonomy":"product_tag","embeddable":true,"href":"https:\/\/www.foosales.com\/cs\/wp-json\/wp\/v2\/product_tag?post=98949"}],"curies":[{"name":"wp","href":"https:\/\/api.w.org\/{rel}","templated":true}]}}