{"id":141325,"date":"2022-01-12T14:12:18","date_gmt":"2022-01-12T21:12:18","guid":{"rendered":"https:\/\/foosales.com\/?page_id=141325"},"modified":"2024-09-03T18:46:28","modified_gmt":"2024-09-04T01:46:28","slug":"datenschutzbestimmungen","status":"publish","type":"page","link":"https:\/\/www.foosales.com\/de\/privacy-policy\/","title":{"rendered":"Datenschutzrichtlinie (OLD)"},"content":{"rendered":"<div data-elementor-type=\"wp-page\" data-elementor-id=\"141325\" class=\"elementor elementor-141325\" data-elementor-post-type=\"page\">\n\t\t\t\t\t\t<section class=\"elementor-section elementor-top-section elementor-element elementor-element-986b7e9 elementor-section-boxed elementor-section-height-default elementor-section-height-default\" data-id=\"986b7e9\" data-element_type=\"section\" data-e-type=\"section\">\n\t\t\t\t\t\t<div class=\"elementor-container elementor-column-gap-default\">\n\t\t\t\t\t<div class=\"elementor-column elementor-col-33 elementor-top-column elementor-element elementor-element-0917e5a\" data-id=\"0917e5a\" data-element_type=\"column\" data-e-type=\"column\">\n\t\t\t<div class=\"elementor-widget-wrap elementor-element-populated\">\n\t\t\t\t\t\t<div class=\"elementor-element elementor-element-d9f681b elementor-widget elementor-widget-text-editor\" data-id=\"d9f681b\" data-element_type=\"widget\" data-e-type=\"widget\" data-widget_type=\"text-editor.default\">\n\t\t\t\t<div class=\"elementor-widget-container\">\n\t\t\t\t\t\t\t\t\t<ol><li><a href=\"#who_we_are\">WER WIR SIND<\/a><\/li><li><a href=\"#personal_data_collection\">WELCHE PERS\u00d6NLICHEN DATEN WIR SAMMELN<\/a><\/li><li><a href=\"#comments\">KOMMENTARE<\/a><\/li><li><a href=\"#media\">MEDIEN<\/a><\/li><li><a href=\"#contact_forms\">KONTAKTFORMULARE<\/a><\/li><li><a href=\"#cookies\">COOKIES<\/a><\/li><li><a href=\"#embedded_content\">EINGEBETTETE INHALTE VON ANDEREN WEBSITES<\/a><\/li><li><a href=\"#analytics\">ANALYTIK<\/a><\/li><li><a href=\"#what_we_collect\">WAS WIR SAMMELN UND SPEICHERN<\/a><\/li><li><a href=\"#data_retention\">WIE LANGE WIR IHRE DATEN AUFBEWAHREN<\/a><\/li><li><a href=\"#send_data\">WOHIN WIR IHRE DATEN \u00dcBERMITTELN<\/a><\/li><li><a href=\"#data_rights\">WELCHE RECHTE SIE IN BEZUG AUF IHRE DATEN HABEN<\/a><\/li><li><a href=\"#data_access\">WER IN UNSEREM TEAM ZUGANG HAT<\/a><\/li><\/ol>\t\t\t\t\t\t\t\t<\/div>\n\t\t\t\t<\/div>\n\t\t\t\t\t<\/div>\n\t\t<\/div>\n\t\t\t\t<div class=\"elementor-column elementor-col-66 elementor-top-column elementor-element elementor-element-734841c\" data-id=\"734841c\" data-element_type=\"column\" data-e-type=\"column\">\n\t\t\t<div class=\"elementor-widget-wrap elementor-element-populated\">\n\t\t\t\t\t\t<div class=\"elementor-element elementor-element-4d4ff1c elementor-widget elementor-widget-text-editor\" data-id=\"4d4ff1c\" data-element_type=\"widget\" data-e-type=\"widget\" data-widget_type=\"text-editor.default\">\n\t\t\t\t<div class=\"elementor-widget-container\">\n\t\t\t\t\t\t\t\t\t<h1>Datenschutzbestimmungen<\/h1>\n<em>Zuletzt aktualisiert: 2. November 2021<\/em>\n<h3>1. WER WIR SIND<\/h3>\nFooSales ist ein Produkt von Grenade Technologies (Pty) Ltd., das in der Republik S\u00fcdafrika registriert ist (Reg.-Nr. 2012\/051365\/07).\n\nUnsere Website-Adresse lautet: <a href=\"https:\/\/www.foosales.com\/de\/\">https:\/\/www.foosales.com<\/a>\n\nBei Fragen zu unseren Datenschutzrichtlinien oder zum Auskunftsrecht k\u00f6nnen Sie eine E-Mail senden an: privacy (at) foosales.com\n<h3>2. WELCHE PERS\u00d6NLICHEN DATEN WIR SAMMELN UND WARUM WIR SIE SAMMELN<\/h3>\nFooSales befolgt die folgenden Grunds\u00e4tze, um Ihre Privatsph\u00e4re zu sch\u00fctzen:\n- Wir sammeln nicht mehr Informationen als n\u00f6tig;\n- Wir verwenden Ihre Daten nicht f\u00fcr andere als die angegebenen Zwecke;\n- Wir bewahren Ihre Daten nicht auf, wenn sie nicht mehr ben\u00f6tigt werden;\n- Wir geben Ihre Daten nicht ohne Ihre Zustimmung an Dritte weiter.\n\nWenn Sie Fragen zu unserer Datenschutzrichtlinie haben oder mit ihr nicht einverstanden sind, wenden Sie sich bitte an uns, bevor Sie diese Website nutzen. Wir k\u00f6nnen unsere Richtlinie von Zeit zu Zeit \u00e4ndern, daher sollten Sie diese Seite h\u00e4ufig besuchen, um sicherzustellen, dass Sie \u00fcber alle \u00c4nderungen informiert sind, die vorgenommen wurden.\n<h3>3. KOMMENTARE<\/h3>\nWenn Besucher Kommentare auf der Website hinterlassen, erfassen wir die im Kommentarformular angezeigten Daten sowie die IP-Adresse und den User-Agent-String des Browsers des Besuchers, um die Spam-Erkennung zu erleichtern.\n\nEine anonymisierte Zeichenfolge, die aus Ihrer E-Mail-Adresse erstellt wird (auch Hash genannt), kann dem Gravatar-Dienst zur Verf\u00fcgung gestellt werden, um zu sehen, ob Sie ihn benutzen. Die Datenschutzrichtlinien des Gravatar-Dienstes finden Sie hier: <a href=\"https:\/\/automattic.com\/privacy\/\" rel=\"nofollow noopener\">https:\/\/automattic.com\/privacy\/<\/a>\n\nNach der Freigabe Ihres Kommentars ist Ihr Profilbild im Kontext Ihres Kommentars f\u00fcr die \u00d6ffentlichkeit sichtbar.\n<h3>4. MEDIEN<\/h3>\nWenn Sie Bilder auf die Website hochladen, sollten Sie es vermeiden, Bilder hochzuladen, die eingebettete Standortdaten (EXIF-GPS) enthalten. Die Besucher der Website k\u00f6nnen alle Standortdaten von den Bildern auf der Website herunterladen und extrahieren.\n<h3>5. KONTAKTFORMULARE<\/h3>\nWir verwenden auf dieser Website Kontaktformulare, um Kunden und Besuchern die M\u00f6glichkeit zu geben, sich in Mailinglisten einzutragen, auf Umfragen zu antworten, Support-Tickets einzureichen und mit uns in Kontakt zu treten.\n\nZu Zwecken des Kundendienstes und der Unternehmensf\u00fchrung archivieren wir die folgenden personenbezogenen Daten, die \u00fcber ein Kontaktformular \u00fcbermittelt werden, auf unbestimmte Zeit in der Datenbank unserer Website: Ihren vollst\u00e4ndigen Namen, die URL der Website (falls angegeben), Ihre E-Mail-Adresse und Ihre IP-Adresse.\n\nFooSales vermietet oder verkauft keine potenziell pers\u00f6nlich identifizierenden Informationen an Dritte. Abgesehen von seinen Mitarbeitern und Auftragnehmern, wie oben beschrieben, gibt FooSales potenziell pers\u00f6nlich identifizierende und pers\u00f6nlich identifizierende Informationen nur als Reaktion auf eine Vorladung, einen Gerichtsbeschluss oder eine andere beh\u00f6rdliche Anfrage weiter, oder wenn FooSales in gutem Glauben davon ausgeht, dass die Offenlegung vern\u00fcnftigerweise notwendig ist, um das Eigentum oder die Rechte von FooSales, Dritten oder der \u00d6ffentlichkeit insgesamt zu sch\u00fctzen.\n\nWenn Sie ein FooSales-Kunde sind und sich daf\u00fcr entschieden haben, Neuigkeiten und Updates von uns zu erhalten, kann FooSales Ihnen gelegentlich eine E-Mail schicken, um Sie \u00fcber neue Funktionen zu informieren, Ihr Feedback einzuholen oder Sie einfach auf dem Laufenden zu halten, was mit FooSales und unseren Produkten passiert. Wenn Sie uns eine Anfrage senden (z.B. \u00fcber eine Support-E-Mail oder \u00fcber einen unserer Feedback-Mechanismen), behalten wir uns das Recht vor, diese zu ver\u00f6ffentlichen, um uns zu helfen, Ihre Anfrage zu kl\u00e4ren oder zu beantworten oder um uns zu helfen, andere Benutzer zu unterst\u00fctzen.\n\nFooSales ergreift alle angemessenen Ma\u00dfnahmen, um sich gegen den unbefugten Zugriff, die Verwendung, \u00c4nderung oder Zerst\u00f6rung von potenziell pers\u00f6nlich identifizierenden Informationen zu sch\u00fctzen.\n\nAls Teil unserer Sicherheitsma\u00dfnahmen haben wir auf der gesamten Website HTTPS implementiert und verschl\u00fcsseln den Datenfluss zwischen dem Client-Browser und dem Webserver.\n<h3 id=\"cookies\">6. COOKIES<\/h3>\nUm Ihre Erfahrungen auf unserer Website zu verbessern, verwenden wir \"Cookies\". Cookies sind ein Industriestandard und die meisten gro\u00dfen Websites verwenden sie. Ein Cookie ist eine kleine Textdatei, die von unserer Website auf Ihrem Computer gespeichert wird, um Ihre Einstellungen zu speichern. Sie k\u00f6nnen die Verwendung von Cookies ablehnen, indem Sie die entsprechenden Einstellungen in Ihrem Browser vornehmen. Bitte beachten Sie jedoch, dass Sie dann m\u00f6glicherweise nicht alle Funktionen dieser Website nutzen k\u00f6nnen.\n\nWir verwenden Google-Analytics-Cookies (ausf\u00fchrlich beschrieben in der <a href=\"#analytics\">Analytik<\/a> Abschnitt) und das Facebook-Pixel. Das Facebook-Pixel ist ein Analysewerkzeug, das es uns erm\u00f6glicht, die Wirksamkeit unserer Werbung zu messen, indem wir die Aktionen der Nutzer auf dieser Website verstehen. Technische Einzelheiten zur Funktionsweise des Facebook-Pixels und zu den gesammelten Daten finden Sie in der Cookie-Richtlinie von Facebook: <a href=\"https:\/\/www.facebook.com\/policies\/cookies\/\" rel=\"noopener\">https:\/\/www.facebook.com\/policies\/cookies\/<\/a>\n\nWenn Sie einen Kommentar auf unserer Website hinterlassen, k\u00f6nnen Sie sich damit einverstanden erkl\u00e4ren, dass Ihr Name, Ihre E-Mail-Adresse und Ihre Website in Cookies gespeichert werden. Diese dienen Ihrer Bequemlichkeit, damit Sie Ihre Daten nicht erneut eingeben m\u00fcssen, wenn Sie einen weiteren Kommentar hinterlassen. Diese Cookies sind ein Jahr lang g\u00fcltig.\n\nWenn Sie ein Konto haben und sich auf dieser Website anmelden, setzen wir ein tempor\u00e4res Cookie, um festzustellen, ob Ihr Browser Cookies akzeptiert. Dieses Cookie enth\u00e4lt keine pers\u00f6nlichen Daten und wird gel\u00f6scht, wenn Sie Ihren Browser schlie\u00dfen.\n\nWenn Sie sich anmelden, setzen wir au\u00dferdem mehrere Cookies, um Ihre Anmeldeinformationen und die von Ihnen gew\u00e4hlte Bildschirmdarstellung zu speichern. Die Anmelde-Cookies bleiben zwei Tage lang gespeichert, die Cookies f\u00fcr die Bildschirmoptionen ein Jahr lang. Wenn Sie \"Remember Me\" w\u00e4hlen, bleibt Ihre Anmeldung zwei Wochen lang erhalten. Wenn Sie sich von Ihrem Konto abmelden, werden die Anmelde-Cookies entfernt.\n\nWenn Sie einen Artikel bearbeiten oder ver\u00f6ffentlichen, wird ein weiteres Cookie in Ihrem Browser gespeichert. Dieses Cookie enth\u00e4lt keine pers\u00f6nlichen Daten und zeigt lediglich die Post-ID des Artikels an, den Sie gerade bearbeitet haben. Er verf\u00e4llt nach 1 Tag.\n<h3>7. EINGEBETTETE INHALTE VON ANDEREN WEBSITES<\/h3>\nDie Artikel auf dieser Website k\u00f6nnen eingebettete Inhalte (z. B. Videos, Bilder, Artikel usw.) enthalten. Eingebettete Inhalte von anderen Websites verhalten sich genau so, als ob der Besucher die andere Website besucht h\u00e4tte.\n\nDiese Websites k\u00f6nnen Daten \u00fcber Sie sammeln, Cookies verwenden, zus\u00e4tzliche Verfolgungen durch Dritte einbetten und Ihre Interaktion mit diesem eingebetteten Inhalt \u00fcberwachen, einschlie\u00dflich der Verfolgung Ihrer Interaktion mit dem eingebetteten Inhalt, wenn Sie ein Konto haben und auf dieser Website angemeldet sind.\n<h3>8. ANALYTIK<\/h3>\nUnsere Website benutzt Google Analytics, einen Dienst, der Website-Daten an Google-Server in den Vereinigten Staaten \u00fcbertr\u00e4gt. Google Analytics identifiziert keine einzelnen Nutzer und bringt Ihre IP-Adresse nicht mit anderen Daten von Google in Verbindung. Wir verwenden die von Google Analytics bereitgestellten Berichte, um den Website-Verkehr und die Webseitennutzung besser zu verstehen.\n\nDie Datenschutzrichtlinien von Google k\u00f6nnen Sie hier einsehen: <a href=\"https:\/\/policies.google.com\/privacy\" rel=\"nofollow noopener\">https:\/\/policies.google.com\/privacy<\/a>\n\nLesen Sie hier, wie Google Informationen von Websites und Anwendungen verwendet, die seinen Dienst nutzen:\u00a0<a href=\"https:\/\/policies.google.com\/technologies\/partner-sites\" rel=\"nofollow noopener\">https:\/\/policies.google.com\/technologies\/partner-sites<\/a>\n\nEine Liste aller Cookies, die Google Analytics verwendet, sowie eine Erl\u00e4uterung der einzelnen Cookies finden Sie hier: <a href=\"https:\/\/developers.google.com\/analytics\/devguides\/collection\/analyticsjs\/cookie-usage\" rel=\"nofollow noopener\">https:\/\/developers.google.com\/analytics\/devguides\/collection\/analyticsjs\/cookie-usage<\/a>\n\nWir haben die optionale IP-Anonymisierung und die Google Analytics Opt-Out-Funktion in diesem Plugin aktiviert, um mit der Europ\u00e4ischen Datenschutzgrundverordnung (GDPR) konform zu sein.\n\nSie k\u00f6nnen auch das Google Analytics Opt-out Browser Add-on installieren, um die Erfassung Ihrer Daten in Google Analytics vollst\u00e4ndig zu verhindern: <a href=\"https:\/\/tools.google.com\/dlpage\/gaoptout\/\" rel=\"nofollow noopener\">https:\/\/tools.google.com\/dlpage\/gaoptout\/<\/a>\n<h3>9. WAS WIR SAMMELN UND SPEICHERN<\/h3>\n<span style=\"font-size: 16px; font-style: normal; font-weight: 400; color: var( --e-global-color-text ); font-family: var( --e-global-typography-text-font-family ), Sans-serif;\">Wenn Sie ein FooSales-Konto anlegen, speichern wir Ihren vollst\u00e4ndigen Namen, die URL des Webshops und Ihre E-Mail-Adresse, die wir ben\u00f6tigen, um Ihnen den Dienst zur Verf\u00fcgung stellen zu k\u00f6nnen.<\/span>\u00a0Die Kontodaten und die IP-Adresse, die wir von Ihnen erheben, werden auf unseren sicheren Servern in Deutschland bei unserem Hosting-Anbieter Xneelo gespeichert.\n\n<span style=\"font-size: 16px; color: var( --e-global-color-text ); font-family: var( --e-global-typography-text-font-family ), Sans-serif;\">Wir speichern Ihre Daten im Allgemeinen so lange, wie wir sie f\u00fcr die Zwecke ben\u00f6tigen, f\u00fcr die wir sie sammeln und verwenden, und wir sind nicht gesetzlich verpflichtet, sie aufzubewahren.<\/span>\n<h3>10. WIE LANGE WIR IHRE DATEN AUFBEWAHREN<\/h3>\nBei Nutzern, die sich auf unserer Website registrieren, speichern wir auch die pers\u00f6nlichen Daten, die sie in ihrem Nutzerprofil angeben. Alle Nutzer k\u00f6nnen ihre pers\u00f6nlichen Daten jederzeit einsehen, bearbeiten oder l\u00f6schen (au\u00dfer dass sie ihren Benutzernamen nicht \u00e4ndern k\u00f6nnen). Auch die Administratoren der Website k\u00f6nnen diese Informationen einsehen und bearbeiten.\n\nDerzeit speichern wir personenbezogene Daten f\u00fcr Bestellungen, die auf dieser Website aufgegeben werden, f\u00fcr die folgende Zeitspanne:\n- Inaktive Konten:\u00a0<span style=\"font-size: 16px; font-style: normal; font-weight: 400;\">Auf unbestimmte Zeit<\/span>\n- Aktive Konten: Unbefristet\n\nWenn Sie einen Kommentar hinterlassen, werden der Kommentar und seine Metadaten auf unbestimmte Zeit gespeichert. Auf diese Weise k\u00f6nnen wir Folgekommentare automatisch erkennen und genehmigen, anstatt sie in einer Moderationswarteschlange zu halten.\n<h3>11. WOHIN WIR IHRE DATEN SENDEN<\/h3>\nWir geben Informationen an die folgenden Dritten weiter, die uns dabei helfen, Ihnen unsere Bestellungen und Lagerdienstleistungen anzubieten:\n\nWir verwenden einen cloudbasierten Dienst namens MailChimp, um Werbe-E-Mails und Produktaktualisierungen an Kunden zu versenden, die sich in unsere Mailingliste eingetragen haben. In unserer MailChimp-Liste werden pers\u00f6nliche Daten wie der vollst\u00e4ndige Name, die E-Mail-Adresse, das Land und die H\u00f6he der bei uns get\u00e4tigten Ums\u00e4tze gespeichert. Die Datenschutzrichtlinie von MailChimp finden Sie hier: <a href=\"https:\/\/mailchimp.com\/legal\/privacy\/\" rel=\"noopener\">https:\/\/mailchimp.com\/legal\/privacy\/<\/a>\n\nWir verwenden einen Cloud-basierten Dienst namens Freshdesk als unser Kontakt- und Supportsystem. Pers\u00f6nliche Daten wie der vollst\u00e4ndige Name, die E-Mail-Adresse, die Bestellnummer und der Nachrichtentext werden jedes Mal an das Freshdesk-System weitergeleitet, wenn ein Kunde oder Nutzer eine Supportanfrage oder eine allgemeine E-Mail an uns sendet. Die Datenschutzrichtlinie von Freshdesk finden Sie hier: <a href=\"https:\/\/www.freshworks.com\/privacy\/\" rel=\"nofollow noopener\">https:\/\/www.freshworks.com\/privacy\/<\/a>\n\nPers\u00f6nliche Daten, einschlie\u00dflich des vollst\u00e4ndigen Namens, der E-Mail-Adresse, der Rechnungsadresse, der Bestell- und Abonnementdetails und der H\u00f6he der bei uns get\u00e4tigten Ums\u00e4tze, werden sicher auf ihren Servern in den Vereinigten Staaten gespeichert. Die Datenschutzrichtlinie von Metorik finden Sie hier: <a href=\"https:\/\/metorik.com\/privacy\" rel=\"nofollow noopener\">https:\/\/metorik.com\/privacy<\/a>\n<h3>12. WELCHE RECHTE SIE IN BEZUG AUF IHRE DATEN HABEN<\/h3>\nWenn Sie ein Konto auf dieser Website haben oder Kommentare hinterlassen haben, k\u00f6nnen Sie eine exportierte Datei mit den personenbezogenen Daten anfordern, die wir \u00fcber Sie gespeichert haben, einschlie\u00dflich aller Daten, die Sie uns zur Verf\u00fcgung gestellt haben. Sie k\u00f6nnen auch verlangen, dass wir alle personenbezogenen Daten, die wir \u00fcber Sie gespeichert haben, l\u00f6schen. Davon ausgenommen sind Daten, die wir aus administrativen, rechtlichen oder Sicherheitsgr\u00fcnden aufbewahren m\u00fcssen.\n<h3>13. WER IN UNSEREM TEAM ZUGANG HAT<\/h3>\nWir beschr\u00e4nken den Zugang zu den Informationen, die Sie uns zur Verf\u00fcgung stellen, auf so wenige Personen wie m\u00f6glich.\n\nDerzeit haben nur st\u00e4ndige Mitarbeiter des Support-Teams Zugang zu grundlegenden Auftragsinformationen wie\u00a0<span style=\"font-size: 16px; font-style: normal; font-weight: 400; color: var( --e-global-color-text ); font-family: var( --e-global-typography-text-font-family ), Sans-serif;\">vollst\u00e4ndiger Name, Kaufhistorie, E-Mail-Adresse und Shop-URL<\/span><span style=\"font-size: 16px; color: var( --e-global-color-text ); font-family: var( --e-global-typography-text-font-family ), Sans-serif;\">\u00a0um den Kunden zu unterst\u00fctzen.<\/span>\n\n<span style=\"font-size: 16px; font-style: normal; font-weight: 400; color: var( --e-global-color-text ); font-family: var( --e-global-typography-text-font-family ), Sans-serif;\">Nur Administratoren und leitende Teammitglieder haben Zugang zu detaillierteren Bestellinformationen wie Rechnungsadresse und Kontaktnummern, die f\u00fcr die Ausstellung von R\u00fcckerstattungen und die L\u00f6sung von Problemen erforderlich sein k\u00f6nnen, wenn diese eskaliert sind.<\/span>\t\t\t\t\t\t\t\t<\/div>\n\t\t\t\t<\/div>\n\t\t\t\t\t<\/div>\n\t\t<\/div>\n\t\t\t\t\t<\/div>\n\t\t<\/section>\n\t\t\t\t<\/div>","protected":false},"excerpt":{"rendered":"<p>WHO WE ARE WHAT PERSONAL DATA WE COLLECT COMMENTS MEDIA CONTACT FORMS COOKIES EMBEDDED CONTENT FROM OTHER WEBSITES ANALYTICS WHAT [&hellip;]<\/p>\n","protected":false},"author":75,"featured_media":0,"parent":0,"menu_order":99,"comment_status":"closed","ping_status":"closed","template":"elementor_header_footer","meta":{"site-sidebar-layout":"default","site-content-layout":"default","ast-site-content-layout":"default","site-content-style":"default","site-sidebar-style":"default","ast-global-header-display":"","ast-banner-title-visibility":"","ast-main-header-display":"","ast-hfb-above-header-display":"","ast-hfb-below-header-display":"","ast-hfb-mobile-header-display":"","site-post-title":"","ast-breadcrumbs-content":"","ast-featured-img":"","footer-sml-layout":"","ast-disable-related-posts":"","theme-transparent-header-meta":"default","adv-header-id-meta":"","stick-header-meta":"default","header-above-stick-meta":"","header-main-stick-meta":"","header-below-stick-meta":"","astra-migrate-meta-layouts":"default","ast-page-background-enabled":"default","ast-page-background-meta":{"desktop":{"background-color":"","background-image":"","background-repeat":"repeat","background-position":"center center","background-size":"auto","background-attachment":"scroll","background-type":"","background-media":"","overlay-type":"","overlay-color":"","overlay-opacity":"","overlay-gradient":""},"tablet":{"background-color":"","background-image":"","background-repeat":"repeat","background-position":"center center","background-size":"auto","background-attachment":"scroll","background-type":"","background-media":"","overlay-type":"","overlay-color":"","overlay-opacity":"","overlay-gradient":""},"mobile":{"background-color":"","background-image":"","background-repeat":"repeat","background-position":"center center","background-size":"auto","background-attachment":"scroll","background-type":"","background-media":"","overlay-type":"","overlay-color":"","overlay-opacity":"","overlay-gradient":""}},"ast-content-background-meta":{"desktop":{"background-color":"var(--ast-global-color-5)","background-image":"","background-repeat":"repeat","background-position":"center center","background-size":"auto","background-attachment":"scroll","background-type":"","background-media":"","overlay-type":"","overlay-color":"","overlay-opacity":"","overlay-gradient":""},"tablet":{"background-color":"var(--ast-global-color-5)","background-image":"","background-repeat":"repeat","background-position":"center center","background-size":"auto","background-attachment":"scroll","background-type":"","background-media":"","overlay-type":"","overlay-color":"","overlay-opacity":"","overlay-gradient":""},"mobile":{"background-color":"var(--ast-global-color-5)","background-image":"","background-repeat":"repeat","background-position":"center center","background-size":"auto","background-attachment":"scroll","background-type":"","background-media":"","overlay-type":"","overlay-color":"","overlay-opacity":"","overlay-gradient":""}},"footnotes":""},"class_list":["post-141325","page","type-page","status-publish","hentry"],"_links":{"self":[{"href":"https:\/\/www.foosales.com\/de\/wp-json\/wp\/v2\/pages\/141325","targetHints":{"allow":["GET"]}}],"collection":[{"href":"https:\/\/www.foosales.com\/de\/wp-json\/wp\/v2\/pages"}],"about":[{"href":"https:\/\/www.foosales.com\/de\/wp-json\/wp\/v2\/types\/page"}],"author":[{"embeddable":true,"href":"https:\/\/www.foosales.com\/de\/wp-json\/wp\/v2\/users\/75"}],"replies":[{"embeddable":true,"href":"https:\/\/www.foosales.com\/de\/wp-json\/wp\/v2\/comments?post=141325"}],"version-history":[{"count":0,"href":"https:\/\/www.foosales.com\/de\/wp-json\/wp\/v2\/pages\/141325\/revisions"}],"wp:attachment":[{"href":"https:\/\/www.foosales.com\/de\/wp-json\/wp\/v2\/media?parent=141325"}],"curies":[{"name":"wp","href":"https:\/\/api.w.org\/{rel}","templated":true}]}}