{"id":18542,"date":"2018-06-04T04:02:48","date_gmt":"2018-06-04T10:02:48","guid":{"rendered":"https:\/\/foosales.com\/?page_id=18542"},"modified":"2024-09-09T13:50:36","modified_gmt":"2024-09-09T20:50:36","slug":"plugin-datenschutz","status":"publish","type":"page","link":"https:\/\/www.foosales.com\/de\/plugin-privacy\/","title":{"rendered":"FooSales Plugin Datenschutzrichtlinie"},"content":{"rendered":"<div data-elementor-type=\"wp-page\" data-elementor-id=\"18542\" class=\"elementor elementor-18542\" data-elementor-post-type=\"page\">\n\t\t\t\t\t\t<section class=\"elementor-section elementor-top-section elementor-element elementor-element-3a603702 elementor-section-boxed elementor-section-height-default elementor-section-height-default\" data-id=\"3a603702\" data-element_type=\"section\" data-e-type=\"section\">\n\t\t\t\t\t\t<div class=\"elementor-container elementor-column-gap-default\">\n\t\t\t\t\t<div class=\"elementor-column elementor-col-100 elementor-top-column elementor-element elementor-element-9300ef8\" data-id=\"9300ef8\" data-element_type=\"column\" data-e-type=\"column\">\n\t\t\t<div class=\"elementor-widget-wrap elementor-element-populated\">\n\t\t\t\t\t\t<div class=\"elementor-element elementor-element-664944af elementor-widget elementor-widget-text-editor\" data-id=\"664944af\" data-element_type=\"widget\" data-e-type=\"widget\" data-widget_type=\"text-editor.default\">\n\t\t\t\t<div class=\"elementor-widget-container\">\n\t\t\t\t\t\t\t\t\t<h1>FooSales WP Plugin Datenschutzrichtlinie<\/h1><p><em>Zuletzt aktualisiert: 9. September 2024<\/em><\/p><h2><span style=\"font-size: 30px; font-weight: normal; font-family: var( --e-global-typography-text-font-family ), Sans-serif;\">Wie FooSales Daten speichert<\/span><span style=\"font-size: 1.875rem; font-style: normal; font-weight: normal; font-family: var( --e-global-typography-text-font-family ), Sans-serif;\">:<\/span><\/h2><h3 style=\"font-style: normal;\">Datenbank<\/h3><p><span style=\"font-weight: 400;\">FooSales macht nur minimalen Gebrauch von Daten, die in der WooCommerce-Datenbank des Kunden gespeichert sind. FooSales f\u00fcgt der WooCommerce-Datenbank grundlegende Informationen in Form von benutzerdefinierten Post-Metadaten hinzu, um Bestellungen, die von FooSales bearbeitet wurden, zusammen mit der verwendeten Zahlungsmethode zu unterscheiden. Es werden keine Kreditkartendaten der Kunden oder andere sensible Zahlungsdaten \u00fcbertragen oder gespeichert.<\/span><\/p><h3><span style=\"font-weight: 400;\">Apps<\/span><\/h3><p><span style=\"font-weight: 400;\">Die <\/span><span style=\"font-weight: 400;\">FooSales-Anwendungen f\u00fcr Verkaufsstellen (POS)<\/span><span style=\"font-weight: 400;\"> verwenden eine benutzerdefinierte REST-API zur sicheren Kommunikation mit dem FooSales-Plugin, um Kunden- und Bestellinformationen abzurufen und Verk\u00e4ufe zu verarbeiten. Zu den Daten, die zwischen dem FooSales-Plugin und den Apps \u00fcbertragen werden, geh\u00f6ren Bestell-, Produkt- und K\u00e4uferdaten. Diese Daten werden auf dem Ger\u00e4t, auf dem die FooSales-App l\u00e4uft, zwischengespeichert, um die anf\u00e4nglichen Ladezeiten zu verk\u00fcrzen. Um diese zwischengespeicherten Daten zu entfernen, trennen Sie einfach die FooSales-App von Ihrem Shop, indem Sie auf die Schaltfl\u00e4che\u00a0<\/span><b>Trennen Sie die Verbindung<\/b>\u00a0auf dem Bildschirm Einstellungen oder <b>deinstallieren<\/b> die FooSales-App auf Ihrem Ger\u00e4t.<\/p><h3 style=\"font-style: normal;\"><span style=\"font-size: 25px; font-weight: 400;\">Zahlungsabwicklung<\/span><\/h3><p style=\"font-size: 16px; font-style: normal; font-weight: 400;\"><span style=\"font-size: 16px; font-weight: 400;\">FooSales l\u00e4sst sich mit Square- und Stripe-Hardware integrieren, um Kartenzahlungen mit deren nativen Entwicklungskits zu verarbeiten. Obwohl die gesamte Kartenverarbeitung und -abwicklung sicher von Square und Stripe au\u00dferhalb von FooSales verwaltet wird, werden die Bestellsumme und die Beschreibung der gekauften Artikel an Ihr Square- und\/oder Stripe-Konto \u00fcbermittelt, um die Zahlung zu verarbeiten.<\/span><\/p><h3><span style=\"font-weight: 400;\">Analytik bestellen<\/span><\/h3><p><span style=\"font-weight: 400;\">FooSales hat es sich zur Aufgabe gemacht, Kunden und der breiteren WordPress\/WooCommerce-Gemeinschaft interessante Trends und Erkenntnisse auf der Grundlage der gesammelten Kundendaten mitzuteilen. <\/span>Wenn die <b>Auftragsanalytik<\/b> Einstellung im FooSales-Plugin aktiviert ist<span style=\"font-size: 16px; font-weight: 400; color: var( --e-global-color-text ); font-family: var( --e-global-typography-text-font-family ), Sans-serif;\">F\u00fcr jede Bestellung, die \u00fcber die FooSales-Apps aufgegeben wird, werden wir die folgenden nicht sensiblen Daten anonym erfassen:<\/span><\/p><ul><li style=\"font-size: 16px;\"><span style=\"font-size: 16px; font-weight: 400;\"><span style=\"font-size: 16px; font-weight: bold;\"><span style=\"font-size: 16px; font-style: normal; font-weight: bold; color: var( --e-global-color-text ); font-family: var( --e-global-typography-text-font-family ), Sans-serif;\">Zeitstempel<\/span><span style=\"font-size: 16px; font-style: normal; font-weight: 400; color: var( --e-global-color-text ); font-family: var( --e-global-typography-text-font-family ), Sans-serif;\">\u00a0(automatisch generiert)<\/span><br \/><\/span><\/span><\/li><li style=\"font-size: 16px;\"><span style=\"font-size: 16px; font-weight: 400;\"><span style=\"font-size: 16px; font-weight: bold;\">Gruppierungsschl\u00fcssel\u00a0<\/span><\/span>(zuf\u00e4llig generierte Zeichenkette zur anonymen Gruppierung von Bestellungen)<\/li><li><span style=\"font-weight: 400;\"><strong>Plattform<\/strong> (Web, iOS, Android)<\/span><\/li><li><span style=\"font-weight: 400;\"><strong>Land<\/strong> (abgek\u00fcrzter L\u00e4ndercode)<\/span><\/li><li><span style=\"font-weight: 400;\"><strong>W\u00e4hrung<\/strong> (abgek\u00fcrzter W\u00e4hrungscode)<\/span><\/li><li><span style=\"font-weight: 400;\"><strong>Zahlungsmethode<\/strong> (bei der Bestellung verwendete Zahlungsmethode)<\/span><\/li><li><span style=\"font-weight: 400;\"><strong>Sektor<\/strong> (nur wenn Sie sich f\u00fcr die Weitergabe von Branchen-\/Kategoriedaten an WooCommerce entschieden haben)<\/span><\/li><li style=\"font-size: 16px;\"><span style=\"font-size: 16px; font-weight: 400;\"><span style=\"font-size: 16px; font-weight: bold;\">Anzahl der Einzelposten<\/span>\u00a0(Gesamtzahl der im Auftrag enthaltenen Positionen)<\/span><\/li><li style=\"font-size: 16px;\"><span style=\"font-size: 16px; font-weight: 400;\"><span style=\"font-size: 16px; font-weight: bold;\">Menge insgesamt<\/span>\u00a0(Gesamtmenge der in der Bestellung enthaltenen Artikel)<\/span><\/li><li><span style=\"font-weight: 400;\"><strong>Bestellung insgesamt<\/strong> (Bestellsumme in der vom Gesch\u00e4ft gew\u00e4hlten W\u00e4hrung, z.B. CAD 10.00)<\/span><\/li><li><span style=\"font-weight: 400;\"><strong>Gesamtbetrag der Bestellung in USD<\/strong> (Bestellsumme umgerechnet in den entsprechenden USD-Betrag, z.B. 8,07 USD)\u00a0<\/span><\/li><\/ul><h3><span style=\"font-weight: 400;\">E-Mails<\/span><\/h3><p><span style=\"font-weight: 400;\">Bestellungen, die von den Anwendungen FooSales und POS verarbeitet werden, l\u00f6sen die Standard-E-Mail-Bestellfunktion von WooCommerce aus. Wenn diese Option aktiviert ist, wird die WooCommerce-E-Mail \"Neue Kundenbestellung\" an die E-Mail-Adressen gesendet, die unter der Option <strong>WooCommerce<\/strong> &gt; <strong>Einstellungen<\/strong><\/span><span style=\"font-size: 16px; font-style: normal; font-weight: 400; color: var( --e-global-color-text ); font-family: var( --e-global-typography-text-font-family ), Sans-serif;\">\u00a0<\/span><span style=\"font-size: 16px; font-style: normal; font-weight: 400; color: var( --e-global-color-text ); font-family: var( --e-global-typography-text-font-family ), Sans-serif;\">&gt;<\/span><span style=\"font-size: 16px; font-style: normal; font-weight: 400; color: var( --e-global-color-text ); font-family: var( --e-global-typography-text-font-family ), Sans-serif;\">\u00a0<\/span><strong style=\"font-size: 16px; color: var( --e-global-color-text ); font-family: var( --e-global-typography-text-font-family ), Sans-serif;\">E-Mails<\/strong><span style=\"font-size: 16px; font-weight: 400; color: var( --e-global-color-text ); font-family: var( --e-global-typography-text-font-family ), Sans-serif;\"> Optionen. Zu den Standarddaten in dieser E-Mail geh\u00f6ren Bestell- und Artikeldetails sowie die Kundendaten. Sobald eine \"Neue Kundenbestellung\"-E-Mail versendet wurde, wird sie auf dem E-Mail-Server des Website-Administrators auf unbestimmte Zeit gespeichert, abh\u00e4ngig von der\/den E-Mail-Adresse\/n, die in den WooCommerce-Einstellungen angegeben wurden.<\/span><\/p><h2>Wie man Daten entfernt:<\/h2><div><h3 style=\"font-style: normal;\">Entfernen von Auftr\u00e4gen<\/h3><\/div><ol><li><span style=\"font-weight: 400;\">Navigieren Sie zu <\/span><b>WooCommerce<\/b><span style=\"font-weight: 400;\"> &gt; <\/span><b>Bestellungen<\/b><span style=\"font-weight: 400;\"> in Ihrem WordPress-Verwaltungsbereich<\/span><\/li><li style=\"font-weight: 400;\"><span style=\"font-weight: 400;\">Markieren Sie die Auftr\u00e4ge, die gel\u00f6scht werden sollen<\/span><\/li><li style=\"font-weight: 400;\"><span style=\"font-weight: 400;\">W\u00e4hlen Sie \"In den M\u00fclleimer verschieben\" in den Massenaktionen und klicken Sie auf \"\u00dcbernehmen\".<\/span><\/li><li style=\"font-weight: 400;\"><span style=\"font-weight: 400;\">Navigieren Sie zum Auftrag \"M\u00fclleimer\".<\/span><\/li><li style=\"font-weight: 400;\"><span style=\"font-weight: 400;\">Markieren Sie den Auftrag\/die Auftr\u00e4ge, die gel\u00f6scht werden sollen<\/span><\/li><li style=\"font-weight: 400;\"><span style=\"font-weight: 400;\">W\u00e4hlen Sie \"Dauerhaft l\u00f6schen\" in den Massenaktionen und klicken Sie auf \"\u00dcbernehmen\".<\/span><\/li><\/ol><h3><span style=\"font-weight: 400;\">Entfernen von Plugin-Optionen und Einstellungen<\/span><\/h3><p><span style=\"font-weight: 400;\">Um alle FooSales-Optionen und -Einstellungen zu entfernen, deaktivieren und deinstallieren Sie einfach die Plugins. Die Plugins entfernen w\u00e4hrend des Deinstallationsvorgangs automatisch alle Optionen und Einstellungen aus der Datenbank.<\/span><\/p><h3><span style=\"font-weight: 400;\">Alle FooSales-Dateien entfernen<\/span><\/h3><ol><li style=\"font-weight: 400;\"><span style=\"font-weight: 400;\">Deaktivieren und deinstallieren Sie die Plugins wie oben beschrieben (Entfernen von Plugin-Optionen und Einstellungen)<\/span><\/li><li style=\"font-weight: 400;\"><span style=\"font-weight: 400;\">Stellen Sie \u00fcber einen FTP-Client eine Verbindung zu Ihrem Webserver her und navigieren Sie zu '<\/span><i><span style=\"font-weight: 400;\">wp-inhalt\/plugins<\/span><\/i><span style=\"font-weight: 400;\">' im WordPress-Verzeichnis. Stellen Sie sicher, dass alle FooSales-Plugin-Verzeichnisse gel\u00f6scht wurden.<\/span><\/li><\/ol><h3><span style=\"font-weight: 400;\">Benutzerrollen, F\u00e4higkeiten und Berechtigungen:<\/span><\/h3><p><span style=\"font-weight: 400;\">FooSales macht ausgiebig Gebrauch von der integrierten WordPress-Funktionalit\u00e4t f\u00fcr Benutzerrollen und -f\u00e4higkeiten, um einen besseren Datenschutz zu gew\u00e4hrleisten. Standardm\u00e4\u00dfig haben nur Benutzer mit der Rolle \"Administrator\" Zugriff auf alle FooSales-Funktionen. Wenn Sie eine zus\u00e4tzliche Rolle ben\u00f6tigen, um Zugriff auf bestimmte FooSales-Funktionen zu erhalten, m\u00fcssen Sie dieser Rolle mithilfe eines kostenlosen WordPress-Plugins eines Drittanbieters F\u00e4higkeiten zuweisen.<\/span><\/p><p><span style=\"font-weight: 400;\">Nachfolgend finden Sie die daf\u00fcr erforderlichen Schritte:<\/span><\/p><ol><li style=\"font-weight: 400;\"><span style=\"font-weight: 400;\">Melden Sie sich in Ihrem WordPress-Administrationsbereich an und installieren und aktivieren Sie die <\/span><b>Benutzerrollen-Editor<\/b><span style=\"font-weight: 400;\"> Plugin: <\/span><a href=\"https:\/\/wordpress.org\/plugins\/user-role-editor\/\" rel=\"noopener\"><span style=\"font-weight: 400;\">https:\/\/wordpress.org\/plugins\/user-role-editor\/<\/span><\/a><\/li><li><span style=\"font-weight: 400;\">Navigieren Sie zu <\/span><b>Benutzer<\/b><span style=\"font-weight: 400;\"> &gt; <\/span><b>Benutzerrollen-Editor<\/b><\/li><li style=\"font-weight: 400;\"><span style=\"font-weight: 400;\">W\u00e4hlen Sie die Benutzerrolle, die Zugang zu bestimmten FooSales-Funktionen ben\u00f6tigt, unter der Option \"Rolle ausw\u00e4hlen und ihre F\u00e4higkeiten \u00e4ndern\".<\/span><\/li><li style=\"font-weight: 400;\"><span style=\"font-weight: 400;\">Geben Sie den Begriff \"foosales\" in das Textfeld des Schnellfilters ein<\/span><\/li><li style=\"font-weight: 400;\"><span style=\"font-weight: 400;\">Kreuzen Sie alle hervorgehobenen Punkte an (das sind im Grunde alle Optionen mit dem Suffix \"foosales\")<\/span><\/li><li><span style=\"font-weight: 400;\">Klicken Sie auf die Schaltfl\u00e4che \"Aktualisieren\" auf der rechten Seite<\/span><\/li><\/ol>\t\t\t\t\t\t\t\t<\/div>\n\t\t\t\t<\/div>\n\t\t\t\t\t<\/div>\n\t\t<\/div>\n\t\t\t\t\t<\/div>\n\t\t<\/section>\n\t\t\t\t<\/div>","protected":false},"excerpt":{"rendered":"<p>FooSales WP Plugin Privacy Policy Last Updated: 9 September 2024 How FooSales Stores Data: Database FooSales makes minimal use of [&hellip;]<\/p>\n","protected":false},"author":1,"featured_media":0,"parent":0,"menu_order":100,"comment_status":"closed","ping_status":"closed","template":"elementor_header_footer","meta":{"site-sidebar-layout":"default","site-content-layout":"default","ast-site-content-layout":"default","site-content-style":"default","site-sidebar-style":"default","ast-global-header-display":"","ast-banner-title-visibility":"","ast-main-header-display":"","ast-hfb-above-header-display":"","ast-hfb-below-header-display":"","ast-hfb-mobile-header-display":"","site-post-title":"","ast-breadcrumbs-content":"","ast-featured-img":"","footer-sml-layout":"","ast-disable-related-posts":"","theme-transparent-header-meta":"default","adv-header-id-meta":"","stick-header-meta":"default","header-above-stick-meta":"","header-main-stick-meta":"","header-below-stick-meta":"","astra-migrate-meta-layouts":"default","ast-page-background-enabled":"default","ast-page-background-meta":{"desktop":{"background-color":"","background-image":"","background-repeat":"repeat","background-position":"center center","background-size":"auto","background-attachment":"scroll","background-type":"","background-media":"","overlay-type":"","overlay-color":"","overlay-opacity":"","overlay-gradient":""},"tablet":{"background-color":"","background-image":"","background-repeat":"repeat","background-position":"center center","background-size":"auto","background-attachment":"scroll","background-type":"","background-media":"","overlay-type":"","overlay-color":"","overlay-opacity":"","overlay-gradient":""},"mobile":{"background-color":"","background-image":"","background-repeat":"repeat","background-position":"center center","background-size":"auto","background-attachment":"scroll","background-type":"","background-media":"","overlay-type":"","overlay-color":"","overlay-opacity":"","overlay-gradient":""}},"ast-content-background-meta":{"desktop":{"background-color":"var(--ast-global-color-5)","background-image":"","background-repeat":"repeat","background-position":"center center","background-size":"auto","background-attachment":"scroll","background-type":"","background-media":"","overlay-type":"","overlay-color":"","overlay-opacity":"","overlay-gradient":""},"tablet":{"background-color":"var(--ast-global-color-5)","background-image":"","background-repeat":"repeat","background-position":"center center","background-size":"auto","background-attachment":"scroll","background-type":"","background-media":"","overlay-type":"","overlay-color":"","overlay-opacity":"","overlay-gradient":""},"mobile":{"background-color":"var(--ast-global-color-5)","background-image":"","background-repeat":"repeat","background-position":"center center","background-size":"auto","background-attachment":"scroll","background-type":"","background-media":"","overlay-type":"","overlay-color":"","overlay-opacity":"","overlay-gradient":""}},"footnotes":""},"class_list":["post-18542","page","type-page","status-publish","hentry"],"_links":{"self":[{"href":"https:\/\/www.foosales.com\/de\/wp-json\/wp\/v2\/pages\/18542","targetHints":{"allow":["GET"]}}],"collection":[{"href":"https:\/\/www.foosales.com\/de\/wp-json\/wp\/v2\/pages"}],"about":[{"href":"https:\/\/www.foosales.com\/de\/wp-json\/wp\/v2\/types\/page"}],"author":[{"embeddable":true,"href":"https:\/\/www.foosales.com\/de\/wp-json\/wp\/v2\/users\/1"}],"replies":[{"embeddable":true,"href":"https:\/\/www.foosales.com\/de\/wp-json\/wp\/v2\/comments?post=18542"}],"version-history":[{"count":0,"href":"https:\/\/www.foosales.com\/de\/wp-json\/wp\/v2\/pages\/18542\/revisions"}],"wp:attachment":[{"href":"https:\/\/www.foosales.com\/de\/wp-json\/wp\/v2\/media?parent=18542"}],"curies":[{"name":"wp","href":"https:\/\/api.w.org\/{rel}","templated":true}]}}