{"id":98819,"date":"2021-05-26T05:01:32","date_gmt":"2021-05-26T12:01:32","guid":{"rendered":"https:\/\/foosales.com\/?post_type=product&#038;p=98819"},"modified":"2024-10-03T18:21:05","modified_gmt":"2024-10-04T01:21:05","slug":"geratezusatz","status":"publish","type":"product","link":"https:\/\/www.foosales.com\/de\/product\/device-add-on\/","title":{"rendered":"FooSales Ger\u00e4te-Add-on"},"content":{"rendered":"","protected":false},"excerpt":{"rendered":"<p>Die <strong>FooSales Ger\u00e4te-Add-on<\/strong> erh\u00f6ht die Anzahl der Ger\u00e4te, die mit Ihrem Gesch\u00e4ft verbunden werden k\u00f6nnen. Dies ist zus\u00e4tzlich zu dem, was in Ihrem FooSales-Plan enthalten ist.<\/p>\n<p>Bitte w\u00e4hlen Sie eine monatliche oder j\u00e4hrliche Laufzeit und geben Sie die Anzahl der Ger\u00e4te an, die Sie zu Ihrem Konto hinzuf\u00fcgen m\u00f6chten.<\/p>\n<p><em>Bitte beachten Sie: Eine aktive <a href=\"https:\/\/www.foosales.com\/de\/preisgestaltung\/\">FooSales-Plan<\/a> ist erforderlich, um dieses Add-on zu erwerben.<\/em><\/p>","protected":false},"featured_media":98957,"template":"","meta":{"site-sidebar-layout":"default","site-content-layout":"default","ast-site-content-layout":"default","site-content-style":"default","site-sidebar-style":"default","ast-global-header-display":"","ast-banner-title-visibility":"","ast-main-header-display":"","ast-hfb-above-header-display":"","ast-hfb-below-header-display":"","ast-hfb-mobile-header-display":"","site-post-title":"","ast-breadcrumbs-content":"","ast-featured-img":"","footer-sml-layout":"","ast-disable-related-posts":"","theme-transparent-header-meta":"default","adv-header-id-meta":"","stick-header-meta":"default","header-above-stick-meta":"","header-main-stick-meta":"","header-below-stick-meta":"","astra-migrate-meta-layouts":"set","ast-page-background-enabled":"default","ast-page-background-meta":{"desktop":{"background-color":"","background-image":"","background-repeat":"repeat","background-position":"center center","background-size":"auto","background-attachment":"scroll","background-type":"","background-media":"","overlay-type":"","overlay-color":"","overlay-opacity":"","overlay-gradient":""},"tablet":{"background-color":"","background-image":"","background-repeat":"repeat","background-position":"center center","background-size":"auto","background-attachment":"scroll","background-type":"","background-media":"","overlay-type":"","overlay-color":"","overlay-opacity":"","overlay-gradient":""},"mobile":{"background-color":"","background-image":"","background-repeat":"repeat","background-position":"center center","background-size":"auto","background-attachment":"scroll","background-type":"","background-media":"","overlay-type":"","overlay-color":"","overlay-opacity":"","overlay-gradient":""}},"ast-content-background-meta":{"desktop":{"background-color":"var(--ast-global-color-5)","background-image":"","background-repeat":"repeat","background-position":"center center","background-size":"auto","background-attachment":"scroll","background-type":"","background-media":"","overlay-type":"","overlay-color":"","overlay-opacity":"","overlay-gradient":""},"tablet":{"background-color":"var(--ast-global-color-5)","background-image":"","background-repeat":"repeat","background-position":"center center","background-size":"auto","background-attachment":"scroll","background-type":"","background-media":"","overlay-type":"","overlay-color":"","overlay-opacity":"","overlay-gradient":""},"mobile":{"background-color":"var(--ast-global-color-5)","background-image":"","background-repeat":"repeat","background-position":"center center","background-size":"auto","background-attachment":"scroll","background-type":"","background-media":"","overlay-type":"","overlay-color":"","overlay-opacity":"","overlay-gradient":""}}},"product_brand":[],"product_cat":[262,284],"product_tag":[],"class_list":{"0":"post-98819","1":"product","2":"type-product","3":"status-publish","4":"has-post-thumbnail","6":"product_cat-add-on","7":"product_cat-device","8":"desktop-align-left","9":"tablet-align-left","10":"mobile-align-left","11":"ast-product-gallery-layout-vertical","12":"ast-product-gallery-with-no-image","13":"ast-magnify-disabled","14":"ast-product-single-variable","16":"first","17":"instock","18":"taxable","19":"shipping-taxable","20":"purchasable","21":"product-type-variable-subscription","22":"has-default-attributes"},"_links":{"self":[{"href":"https:\/\/www.foosales.com\/de\/wp-json\/wp\/v2\/product\/98819","targetHints":{"allow":["GET"]}}],"collection":[{"href":"https:\/\/www.foosales.com\/de\/wp-json\/wp\/v2\/product"}],"about":[{"href":"https:\/\/www.foosales.com\/de\/wp-json\/wp\/v2\/types\/product"}],"wp:featuredmedia":[{"embeddable":true,"href":"https:\/\/www.foosales.com\/de\/wp-json\/wp\/v2\/media\/98957"}],"wp:attachment":[{"href":"https:\/\/www.foosales.com\/de\/wp-json\/wp\/v2\/media?parent=98819"}],"wp:term":[{"taxonomy":"product_brand","embeddable":true,"href":"https:\/\/www.foosales.com\/de\/wp-json\/wp\/v2\/product_brand?post=98819"},{"taxonomy":"product_cat","embeddable":true,"href":"https:\/\/www.foosales.com\/de\/wp-json\/wp\/v2\/product_cat?post=98819"},{"taxonomy":"product_tag","embeddable":true,"href":"https:\/\/www.foosales.com\/de\/wp-json\/wp\/v2\/product_tag?post=98819"}],"curies":[{"name":"wp","href":"https:\/\/api.w.org\/{rel}","templated":true}]}}