{"id":18542,"date":"2018-06-04T04:02:48","date_gmt":"2018-06-04T10:02:48","guid":{"rendered":"https:\/\/foosales.com\/?page_id=18542"},"modified":"2024-09-09T13:50:36","modified_gmt":"2024-09-09T20:50:36","slug":"privacidad-de-los-plugins","status":"publish","type":"page","link":"https:\/\/www.foosales.com\/es\/plugin-privacy\/","title":{"rendered":"Pol\u00edtica de privacidad del plugin FooSales"},"content":{"rendered":"<div data-elementor-type=\"wp-page\" data-elementor-id=\"18542\" class=\"elementor elementor-18542\" data-elementor-post-type=\"page\">\n\t\t\t\t\t\t<section class=\"elementor-section elementor-top-section elementor-element elementor-element-3a603702 elementor-section-boxed elementor-section-height-default elementor-section-height-default\" data-id=\"3a603702\" data-element_type=\"section\" data-e-type=\"section\">\n\t\t\t\t\t\t<div class=\"elementor-container elementor-column-gap-default\">\n\t\t\t\t\t<div class=\"elementor-column elementor-col-100 elementor-top-column elementor-element elementor-element-9300ef8\" data-id=\"9300ef8\" data-element_type=\"column\" data-e-type=\"column\">\n\t\t\t<div class=\"elementor-widget-wrap elementor-element-populated\">\n\t\t\t\t\t\t<div class=\"elementor-element elementor-element-664944af elementor-widget elementor-widget-text-editor\" data-id=\"664944af\" data-element_type=\"widget\" data-e-type=\"widget\" data-widget_type=\"text-editor.default\">\n\t\t\t\t<div class=\"elementor-widget-container\">\n\t\t\t\t\t\t\t\t\t<h1>Pol\u00edtica de privacidad del plugin WP FooSales<\/h1><p><em>\u00daltima actualizaci\u00f3n: 9 de septiembre de 2024<\/em><\/p><h2><span style=\"font-size: 30px; font-weight: normal; font-family: var( --e-global-typography-text-font-family ), Sans-serif;\">C\u00f3mo almacena los datos FooSales<\/span><span style=\"font-size: 1.875rem; font-style: normal; font-weight: normal; font-family: var( --e-global-typography-text-font-family ), Sans-serif;\">:<\/span><\/h2><h3 style=\"font-style: normal;\">Base de datos<\/h3><p><span style=\"font-weight: 400;\">FooSales hace un uso m\u00ednimo de los datos almacenados en la base de datos WooCommerce del cliente. FooSales a\u00f1ade informaci\u00f3n b\u00e1sica a la base de datos WooCommerce en forma de metadatos personalizados para distinguir los pedidos que han sido procesados por FooSales junto con el m\u00e9todo de pago utilizado. No se transmite ni almacena ning\u00fan dato de la tarjeta de cr\u00e9dito del cliente ni ning\u00fan otro dato de pago confidencial.<\/span><\/p><h3><span style=\"font-weight: 400;\">Aplicaciones<\/span><\/h3><p><span style=\"font-weight: 400;\">En <\/span><span style=\"font-weight: 400;\">Aplicaciones para puntos de venta FooSales (POS)<\/span><span style=\"font-weight: 400;\"> utilizan una API REST personalizada para comunicarse de forma segura con el complemento FooSales con el fin de recuperar informaci\u00f3n sobre clientes y pedidos, as\u00ed como procesar las ventas. Los datos que se transfieren entre el complemento FooSales y las aplicaciones incluyen datos de pedidos, productos y compradores. Estos datos se almacenan en cach\u00e9 en el dispositivo que ejecuta la aplicaci\u00f3n FooSales con el fin de acelerar los tiempos de carga iniciales. Para eliminar estos datos almacenados en cach\u00e9, simplemente desconecte la aplicaci\u00f3n FooSales de su tienda pulsando el bot\u00f3n\u00a0<\/span><b>Desconecte<\/b>\u00a0en la pantalla de Configuraci\u00f3n o <b>desinstalar<\/b> la aplicaci\u00f3n FooSales desde tu dispositivo.<\/p><h3 style=\"font-style: normal;\"><span style=\"font-size: 25px; font-weight: 400;\">Procesamiento de pagos<\/span><\/h3><p style=\"font-size: 16px; font-style: normal; font-weight: 400;\"><span style=\"font-size: 16px; font-weight: 400;\">FooSales se integra con el hardware de Square y Stripe para procesar pagos con tarjeta utilizando sus kits de desarrollo nativos. Aunque Square y Stripe gestionan de forma segura todo el procesamiento de tarjetas y el trabajo pesado fuera de FooSales, el total del pedido y la descripci\u00f3n de los art\u00edculos adquiridos se env\u00edan a su cuenta Square y\/o Stripe para procesar el pago.<\/span><\/p><h3><span style=\"font-weight: 400;\">An\u00e1lisis de pedidos<\/span><\/h3><p><span style=\"font-weight: 400;\">FooSales se compromete a compartir con sus clientes y con la comunidad WordPress\/WooCommerce en general tendencias e ideas interesantes basadas en los datos agregados de los clientes. <\/span>Si el <b>an\u00e1lisis de pedidos<\/b> est\u00e1 activada en el plugin FooSales<span style=\"font-size: 16px; font-weight: 400; color: var( --e-global-color-text ); font-family: var( --e-global-typography-text-font-family ), Sans-serif;\">Para cualquier pedido que se realice a trav\u00e9s de las aplicaciones FooSales, recopilaremos los siguientes datos no confidenciales de forma an\u00f3nima:<\/span><\/p><ul><li style=\"font-size: 16px;\"><span style=\"font-size: 16px; font-weight: 400;\"><span style=\"font-size: 16px; font-weight: bold;\"><span style=\"font-size: 16px; font-style: normal; font-weight: bold; color: var( --e-global-color-text ); font-family: var( --e-global-typography-text-font-family ), Sans-serif;\">Marca de tiempo<\/span><span style=\"font-size: 16px; font-style: normal; font-weight: 400; color: var( --e-global-color-text ); font-family: var( --e-global-typography-text-font-family ), Sans-serif;\">\u00a0(autogenerado)<\/span><br \/><\/span><\/span><\/li><li style=\"font-size: 16px;\"><span style=\"font-size: 16px; font-weight: 400;\"><span style=\"font-size: 16px; font-weight: bold;\">Tecla de agrupaci\u00f3n\u00a0<\/span><\/span>(cadena generada aleatoriamente para agrupar pedidos de forma an\u00f3nima)<\/li><li><span style=\"font-weight: 400;\"><strong>Plataforma<\/strong> (Web, iOS, Android)<\/span><\/li><li><span style=\"font-weight: 400;\"><strong>Pa\u00eds<\/strong> (c\u00f3digo abreviado del pa\u00eds)<\/span><\/li><li><span style=\"font-weight: 400;\"><strong>Moneda<\/strong> (c\u00f3digo de moneda abreviado)<\/span><\/li><li><span style=\"font-weight: 400;\"><strong>Forma de pago<\/strong> (m\u00e9todo de pago utilizado en el pedido)<\/span><\/li><li><span style=\"font-weight: 400;\"><strong>Sector<\/strong> (s\u00f3lo si ha optado por compartir informaci\u00f3n sobre el sector\/categor\u00eda con WooCommerce)<\/span><\/li><li style=\"font-size: 16px;\"><span style=\"font-size: 16px; font-weight: 400;\"><span style=\"font-size: 16px; font-weight: bold;\">Recuento de partidas<\/span>\u00a0(n\u00famero total de partidas incluidas en el pedido)<\/span><\/li><li style=\"font-size: 16px;\"><span style=\"font-size: 16px; font-weight: 400;\"><span style=\"font-size: 16px; font-weight: bold;\">Cantidad total<\/span>\u00a0(cantidad total de art\u00edculos incluidos en el pedido)<\/span><\/li><li><span style=\"font-weight: 400;\"><strong>Total del pedido<\/strong> (total del pedido en la moneda seleccionada de la tienda, por ejemplo CAD 10,00)<\/span><\/li><li><span style=\"font-weight: 400;\"><strong>Total del pedido en USD<\/strong> (total del pedido convertido al importe equivalente en USD, por ejemplo, 8,07 USD)\u00a0<\/span><\/li><\/ul><h3><span style=\"font-weight: 400;\">Correos electr\u00f3nicos<\/span><\/h3><p><span style=\"font-weight: 400;\">Los pedidos procesados por las aplicaciones FooSales POS activar\u00e1n la funcionalidad por defecto de pedidos por correo electr\u00f3nico de WooCommerce. Si esta opci\u00f3n est\u00e1 activada, el correo electr\u00f3nico WooCommerce \"Nuevo pedido de cliente\" se enviar\u00e1 a las direcciones de correo electr\u00f3nico especificadas en el campo <strong>WooCommerce<\/strong> &gt; <strong>Ajustes<\/strong><\/span><span style=\"font-size: 16px; font-style: normal; font-weight: 400; color: var( --e-global-color-text ); font-family: var( --e-global-typography-text-font-family ), Sans-serif;\">\u00a0<\/span><span style=\"font-size: 16px; font-style: normal; font-weight: 400; color: var( --e-global-color-text ); font-family: var( --e-global-typography-text-font-family ), Sans-serif;\">&gt;<\/span><span style=\"font-size: 16px; font-style: normal; font-weight: 400; color: var( --e-global-color-text ); font-family: var( --e-global-typography-text-font-family ), Sans-serif;\">\u00a0<\/span><strong style=\"font-size: 16px; color: var( --e-global-color-text ); font-family: var( --e-global-typography-text-font-family ), Sans-serif;\">Correos electr\u00f3nicos<\/strong><span style=\"font-size: 16px; font-weight: 400; color: var( --e-global-color-text ); font-family: var( --e-global-typography-text-font-family ), Sans-serif;\"> opciones. Los datos por defecto de este correo electr\u00f3nico incluyen los detalles del pedido y del art\u00edculo, as\u00ed como los datos del cliente. Una vez que se ha enviado un correo electr\u00f3nico de \"Nuevo pedido de cliente\", se almacenar\u00e1 indefinidamente en el servidor de correo electr\u00f3nico del administrador del sitio web en funci\u00f3n de la direcci\u00f3n o direcciones de correo electr\u00f3nico que se hayan especificado en la configuraci\u00f3n de WooCommerce.<\/span><\/p><h2>C\u00f3mo eliminar datos:<\/h2><div><h3 style=\"font-style: normal;\">Supresi\u00f3n de \u00f3rdenes<\/h3><\/div><ol><li><span style=\"font-weight: 400;\">Vaya a <\/span><b>WooCommerce<\/b><span style=\"font-weight: 400;\"> &gt; <\/span><b>Pedidos<\/b><span style=\"font-weight: 400;\"> en el \u00e1rea de administraci\u00f3n de WordPress<\/span><\/li><li style=\"font-weight: 400;\"><span style=\"font-weight: 400;\">Resalte los pedidos que deben suprimirse<\/span><\/li><li style=\"font-weight: 400;\"><span style=\"font-weight: 400;\">Selecciona \"Mover a la papelera\" en acciones masivas y haz clic en \"Aplicar\".<\/span><\/li><li style=\"font-weight: 400;\"><span style=\"font-weight: 400;\">Navegar hasta la orden \"Papelera\"<\/span><\/li><li style=\"font-weight: 400;\"><span style=\"font-weight: 400;\">Marque la\/s orden\/es que desea eliminar<\/span><\/li><li style=\"font-weight: 400;\"><span style=\"font-weight: 400;\">Selecciona \"Eliminar permanentemente\" en acciones masivas y haz clic en \"Aplicar\".<\/span><\/li><\/ol><h3><span style=\"font-weight: 400;\">Eliminaci\u00f3n de opciones y configuraciones de plugins<\/span><\/h3><p><span style=\"font-weight: 400;\">Para eliminar todas las opciones y configuraciones de FooSales, simplemente desactiva y desinstala los plugins. Los plugins eliminar\u00e1n autom\u00e1ticamente todas las opciones y configuraciones de la base de datos durante el proceso de desinstalaci\u00f3n.<\/span><\/p><h3><span style=\"font-weight: 400;\">Eliminar todos los archivos FooSales<\/span><\/h3><ol><li style=\"font-weight: 400;\"><span style=\"font-weight: 400;\">Desactive y desinstale los plugins siguiendo las instrucciones anteriores (Eliminaci\u00f3n de opciones y configuraci\u00f3n de plugins).<\/span><\/li><li style=\"font-weight: 400;\"><span style=\"font-weight: 400;\">Con\u00e9ctese a su servidor web mediante un cliente FTP y vaya a '<\/span><i><span style=\"font-weight: 400;\">wp-content\/plugins<\/span><\/i><span style=\"font-weight: 400;\">en el directorio WordPress. Aseg\u00farese de que se han eliminado todos los directorios de plugins FooSales.<\/span><\/li><\/ol><h3><span style=\"font-weight: 400;\">Funciones, capacidades y permisos de los usuarios:<\/span><\/h3><p><span style=\"font-weight: 400;\">FooSales hace un uso extensivo de la funcionalidad integrada de roles y capacidades de usuario de WordPress para garantizar una mayor privacidad. Por defecto, s\u00f3lo los usuarios con el rol de \"Administrador\" tendr\u00e1n acceso a todas las funciones de FooSales. Si necesitas un rol adicional para tener acceso a funciones espec\u00edficas de FooSales, tendr\u00e1s que asignar capacidades a este rol utilizando un plugin gratuito de terceros para WordPress.<\/span><\/p><p><span style=\"font-weight: 400;\">A continuaci\u00f3n se indican los pasos necesarios para ello:<\/span><\/p><ol><li style=\"font-weight: 400;\"><span style=\"font-weight: 400;\">Inicie sesi\u00f3n en el \u00e1rea de administraci\u00f3n de WordPress e instale y active la aplicaci\u00f3n <\/span><b>Editor de roles de usuario<\/b><span style=\"font-weight: 400;\"> plugin: <\/span><a href=\"https:\/\/wordpress.org\/plugins\/user-role-editor\/\" rel=\"noopener\"><span style=\"font-weight: 400;\">https:\/\/wordpress.org\/plugins\/user-role-editor\/<\/span><\/a><\/li><li><span style=\"font-weight: 400;\">Vaya a <\/span><b>Usuarios<\/b><span style=\"font-weight: 400;\"> &gt; <\/span><b>Editor de roles de usuario<\/b><\/li><li style=\"font-weight: 400;\"><span style=\"font-weight: 400;\">Seleccione el rol de usuario que necesita acceso a funciones espec\u00edficas de FooSales en la opci\u00f3n \"Seleccionar rol y cambiar sus capacidades\".<\/span><\/li><li style=\"font-weight: 400;\"><span style=\"font-weight: 400;\">Introduzca el t\u00e9rmino \"foosales\" en el cuadro de texto del filtro r\u00e1pido<\/span><\/li><li style=\"font-weight: 400;\"><span style=\"font-weight: 400;\">Compruebe cada uno de los elementos que se han resaltado (esto es b\u00e1sicamente todas las opciones que tienen el sufijo \"foosales\")<\/span><\/li><li><span style=\"font-weight: 400;\">Haga clic en el bot\u00f3n \"Actualizar\" de la derecha<\/span><\/li><\/ol>\t\t\t\t\t\t\t\t<\/div>\n\t\t\t\t<\/div>\n\t\t\t\t\t<\/div>\n\t\t<\/div>\n\t\t\t\t\t<\/div>\n\t\t<\/section>\n\t\t\t\t<\/div>","protected":false},"excerpt":{"rendered":"<p>FooSales WP Plugin Privacy Policy Last Updated: 9 September 2024 How FooSales Stores Data: Database FooSales makes minimal use of [&hellip;]<\/p>\n","protected":false},"author":1,"featured_media":0,"parent":0,"menu_order":100,"comment_status":"closed","ping_status":"closed","template":"elementor_header_footer","meta":{"site-sidebar-layout":"default","site-content-layout":"default","ast-site-content-layout":"default","site-content-style":"default","site-sidebar-style":"default","ast-global-header-display":"","ast-banner-title-visibility":"","ast-main-header-display":"","ast-hfb-above-header-display":"","ast-hfb-below-header-display":"","ast-hfb-mobile-header-display":"","site-post-title":"","ast-breadcrumbs-content":"","ast-featured-img":"","footer-sml-layout":"","ast-disable-related-posts":"","theme-transparent-header-meta":"default","adv-header-id-meta":"","stick-header-meta":"default","header-above-stick-meta":"","header-main-stick-meta":"","header-below-stick-meta":"","astra-migrate-meta-layouts":"default","ast-page-background-enabled":"default","ast-page-background-meta":{"desktop":{"background-color":"","background-image":"","background-repeat":"repeat","background-position":"center center","background-size":"auto","background-attachment":"scroll","background-type":"","background-media":"","overlay-type":"","overlay-color":"","overlay-opacity":"","overlay-gradient":""},"tablet":{"background-color":"","background-image":"","background-repeat":"repeat","background-position":"center center","background-size":"auto","background-attachment":"scroll","background-type":"","background-media":"","overlay-type":"","overlay-color":"","overlay-opacity":"","overlay-gradient":""},"mobile":{"background-color":"","background-image":"","background-repeat":"repeat","background-position":"center center","background-size":"auto","background-attachment":"scroll","background-type":"","background-media":"","overlay-type":"","overlay-color":"","overlay-opacity":"","overlay-gradient":""}},"ast-content-background-meta":{"desktop":{"background-color":"var(--ast-global-color-5)","background-image":"","background-repeat":"repeat","background-position":"center center","background-size":"auto","background-attachment":"scroll","background-type":"","background-media":"","overlay-type":"","overlay-color":"","overlay-opacity":"","overlay-gradient":""},"tablet":{"background-color":"var(--ast-global-color-5)","background-image":"","background-repeat":"repeat","background-position":"center center","background-size":"auto","background-attachment":"scroll","background-type":"","background-media":"","overlay-type":"","overlay-color":"","overlay-opacity":"","overlay-gradient":""},"mobile":{"background-color":"var(--ast-global-color-5)","background-image":"","background-repeat":"repeat","background-position":"center center","background-size":"auto","background-attachment":"scroll","background-type":"","background-media":"","overlay-type":"","overlay-color":"","overlay-opacity":"","overlay-gradient":""}},"footnotes":""},"class_list":["post-18542","page","type-page","status-publish","hentry"],"_links":{"self":[{"href":"https:\/\/www.foosales.com\/es\/wp-json\/wp\/v2\/pages\/18542","targetHints":{"allow":["GET"]}}],"collection":[{"href":"https:\/\/www.foosales.com\/es\/wp-json\/wp\/v2\/pages"}],"about":[{"href":"https:\/\/www.foosales.com\/es\/wp-json\/wp\/v2\/types\/page"}],"author":[{"embeddable":true,"href":"https:\/\/www.foosales.com\/es\/wp-json\/wp\/v2\/users\/1"}],"replies":[{"embeddable":true,"href":"https:\/\/www.foosales.com\/es\/wp-json\/wp\/v2\/comments?post=18542"}],"version-history":[{"count":0,"href":"https:\/\/www.foosales.com\/es\/wp-json\/wp\/v2\/pages\/18542\/revisions"}],"wp:attachment":[{"href":"https:\/\/www.foosales.com\/es\/wp-json\/wp\/v2\/media?parent=18542"}],"curies":[{"name":"wp","href":"https:\/\/api.w.org\/{rel}","templated":true}]}}