{"id":180611,"date":"2024-09-04T13:37:59","date_gmt":"2024-09-04T20:37:59","guid":{"rendered":"https:\/\/foosales.com\/privacy-statement-za\/"},"modified":"2025-03-13T14:54:16","modified_gmt":"2025-03-13T21:54:16","slug":"declaration-de-confidentialite-za","status":"publish","type":"page","link":"https:\/\/www.foosales.com\/fr\/privacy-statement-za\/","title":{"rendered":"D\u00e9claration de confidentialit\u00e9 (ZA)"},"content":{"rendered":"<!-- Legal document generated by Complianz | GDPR\/CCPA Cookie Consent https:\/\/wordpress.org\/plugins\/complianz-gdpr -->\n<div id=\"cmplz-document\" class=\"cmplz-document privacy-statement cmplz-document-za\"><p><i>Cette d\u00e9claration de confidentialit\u00e9 a \u00e9t\u00e9 mise \u00e0 jour le octobre 14, 2025 et s\u2019applique aux citoyens et aux r\u00e9sidents permanents l\u00e9gaux d\u2019Afrique du Sud.<\/i><br \/><br \/><\/p><p>Dans cette d\u00e9claration de confidentialit\u00e9, nous expliquons ce que nous faisons avec les donn\u00e9es que nous obtenons \u00e0 votre sujet via <a href=\"https:\/\/www.foosales.com\/fr\">https:\/\/www.foosales.com\/fr<\/a>. Nous vous recommandons de lire attentivement cette d\u00e9claration. Lors de notre traitement, nous nous conformons aux exigences de la l\u00e9gislation sur la confidentialit\u00e9. Cela signifie, entre autres, que :<\/p><ul>\n                <li>nous indiquons clairement dans quelles finalit\u00e9s nous traitons les donn\u00e9es personnelles. Nous faisons cela au moyen de cette d\u00e9claration de confidentialit\u00e9 ;<\/li>\n                <li>nous visons \u00e0 limiter notre recueil de donn\u00e9es personnelles uniquement aux donn\u00e9es personnelles n\u00e9cessaires \u00e0 des finalit\u00e9s l\u00e9gitimes ;<\/li>\n                <li>nous demandons d'abord votre consentement explicite pour traiter vos donn\u00e9es personnelles dans les cas n\u00e9cessitant votre consentement ;<\/li>\n                <li>nous prenons des mesures de s\u00e9curit\u00e9 appropri\u00e9es afin de prot\u00e9ger vos donn\u00e9es personnelles, et nous en demandons autant des parties traitant des donn\u00e9es personnelles pour nous ;<\/li>\n                <li>nous respectons votre droit de consulter, corriger ou supprimer vos donn\u00e9es personnelles si vous en formulez la demande.<\/li>\n            <\/ul><p>Si vous avez des questions ou souhaitez savoir exactement quelles donn\u00e9es nous conservons, veuillez nous contacter.<\/p><h2>1. Finalit\u00e9, donn\u00e9es et dur\u00e9e de conservation<\/h2>Nous pouvons collecter ou recevoir des informations personnelles pour un certain nombre de raisons li\u00e9es \u00e0 nos activit\u00e9s commerciales, notamment les suivantes : (cliquez pour d\u00e9plier)<details class=\"cmplz-dropdown dropdown-privacy-statement\"><summary><div><h3>1.1 Contact - Par t\u00e9l\u00e9phone, courrier, e-mail et\/ou formulaires web<\/h3><\/div><\/summary><p class=\"cmplz-subtitle\">Dans cette finalit\u00e9, nous utilisons les donn\u00e9es suivantes :<\/p><p><ul><li>Un pr\u00e9nom et un nom de famille<\/li><li>Nom du compte ou pseudonyme<\/li><li>Un domicile ou une autre adresse physique, incluant le nom d'une rue et le nom d'une ville ou d'un village<\/li><li>Une adresse e-mail<\/li><li>Un num\u00e9ro de t\u00e9l\u00e9phone<\/li><li>Donn\u00e9es de g\u00e9olocalisation<\/li><li>Adresse IP<\/li><li>Informations sur l'activit\u00e9 internet, y compris, mais sans s'y limiter, l'historique de navigation, l'historique de recherche et les informations concernant l'interaction d'un consommateur avec un site web, une application ou une publicit\u00e9 internet<\/li><\/ul><\/p><p class=\"cmplz-subtitle\">Dur\u00e9e de conservation<\/p><p>Nous conservons ces donn\u00e9es \u00e0 la fin du service pendant le nombre de mois suivant : 24<\/p><\/details><details class=\"cmplz-dropdown dropdown-privacy-statement\"><summary><div><h3>1.2 Paiements<\/h3><\/div><\/summary><p class=\"cmplz-subtitle\">Dans cette finalit\u00e9, nous utilisons les donn\u00e9es suivantes :<\/p><p><ul><li>Un pr\u00e9nom et un nom de famille<\/li><li>Nom du compte ou pseudonyme<\/li><li>Un domicile ou une autre adresse physique, incluant le nom d'une rue et le nom d'une ville ou d'un village<\/li><li>Une adresse e-mail<\/li><li>Un num\u00e9ro de t\u00e9l\u00e9phone<\/li><li>Adresse IP<\/li><li>Donn\u00e9es de g\u00e9olocalisation<\/li><li>Informations sur l'activit\u00e9 internet, y compris, mais sans s'y limiter, l'historique de navigation, l'historique de recherche et les informations concernant l'interaction d'un consommateur avec un site web, une application ou une publicit\u00e9 internet<\/li><\/ul><\/p><p class=\"cmplz-subtitle\">Dur\u00e9e de conservation<\/p><p>Nous conservons ces donn\u00e9es \u00e0 la fin du service pendant le nombre de mois suivant : 24<\/p><\/details><details class=\"cmplz-dropdown dropdown-privacy-statement\"><summary><div><h3>1.3 Enregistrement d'un compte<\/h3><\/div><\/summary><p class=\"cmplz-subtitle\">Dans cette finalit\u00e9, nous utilisons les donn\u00e9es suivantes :<\/p><p><ul><li>Un pr\u00e9nom et un nom de famille<\/li><li>Nom du compte ou pseudonyme<\/li><li>Un domicile ou une autre adresse physique, incluant le nom d'une rue et le nom d'une ville ou d'un village<\/li><li>Une adresse e-mail<\/li><li>Un num\u00e9ro de t\u00e9l\u00e9phone<\/li><li>Adresse IP<\/li><li>Informations sur l'activit\u00e9 internet, y compris, mais sans s'y limiter, l'historique de navigation, l'historique de recherche et les informations concernant l'interaction d'un consommateur avec un site web, une application ou une publicit\u00e9 internet<\/li><li>Donn\u00e9es de g\u00e9olocalisation<\/li><\/ul><\/p><p class=\"cmplz-subtitle\">Dur\u00e9e de conservation<\/p><p>Nous conservons ces donn\u00e9es \u00e0 la fin du service pendant le nombre de mois suivant : 24<\/p><\/details><details class=\"cmplz-dropdown dropdown-privacy-statement\"><summary><div><h3>1.4 Infolettres<\/h3><\/div><\/summary><p class=\"cmplz-subtitle\">Dans cette finalit\u00e9, nous utilisons les donn\u00e9es suivantes :<\/p><p><ul><li>Un pr\u00e9nom et un nom de famille<\/li><li>Une adresse e-mail<\/li><li>Donn\u00e9es de g\u00e9olocalisation<\/li><li>Un num\u00e9ro de t\u00e9l\u00e9phone<\/li><li>Adresse IP<\/li><li>Informations sur l'activit\u00e9 internet, y compris, mais sans s'y limiter, l'historique de navigation, l'historique de recherche et les informations concernant l'interaction d'un consommateur avec un site web, une application ou une publicit\u00e9 internet<\/li><li>Un domicile ou une autre adresse physique, incluant le nom d'une rue et le nom d'une ville ou d'un village<\/li><li>Nom du compte ou pseudonyme<\/li><\/ul><\/p><p class=\"cmplz-subtitle\">Dur\u00e9e de conservation<\/p><p>Nous conservons ces donn\u00e9es jusqu'\u00e0 la fin du service.<\/p><\/details><details class=\"cmplz-dropdown dropdown-privacy-statement\"><summary><div><h3>1.5 Pour prendre en charge les services ou produits que votre client souhaite acheter ou a achet\u00e9s<\/h3><\/div><\/summary><p class=\"cmplz-subtitle\">Dans cette finalit\u00e9, nous utilisons les donn\u00e9es suivantes :<\/p><p><ul><li>Un pr\u00e9nom et un nom de famille<\/li><li>Nom du compte ou pseudonyme<\/li><li>Une adresse e-mail<\/li><li>Adresse IP<\/li><li>Informations sur l'activit\u00e9 internet, y compris, mais sans s'y limiter, l'historique de navigation, l'historique de recherche et les informations concernant l'interaction d'un consommateur avec un site web, une application ou une publicit\u00e9 internet<\/li><\/ul><\/p><p class=\"cmplz-subtitle\">Dur\u00e9e de conservation<\/p><p>Nous d\u00e9terminons la dur\u00e9e de conservation en fonction des crit\u00e8res objectifs fix\u00e9s : Conserv\u00e9es ind\u00e9finiment sauf si la personne demande la suppression de son compte et de ses donn\u00e9es personnelles.<\/p><\/details><details class=\"cmplz-dropdown dropdown-privacy-statement\"><summary><div><h3>1.6 Compiler et analyser des statistiques pour l'am\u00e9lioration du site web.<\/h3><\/div><\/summary><p class=\"cmplz-subtitle\">Dans cette finalit\u00e9, nous utilisons les donn\u00e9es suivantes :<\/p><p><ul><li>Informations sur l'activit\u00e9 internet, y compris, mais sans s'y limiter, l'historique de navigation, l'historique de recherche et les informations concernant l'interaction d'un consommateur avec un site web, une application ou une publicit\u00e9 internet<\/li><li>Donn\u00e9es de g\u00e9olocalisation<\/li><li>Adresse IP<\/li><\/ul><\/p><p class=\"cmplz-subtitle\">Dur\u00e9e de conservation<\/p><p>Nous d\u00e9terminons la dur\u00e9e de conservation en fonction des crit\u00e8res objectifs fix\u00e9s : Conserv\u00e9es ind\u00e9finiment sauf si la personne demande la suppression de son compte et de ses donn\u00e9es personnelles.<\/p><\/details><details class=\"cmplz-dropdown dropdown-privacy-statement\"><summary><div><h3>1.7 Pour pouvoir proposer des produits et services personnalis\u00e9s<\/h3><\/div><\/summary><p class=\"cmplz-subtitle\">Dans cette finalit\u00e9, nous utilisons les donn\u00e9es suivantes :<\/p><p><ul><li>Un pr\u00e9nom et un nom de famille<\/li><li>Nom du compte ou pseudonyme<\/li><li>Un domicile ou une autre adresse physique, incluant le nom d'une rue et le nom d'une ville ou d'un village<\/li><li>Une adresse e-mail<\/li><li>Un num\u00e9ro de t\u00e9l\u00e9phone<\/li><li>Adresse IP<\/li><li>Informations sur l'activit\u00e9 internet, y compris, mais sans s'y limiter, l'historique de navigation, l'historique de recherche et les informations concernant l'interaction d'un consommateur avec un site web, une application ou une publicit\u00e9 internet<\/li><li>Donn\u00e9es de g\u00e9olocalisation<\/li><\/ul><\/p><p class=\"cmplz-subtitle\">Dur\u00e9e de conservation<\/p><p>\u00c0 la fin du service, nous conservons ces donn\u00e9es pendant la p\u00e9riode de temps suivante : Conserv\u00e9es ind\u00e9finiment sauf si la personne demande la suppression de son compte et de ses donn\u00e9es personnelles...<\/p><\/details><details class=\"cmplz-dropdown dropdown-privacy-statement\"><summary><div><h3>1.8 Vendre ou partager les donn\u00e9es avec une tierce partie<\/h3><\/div><\/summary><p class=\"cmplz-subtitle\">Dans cette finalit\u00e9, nous utilisons les donn\u00e9es suivantes :<\/p><p><ul><li>Informations sur l'activit\u00e9 internet, y compris, mais sans s'y limiter, l'historique de navigation, l'historique de recherche et les informations concernant l'interaction d'un consommateur avec un site web, une application ou une publicit\u00e9 internet<\/li><li>Donn\u00e9es de g\u00e9olocalisation<\/li><\/ul><\/p><p class=\"cmplz-subtitle\">Dur\u00e9e de conservation<\/p><p>Nous conservons ces donn\u00e9es \u00e0 la fin du service pendant le nombre de mois suivant : 24<\/p><\/details><h2>2. Que se passe-t-il si vous ne nous fournissez pas vos informations personnelles ?<\/h2><p>Si vous ne nous fournissez pas vos informations personnelles, nous pourrions ne pas \u00eatre en mesure de vous fournir les informations, les produits ou l'assistance que vous recherchez.<\/p><h2>3. Partage avec d'autres parties<\/h2><p>Nous partageons ou divulguons ces donn\u00e9es aux sous-traitants uniquement dans les finalit\u00e9s suivantes :<\/p><h2>4. Cookies<\/h2>Notre site web utilise des cookies. Pour plus d'informations sur les cookies, veuillez vous r\u00e9f\u00e9rer \u00e0 notre <a href=\"https:\/\/www.foosales.com\/fr\/cookie-policy-za\/\">Politique de cookies<\/a>.&nbsp;<h2>5. Pratiques de divulgation<\/h2><p><p>Nous divulguons des informations personnelles si nous y sommes tenus par la loi ou par une ordonnance du tribunal, en r\u00e9ponse \u00e0 un organisme d'application de la loi, dans la mesure permise par d'autres dispositions de la loi, pour fournir des informations, ou pour une enqu\u00eate sur une question li\u00e9e \u00e0 la s\u00e9curit\u00e9 publique.<\/p><p>Si notre site web ou notre organisation est repris, vendu ou impliqu\u00e9 dans une fusion ou une acquisition, vos donn\u00e9es peuvent \u00eatre divulgu\u00e9es \u00e0 nos conseillers et \u00e0 tout acheteur potentiel et seront transmises aux nouveaux propri\u00e9taires.<\/p><\/p>Nous avons conclu un accord de traitement des donn\u00e9es avec Google.Google ne peut utiliser les donn\u00e9es pour aucun autre service Google.L'inclusion d'adresses IP compl\u00e8tes est bloqu\u00e9e par nous.<h2>6. S\u00e9curit\u00e9<\/h2>Nous nous engageons \u00e0 assurer la s\u00e9curit\u00e9 des donn\u00e9es personnelles. Nous prenons des mesures de s\u00e9curit\u00e9 appropri\u00e9es pour limiter les abus et les acc\u00e8s non autoris\u00e9s aux donn\u00e9es personnelles. Nous veillons ainsi \u00e0 ce que seules les personnes n\u00e9cessaires aient acc\u00e8s \u00e0 vos donn\u00e9es, \u00e0 ce que l'acc\u00e8s aux donn\u00e9es soit prot\u00e9g\u00e9 et \u00e0 ce que nos mesures de s\u00e9curit\u00e9 soient r\u00e9guli\u00e8rement v\u00e9rifi\u00e9es.<p>Les mesures de s\u00e9curit\u00e9 que nous utilisons consistent \u00e0 :<\/p><ul><li>D\u00e9tection de vuln\u00e9rabilit\u00e9<\/li><li>Durcissement du site web\/fonctionnalit\u00e9s de s\u00e9curit\u00e9<\/li><li>Chiffrement (START)TLS\/SSL\/DANE<\/li><li>HTTP Strict Transport Security et les en-t\u00eates de s\u00e9curit\u00e9 li\u00e9s, ainsi que les politiques de navigateur<\/li><li>S\u00e9curit\u00e9 de connexion<\/li><li>DKIM, SPF, DMARC et autres r\u00e9glages DNS sp\u00e9cifiques<\/li><\/ul><h2>7. Sites web tierces parties<\/h2>Cette d\u00e9claration de confidentialit\u00e9 ne s'applique pas aux sites web de tierces parties connect\u00e9s par des liens sur notre site web. Nous ne pouvons garantir que ces tierces parties g\u00e8rent vos donn\u00e9es personnelles de mani\u00e8re fiable ou s\u00e9curis\u00e9e. Nous vous recommandons de lire les d\u00e9clarations de confidentialit\u00e9 de ces sites web avant de les utiliser.<h2>8. Modifications apport\u00e9es \u00e0 cette d\u00e9claration de confidentialit\u00e9<\/h2>Nous nous r\u00e9servons le droit de modifier la pr\u00e9sente d\u00e9claration de confidentialit\u00e9. Il est recommand\u00e9 de consulter r\u00e9guli\u00e8rement cette d\u00e9claration de confidentialit\u00e9 afin de prendre connaissance de toute modification \u00e9ventuelle. De plus, nous vous informerons activement dans la mesure du possible.<h2>9. Acc\u00e9der \u00e0 vos donn\u00e9es et les modifier<\/h2><p>Si vous avez des questions ou souhaitez savoir quelles sont les donn\u00e9es personnelles que nous avons \u00e0 votre sujet, veuillez nous contacter. Vous pouvez nous contacter en utilisant les informations ci-dessous. Vous avez les droits suivants :<\/p><ul>\n                <li>Vous avez le droit de savoir pourquoi vos donn\u00e9es personnelles sont n\u00e9cessaires, ce qui leur arrivera et combien de temps elles seront conserv\u00e9es.<\/li>\n                <li>Droit d'acc\u00e8s : vous avez le droit d'acc\u00e9der \u00e0 vos donn\u00e9es personnelles que nous connaissons.<\/li>\n                <li>Droit de rectification : vous avez le droit \u00e0 tout moment de compl\u00e9ter, corriger, faire supprimer ou bloquer vos donn\u00e9es personnelles.<\/li>\n                <li>Si vous nous donnez votre consentement pour le traitement de vos donn\u00e9es, vous avez le droit de r\u00e9voquer ce consentement et de faire supprimer vos donn\u00e9es personnelles.<\/li>\n                <li>Droit d'opposition : vous pouvez vous opposer au traitement de vos donn\u00e9es. Nous obtemp\u00e9rerons, \u00e0 moins que certaines raisons ne justifient ce traitement.<\/li>\n            <\/ul><p>Assurez-vous de toujours indiquer clairement qui vous \u00eates, afin que nous puissions \u00eatre certains de ne pas modifier ni supprimer les donn\u00e9es de la mauvaise personne.<\/p><h2>10. D\u00e9poser une plainte<\/h2>Si vous n'\u00eates pas satisfait de la mani\u00e8re dont nous proc\u00e9dons (concernant une plainte) au traitement de vos donn\u00e9es personnelles, vous avez le droit de d\u00e9poser une plainte aupr\u00e8s de l'Information Regulator South Africa :<br \/>Bo\u00eete postale 31533,\n\t\t\t\t\t\t<br \/>Braamfontein,\n\t\t\t\t\t\t<br \/>Johannesburg,\n\t\t\t\t\t\t<br \/>2017\n\t\t\t\t\t\t<br \/>E-mail des plaintes :complaints.IR@justice.gov.za<h2>11. Enfants<\/h2><p>Notre site web n'est pas con\u00e7u pour les enfants et il n'est pas dans notre intention de recueillir des donn\u00e9es personnelles aupr\u00e8s d'enfants sous l'\u00e2ge de consentement de leur pays de r\u00e9sidence. Nous demandons par cons\u00e9quent aux enfants sous l'\u00e2ge de consentement de ne nous envoyer aucune donn\u00e9e personnelle.<\/p><h2>12. Coordonn\u00e9es<\/h2><p>Grenade Technologies, Inc<br \/>\n        301-3450 Uptown Boulevard<br \/>\nVictoria BC V8Z 0B9<br \/>\n        Canada<br \/>\n        Site web : <a href=\"https:\/\/www.foosales.com\/fr\">https:\/\/www.foosales.com\/fr<\/a> <br \/>\n        E-mail : <span class=\"cmplz-obfuscate\">vie priv\u00e9e@<span class=\"cmplz-fmail-domain\">ex.com<\/span>&#102;&#111;osa&#108;es.&#099;&#111;m<\/span> <br \/>\n        <\/p><p>Nous avons nomm\u00e9 une personne \u00e0 contacter \u00e0 propos des politiques et pratiques de l'organisation, et \u00e0 qui toute plainte ou demande de renseignement peut \u00eatre transmise :<br \/>Att : Responsable de la protection de la vie priv\u00e9e<br \/>301-3450 Uptown Boulevard<br \/>\nVictoria BC V8Z 0B9<br \/>\nCanada<\/p><\/div>","protected":false},"excerpt":{"rendered":"","protected":false},"author":75,"featured_media":0,"parent":0,"menu_order":0,"comment_status":"closed","ping_status":"closed","template":"","meta":{"site-sidebar-layout":"default","site-content-layout":"","ast-site-content-layout":"default","site-content-style":"default","site-sidebar-style":"default","ast-global-header-display":"","ast-banner-title-visibility":"","ast-main-header-display":"","ast-hfb-above-header-display":"","ast-hfb-below-header-display":"","ast-hfb-mobile-header-display":"","site-post-title":"","ast-breadcrumbs-content":"","ast-featured-img":"","footer-sml-layout":"","ast-disable-related-posts":"","theme-transparent-header-meta":"","adv-header-id-meta":"","stick-header-meta":"","header-above-stick-meta":"","header-main-stick-meta":"","header-below-stick-meta":"","astra-migrate-meta-layouts":"default","ast-page-background-enabled":"default","ast-page-background-meta":{"desktop":{"background-color":"","background-image":"","background-repeat":"repeat","background-position":"center center","background-size":"auto","background-attachment":"scroll","background-type":"","background-media":"","overlay-type":"","overlay-color":"","overlay-opacity":"","overlay-gradient":""},"tablet":{"background-color":"","background-image":"","background-repeat":"repeat","background-position":"center center","background-size":"auto","background-attachment":"scroll","background-type":"","background-media":"","overlay-type":"","overlay-color":"","overlay-opacity":"","overlay-gradient":""},"mobile":{"background-color":"","background-image":"","background-repeat":"repeat","background-position":"center center","background-size":"auto","background-attachment":"scroll","background-type":"","background-media":"","overlay-type":"","overlay-color":"","overlay-opacity":"","overlay-gradient":""}},"ast-content-background-meta":{"desktop":{"background-color":"var(--ast-global-color-5)","background-image":"","background-repeat":"repeat","background-position":"center center","background-size":"auto","background-attachment":"scroll","background-type":"","background-media":"","overlay-type":"","overlay-color":"","overlay-opacity":"","overlay-gradient":""},"tablet":{"background-color":"var(--ast-global-color-5)","background-image":"","background-repeat":"repeat","background-position":"center center","background-size":"auto","background-attachment":"scroll","background-type":"","background-media":"","overlay-type":"","overlay-color":"","overlay-opacity":"","overlay-gradient":""},"mobile":{"background-color":"var(--ast-global-color-5)","background-image":"","background-repeat":"repeat","background-position":"center center","background-size":"auto","background-attachment":"scroll","background-type":"","background-media":"","overlay-type":"","overlay-color":"","overlay-opacity":"","overlay-gradient":""}},"footnotes":""},"class_list":["post-180611","page","type-page","status-publish","hentry"],"_links":{"self":[{"href":"https:\/\/www.foosales.com\/fr\/wp-json\/wp\/v2\/pages\/180611","targetHints":{"allow":["GET"]}}],"collection":[{"href":"https:\/\/www.foosales.com\/fr\/wp-json\/wp\/v2\/pages"}],"about":[{"href":"https:\/\/www.foosales.com\/fr\/wp-json\/wp\/v2\/types\/page"}],"author":[{"embeddable":true,"href":"https:\/\/www.foosales.com\/fr\/wp-json\/wp\/v2\/users\/75"}],"replies":[{"embeddable":true,"href":"https:\/\/www.foosales.com\/fr\/wp-json\/wp\/v2\/comments?post=180611"}],"version-history":[{"count":1,"href":"https:\/\/www.foosales.com\/fr\/wp-json\/wp\/v2\/pages\/180611\/revisions"}],"predecessor-version":[{"id":182385,"href":"https:\/\/www.foosales.com\/fr\/wp-json\/wp\/v2\/pages\/180611\/revisions\/182385"}],"wp:attachment":[{"href":"https:\/\/www.foosales.com\/fr\/wp-json\/wp\/v2\/media?parent=180611"}],"curies":[{"name":"wp","href":"https:\/\/api.w.org\/{rel}","templated":true}]}}