{"id":180614,"date":"2024-09-04T13:38:02","date_gmt":"2024-09-04T20:38:02","guid":{"rendered":"https:\/\/foosales.com\/disclaimer\/"},"modified":"2024-09-17T19:11:41","modified_gmt":"2024-09-18T02:11:41","slug":"clause-de-non-responsabilite","status":"publish","type":"page","link":"https:\/\/www.foosales.com\/fr\/disclaimer\/","title":{"rendered":"Clause de non-responsabilit\u00e9"},"content":{"rendered":"<p><!-- Legal document generated by Complianz | GDPR\/CCPA Cookie Consent https:\/\/wordpress.org\/plugins\/complianz-gdpr --><\/p>\n<div id=\"cmplz-document\" class=\"cmplz-document disclaimer cmplz-document-all\">\n<p>Grenade Technologies, Inc. s'engage \u00e0 maintenir ce site web \u00e0 jour et exact. Si toutefois vous rencontrez des informations incorrectes ou obsol\u00e8tes, nous vous serions reconnaissants de bien vouloir nous en faire part. Veuillez indiquer o\u00f9 vous avez lu l'information sur le site web. Nous nous pencherons sur la question dans les plus brefs d\u00e9lais. Veuillez envoyer votre r\u00e9ponse par courrier \u00e9lectronique \u00e0 l'adresse suivante : privacy@foosales.com.<\/p>\n<p>Nous ne sommes pas responsables des pertes r\u00e9sultant d'inexactitudes ou d'incompl\u00e9tudes, ni des pertes r\u00e9sultant de probl\u00e8mes caus\u00e9s par ou inh\u00e9rents \u00e0 la diffusion d'informations par l'internet, tels que des perturbations ou des interruptions. Lors de l'utilisation de formulaires web, nous nous effor\u00e7ons de limiter au minimum le nombre de champs obligatoires. Pour toute perte subie suite \u00e0 l'utilisation de donn\u00e9es, de conseils ou d'id\u00e9es fournis par ou au nom de Grenade Technologies, Inc. via ce site web, Grenade Technologies, Inc. n'accepte aucune responsabilit\u00e9.<\/p>\n<p>L'utilisation du site web et de tous ses composants (y compris les forums) est soumise \u00e0 nos conditions g\u00e9n\u00e9rales d'utilisation. <a href=\"https:\/\/www.foosales.com\/fr\/conditions-generales\/\" target=\"_blank\" rel=\"noopener\">conditions g\u00e9n\u00e9rales<\/a>. La simple utilisation de ce site web implique la connaissance et l'acceptation de ces conditions d'utilisation.<\/p>\n<p>Les r\u00e9ponses et les demandes relatives \u00e0 la protection de la vie priv\u00e9e envoy\u00e9es par courrier \u00e9lectronique ou \u00e0 l'aide d'un formulaire en ligne seront trait\u00e9es de la m\u00eame mani\u00e8re que les lettres. Cela signifie que vous pouvez vous attendre \u00e0 une r\u00e9ponse de notre part dans un d\u00e9lai d'un mois au plus tard. Dans le cas de demandes complexes, nous vous ferons savoir dans un d\u00e9lai d'un mois si nous avons besoin d'un maximum de trois mois.<\/p>\n<p>Toutes les donn\u00e9es personnelles que vous nous fournissez dans le cadre de votre r\u00e9ponse ou de votre demande d'information ne seront utilis\u00e9es que conform\u00e9ment \u00e0 notre d\u00e9claration de confidentialit\u00e9.<\/p>\n<p>Grenade Technologies, Inc. met en \u0153uvre tous les efforts raisonnables pour prot\u00e9ger ses syst\u00e8mes contre toute forme d'utilisation illicite. Grenade Technologies, Inc. mettra en \u0153uvre les mesures techniques et organisationnelles appropri\u00e9es \u00e0 cette fin, en tenant compte, entre autres, de l'\u00e9tat de l'art. Toutefois, elle ne pourra \u00eatre tenue responsable de quelque pr\u00e9judice que ce soit, direct et\/ou indirect, subi par un utilisateur du site web, qui r\u00e9sulterait de l'utilisation illicite de ses syst\u00e8mes par un tiers.<\/p>\n<p>Grenade Technologies, Inc. d\u00e9cline toute responsabilit\u00e9 quant au contenu des sites web vers lesquels ou \u00e0 partir desquels un lien hypertexte ou une autre r\u00e9f\u00e9rence est \u00e9tabli. Les produits ou services offerts par des tiers sont soumis aux conditions applicables de ces tiers.<\/p>\n<p>Tous les droits de propri\u00e9t\u00e9 intellectuelle relatifs au contenu de ce site Web sont d\u00e9tenus par Grenade Technologies, Inc.<\/p>\n<p>La copie, la diffusion et toute autre utilisation de ce mat\u00e9riel ne sont pas autoris\u00e9es sans l'autorisation \u00e9crite de Grenade Technologies, Inc., sauf et seulement dans la mesure o\u00f9 cela est stipul\u00e9 dans les r\u00e9glementations de droit imp\u00e9ratif (comme le droit de citation), \u00e0 moins qu'un contenu sp\u00e9cifique n'en d\u00e9cide autrement.<\/p>\n<p>Tous les noms de produits, logos et marques sont la propri\u00e9t\u00e9 de leurs d\u00e9tenteurs respectifs. Tous les noms de soci\u00e9t\u00e9s, de produits et de services utilis\u00e9s sur ce site Internet le sont \u00e0 des fins d'identification uniquement. L'utilisation de ces noms, logos et marques n'implique pas leur approbation.<\/p>\n<p>Si vous avez des questions ou des probl\u00e8mes concernant l'accessibilit\u00e9 du site web, n'h\u00e9sitez pas \u00e0 nous contacter \u00e0 l'adresse suivante <a href=\"https:\/\/help.foosales.com\/fr\/contact\/\" rel=\"nofollow noopener\">nous contacter<\/a>.<\/p>\n<\/div>","protected":false},"excerpt":{"rendered":"<p>Grenade Technologies, Inc is committed to keeping this website up to date and accurate. Should you nevertheless encounter anything that [&hellip;]<\/p>\n","protected":false},"author":75,"featured_media":0,"parent":0,"menu_order":0,"comment_status":"closed","ping_status":"closed","template":"","meta":{"site-sidebar-layout":"default","site-content-layout":"","ast-site-content-layout":"default","site-content-style":"default","site-sidebar-style":"default","ast-global-header-display":"","ast-banner-title-visibility":"","ast-main-header-display":"","ast-hfb-above-header-display":"","ast-hfb-below-header-display":"","ast-hfb-mobile-header-display":"","site-post-title":"","ast-breadcrumbs-content":"","ast-featured-img":"","footer-sml-layout":"","ast-disable-related-posts":"","theme-transparent-header-meta":"default","adv-header-id-meta":"","stick-header-meta":"default","header-above-stick-meta":"","header-main-stick-meta":"","header-below-stick-meta":"","astra-migrate-meta-layouts":"set","ast-page-background-enabled":"default","ast-page-background-meta":{"desktop":{"background-color":"","background-image":"","background-repeat":"repeat","background-position":"center center","background-size":"auto","background-attachment":"scroll","background-type":"","background-media":"","overlay-type":"","overlay-color":"","overlay-opacity":"","overlay-gradient":""},"tablet":{"background-color":"","background-image":"","background-repeat":"repeat","background-position":"center center","background-size":"auto","background-attachment":"scroll","background-type":"","background-media":"","overlay-type":"","overlay-color":"","overlay-opacity":"","overlay-gradient":""},"mobile":{"background-color":"","background-image":"","background-repeat":"repeat","background-position":"center center","background-size":"auto","background-attachment":"scroll","background-type":"","background-media":"","overlay-type":"","overlay-color":"","overlay-opacity":"","overlay-gradient":""}},"ast-content-background-meta":{"desktop":{"background-color":"var(--ast-global-color-5)","background-image":"","background-repeat":"repeat","background-position":"center center","background-size":"auto","background-attachment":"scroll","background-type":"","background-media":"","overlay-type":"","overlay-color":"","overlay-opacity":"","overlay-gradient":""},"tablet":{"background-color":"var(--ast-global-color-5)","background-image":"","background-repeat":"repeat","background-position":"center center","background-size":"auto","background-attachment":"scroll","background-type":"","background-media":"","overlay-type":"","overlay-color":"","overlay-opacity":"","overlay-gradient":""},"mobile":{"background-color":"var(--ast-global-color-5)","background-image":"","background-repeat":"repeat","background-position":"center center","background-size":"auto","background-attachment":"scroll","background-type":"","background-media":"","overlay-type":"","overlay-color":"","overlay-opacity":"","overlay-gradient":""}},"footnotes":""},"class_list":["post-180614","page","type-page","status-publish","hentry"],"_links":{"self":[{"href":"https:\/\/www.foosales.com\/fr\/wp-json\/wp\/v2\/pages\/180614","targetHints":{"allow":["GET"]}}],"collection":[{"href":"https:\/\/www.foosales.com\/fr\/wp-json\/wp\/v2\/pages"}],"about":[{"href":"https:\/\/www.foosales.com\/fr\/wp-json\/wp\/v2\/types\/page"}],"author":[{"embeddable":true,"href":"https:\/\/www.foosales.com\/fr\/wp-json\/wp\/v2\/users\/75"}],"replies":[{"embeddable":true,"href":"https:\/\/www.foosales.com\/fr\/wp-json\/wp\/v2\/comments?post=180614"}],"version-history":[{"count":0,"href":"https:\/\/www.foosales.com\/fr\/wp-json\/wp\/v2\/pages\/180614\/revisions"}],"wp:attachment":[{"href":"https:\/\/www.foosales.com\/fr\/wp-json\/wp\/v2\/media?parent=180614"}],"curies":[{"name":"wp","href":"https:\/\/api.w.org\/{rel}","templated":true}]}}