{"id":181265,"date":"2024-11-06T23:35:40","date_gmt":"2024-11-07T07:35:40","guid":{"rendered":"https:\/\/foosales.com\/?page_id=181265"},"modified":"2025-06-23T07:08:45","modified_gmt":"2025-06-23T14:08:45","slug":"paiements-fractionnes","status":"publish","type":"page","link":"https:\/\/www.foosales.com\/fr\/features\/split-payments\/","title":{"rendered":"Paiements fractionn\u00e9s"},"content":{"rendered":"<div data-elementor-type=\"wp-page\" data-elementor-id=\"181265\" class=\"elementor elementor-181265\" data-elementor-post-type=\"page\">\n\t\t\t\t\t\t<section class=\"elementor-section elementor-top-section elementor-element elementor-element-2aa18ecb elementor-section-boxed elementor-section-height-default elementor-section-height-default\" data-id=\"2aa18ecb\" data-element_type=\"section\" data-e-type=\"section\">\n\t\t\t\t\t\t<div class=\"elementor-container elementor-column-gap-default\">\n\t\t\t\t\t<div class=\"elementor-column elementor-col-100 elementor-top-column elementor-element elementor-element-66ba8e8d\" data-id=\"66ba8e8d\" data-element_type=\"column\" data-e-type=\"column\">\n\t\t\t<div class=\"elementor-widget-wrap elementor-element-populated\">\n\t\t\t\t\t\t<div class=\"elementor-element elementor-element-653a7693 elementor-widget elementor-widget-heading\" data-id=\"653a7693\" data-element_type=\"widget\" data-e-type=\"widget\" data-widget_type=\"heading.default\">\n\t\t\t\t<div class=\"elementor-widget-container\">\n\t\t\t\t\t<h2 class=\"elementor-heading-title elementor-size-default\">Paiements fractionn\u00e9s<\/h2>\t\t\t\t<\/div>\n\t\t\t\t<\/div>\n\t\t\t\t<div class=\"elementor-element elementor-element-1934175a elementor-widget elementor-widget-heading\" data-id=\"1934175a\" data-element_type=\"widget\" data-e-type=\"widget\" data-widget_type=\"heading.default\">\n\t\t\t\t<div class=\"elementor-widget-container\">\n\t\t\t\t\t<h1 class=\"elementor-heading-title elementor-size-xxl\">Trouver des produits et cr\u00e9er des commandes instantan\u00e9ment<\/h1>\t\t\t\t<\/div>\n\t\t\t\t<\/div>\n\t\t\t\t<div class=\"elementor-element elementor-element-67327cc9 elementor-widget elementor-widget-text-editor\" data-id=\"67327cc9\" data-element_type=\"widget\" data-e-type=\"widget\" data-widget_type=\"text-editor.default\">\n\t\t\t\t<div class=\"elementor-widget-container\">\n\t\t\t\t\t\t\t\t\t<p><span style=\"font-weight: 400;\">L'\u00e9poque o\u00f9 les clients devaient choisir un seul mode de paiement \u00e0 la caisse est r\u00e9volue. FooSales facilite l'acceptation des paiements fractionn\u00e9s, permettant aux clients de payer de la mani\u00e8re qu'ils pr\u00e9f\u00e8rent. Qu'il s'agisse d'esp\u00e8ces, de cartes, de paiements Stripe, de paiements Square ou d'une combinaison des deux, la fonction de paiement fractionn\u00e9 de FooSales vous permet d'offrir une certaine souplesse lors du passage en caisse, tout en conservant l'exactitude de vos donn\u00e9es dans WooCommerce.<\/span><\/p>\t\t\t\t\t\t\t\t<\/div>\n\t\t\t\t<\/div>\n\t\t\t\t\t<\/div>\n\t\t<\/div>\n\t\t\t\t\t<\/div>\n\t\t<\/section>\n\t\t\t\t<section class=\"elementor-section elementor-top-section elementor-element elementor-element-69f51499 elementor-section-boxed elementor-section-height-default elementor-section-height-default\" data-id=\"69f51499\" data-element_type=\"section\" data-e-type=\"section\">\n\t\t\t\t\t\t<div class=\"elementor-container elementor-column-gap-default\">\n\t\t\t\t\t<div class=\"elementor-column elementor-col-100 elementor-top-column elementor-element elementor-element-3a30e84\" data-id=\"3a30e84\" data-element_type=\"column\" data-e-type=\"column\">\n\t\t\t<div class=\"elementor-widget-wrap elementor-element-populated\">\n\t\t\t\t\t\t<div class=\"elementor-element elementor-element-6919c81c elementor-widget elementor-widget-image\" data-id=\"6919c81c\" data-element_type=\"widget\" data-e-type=\"widget\" data-widget_type=\"image.default\">\n\t\t\t\t<div class=\"elementor-widget-container\">\n\t\t\t\t\t\t\t\t\t\t\t\t\t\t\t<img fetchpriority=\"high\" decoding=\"async\" width=\"1000\" height=\"678\" src=\"https:\/\/www.foosales.com\/wp-content\/uploads\/2024\/11\/foosales-split-payments.png\" class=\"attachment-large size-large wp-image-181276\" alt=\"FooSales Paiements fractionn\u00e9s\" srcset=\"https:\/\/www.foosales.com\/wp-content\/uploads\/2024\/11\/foosales-split-payments.png 1000w, https:\/\/www.foosales.com\/wp-content\/uploads\/2024\/11\/foosales-split-payments-300x203.png 300w, https:\/\/www.foosales.com\/wp-content\/uploads\/2024\/11\/foosales-split-payments-768x521.png 768w, https:\/\/www.foosales.com\/wp-content\/uploads\/2024\/11\/foosales-split-payments-18x12.png 18w, https:\/\/www.foosales.com\/wp-content\/uploads\/2024\/11\/foosales-split-payments-600x407.png 600w\" sizes=\"(max-width: 1000px) 100vw, 1000px\" title=\"\">\t\t\t\t\t\t\t\t\t\t\t\t\t\t\t<\/div>\n\t\t\t\t<\/div>\n\t\t\t\t\t<\/div>\n\t\t<\/div>\n\t\t\t\t\t<\/div>\n\t\t<\/section>\n\t\t\t\t<section class=\"elementor-section elementor-top-section elementor-element elementor-element-178e2d86 elementor-section-boxed elementor-section-height-default elementor-section-height-default\" data-id=\"178e2d86\" data-element_type=\"section\" data-e-type=\"section\">\n\t\t\t\t\t\t<div class=\"elementor-container elementor-column-gap-default\">\n\t\t\t\t\t<div class=\"elementor-column elementor-col-100 elementor-top-column elementor-element elementor-element-325725d9\" data-id=\"325725d9\" data-element_type=\"column\" data-e-type=\"column\">\n\t\t\t<div class=\"elementor-widget-wrap elementor-element-populated\">\n\t\t\t\t\t\t<div class=\"elementor-element elementor-element-267fb354 elementor-widget elementor-widget-text-editor\" data-id=\"267fb354\" data-element_type=\"widget\" data-e-type=\"widget\" data-widget_type=\"text-editor.default\">\n\t\t\t\t<div class=\"elementor-widget-container\">\n\t\t\t\t\t\t\t\t\t<div style=\"text-align: center;\"><a href=\"https:\/\/help.foosales.com\/docs\/topics\/checkout\/\" rel=\"nofollow noopener\"><img decoding=\"async\" class=\"alignnone wp-image-76092 size-full\" src=\"https:\/\/www.foosales.com\/wp-content\/uploads\/2021\/05\/wapuu-foosales.png\" alt=\"\" width=\"130\" height=\"121\" title=\"\"><\/a><\/div><p style=\"text-align: center;\">Visitez notre <span style=\"text-decoration: underline;\"><a href=\"https:\/\/help.foosales.com\/docs\/topics\/checkout\/\" rel=\"nofollow noopener\">Centre d'aide<\/a><\/span> pour<br \/>des informations plus d\u00e9taill\u00e9es.<\/p>\t\t\t\t\t\t\t\t<\/div>\n\t\t\t\t<\/div>\n\t\t\t\t<div class=\"elementor-element elementor-element-9b590fa elementor-widget elementor-widget-heading\" data-id=\"9b590fa\" data-element_type=\"widget\" data-e-type=\"widget\" data-widget_type=\"heading.default\">\n\t\t\t\t<div class=\"elementor-widget-container\">\n\t\t\t\t\t<h2 class=\"elementor-heading-title elementor-size-default\">Pr\u00eat \u00e0 commencer ?<\/h2>\t\t\t\t<\/div>\n\t\t\t\t<\/div>\n\t\t\t\t<div class=\"elementor-element elementor-element-6d70bdd4 elementor-widget elementor-widget-global elementor-global-172358 elementor-widget-heading\" data-id=\"6d70bdd4\" data-element_type=\"widget\" data-e-type=\"widget\" data-widget_type=\"heading.default\">\n\t\t\t\t<div class=\"elementor-widget-container\">\n\t\t\t\t\t<p class=\"elementor-heading-title elementor-size-large\">Inscrivez-vous pour obtenir un acc\u00e8s instantan\u00e9 \u00e0 FooSales WooCommerce POS. Il suffit de quelques minutes pour cr\u00e9er un compte et commencer votre essai gratuit de 7 jours !\n<span style=\"text-decoration: underline\"><br>Aucune carte de cr\u00e9dit ni aucun d\u00e9tail de facturation n'est requis.<\/span><\/p>\t\t\t\t<\/div>\n\t\t\t\t<\/div>\n\t\t\t\t<div class=\"elementor-element elementor-element-174df71d elementor-align-center elementor-widget__width-auto elementor-widget elementor-widget-button\" data-id=\"174df71d\" data-element_type=\"widget\" data-e-type=\"widget\" data-widget_type=\"button.default\">\n\t\t\t\t<div class=\"elementor-widget-container\">\n\t\t\t\t\t\t\t\t\t<div class=\"elementor-button-wrapper\">\n\t\t\t\t\t<a class=\"elementor-button elementor-button-link elementor-size-md\" href=\"https:\/\/www.foosales.com\/fr\/telecharger\/\">\n\t\t\t\t\t\t<span class=\"elementor-button-content-wrapper\">\n\t\t\t\t\t\t\t\t\t<span class=\"elementor-button-text\">Commencer<\/span>\n\t\t\t\t\t<\/span>\n\t\t\t\t\t<\/a>\n\t\t\t\t<\/div>\n\t\t\t\t\t\t\t\t<\/div>\n\t\t\t\t<\/div>\n\t\t\t\t<div class=\"elementor-element elementor-element-675526b2 elementor-widget elementor-widget-text-editor\" data-id=\"675526b2\" data-element_type=\"widget\" data-e-type=\"widget\" data-widget_type=\"text-editor.default\">\n\t\t\t\t<div class=\"elementor-widget-container\">\n\t\t\t\t\t\t\t\t\t<p style=\"text-align: center;\"><a href=\"https:\/\/www.foosales.com\/fr\/la-tarification\/\"><span style=\"text-decoration: underline;\">Voir le prix<\/span><\/a> ou <span style=\"text-decoration: underline;\"><a href=\"https:\/\/www.foosales.com\/fr\/demo\/\">Essayer la d\u00e9mo<\/a><\/span><\/p>\t\t\t\t\t\t\t\t<\/div>\n\t\t\t\t<\/div>\n\t\t\t\t\t<\/div>\n\t\t<\/div>\n\t\t\t\t\t<\/div>\n\t\t<\/section>\n\t\t\t\t<section class=\"elementor-section elementor-top-section elementor-element elementor-element-271a6685 elementor-section-full_width elementor-section-height-min-height elementor-section-height-default elementor-section-items-middle\" data-id=\"271a6685\" data-element_type=\"section\" data-e-type=\"section\">\n\t\t\t\t\t\t<div class=\"elementor-container elementor-column-gap-no\">\n\t\t\t\t\t<div class=\"elementor-column elementor-col-100 elementor-top-column elementor-element elementor-element-641f5a50\" data-id=\"641f5a50\" data-element_type=\"column\" data-e-type=\"column\">\n\t\t\t<div class=\"elementor-widget-wrap elementor-element-populated\">\n\t\t\t\t\t\t<div class=\"elementor-element elementor-element-7b0f5e3b elementor-position-inline-end elementor-widget__width-initial elementor-fixed elementor-view-default elementor-mobile-position-block-start elementor-widget elementor-widget-icon-box\" data-id=\"7b0f5e3b\" data-element_type=\"widget\" data-e-type=\"widget\" data-settings=\"{&quot;_position&quot;:&quot;fixed&quot;}\" data-widget_type=\"icon-box.default\">\n\t\t\t\t<div class=\"elementor-widget-container\">\n\t\t\t\t\t\t\t<div class=\"elementor-icon-box-wrapper\">\n\n\t\t\t\t\t\t<div class=\"elementor-icon-box-icon\">\n\t\t\t\t<a href=\"https:\/\/www.foosales.com\/fr\/caracteristiques\/alertes-de-commande\/\" class=\"elementor-icon\" tabindex=\"-1\" aria-label=\"Suivant\">\n\t\t\t\t<i aria-hidden=\"true\" class=\"fas fa-chevron-right\"><\/i>\t\t\t\t<\/a>\n\t\t\t<\/div>\n\t\t\t\n\t\t\t\t\t\t<div class=\"elementor-icon-box-content\">\n\n\t\t\t\t\t\t\t\t\t<h2 class=\"elementor-icon-box-title\">\n\t\t\t\t\t\t<a href=\"https:\/\/www.foosales.com\/fr\/caracteristiques\/alertes-de-commande\/\">\n\t\t\t\t\t\t\tSuivant\t\t\t\t\t\t<\/a>\n\t\t\t\t\t<\/h2>\n\t\t\t\t\n\t\t\t\t\n\t\t\t<\/div>\n\t\t\t\n\t\t<\/div>\n\t\t\t\t\t\t<\/div>\n\t\t\t\t<\/div>\n\t\t\t\t<div class=\"elementor-element elementor-element-4f094132 elementor-position-inline-start elementor-widget__width-initial elementor-fixed elementor-view-default elementor-mobile-position-block-start elementor-widget elementor-widget-icon-box\" data-id=\"4f094132\" data-element_type=\"widget\" data-e-type=\"widget\" data-settings=\"{&quot;_position&quot;:&quot;fixed&quot;}\" data-widget_type=\"icon-box.default\">\n\t\t\t\t<div class=\"elementor-widget-container\">\n\t\t\t\t\t\t\t<div class=\"elementor-icon-box-wrapper\">\n\n\t\t\t\t\t\t<div class=\"elementor-icon-box-icon\">\n\t\t\t\t<a href=\"https:\/\/www.foosales.com\/fr\/caracteristiques\/remboursements\/\" class=\"elementor-icon\" tabindex=\"-1\" aria-label=\"Pr\u00e9venir\">\n\t\t\t\t<i aria-hidden=\"true\" class=\"fas fa-chevron-left\"><\/i>\t\t\t\t<\/a>\n\t\t\t<\/div>\n\t\t\t\n\t\t\t\t\t\t<div class=\"elementor-icon-box-content\">\n\n\t\t\t\t\t\t\t\t\t<h2 class=\"elementor-icon-box-title\">\n\t\t\t\t\t\t<a href=\"https:\/\/www.foosales.com\/fr\/caracteristiques\/remboursements\/\">\n\t\t\t\t\t\t\tPr\u00e9venir\t\t\t\t\t\t<\/a>\n\t\t\t\t\t<\/h2>\n\t\t\t\t\n\t\t\t\t\n\t\t\t<\/div>\n\t\t\t\n\t\t<\/div>\n\t\t\t\t\t\t<\/div>\n\t\t\t\t<\/div>\n\t\t\t\t\t<\/div>\n\t\t<\/div>\n\t\t\t\t\t<\/div>\n\t\t<\/section>\n\t\t\t\t<\/div>","protected":false},"excerpt":{"rendered":"<p>Split Payments Find products and create orders instantly Gone are the days when customers had to choose just one payment [&hellip;]<\/p>\n","protected":false},"author":68,"featured_media":0,"parent":17892,"menu_order":0,"comment_status":"closed","ping_status":"closed","template":"","meta":{"site-sidebar-layout":"no-sidebar","site-content-layout":"page-builder","ast-site-content-layout":"normal-width-container","site-content-style":"unboxed","site-sidebar-style":"unboxed","ast-global-header-display":"","ast-banner-title-visibility":"","ast-main-header-display":"","ast-hfb-above-header-display":"","ast-hfb-below-header-display":"","ast-hfb-mobile-header-display":"","site-post-title":"disabled","ast-breadcrumbs-content":"","ast-featured-img":"disabled","footer-sml-layout":"","ast-disable-related-posts":"","theme-transparent-header-meta":"default","adv-header-id-meta":"","stick-header-meta":"default","header-above-stick-meta":"","header-main-stick-meta":"","header-below-stick-meta":"","astra-migrate-meta-layouts":"set","ast-page-background-enabled":"default","ast-page-background-meta":{"desktop":{"background-color":"","background-image":"","background-repeat":"repeat","background-position":"center center","background-size":"auto","background-attachment":"scroll","background-type":"","background-media":"","overlay-type":"","overlay-color":"","overlay-opacity":"","overlay-gradient":""},"tablet":{"background-color":"","background-image":"","background-repeat":"repeat","background-position":"center center","background-size":"auto","background-attachment":"scroll","background-type":"","background-media":"","overlay-type":"","overlay-color":"","overlay-opacity":"","overlay-gradient":""},"mobile":{"background-color":"","background-image":"","background-repeat":"repeat","background-position":"center center","background-size":"auto","background-attachment":"scroll","background-type":"","background-media":"","overlay-type":"","overlay-color":"","overlay-opacity":"","overlay-gradient":""}},"ast-content-background-meta":{"desktop":{"background-color":"var(--ast-global-color-5)","background-image":"","background-repeat":"repeat","background-position":"center center","background-size":"auto","background-attachment":"scroll","background-type":"","background-media":"","overlay-type":"","overlay-color":"","overlay-opacity":"","overlay-gradient":""},"tablet":{"background-color":"var(--ast-global-color-5)","background-image":"","background-repeat":"repeat","background-position":"center center","background-size":"auto","background-attachment":"scroll","background-type":"","background-media":"","overlay-type":"","overlay-color":"","overlay-opacity":"","overlay-gradient":""},"mobile":{"background-color":"var(--ast-global-color-5)","background-image":"","background-repeat":"repeat","background-position":"center center","background-size":"auto","background-attachment":"scroll","background-type":"","background-media":"","overlay-type":"","overlay-color":"","overlay-opacity":"","overlay-gradient":""}},"footnotes":""},"class_list":["post-181265","page","type-page","status-publish","hentry"],"_links":{"self":[{"href":"https:\/\/www.foosales.com\/fr\/wp-json\/wp\/v2\/pages\/181265","targetHints":{"allow":["GET"]}}],"collection":[{"href":"https:\/\/www.foosales.com\/fr\/wp-json\/wp\/v2\/pages"}],"about":[{"href":"https:\/\/www.foosales.com\/fr\/wp-json\/wp\/v2\/types\/page"}],"author":[{"embeddable":true,"href":"https:\/\/www.foosales.com\/fr\/wp-json\/wp\/v2\/users\/68"}],"replies":[{"embeddable":true,"href":"https:\/\/www.foosales.com\/fr\/wp-json\/wp\/v2\/comments?post=181265"}],"version-history":[{"count":3,"href":"https:\/\/www.foosales.com\/fr\/wp-json\/wp\/v2\/pages\/181265\/revisions"}],"predecessor-version":[{"id":183920,"href":"https:\/\/www.foosales.com\/fr\/wp-json\/wp\/v2\/pages\/181265\/revisions\/183920"}],"up":[{"embeddable":true,"href":"https:\/\/www.foosales.com\/fr\/wp-json\/wp\/v2\/pages\/17892"}],"wp:attachment":[{"href":"https:\/\/www.foosales.com\/fr\/wp-json\/wp\/v2\/media?parent=181265"}],"curies":[{"name":"wp","href":"https:\/\/api.w.org\/{rel}","templated":true}]}}