{"id":181267,"date":"2024-11-06T23:45:36","date_gmt":"2024-11-07T07:45:36","guid":{"rendered":"https:\/\/foosales.com\/?page_id=181267"},"modified":"2025-06-23T07:08:58","modified_gmt":"2025-06-23T14:08:58","slug":"alertes-de-commande","status":"publish","type":"page","link":"https:\/\/www.foosales.com\/fr\/features\/order-alerts\/","title":{"rendered":"Alertes de commande"},"content":{"rendered":"<div data-elementor-type=\"wp-page\" data-elementor-id=\"181267\" class=\"elementor elementor-181267\" data-elementor-post-type=\"page\">\n\t\t\t\t\t\t<section class=\"elementor-section elementor-top-section elementor-element elementor-element-6e8a667d elementor-section-boxed elementor-section-height-default elementor-section-height-default\" data-id=\"6e8a667d\" data-element_type=\"section\" data-e-type=\"section\">\n\t\t\t\t\t\t<div class=\"elementor-container elementor-column-gap-default\">\n\t\t\t\t\t<div class=\"elementor-column elementor-col-100 elementor-top-column elementor-element elementor-element-a39f31f\" data-id=\"a39f31f\" data-element_type=\"column\" data-e-type=\"column\">\n\t\t\t<div class=\"elementor-widget-wrap elementor-element-populated\">\n\t\t\t\t\t\t<div class=\"elementor-element elementor-element-160aa2a5 elementor-widget elementor-widget-heading\" data-id=\"160aa2a5\" data-element_type=\"widget\" data-e-type=\"widget\" data-widget_type=\"heading.default\">\n\t\t\t\t<div class=\"elementor-widget-container\">\n\t\t\t\t\t<h2 class=\"elementor-heading-title elementor-size-default\">Alertes de commande<\/h2>\t\t\t\t<\/div>\n\t\t\t\t<\/div>\n\t\t\t\t<div class=\"elementor-element elementor-element-5e8f3976 elementor-widget elementor-widget-heading\" data-id=\"5e8f3976\" data-element_type=\"widget\" data-e-type=\"widget\" data-widget_type=\"heading.default\">\n\t\t\t\t<div class=\"elementor-widget-container\">\n\t\t\t\t\t<h1 class=\"elementor-heading-title elementor-size-xxl\">Restez au courant des ventes gr\u00e2ce \u00e0 des alertes en temps r\u00e9el<\/h1>\t\t\t\t<\/div>\n\t\t\t\t<\/div>\n\t\t\t\t<div class=\"elementor-element elementor-element-1f9f42d0 elementor-widget elementor-widget-text-editor\" data-id=\"1f9f42d0\" data-element_type=\"widget\" data-e-type=\"widget\" data-widget_type=\"text-editor.default\">\n\t\t\t\t<div class=\"elementor-widget-container\">\n\t\t\t\t\t\t\t\t\t<p><span style=\"font-weight: 400;\">Chaque vente est importante, et gr\u00e2ce aux alertes de commande de FooSales, vous n'en manquerez jamais une. Les alertes de commande vous donnent des notifications instantan\u00e9es et en temps r\u00e9el pour les nouvelles commandes, ce qui vous permet de rester connect\u00e9 et r\u00e9actif, que vous g\u00e9riez des ventes en magasin ou en d\u00e9placement. Avec FooSales, il est plus facile que jamais de rester inform\u00e9 sur chaque transaction.<\/span><\/p>\t\t\t\t\t\t\t\t<\/div>\n\t\t\t\t<\/div>\n\t\t\t\t\t<\/div>\n\t\t<\/div>\n\t\t\t\t\t<\/div>\n\t\t<\/section>\n\t\t\t\t<section class=\"elementor-section elementor-top-section elementor-element elementor-element-5bbb21b4 elementor-section-boxed elementor-section-height-default elementor-section-height-default\" data-id=\"5bbb21b4\" data-element_type=\"section\" data-e-type=\"section\">\n\t\t\t\t\t\t<div class=\"elementor-container elementor-column-gap-default\">\n\t\t\t\t\t<div class=\"elementor-column elementor-col-100 elementor-top-column elementor-element elementor-element-39effd27\" data-id=\"39effd27\" data-element_type=\"column\" data-e-type=\"column\">\n\t\t\t<div class=\"elementor-widget-wrap elementor-element-populated\">\n\t\t\t\t\t\t<div class=\"elementor-element elementor-element-2e3aa1a2 elementor-widget elementor-widget-image\" data-id=\"2e3aa1a2\" data-element_type=\"widget\" data-e-type=\"widget\" data-widget_type=\"image.default\">\n\t\t\t\t<div class=\"elementor-widget-container\">\n\t\t\t\t\t\t\t\t\t\t\t\t\t\t\t<img fetchpriority=\"high\" decoding=\"async\" width=\"1000\" height=\"678\" src=\"https:\/\/www.foosales.com\/wp-content\/uploads\/2024\/11\/foosales-order-alerts.png\" class=\"attachment-large size-large wp-image-181293\" alt=\"FooSales Alertes de commande\" srcset=\"https:\/\/www.foosales.com\/wp-content\/uploads\/2024\/11\/foosales-order-alerts.png 1000w, https:\/\/www.foosales.com\/wp-content\/uploads\/2024\/11\/foosales-order-alerts-300x203.png 300w, https:\/\/www.foosales.com\/wp-content\/uploads\/2024\/11\/foosales-order-alerts-768x521.png 768w, https:\/\/www.foosales.com\/wp-content\/uploads\/2024\/11\/foosales-order-alerts-18x12.png 18w, https:\/\/www.foosales.com\/wp-content\/uploads\/2024\/11\/foosales-order-alerts-600x407.png 600w\" sizes=\"(max-width: 1000px) 100vw, 1000px\" title=\"\">\t\t\t\t\t\t\t\t\t\t\t\t\t\t\t<\/div>\n\t\t\t\t<\/div>\n\t\t\t\t\t<\/div>\n\t\t<\/div>\n\t\t\t\t\t<\/div>\n\t\t<\/section>\n\t\t\t\t<section class=\"elementor-section elementor-top-section elementor-element elementor-element-437a98da elementor-section-boxed elementor-section-height-default elementor-section-height-default\" data-id=\"437a98da\" data-element_type=\"section\" data-e-type=\"section\">\n\t\t\t\t\t\t<div class=\"elementor-container elementor-column-gap-default\">\n\t\t\t\t\t<div class=\"elementor-column elementor-col-100 elementor-top-column elementor-element elementor-element-424b63b0\" data-id=\"424b63b0\" data-element_type=\"column\" data-e-type=\"column\">\n\t\t\t<div class=\"elementor-widget-wrap elementor-element-populated\">\n\t\t\t\t\t\t<div class=\"elementor-element elementor-element-3a8a5841 elementor-widget elementor-widget-text-editor\" data-id=\"3a8a5841\" data-element_type=\"widget\" data-e-type=\"widget\" data-widget_type=\"text-editor.default\">\n\t\t\t\t<div class=\"elementor-widget-container\">\n\t\t\t\t\t\t\t\t\t<div style=\"text-align: center;\"><a href=\"https:\/\/help.foosales.com\/docs\/topics\/checkout\/\" rel=\"nofollow noopener\"><img decoding=\"async\" class=\"alignnone wp-image-76092 size-full\" src=\"https:\/\/www.foosales.com\/wp-content\/uploads\/2021\/05\/wapuu-foosales.png\" alt=\"\" width=\"130\" height=\"121\" title=\"\"><\/a><\/div><p style=\"text-align: center;\">Visitez notre <span style=\"text-decoration: underline;\"><a href=\"https:\/\/help.foosales.com\/docs\/topics\/checkout\/\" rel=\"nofollow noopener\">Centre d'aide<\/a><\/span> pour<br \/>des informations plus d\u00e9taill\u00e9es.<\/p>\t\t\t\t\t\t\t\t<\/div>\n\t\t\t\t<\/div>\n\t\t\t\t<div class=\"elementor-element elementor-element-79fb7793 elementor-widget elementor-widget-heading\" data-id=\"79fb7793\" data-element_type=\"widget\" data-e-type=\"widget\" data-widget_type=\"heading.default\">\n\t\t\t\t<div class=\"elementor-widget-container\">\n\t\t\t\t\t<h2 class=\"elementor-heading-title elementor-size-default\">Pr\u00eat \u00e0 commencer ?<\/h2>\t\t\t\t<\/div>\n\t\t\t\t<\/div>\n\t\t\t\t<div class=\"elementor-element elementor-element-50249637 elementor-widget elementor-widget-global elementor-global-172358 elementor-widget-heading\" data-id=\"50249637\" data-element_type=\"widget\" data-e-type=\"widget\" data-widget_type=\"heading.default\">\n\t\t\t\t<div class=\"elementor-widget-container\">\n\t\t\t\t\t<p class=\"elementor-heading-title elementor-size-large\">Inscrivez-vous pour obtenir un acc\u00e8s instantan\u00e9 \u00e0 FooSales WooCommerce POS. Il suffit de quelques minutes pour cr\u00e9er un compte et commencer votre essai gratuit de 7 jours !\n<span style=\"text-decoration: underline\"><br>Aucune carte de cr\u00e9dit ni aucun d\u00e9tail de facturation n'est requis.<\/span><\/p>\t\t\t\t<\/div>\n\t\t\t\t<\/div>\n\t\t\t\t<div class=\"elementor-element elementor-element-28f54edd elementor-align-center elementor-widget__width-auto elementor-widget elementor-widget-button\" data-id=\"28f54edd\" data-element_type=\"widget\" data-e-type=\"widget\" data-widget_type=\"button.default\">\n\t\t\t\t<div class=\"elementor-widget-container\">\n\t\t\t\t\t\t\t\t\t<div class=\"elementor-button-wrapper\">\n\t\t\t\t\t<a class=\"elementor-button elementor-button-link elementor-size-md\" href=\"https:\/\/www.foosales.com\/fr\/telecharger\/\">\n\t\t\t\t\t\t<span class=\"elementor-button-content-wrapper\">\n\t\t\t\t\t\t\t\t\t<span class=\"elementor-button-text\">Commencer<\/span>\n\t\t\t\t\t<\/span>\n\t\t\t\t\t<\/a>\n\t\t\t\t<\/div>\n\t\t\t\t\t\t\t\t<\/div>\n\t\t\t\t<\/div>\n\t\t\t\t<div class=\"elementor-element elementor-element-77f30d24 elementor-widget elementor-widget-text-editor\" data-id=\"77f30d24\" data-element_type=\"widget\" data-e-type=\"widget\" data-widget_type=\"text-editor.default\">\n\t\t\t\t<div class=\"elementor-widget-container\">\n\t\t\t\t\t\t\t\t\t<p style=\"text-align: center;\"><a href=\"https:\/\/www.foosales.com\/fr\/la-tarification\/\"><span style=\"text-decoration: underline;\">Voir le prix<\/span><\/a> ou <span style=\"text-decoration: underline;\"><a href=\"https:\/\/www.foosales.com\/fr\/demo\/\">Essayer la d\u00e9mo<\/a><\/span><\/p>\t\t\t\t\t\t\t\t<\/div>\n\t\t\t\t<\/div>\n\t\t\t\t\t<\/div>\n\t\t<\/div>\n\t\t\t\t\t<\/div>\n\t\t<\/section>\n\t\t\t\t<section class=\"elementor-section elementor-top-section elementor-element elementor-element-1cccb9c7 elementor-section-full_width elementor-section-height-min-height elementor-section-height-default elementor-section-items-middle\" data-id=\"1cccb9c7\" data-element_type=\"section\" data-e-type=\"section\">\n\t\t\t\t\t\t<div class=\"elementor-container elementor-column-gap-no\">\n\t\t\t\t\t<div class=\"elementor-column elementor-col-100 elementor-top-column elementor-element elementor-element-2c972697\" data-id=\"2c972697\" data-element_type=\"column\" data-e-type=\"column\">\n\t\t\t<div class=\"elementor-widget-wrap elementor-element-populated\">\n\t\t\t\t\t\t<div class=\"elementor-element elementor-element-3fc32411 elementor-position-inline-end elementor-widget__width-initial elementor-fixed elementor-view-default elementor-mobile-position-block-start elementor-widget elementor-widget-icon-box\" data-id=\"3fc32411\" data-element_type=\"widget\" data-e-type=\"widget\" data-settings=\"{&quot;_position&quot;:&quot;fixed&quot;}\" data-widget_type=\"icon-box.default\">\n\t\t\t\t<div class=\"elementor-widget-container\">\n\t\t\t\t\t\t\t<div class=\"elementor-icon-box-wrapper\">\n\n\t\t\t\t\t\t<div class=\"elementor-icon-box-icon\">\n\t\t\t\t<a href=\"https:\/\/www.foosales.com\/fr\/caracteristiques\/rapports\/\" class=\"elementor-icon\" tabindex=\"-1\" aria-label=\"Suivant\">\n\t\t\t\t<i aria-hidden=\"true\" class=\"fas fa-chevron-right\"><\/i>\t\t\t\t<\/a>\n\t\t\t<\/div>\n\t\t\t\n\t\t\t\t\t\t<div class=\"elementor-icon-box-content\">\n\n\t\t\t\t\t\t\t\t\t<h2 class=\"elementor-icon-box-title\">\n\t\t\t\t\t\t<a href=\"https:\/\/www.foosales.com\/fr\/caracteristiques\/rapports\/\">\n\t\t\t\t\t\t\tSuivant\t\t\t\t\t\t<\/a>\n\t\t\t\t\t<\/h2>\n\t\t\t\t\n\t\t\t\t\n\t\t\t<\/div>\n\t\t\t\n\t\t<\/div>\n\t\t\t\t\t\t<\/div>\n\t\t\t\t<\/div>\n\t\t\t\t<div class=\"elementor-element elementor-element-2fc8f070 elementor-position-inline-start elementor-widget__width-initial elementor-fixed elementor-view-default elementor-mobile-position-block-start elementor-widget elementor-widget-icon-box\" data-id=\"2fc8f070\" data-element_type=\"widget\" data-e-type=\"widget\" data-settings=\"{&quot;_position&quot;:&quot;fixed&quot;}\" data-widget_type=\"icon-box.default\">\n\t\t\t\t<div class=\"elementor-widget-container\">\n\t\t\t\t\t\t\t<div class=\"elementor-icon-box-wrapper\">\n\n\t\t\t\t\t\t<div class=\"elementor-icon-box-icon\">\n\t\t\t\t<a href=\"https:\/\/www.foosales.com\/fr\/caracteristiques\/paiements-fractionnes\/\" class=\"elementor-icon\" tabindex=\"-1\" aria-label=\"Pr\u00e9venir\">\n\t\t\t\t<i aria-hidden=\"true\" class=\"fas fa-chevron-left\"><\/i>\t\t\t\t<\/a>\n\t\t\t<\/div>\n\t\t\t\n\t\t\t\t\t\t<div class=\"elementor-icon-box-content\">\n\n\t\t\t\t\t\t\t\t\t<h2 class=\"elementor-icon-box-title\">\n\t\t\t\t\t\t<a href=\"https:\/\/www.foosales.com\/fr\/caracteristiques\/paiements-fractionnes\/\">\n\t\t\t\t\t\t\tPr\u00e9venir\t\t\t\t\t\t<\/a>\n\t\t\t\t\t<\/h2>\n\t\t\t\t\n\t\t\t\t\n\t\t\t<\/div>\n\t\t\t\n\t\t<\/div>\n\t\t\t\t\t\t<\/div>\n\t\t\t\t<\/div>\n\t\t\t\t\t<\/div>\n\t\t<\/div>\n\t\t\t\t\t<\/div>\n\t\t<\/section>\n\t\t\t\t<\/div>","protected":false},"excerpt":{"rendered":"<p>Order Alerts Stay on top of sales with real-time alerts Every sale is important, and with FooSales Order Alerts, you\u2019ll [&hellip;]<\/p>\n","protected":false},"author":68,"featured_media":0,"parent":17892,"menu_order":0,"comment_status":"closed","ping_status":"closed","template":"","meta":{"site-sidebar-layout":"no-sidebar","site-content-layout":"page-builder","ast-site-content-layout":"normal-width-container","site-content-style":"unboxed","site-sidebar-style":"unboxed","ast-global-header-display":"","ast-banner-title-visibility":"","ast-main-header-display":"","ast-hfb-above-header-display":"","ast-hfb-below-header-display":"","ast-hfb-mobile-header-display":"","site-post-title":"disabled","ast-breadcrumbs-content":"","ast-featured-img":"disabled","footer-sml-layout":"","ast-disable-related-posts":"","theme-transparent-header-meta":"default","adv-header-id-meta":"","stick-header-meta":"default","header-above-stick-meta":"","header-main-stick-meta":"","header-below-stick-meta":"","astra-migrate-meta-layouts":"set","ast-page-background-enabled":"default","ast-page-background-meta":{"desktop":{"background-color":"","background-image":"","background-repeat":"repeat","background-position":"center center","background-size":"auto","background-attachment":"scroll","background-type":"","background-media":"","overlay-type":"","overlay-color":"","overlay-opacity":"","overlay-gradient":""},"tablet":{"background-color":"","background-image":"","background-repeat":"repeat","background-position":"center center","background-size":"auto","background-attachment":"scroll","background-type":"","background-media":"","overlay-type":"","overlay-color":"","overlay-opacity":"","overlay-gradient":""},"mobile":{"background-color":"","background-image":"","background-repeat":"repeat","background-position":"center center","background-size":"auto","background-attachment":"scroll","background-type":"","background-media":"","overlay-type":"","overlay-color":"","overlay-opacity":"","overlay-gradient":""}},"ast-content-background-meta":{"desktop":{"background-color":"var(--ast-global-color-5)","background-image":"","background-repeat":"repeat","background-position":"center center","background-size":"auto","background-attachment":"scroll","background-type":"","background-media":"","overlay-type":"","overlay-color":"","overlay-opacity":"","overlay-gradient":""},"tablet":{"background-color":"var(--ast-global-color-5)","background-image":"","background-repeat":"repeat","background-position":"center center","background-size":"auto","background-attachment":"scroll","background-type":"","background-media":"","overlay-type":"","overlay-color":"","overlay-opacity":"","overlay-gradient":""},"mobile":{"background-color":"var(--ast-global-color-5)","background-image":"","background-repeat":"repeat","background-position":"center center","background-size":"auto","background-attachment":"scroll","background-type":"","background-media":"","overlay-type":"","overlay-color":"","overlay-opacity":"","overlay-gradient":""}},"footnotes":""},"class_list":["post-181267","page","type-page","status-publish","hentry"],"_links":{"self":[{"href":"https:\/\/www.foosales.com\/fr\/wp-json\/wp\/v2\/pages\/181267","targetHints":{"allow":["GET"]}}],"collection":[{"href":"https:\/\/www.foosales.com\/fr\/wp-json\/wp\/v2\/pages"}],"about":[{"href":"https:\/\/www.foosales.com\/fr\/wp-json\/wp\/v2\/types\/page"}],"author":[{"embeddable":true,"href":"https:\/\/www.foosales.com\/fr\/wp-json\/wp\/v2\/users\/68"}],"replies":[{"embeddable":true,"href":"https:\/\/www.foosales.com\/fr\/wp-json\/wp\/v2\/comments?post=181267"}],"version-history":[{"count":3,"href":"https:\/\/www.foosales.com\/fr\/wp-json\/wp\/v2\/pages\/181267\/revisions"}],"predecessor-version":[{"id":183923,"href":"https:\/\/www.foosales.com\/fr\/wp-json\/wp\/v2\/pages\/181267\/revisions\/183923"}],"up":[{"embeddable":true,"href":"https:\/\/www.foosales.com\/fr\/wp-json\/wp\/v2\/pages\/17892"}],"wp:attachment":[{"href":"https:\/\/www.foosales.com\/fr\/wp-json\/wp\/v2\/media?parent=181267"}],"curies":[{"name":"wp","href":"https:\/\/api.w.org\/{rel}","templated":true}]}}