{"id":135206,"date":"2021-08-13T03:07:56","date_gmt":"2021-08-13T10:07:56","guid":{"rendered":"https:\/\/foosales.com\/?post_type=product&#038;p=135206"},"modified":"2024-11-25T14:19:33","modified_gmt":"2024-11-25T22:19:33","slug":"paiements-stripe","status":"publish","type":"product","link":"https:\/\/www.foosales.com\/fr\/product\/stripe-payments\/","title":{"rendered":"Stripe Paiements Add-on"},"content":{"rendered":"","protected":false},"excerpt":{"rendered":"<p>FooSales s'int\u00e8gre \u00e0 la <a href=\"https:\/\/docs.stripe.com\/terminal\/payments\/setup-reader\/stripe-reader-s700\" target=\"_blank\" rel=\"nofollow noopener\">Stripe S700<\/a>, <span style=\"font-size: 16px;\"><a href=\"https:\/\/stripe.com\/docs\/terminal\/readers\/bbpos-wisepos-e\" target=\"_blank\" rel=\"nofollow noopener\">BBPOS WisePOS\u2122 E<\/a><\/span>, <a href=\"https:\/\/docs.stripe.com\/terminal\/payments\/setup-reader\/stripe-m2\" target=\"_blank\" rel=\"nofollow noopener\">Stripe Lecteur M2<\/a>, <a href=\"https:\/\/docs.stripe.com\/terminal\/payments\/setup-reader\/bbpos-wisepad3\" target=\"_blank\" rel=\"nofollow noopener\">BBPOS WisePad\u2122 3<\/a>, <a href=\"https:\/\/stripe.com\/docs\/terminal\/readers\/bbpos-chipper2xbt\" target=\"_blank\" rel=\"noopener\">BBPOS Chipper\u2122 2X BT<\/a> et <a href=\"https:\/\/stripe.com\/docs\/terminal\/readers\/verifone-p400\">Verifone P400<\/a> des lecteurs de cartes pour enregistrer les paiements par carte en personne directement au sein de l'entreprise. <a href=\"https:\/\/help.foosales.com\/docs\/topics\/foosales-web-app\/\">FooSales web app<\/a> et <a href=\"https:\/\/help.foosales.com\/docs\/topics\/foosales-ipad-and-android-tablet-apps\/\">FooSales applications pour tablettes<\/a> pour une exp\u00e9rience de paiement transparente. Les totaux des commandes sont envoy\u00e9s \u00e0 Stripe au moment du paiement et FooSales compl\u00e8te automatiquement la commande de WooCommerce une fois le paiement effectu\u00e9 avec succ\u00e8s. Si vous n'avez pas de <strong>Lecteur de cartes Stripe<\/strong>Cependant, vous pouvez toujours saisir manuellement les d\u00e9tails de la carte \u00e0 la caisse pour traiter le paiement d'une commande, ce qui est utile pour prendre des commandes par t\u00e9l\u00e9phone, par exemple.<\/p>\n<p><strong><u><a href=\"https:\/\/www.foosales.com\/fr\/caracteristiques\/paiements\/rayure\/\">En savoir plus sur les paiements Stripe \u2192<\/a><\/u><\/strong><\/p>\n<p>Le module compl\u00e9mentaire FooSales Stripe Payments est n\u00e9cessaire pour l'int\u00e9gration Stripe qui peut \u00eatre achet\u00e9e avec un <a href=\"https:\/\/www.foosales.com\/fr\/la-tarification\/\">Plan \u00e0 domaine unique ou multiple<\/a> ainsi que s\u00e9par\u00e9ment si vous souhaitez l'ajouter \u00e0 l'avenir.<\/p>\n<p><strong><u><a href=\"https:\/\/help.foosales.com\/docs\/topics\/payments\/stripe-payment-integration\/#requirements\" target=\"_blank\" rel=\"noopener\">Voir les exigences \u2192<\/a><\/u><\/strong><\/p>","protected":false},"featured_media":138528,"template":"","meta":{"site-sidebar-layout":"default","site-content-layout":"default","ast-site-content-layout":"default","site-content-style":"default","site-sidebar-style":"default","ast-global-header-display":"","ast-banner-title-visibility":"","ast-main-header-display":"","ast-hfb-above-header-display":"","ast-hfb-below-header-display":"","ast-hfb-mobile-header-display":"","site-post-title":"","ast-breadcrumbs-content":"","ast-featured-img":"","footer-sml-layout":"","ast-disable-related-posts":"","theme-transparent-header-meta":"default","adv-header-id-meta":"","stick-header-meta":"default","header-above-stick-meta":"","header-main-stick-meta":"","header-below-stick-meta":"","astra-migrate-meta-layouts":"set","ast-page-background-enabled":"default","ast-page-background-meta":{"desktop":{"background-color":"","background-image":"","background-repeat":"repeat","background-position":"center center","background-size":"auto","background-attachment":"scroll","background-type":"","background-media":"","overlay-type":"","overlay-color":"","overlay-opacity":"","overlay-gradient":""},"tablet":{"background-color":"","background-image":"","background-repeat":"repeat","background-position":"center center","background-size":"auto","background-attachment":"scroll","background-type":"","background-media":"","overlay-type":"","overlay-color":"","overlay-opacity":"","overlay-gradient":""},"mobile":{"background-color":"","background-image":"","background-repeat":"repeat","background-position":"center center","background-size":"auto","background-attachment":"scroll","background-type":"","background-media":"","overlay-type":"","overlay-color":"","overlay-opacity":"","overlay-gradient":""}},"ast-content-background-meta":{"desktop":{"background-color":"var(--ast-global-color-5)","background-image":"","background-repeat":"repeat","background-position":"center center","background-size":"auto","background-attachment":"scroll","background-type":"","background-media":"","overlay-type":"","overlay-color":"","overlay-opacity":"","overlay-gradient":""},"tablet":{"background-color":"var(--ast-global-color-5)","background-image":"","background-repeat":"repeat","background-position":"center center","background-size":"auto","background-attachment":"scroll","background-type":"","background-media":"","overlay-type":"","overlay-color":"","overlay-opacity":"","overlay-gradient":""},"mobile":{"background-color":"var(--ast-global-color-5)","background-image":"","background-repeat":"repeat","background-position":"center center","background-size":"auto","background-attachment":"scroll","background-type":"","background-media":"","overlay-type":"","overlay-color":"","overlay-opacity":"","overlay-gradient":""}}},"product_brand":[],"product_cat":[68,262,293],"product_tag":[],"class_list":{"0":"post-135206","1":"product","2":"type-product","3":"status-publish","4":"has-post-thumbnail","6":"product_cat-subscription","7":"product_cat-add-on","8":"product_cat-stripe","9":"desktop-align-left","10":"tablet-align-left","11":"mobile-align-left","12":"ast-product-gallery-layout-vertical","13":"ast-product-gallery-with-no-image","14":"ast-magnify-disabled","15":"ast-product-single-variable","17":"first","18":"instock","19":"taxable","20":"shipping-taxable","21":"purchasable","22":"product-type-variable-subscription","23":"has-default-attributes"},"_links":{"self":[{"href":"https:\/\/www.foosales.com\/fr\/wp-json\/wp\/v2\/product\/135206","targetHints":{"allow":["GET"]}}],"collection":[{"href":"https:\/\/www.foosales.com\/fr\/wp-json\/wp\/v2\/product"}],"about":[{"href":"https:\/\/www.foosales.com\/fr\/wp-json\/wp\/v2\/types\/product"}],"wp:featuredmedia":[{"embeddable":true,"href":"https:\/\/www.foosales.com\/fr\/wp-json\/wp\/v2\/media\/138528"}],"wp:attachment":[{"href":"https:\/\/www.foosales.com\/fr\/wp-json\/wp\/v2\/media?parent=135206"}],"wp:term":[{"taxonomy":"product_brand","embeddable":true,"href":"https:\/\/www.foosales.com\/fr\/wp-json\/wp\/v2\/product_brand?post=135206"},{"taxonomy":"product_cat","embeddable":true,"href":"https:\/\/www.foosales.com\/fr\/wp-json\/wp\/v2\/product_cat?post=135206"},{"taxonomy":"product_tag","embeddable":true,"href":"https:\/\/www.foosales.com\/fr\/wp-json\/wp\/v2\/product_tag?post=135206"}],"curies":[{"name":"wp","href":"https:\/\/api.w.org\/{rel}","templated":true}]}}