{"id":141325,"date":"2022-01-12T14:12:18","date_gmt":"2022-01-12T21:12:18","guid":{"rendered":"https:\/\/foosales.com\/?page_id=141325"},"modified":"2024-09-03T18:46:28","modified_gmt":"2024-09-04T01:46:28","slug":"informativa-sulla-privacy","status":"publish","type":"page","link":"https:\/\/www.foosales.com\/it\/privacy-policy\/","title":{"rendered":"Informativa sulla privacy (VECCHIO)"},"content":{"rendered":"<div data-elementor-type=\"wp-page\" data-elementor-id=\"141325\" class=\"elementor elementor-141325\" data-elementor-post-type=\"page\">\n\t\t\t\t\t\t<section class=\"elementor-section elementor-top-section elementor-element elementor-element-986b7e9 elementor-section-boxed elementor-section-height-default elementor-section-height-default\" data-id=\"986b7e9\" data-element_type=\"section\" data-e-type=\"section\">\n\t\t\t\t\t\t<div class=\"elementor-container elementor-column-gap-default\">\n\t\t\t\t\t<div class=\"elementor-column elementor-col-33 elementor-top-column elementor-element elementor-element-0917e5a\" data-id=\"0917e5a\" data-element_type=\"column\" data-e-type=\"column\">\n\t\t\t<div class=\"elementor-widget-wrap elementor-element-populated\">\n\t\t\t\t\t\t<div class=\"elementor-element elementor-element-d9f681b elementor-widget elementor-widget-text-editor\" data-id=\"d9f681b\" data-element_type=\"widget\" data-e-type=\"widget\" data-widget_type=\"text-editor.default\">\n\t\t\t\t<div class=\"elementor-widget-container\">\n\t\t\t\t\t\t\t\t\t<ol><li><a href=\"#who_we_are\">CHI SIAMO<\/a><\/li><li><a href=\"#personal_data_collection\">QUALI DATI PERSONALI RACCOGLIAMO<\/a><\/li><li><a href=\"#comments\">COMMENTI<\/a><\/li><li><a href=\"#media\">MEDIA<\/a><\/li><li><a href=\"#contact_forms\">MODULI DI CONTATTO<\/a><\/li><li><a href=\"#cookies\">COCCOLE<\/a><\/li><li><a href=\"#embedded_content\">CONTENUTI INCORPORATI DA ALTRI SITI WEB<\/a><\/li><li><a href=\"#analytics\">ANALISI<\/a><\/li><li><a href=\"#what_we_collect\">COSA RACCOGLIAMO E MEMORIZZIAMO<\/a><\/li><li><a href=\"#data_retention\">PER QUANTO TEMPO CONSERVIAMO I VOSTRI DATI<\/a><\/li><li><a href=\"#send_data\">DOVE INVIAMO I VOSTRI DATI<\/a><\/li><li><a href=\"#data_rights\">QUALI DIRITTI AVETE SUI VOSTRI DATI<\/a><\/li><li><a href=\"#data_access\">CHI DEL NOSTRO TEAM HA ACCESSO<\/a><\/li><\/ol>\t\t\t\t\t\t\t\t<\/div>\n\t\t\t\t<\/div>\n\t\t\t\t\t<\/div>\n\t\t<\/div>\n\t\t\t\t<div class=\"elementor-column elementor-col-66 elementor-top-column elementor-element elementor-element-734841c\" data-id=\"734841c\" data-element_type=\"column\" data-e-type=\"column\">\n\t\t\t<div class=\"elementor-widget-wrap elementor-element-populated\">\n\t\t\t\t\t\t<div class=\"elementor-element elementor-element-4d4ff1c elementor-widget elementor-widget-text-editor\" data-id=\"4d4ff1c\" data-element_type=\"widget\" data-e-type=\"widget\" data-widget_type=\"text-editor.default\">\n\t\t\t\t<div class=\"elementor-widget-container\">\n\t\t\t\t\t\t\t\t\t<h1>Informativa sulla privacy<\/h1>\n<em>Ultimo aggiornamento: 2 novembre 2021<\/em>\n<h3>1. CHI SIAMO<\/h3>\nFooSales \u00e8 un prodotto di propriet\u00e0 di Grenade Technologies (Pty) Ltd., registrata nella Repubblica del Sudafrica (n. reg. 2012\/051365\/07).\n\nL'indirizzo del nostro sito web \u00e8: <a href=\"https:\/\/www.foosales.com\/it\/\">https:\/\/www.foosales.com<\/a>\n\nPer qualsiasi domanda relativa alla nostra politica sulla privacy o per richieste di diritto di accesso \u00e8 possibile inviare un'e-mail a: privacy (at) foosales.com\n<h3>2. QUALI DATI PERSONALI RACCOGLIAMO E PERCH\u00c9 LI RACCOGLIAMO<\/h3>\nFooSales segue i seguenti principi per proteggere la vostra privacy:\n- Non raccogliamo pi\u00f9 informazioni del necessario;\n- Non utilizziamo i vostri dati per scopi diversi da quelli specificati;\n- Non conserviamo i vostri dati se non sono pi\u00f9 necessari;\n- Non diffondiamo i vostri dati a terzi senza il vostro consenso.\n\nIn caso di domande sulla nostra Informativa sulla privacy o se non siete d'accordo con essa, vi preghiamo di contattarci prima di utilizzare questo sito web. La nostra politica pu\u00f2 essere modificata di tanto in tanto, pertanto si consiglia di controllare frequentemente questa pagina per assicurarsi di essere a conoscenza di eventuali modifiche apportate.\n<h3>3. COMMENTI<\/h3>\nQuando i visitatori lasciano commenti sul sito, raccogliamo i dati mostrati nel modulo dei commenti, nonch\u00e9 l'indirizzo IP del visitatore e la stringa dello user agent del browser per facilitare il rilevamento dello spam.\n\nUna stringa anonima creata a partire dal vostro indirizzo e-mail (chiamata anche hash) pu\u00f2 essere fornita al servizio Gravatar per verificare se lo state utilizzando. L'informativa sulla privacy del servizio Gravatar \u00e8 disponibile qui: <a href=\"https:\/\/automattic.com\/privacy\/\" rel=\"nofollow noopener\">https:\/\/automattic.com\/privacy\/<\/a>\n\nDopo l'approvazione del commento, l'immagine del profilo \u00e8 visibile al pubblico nel contesto del commento.\n<h3>4. MEDIA<\/h3>\nSe si caricano immagini sul sito web, si dovrebbe evitare di caricare immagini con dati di localizzazione incorporati (EXIF GPS). I visitatori del sito web possono scaricare ed estrarre i dati di localizzazione dalle immagini presenti sul sito.\n<h3>5. MODULI DI CONTATTO<\/h3>\nSu questo sito web utilizziamo moduli di contatto per consentire a clienti e visitatori di iscriversi a mailing list, rispondere a sondaggi, inviare ticket di assistenza e mettersi in contatto con noi.\n\nAi fini del servizio clienti e della governance aziendale, archiviamo a tempo indeterminato nel database del nostro sito web le seguenti informazioni personali inviate tramite qualsiasi modulo di contatto: nome e cognome, URL del sito web (se fornito), indirizzo e-mail e indirizzo IP.\n\nFooSales non affitter\u00e0 o vender\u00e0 a nessuno le informazioni di identificazione personale. Oltre che ai propri dipendenti e appaltatori, come descritto in precedenza, FooSales divulga le informazioni di identificazione personale solo in risposta a una citazione in giudizio, a un ordine del tribunale o a un'altra richiesta governativa, o quando FooSales ritiene in buona fede che la divulgazione sia ragionevolmente necessaria per proteggere la propriet\u00e0 o i diritti di FooSales, di terzi o del pubblico in generale.\n\nSe siete clienti di FooSales e avete scelto di ricevere notizie e aggiornamenti da noi, FooSales pu\u00f2 occasionalmente inviarvi un'e-mail per informarvi su nuove funzionalit\u00e0, sollecitare il vostro feedback, o semplicemente tenervi aggiornati su ci\u00f2 che sta accadendo con FooSales e i nostri prodotti. Se ci inviate una richiesta (ad esempio tramite un'e-mail di supporto o uno dei nostri meccanismi di feedback), ci riserviamo il diritto di pubblicarla per aiutarci a chiarire o rispondere alla vostra richiesta o per aiutarci a supportare altri utenti.\n\nFooSales adotta tutte le misure ragionevolmente necessarie per proteggere dall'accesso non autorizzato, dall'uso, dall'alterazione o dalla distruzione di informazioni potenzialmente identificative e personali.\n\nCome parte delle nostre misure di sicurezza, abbiamo implementato il protocollo HTTPS su tutto il sito web e crittografiamo il flusso di dati tra il browser del cliente e il server web.\n<h3 id=\"cookies\">6. COCCOLE<\/h3>\nPer migliorare la vostra esperienza sul nostro sito, utilizziamo i \"cookie\". I cookie sono uno standard industriale e la maggior parte dei principali siti web li utilizza. Un cookie \u00e8 un piccolo file di testo che il nostro sito inserisce nel vostro computer per ricordare le vostre preferenze. L'utente pu\u00f2 rifiutare l'uso dei cookie selezionando le impostazioni appropriate sul proprio browser; tuttavia, si prega di notare che in tal caso potrebbe non essere in grado di utilizzare tutte le funzionalit\u00e0 di questo sito web.\n\nUtilizziamo i cookie di Google Analytics (descritti in dettaglio nella sezione <a href=\"#analytics\">Analisi<\/a> ) e il pixel di Facebook. Il pixel di Facebook \u00e8 uno strumento di analisi che ci permette di misurare l'efficacia della nostra pubblicit\u00e0 comprendendo le azioni che le persone compiono su questo sito web. I dettagli tecnici sul funzionamento del Pixel di Facebook e sui dati che raccoglie sono riportati nell'Informativa sui cookie di Facebook: <a href=\"https:\/\/www.facebook.com\/policies\/cookies\/\" rel=\"noopener\">https:\/\/www.facebook.com\/policies\/cookies\/<\/a>\n\nSe lasciate un commento sul nostro sito, potete scegliere di salvare il vostro nome, indirizzo e-mail e sito web nei cookie. Questi sono per vostra comodit\u00e0, in modo che non dobbiate inserire nuovamente i vostri dati quando lasciate un altro commento. La durata di questi cookie \u00e8 di un anno.\n\nSe avete un account e accedete a questo sito, imposteremo un cookie temporaneo per determinare se il vostro browser accetta i cookie. Questo cookie non contiene dati personali e viene eliminato quando si chiude il browser.\n\nAl momento dell'accesso, verranno inoltre impostati diversi cookie per salvare le informazioni di accesso e le scelte di visualizzazione dello schermo. I cookie di accesso durano due giorni, mentre quelli relativi alle opzioni dello schermo durano un anno. Se selezionate \"Ricordami\", il vostro login rester\u00e0 attivo per due settimane. Se si esce dal proprio account, i cookie di accesso verranno rimossi.\n\nSe modificate o pubblicate un articolo, nel vostro browser verr\u00e0 salvato un ulteriore cookie. Questo cookie non contiene dati personali e indica semplicemente l'ID del post dell'articolo appena modificato. Scade dopo 1 giorno.\n<h3>7. CONTENUTI INCORPORATI DA ALTRI SITI WEB<\/h3>\nGli articoli di questo sito possono includere contenuti incorporati (ad esempio video, immagini, articoli, ecc.). I contenuti incorporati provenienti da altri siti web si comportano esattamente come se il visitatore avesse visitato l'altro sito web.\n\nQuesti siti web possono raccogliere dati sull'utente, utilizzare cookie, incorporare un ulteriore tracciamento da parte di terzi e monitorare l'interazione dell'utente con il contenuto incorporato, compreso il tracciamento dell'interazione con il contenuto incorporato se l'utente dispone di un account e ha effettuato l'accesso al sito web in questione.\n<h3>8. ANALISI<\/h3>\nIl nostro sito web utilizza Google Analytics, un servizio che trasmette i dati del sito web ai server di Google negli Stati Uniti. Google Analytics non identifica i singoli utenti e non associa il vostro indirizzo IP a nessun altro dato posseduto da Google. Utilizziamo i rapporti forniti da Google Analytics per comprendere il traffico del sito web e l'utilizzo delle pagine web.\n\n\u00c8 possibile accedere all'informativa sulla privacy di Google qui: <a href=\"https:\/\/policies.google.com\/privacy\" rel=\"nofollow noopener\">https:\/\/policies.google.com\/privacy<\/a>\n\nPer sapere come Google utilizza le informazioni provenienti dai siti e dalle applicazioni che utilizzano il suo servizio, consultate questa pagina:\u00a0<a href=\"https:\/\/policies.google.com\/technologies\/partner-sites\" rel=\"nofollow noopener\">https:\/\/policies.google.com\/technologies\/partner-sites<\/a>\n\nUn elenco di tutti i cookie utilizzati da Google Analytics e una spiegazione di ciascun cookie sono disponibili qui: <a href=\"https:\/\/developers.google.com\/analytics\/devguides\/collection\/analyticsjs\/cookie-usage\" rel=\"nofollow noopener\">https:\/\/developers.google.com\/analytics\/devguides\/collection\/analyticsjs\/cookie-usage<\/a>\n\nAbbiamo abilitato la funzionalit\u00e0 opzionale di anonimizzazione dell'IP e di Opt Out di Google Analytics in questo plugin per essere conformi al Regolamento generale europeo sulla protezione dei dati (GDPR).\n\n\u00c8 inoltre possibile installare il componente aggiuntivo del browser Google Analytics Opt-out per impedire completamente che i dati vengano riportati in Google Analytics: <a href=\"https:\/\/tools.google.com\/dlpage\/gaoptout\/\" rel=\"nofollow noopener\">https:\/\/tools.google.com\/dlpage\/gaoptout\/<\/a>\n<h3>9. COSA RACCOGLIAMO E CONSERVIAMO<\/h3>\n<span style=\"font-size: 16px; font-style: normal; font-weight: 400; color: var( --e-global-color-text ); font-family: var( --e-global-typography-text-font-family ), Sans-serif;\">Se create un account FooSales, memorizzeremo il vostro nome completo, l'URL del sito web e l'indirizzo e-mail che ci servono per fornirvi il servizio.<\/span>\u00a0I dati dell'account e l'indirizzo IP che raccogliamo dall'utente sono memorizzati sui nostri server sicuri in Germania dal nostro provider di hosting Xneelo.\n\n<span style=\"font-size: 16px; color: var( --e-global-color-text ); font-family: var( --e-global-typography-text-font-family ), Sans-serif;\">In genere conserviamo le informazioni sull'utente per tutto il tempo necessario ai fini per cui le raccogliamo e le utilizziamo, e non siamo obbligati per legge a continuare a conservarle.<\/span>\n<h3>10. PER QUANTO TEMPO CONSERVIAMO I VOSTRI DATI<\/h3>\nPer gli utenti che si registrano sul nostro sito web, memorizziamo anche le informazioni personali fornite nel loro profilo utente. Tutti gli utenti possono vedere, modificare o cancellare le proprie informazioni personali in qualsiasi momento (tranne che per il fatto che non possono cambiare il proprio nome utente). Anche gli amministratori del sito web possono vedere e modificare tali informazioni.\n\nAttualmente conserviamo i dati personali relativi agli ordini effettuati su questo sito web per il seguente periodo di tempo:\n- Account inattivi:\u00a0<span style=\"font-size: 16px; font-style: normal; font-weight: 400;\">A tempo indeterminato<\/span>\n- Conti attivi: A tempo indeterminato\n\nSe si lascia un commento, il commento e i suoi metadati vengono conservati a tempo indeterminato. In questo modo possiamo riconoscere e approvare automaticamente i commenti successivi, invece di tenerli in coda di moderazione.\n<h3>11. DOVE INVIAMO I VOSTRI DATI<\/h3>\nCondividiamo le informazioni con le seguenti terze parti che ci aiutano a fornire i nostri ordini e i servizi del negozio:\n\nUtilizziamo un servizio cloud-based chiamato MailChimp per inviare e-mail promozionali e aggiornamenti sui prodotti ai clienti che hanno scelto di iscriversi alla nostra mailing list. I dati personali, tra cui il nome completo, l'indirizzo e-mail, il paese e la quantit\u00e0 di entrate spese con noi, sono memorizzati nella nostra lista MailChimp. L'informativa sulla privacy di MailChimp \u00e8 disponibile qui: <a href=\"https:\/\/mailchimp.com\/legal\/privacy\/\" rel=\"noopener\">https:\/\/mailchimp.com\/legal\/privacy\/<\/a>\n\nUtilizziamo un servizio basato su cloud chiamato Freshdesk come sistema di contatto e assistenza. Le informazioni personali, tra cui nome e cognome, indirizzo e-mail, numero d'ordine e corpo del messaggio, vengono trasmesse al sistema Freshdesk ogni volta che un cliente o un utente ci invia una richiesta di assistenza o un'e-mail generica. L'informativa sulla privacy di Freshdesk \u00e8 disponibile qui: <a href=\"https:\/\/www.freshworks.com\/privacy\/\" rel=\"nofollow noopener\">https:\/\/www.freshworks.com\/privacy\/<\/a>\n\nLe informazioni personali, tra cui nome e cognome, indirizzo e-mail, indirizzo di fatturazione, dettagli dell'ordine e dell'abbonamento e l'importo dei ricavi spesi con noi, sono conservate in modo sicuro sui loro server negli Stati Uniti. L'informativa sulla privacy di Metorik \u00e8 disponibile qui: <a href=\"https:\/\/metorik.com\/privacy\" rel=\"nofollow noopener\">https:\/\/metorik.com\/privacy<\/a>\n<h3>12. QUALI DIRITTI AVETE SUI VOSTRI DATI<\/h3>\nSe avete un account su questo sito o avete lasciato commenti, potete richiedere di ricevere un file esportato dei dati personali in nostro possesso, compresi quelli che ci avete fornito. Potete anche richiedere la cancellazione dei dati personali in nostro possesso. Questo non include i dati che siamo obbligati a conservare per scopi amministrativi, legali o di sicurezza.\n<h3>13. CHI DEL NOSTRO TEAM HA ACCESSO<\/h3>\nLimitiamo l'accesso alle informazioni che ci fornite al minor numero possibile di persone.\n\nAttualmente, solo i membri permanenti del team di supporto hanno accesso alle informazioni di base dell'ordine, come ad esempio\u00a0<span style=\"font-size: 16px; font-style: normal; font-weight: 400; color: var( --e-global-color-text ); font-family: var( --e-global-typography-text-font-family ), Sans-serif;\">nome e cognome, cronologia degli acquisti, indirizzo e-mail e URL del negozio<\/span><span style=\"font-size: 16px; color: var( --e-global-color-text ); font-family: var( --e-global-typography-text-font-family ), Sans-serif;\">\u00a0per fornire assistenza ai clienti.<\/span>\n\n<span style=\"font-size: 16px; font-style: normal; font-weight: 400; color: var( --e-global-color-text ); font-family: var( --e-global-typography-text-font-family ), Sans-serif;\">Solo gli amministratori e i membri senior del team hanno accesso a informazioni pi\u00f9 dettagliate sull'ordine, come l'indirizzo di fatturazione e i numeri di contatto, che possono essere necessari per emettere rimborsi e risolvere problemi in caso di escalation.<\/span>\t\t\t\t\t\t\t\t<\/div>\n\t\t\t\t<\/div>\n\t\t\t\t\t<\/div>\n\t\t<\/div>\n\t\t\t\t\t<\/div>\n\t\t<\/section>\n\t\t\t\t<\/div>","protected":false},"excerpt":{"rendered":"<p>WHO WE ARE WHAT PERSONAL DATA WE COLLECT COMMENTS MEDIA CONTACT FORMS COOKIES EMBEDDED CONTENT FROM OTHER WEBSITES ANALYTICS WHAT [&hellip;]<\/p>\n","protected":false},"author":75,"featured_media":0,"parent":0,"menu_order":99,"comment_status":"closed","ping_status":"closed","template":"elementor_header_footer","meta":{"site-sidebar-layout":"default","site-content-layout":"default","ast-site-content-layout":"default","site-content-style":"default","site-sidebar-style":"default","ast-global-header-display":"","ast-banner-title-visibility":"","ast-main-header-display":"","ast-hfb-above-header-display":"","ast-hfb-below-header-display":"","ast-hfb-mobile-header-display":"","site-post-title":"","ast-breadcrumbs-content":"","ast-featured-img":"","footer-sml-layout":"","ast-disable-related-posts":"","theme-transparent-header-meta":"default","adv-header-id-meta":"","stick-header-meta":"default","header-above-stick-meta":"","header-main-stick-meta":"","header-below-stick-meta":"","astra-migrate-meta-layouts":"default","ast-page-background-enabled":"default","ast-page-background-meta":{"desktop":{"background-color":"","background-image":"","background-repeat":"repeat","background-position":"center center","background-size":"auto","background-attachment":"scroll","background-type":"","background-media":"","overlay-type":"","overlay-color":"","overlay-opacity":"","overlay-gradient":""},"tablet":{"background-color":"","background-image":"","background-repeat":"repeat","background-position":"center center","background-size":"auto","background-attachment":"scroll","background-type":"","background-media":"","overlay-type":"","overlay-color":"","overlay-opacity":"","overlay-gradient":""},"mobile":{"background-color":"","background-image":"","background-repeat":"repeat","background-position":"center center","background-size":"auto","background-attachment":"scroll","background-type":"","background-media":"","overlay-type":"","overlay-color":"","overlay-opacity":"","overlay-gradient":""}},"ast-content-background-meta":{"desktop":{"background-color":"var(--ast-global-color-5)","background-image":"","background-repeat":"repeat","background-position":"center center","background-size":"auto","background-attachment":"scroll","background-type":"","background-media":"","overlay-type":"","overlay-color":"","overlay-opacity":"","overlay-gradient":""},"tablet":{"background-color":"var(--ast-global-color-5)","background-image":"","background-repeat":"repeat","background-position":"center center","background-size":"auto","background-attachment":"scroll","background-type":"","background-media":"","overlay-type":"","overlay-color":"","overlay-opacity":"","overlay-gradient":""},"mobile":{"background-color":"var(--ast-global-color-5)","background-image":"","background-repeat":"repeat","background-position":"center center","background-size":"auto","background-attachment":"scroll","background-type":"","background-media":"","overlay-type":"","overlay-color":"","overlay-opacity":"","overlay-gradient":""}},"footnotes":""},"class_list":["post-141325","page","type-page","status-publish","hentry"],"_links":{"self":[{"href":"https:\/\/www.foosales.com\/it\/wp-json\/wp\/v2\/pages\/141325","targetHints":{"allow":["GET"]}}],"collection":[{"href":"https:\/\/www.foosales.com\/it\/wp-json\/wp\/v2\/pages"}],"about":[{"href":"https:\/\/www.foosales.com\/it\/wp-json\/wp\/v2\/types\/page"}],"author":[{"embeddable":true,"href":"https:\/\/www.foosales.com\/it\/wp-json\/wp\/v2\/users\/75"}],"replies":[{"embeddable":true,"href":"https:\/\/www.foosales.com\/it\/wp-json\/wp\/v2\/comments?post=141325"}],"version-history":[{"count":0,"href":"https:\/\/www.foosales.com\/it\/wp-json\/wp\/v2\/pages\/141325\/revisions"}],"wp:attachment":[{"href":"https:\/\/www.foosales.com\/it\/wp-json\/wp\/v2\/media?parent=141325"}],"curies":[{"name":"wp","href":"https:\/\/api.w.org\/{rel}","templated":true}]}}