{"id":180603,"date":"2024-09-04T13:37:47","date_gmt":"2024-09-04T20:37:47","guid":{"rendered":"https:\/\/foosales.com\/privacy-statement-uk\/"},"modified":"2025-03-13T14:54:02","modified_gmt":"2025-03-13T21:54:02","slug":"dichiarazione-sulla-privacy-nel-regno-unito","status":"publish","type":"page","link":"https:\/\/www.foosales.com\/it\/privacy-statement-uk\/","title":{"rendered":"Dichiarazione sulla privacy (Regno Unito)"},"content":{"rendered":"<!-- Legal document generated by Complianz | GDPR\/CCPA Cookie Consent https:\/\/wordpress.org\/plugins\/complianz-gdpr -->\n<div id=\"cmplz-document\" class=\"cmplz-document privacy-statement cmplz-document-uk\"><p><i>La presente informativa sulla privacy \u00e8 stata aggiornata l'ultima volta il 14 ottobre 2025 e si applica ai cittadini e ai residenti permanenti legali del Regno Unito.<\/i><br><br><\/p><p>In questa informativa sulla privacy, spieghiamo cosa facciamo con i dati che otteniamo su di voi tramite <a href=\"https:\/\/www.foosales.com\/it\">https:\/\/www.foosales.com\/it<\/a>. Vi consigliamo di leggere attentamente la presente informativa. Nel nostro trattamento rispettiamo i requisiti della legislazione sulla privacy. Ci\u00f2 significa, tra l'altro, che:<\/p><ul>\n                <li>dichiariamo chiaramente le finalit\u00e0 per cui trattiamo i dati personali. Ci\u00f2 avviene attraverso la presente dichiarazione sulla privacy;<\/li>\n                <li>ci proponiamo di limitare la raccolta di dati personali ai soli dati personali necessari per scopi legittimi;<\/li>\n                <li>chiediamo prima il vostro consenso esplicito per trattare i vostri dati personali nei casi che richiedono il vostro consenso;<\/li>\n                <li>adottiamo misure di sicurezza adeguate per proteggere i vostri dati personali e lo richiediamo anche alle parti che trattano i dati personali per nostro conto;<\/li>\n                <li>rispettiamo il vostro diritto di accedere ai vostri dati personali o di farli correggere o cancellare, su vostra richiesta.<\/li>\n            <\/ul><p>Se avete domande o volete sapere esattamente quali dati conserviamo su di voi, contattateci.<\/p><h2>1. Scopo, dati e periodo di conservazione<\/h2>Possiamo raccogliere o ricevere informazioni personali per una serie di scopi legati alle nostre operazioni commerciali che possono includere quanto segue: (clicca per espandere)<details class=\"cmplz-dropdown dropdown-privacy-statement\"><summary><div><h3>1.1 Contatto - Tramite telefono, posta, email e\/o moduli web<\/h3><\/div><\/summary><p class=\"cmplz-subtitle\">Per questo scopo utilizziamo i seguenti dati:<\/p><p><ul><li>Un nome e cognome<\/li><li>Nome account o alias<\/li><li>Una casa oppure un differente indirizzo fisico, incluso nome della via e citt\u00e0<\/li><li>Un indirizzo e-mail<\/li><li>Un numero di telefono<\/li><li>Dati geolocalizzazione<\/li><li>Indirizzo IP<\/li><li>Informazioni attivit\u00e0 internet, incluso ma senza limitarsi ad essi, cronologia navigazione, cronologia ricerche, ed informazioni riguardo l'interazione di un utente con un sito web internet, applicazioni o pubblicit\u00e0<\/li><\/ul><\/p><p class=\"cmplz-subtitle\">La base con la quale elaboriamo i dati \u00e8:<\/p><p><a target=\"_blank\" rel=\"noopener noreferrer nofollow\" href=\"https:\/\/cookiedatabase.org\/legal-bases\/#consent\">A disposizione del consenso.<\/a><\/p><p class=\"cmplz-subtitle\">Periodo di conservazione<\/p><p>Conserviamo questi dati al termine del servizio per il seguente numero di mesi: 24<\/p><\/details><details class=\"cmplz-dropdown dropdown-privacy-statement\"><summary><div><h3>1.2 Pagamenti<\/h3><\/div><\/summary><p class=\"cmplz-subtitle\">Per questo scopo utilizziamo i seguenti dati:<\/p><p><ul><li>Un nome e cognome<\/li><li>Nome account o alias<\/li><li>Una casa oppure un differente indirizzo fisico, incluso nome della via e citt\u00e0<\/li><li>Un indirizzo e-mail<\/li><li>Un numero di telefono<\/li><li>Indirizzo IP<\/li><li>Dati geolocalizzazione<\/li><li>Informazioni attivit\u00e0 internet, incluso ma senza limitarsi ad essi, cronologia navigazione, cronologia ricerche, ed informazioni riguardo l'interazione di un utente con un sito web internet, applicazioni o pubblicit\u00e0<\/li><\/ul><\/p><p class=\"cmplz-subtitle\">La base con la quale elaboriamo i dati \u00e8:<\/p><p><a target=\"_blank\" rel=\"noopener noreferrer nofollow\" href=\"https:\/\/cookiedatabase.org\/legal-bases\/#obligation\">Per il rispetto di un obbligo legale o regolamentare.<\/a><\/p><p class=\"cmplz-subtitle\">Periodo di conservazione<\/p><p>Conserviamo questi dati al termine del servizio per il seguente numero di mesi: 24<\/p><\/details><details class=\"cmplz-dropdown dropdown-privacy-statement\"><summary><div><h3>1.3 Registrazione account<\/h3><\/div><\/summary><p class=\"cmplz-subtitle\">Per questo scopo utilizziamo i seguenti dati:<\/p><p><ul><li>Un nome e cognome<\/li><li>Nome account o alias<\/li><li>Una casa oppure un differente indirizzo fisico, incluso nome della via e citt\u00e0<\/li><li>Un indirizzo e-mail<\/li><li>Un numero di telefono<\/li><li>Indirizzo IP<\/li><li>Informazioni attivit\u00e0 internet, incluso ma senza limitarsi ad essi, cronologia navigazione, cronologia ricerche, ed informazioni riguardo l'interazione di un utente con un sito web internet, applicazioni o pubblicit\u00e0<\/li><li>Dati geolocalizzazione<\/li><\/ul><\/p><p class=\"cmplz-subtitle\">La base con la quale elaboriamo i dati \u00e8:<\/p><p><a target=\"_blank\" rel=\"noopener noreferrer nofollow\" href=\"https:\/\/cookiedatabase.org\/legal-bases\/#obligation\">Per il rispetto di un obbligo legale o regolamentare.<\/a><\/p><p class=\"cmplz-subtitle\">Periodo di conservazione<\/p><p>Conserviamo questi dati al termine del servizio per il seguente numero di mesi: 24<\/p><\/details><details class=\"cmplz-dropdown dropdown-privacy-statement\"><summary><div><h3>1.4 Newsletter<\/h3><\/div><\/summary><p class=\"cmplz-subtitle\">Per questo scopo utilizziamo i seguenti dati:<\/p><p><ul><li>Un nome e cognome<\/li><li>Un indirizzo e-mail<\/li><li>Dati geolocalizzazione<\/li><li>Un numero di telefono<\/li><li>Indirizzo IP<\/li><li>Informazioni attivit\u00e0 internet, incluso ma senza limitarsi ad essi, cronologia navigazione, cronologia ricerche, ed informazioni riguardo l'interazione di un utente con un sito web internet, applicazioni o pubblicit\u00e0<\/li><li>Una casa oppure un differente indirizzo fisico, incluso nome della via e citt\u00e0<\/li><li>Nome account o alias<\/li><\/ul><\/p><p class=\"cmplz-subtitle\">La base con la quale elaboriamo i dati \u00e8:<\/p><p><a target=\"_blank\" rel=\"noopener noreferrer nofollow\" href=\"https:\/\/cookiedatabase.org\/legal-bases\/#consent\">A disposizione del consenso.<\/a><\/p><p class=\"cmplz-subtitle\">Periodo di conservazione<\/p><p>Conserviamo questi dati fino al termine del servizio.<\/p><\/details><details class=\"cmplz-dropdown dropdown-privacy-statement\"><summary><div><h3>1.5 Per supportare servizi o prodotti che un cliente vuole o ha comprato<\/h3><\/div><\/summary><p class=\"cmplz-subtitle\">Per questo scopo utilizziamo i seguenti dati:<\/p><p><ul><li>Un nome e cognome<\/li><li>Nome account o alias<\/li><li>Un indirizzo e-mail<\/li><li>Indirizzo IP<\/li><li>Informazioni attivit\u00e0 internet, incluso ma senza limitarsi ad essi, cronologia navigazione, cronologia ricerche, ed informazioni riguardo l'interazione di un utente con un sito web internet, applicazioni o pubblicit\u00e0<\/li><\/ul><\/p><p class=\"cmplz-subtitle\">La base con la quale elaboriamo i dati \u00e8:<\/p><p><a target=\"_blank\" rel=\"noopener noreferrer nofollow\" href=\"https:\/\/cookiedatabase.org\/legal-bases\/#consent\">A disposizione del consenso.<\/a><\/p><p class=\"cmplz-subtitle\">Periodo di conservazione<\/p><p>Determiniamo il periodo di conservazione in base a criteri oggettivi fissi: Conservati a tempo indeterminato a meno che l'interessato non richieda la rimozione del proprio account e dei propri dati personali.<\/p><\/details><details class=\"cmplz-dropdown dropdown-privacy-statement\"><summary><div><h3>1.6 Compilazione ed analisi di statistiche per migliorare il sito.<\/h3><\/div><\/summary><p class=\"cmplz-subtitle\">Per questo scopo utilizziamo i seguenti dati:<\/p><p><ul><li>Informazioni attivit\u00e0 internet, incluso ma senza limitarsi ad essi, cronologia navigazione, cronologia ricerche, ed informazioni riguardo l'interazione di un utente con un sito web internet, applicazioni o pubblicit\u00e0<\/li><li>Dati geolocalizzazione<\/li><li>Indirizzo IP<\/li><\/ul><\/p><p class=\"cmplz-subtitle\">La base con la quale elaboriamo i dati \u00e8:<\/p><p><a target=\"_blank\" rel=\"noopener noreferrer nofollow\" href=\"https:\/\/cookiedatabase.org\/legal-bases\/#legitimate\">\u00c8 necessario ai fini dei legittimi interessi perseguiti dal controllore o da una terza parte, e tale interesse prevale su quello della persona interessata.<\/a><\/p><p class=\"cmplz-subtitle\">Periodo di conservazione<\/p><p>Determiniamo il periodo di conservazione in base a criteri oggettivi fissi: Conservati a tempo indeterminato a meno che l'interessato non richieda la rimozione del proprio account e dei propri dati personali.<\/p><\/details><details class=\"cmplz-dropdown dropdown-privacy-statement\"><summary><div><h3>1.7 Per poter offrire prodotti e servizi personalizzati<\/h3><\/div><\/summary><p class=\"cmplz-subtitle\">Per questo scopo utilizziamo i seguenti dati:<\/p><p><ul><li>Un nome e cognome<\/li><li>Nome account o alias<\/li><li>Una casa oppure un differente indirizzo fisico, incluso nome della via e citt\u00e0<\/li><li>Un indirizzo e-mail<\/li><li>Un numero di telefono<\/li><li>Indirizzo IP<\/li><li>Informazioni attivit\u00e0 internet, incluso ma senza limitarsi ad essi, cronologia navigazione, cronologia ricerche, ed informazioni riguardo l'interazione di un utente con un sito web internet, applicazioni o pubblicit\u00e0<\/li><li>Dati geolocalizzazione<\/li><\/ul><\/p><p class=\"cmplz-subtitle\">La base con la quale elaboriamo i dati \u00e8:<\/p><p><a target=\"_blank\" rel=\"noopener noreferrer nofollow\" href=\"https:\/\/cookiedatabase.org\/legal-bases\/#legitimate\">\u00c8 necessario ai fini dei legittimi interessi perseguiti dal controllore o da una terza parte, e tale interesse prevale su quello della persona interessata.<\/a><\/p><p class=\"cmplz-subtitle\">Periodo di conservazione<\/p><p>Alla cessazione del servizio, conserviamo questi dati per il seguente periodo: Conservati a tempo indeterminato, a meno che l'interessato non richieda la rimozione del proprio account e dei propri dati personali.<\/p><\/details><details class=\"cmplz-dropdown dropdown-privacy-statement\"><summary><div><h3>1.8 Per vendere o condividere dati con terze parti<\/h3><\/div><\/summary><p class=\"cmplz-subtitle\">Per questo scopo utilizziamo i seguenti dati:<\/p><p><ul><li>Informazioni attivit\u00e0 internet, incluso ma senza limitarsi ad essi, cronologia navigazione, cronologia ricerche, ed informazioni riguardo l'interazione di un utente con un sito web internet, applicazioni o pubblicit\u00e0<\/li><li>Dati geolocalizzazione<\/li><\/ul><\/p><p class=\"cmplz-subtitle\">La base con la quale elaboriamo i dati \u00e8:<\/p><p><a target=\"_blank\" rel=\"noopener noreferrer nofollow\" href=\"https:\/\/cookiedatabase.org\/legal-bases\/#legitimate\">\u00c8 necessario ai fini dei legittimi interessi perseguiti dal controllore o da una terza parte, e tale interesse prevale su quello della persona interessata.<\/a><\/p><p class=\"cmplz-subtitle\">Periodo di conservazione<\/p><p>Conserviamo questi dati al termine del servizio per il seguente numero di mesi: 24<\/p><\/details><h2>2. Condivisione con altre parti<\/h2><p>Condividiamo o divulghiamo questi dati agli incaricati del trattamento solo per i seguenti scopi:<\/p><h2>3. I biscotti<\/h2><p>Il nostro sito web utilizza i cookie. Per ulteriori informazioni sui cookie, consultare il nostro sito web <a href=\"https:\/\/www.foosales.com\/it\/cookie-policy-uk\/\">Informativa sui cookie<\/a>.&nbsp;<\/p><h2>4. Pratiche di divulgazione<\/h2><p><p>Divulghiamo le informazioni personali se ci viene richiesto dalla legge o da un ordine del tribunale, in risposta a un'agenzia di polizia, nella misura consentita da altre disposizioni di legge, per fornire informazioni o per un'indagine su una questione relativa alla sicurezza pubblica.<\/p><p>Se il nostro sito web o la nostra organizzazione viene rilevata, venduta o coinvolta in una fusione o acquisizione, i vostri dati potranno essere comunicati ai nostri consulenti e a eventuali potenziali acquirenti e saranno trasmessi ai nuovi proprietari.<\/p><\/p><p>Abbiamo stipulato un accordo per l'elaborazione dei dati con Google.<\/p><p>Google non pu\u00f2 utilizzare i dati per altri servizi di Google.<\/p><p>L'inclusione di indirizzi IP completi \u00e8 da noi bloccata.<\/p><h2>5. La sicurezza<\/h2><p>Ci impegniamo a garantire la sicurezza dei dati personali. Adottiamo misure di sicurezza adeguate per limitare l'abuso e l'accesso non autorizzato ai dati personali. In questo modo garantiamo che solo le persone necessarie abbiano accesso ai vostri dati, che l'accesso ai dati sia protetto e che le nostre misure di sicurezza siano riviste regolarmente.<\/p><p>Le misure di sicurezza che utilizziamo consistono in:<\/p><p><ul><li>Rilevamento vulnerabilit\u00e0<\/li><li>Indurimento Sito\/Funzioni di Sicurezza<\/li><li>Crittografia (START)TLS \/ SSL \/ DANE<\/li><li>HTTP Strict Transport Security e relative intestazioni di sicurezza e politiche del browser<\/li><li>Sicurezza d'Accesso<\/li><li>DKIM, SPF, DMARC e altre impostazioni DNS specifiche<\/li><\/ul><\/p><h2>6. Siti web di terzi<\/h2><p>La presente informativa sulla privacy non si applica ai siti web di terzi collegati tramite link al nostro sito. Non possiamo garantire che queste terze parti trattino i vostri dati personali in modo affidabile o sicuro. Vi consigliamo di leggere le dichiarazioni sulla privacy di questi siti web prima di utilizzarli.<\/p><h2>7. Modifiche alla presente informativa sulla privacy<\/h2><p>Ci riserviamo il diritto di apportare modifiche alla presente informativa sulla privacy. Si consiglia di consultare regolarmente la presente informativa sulla privacy per essere al corrente di eventuali modifiche. Inoltre, vi informeremo attivamente ogni volta che sar\u00e0 possibile.<\/p><h2>8. Accesso e modifica dei dati<\/h2><p>Se avete domande o volete sapere quali dati personali vi riguardano, contattateci. Potete contattarci utilizzando le informazioni riportate di seguito. Avete i seguenti diritti:<\/p><ul>\n                <li>Avete il diritto di sapere perch\u00e9 i vostri dati personali sono necessari, che fine faranno e per quanto tempo saranno conservati.<\/li>\n                <li>Diritto di accesso: L'utente ha il diritto di accedere ai propri dati personali di cui \u00e8 a conoscenza.<\/li>\n                <li>Diritto di rettifica: avete il diritto di integrare, rettificare, far cancellare o bloccare i vostri dati personali ogni volta che lo desiderate.<\/li>\n                <li>Se ci avete dato il consenso al trattamento dei vostri dati, avete il diritto di revocare tale consenso e di far cancellare i vostri dati personali.<\/li>\n                <li>Diritto di trasferimento dei dati: l'utente ha il diritto di richiedere tutti i suoi dati personali al responsabile del trattamento e di trasferirli integralmente a un altro responsabile del trattamento.<\/li>\n                <li>Diritto di opposizione: potete opporvi al trattamento dei vostri dati. Noi lo rispettiamo, a meno che non vi siano motivi giustificati per il trattamento.<\/li>\n            <\/ul><p>Assicuratevi di indicare sempre chiaramente chi siete, in modo da essere certi di non modificare o cancellare i dati della persona sbagliata.<\/p><h2>9. Presentazione di un reclamo<\/h2><p>Se non siete soddisfatti del modo in cui gestiamo (un reclamo) il trattamento dei vostri dati personali, avete il diritto di presentare un reclamo all'Information Commissioner's Office:<\/p><p><br>Casa Wycliffe<br>\n                        Corsia d'acqua<br>\n                        Wilmslow<br>\n                        Cheshire<br>\n                        SK9 5AF<\/p><p><br>Ufficio del Commissario per l'Informazione di Jersey<br>\n                        2\u00b0 piano 5 Castle Street<br>\n                        St. Helier<br>\n                        Maglia<br>\n                        JE2 3BT<\/p><p><br>Casa di San Martino<br>\n                        Le Bordage<br>\n                        Porto San Pietro<br>\n                        Guernsey<br>\n                        GY1 1BR<\/p><h2>10. I bambini<\/h2><p>Il nostro sito web non \u00e8 progettato per attirare i bambini e non \u00e8 nostra intenzione raccogliere dati personali da bambini al di sotto dell'et\u00e0 del consenso nel loro paese di residenza. Pertanto, chiediamo che i bambini al di sotto dell'et\u00e0 del consenso non ci inviino alcun dato personale.<\/p><h2>11. Dettagli di contatto<\/h2><p>Grenade Technologies, Inc<br>\n        301-3450 Uptown Boulevard<br \/>\nVictoria BC V8Z 0B9<br>\n        Canada<br>\n        Sito web: <a href=\"https:\/\/www.foosales.com\/it\">https:\/\/www.foosales.com\/it<\/a> <br>\n        E-mail: <span class=\"cmplz-obfuscate\">privacy@<span class=\"cmplz-fmail-domain\">ex.com<\/span>foosales.com<\/span> <br>\n        <\/p><\/div>","protected":false},"excerpt":{"rendered":"","protected":false},"author":75,"featured_media":0,"parent":0,"menu_order":0,"comment_status":"closed","ping_status":"closed","template":"","meta":{"site-sidebar-layout":"default","site-content-layout":"","ast-site-content-layout":"default","site-content-style":"default","site-sidebar-style":"default","ast-global-header-display":"","ast-banner-title-visibility":"","ast-main-header-display":"","ast-hfb-above-header-display":"","ast-hfb-below-header-display":"","ast-hfb-mobile-header-display":"","site-post-title":"","ast-breadcrumbs-content":"","ast-featured-img":"","footer-sml-layout":"","ast-disable-related-posts":"","theme-transparent-header-meta":"","adv-header-id-meta":"","stick-header-meta":"","header-above-stick-meta":"","header-main-stick-meta":"","header-below-stick-meta":"","astra-migrate-meta-layouts":"default","ast-page-background-enabled":"default","ast-page-background-meta":{"desktop":{"background-color":"","background-image":"","background-repeat":"repeat","background-position":"center center","background-size":"auto","background-attachment":"scroll","background-type":"","background-media":"","overlay-type":"","overlay-color":"","overlay-opacity":"","overlay-gradient":""},"tablet":{"background-color":"","background-image":"","background-repeat":"repeat","background-position":"center center","background-size":"auto","background-attachment":"scroll","background-type":"","background-media":"","overlay-type":"","overlay-color":"","overlay-opacity":"","overlay-gradient":""},"mobile":{"background-color":"","background-image":"","background-repeat":"repeat","background-position":"center center","background-size":"auto","background-attachment":"scroll","background-type":"","background-media":"","overlay-type":"","overlay-color":"","overlay-opacity":"","overlay-gradient":""}},"ast-content-background-meta":{"desktop":{"background-color":"var(--ast-global-color-5)","background-image":"","background-repeat":"repeat","background-position":"center center","background-size":"auto","background-attachment":"scroll","background-type":"","background-media":"","overlay-type":"","overlay-color":"","overlay-opacity":"","overlay-gradient":""},"tablet":{"background-color":"var(--ast-global-color-5)","background-image":"","background-repeat":"repeat","background-position":"center center","background-size":"auto","background-attachment":"scroll","background-type":"","background-media":"","overlay-type":"","overlay-color":"","overlay-opacity":"","overlay-gradient":""},"mobile":{"background-color":"var(--ast-global-color-5)","background-image":"","background-repeat":"repeat","background-position":"center center","background-size":"auto","background-attachment":"scroll","background-type":"","background-media":"","overlay-type":"","overlay-color":"","overlay-opacity":"","overlay-gradient":""}},"footnotes":""},"class_list":["post-180603","page","type-page","status-publish","hentry"],"_links":{"self":[{"href":"https:\/\/www.foosales.com\/it\/wp-json\/wp\/v2\/pages\/180603","targetHints":{"allow":["GET"]}}],"collection":[{"href":"https:\/\/www.foosales.com\/it\/wp-json\/wp\/v2\/pages"}],"about":[{"href":"https:\/\/www.foosales.com\/it\/wp-json\/wp\/v2\/types\/page"}],"author":[{"embeddable":true,"href":"https:\/\/www.foosales.com\/it\/wp-json\/wp\/v2\/users\/75"}],"replies":[{"embeddable":true,"href":"https:\/\/www.foosales.com\/it\/wp-json\/wp\/v2\/comments?post=180603"}],"version-history":[{"count":1,"href":"https:\/\/www.foosales.com\/it\/wp-json\/wp\/v2\/pages\/180603\/revisions"}],"predecessor-version":[{"id":182377,"href":"https:\/\/www.foosales.com\/it\/wp-json\/wp\/v2\/pages\/180603\/revisions\/182377"}],"wp:attachment":[{"href":"https:\/\/www.foosales.com\/it\/wp-json\/wp\/v2\/media?parent=180603"}],"curies":[{"name":"wp","href":"https:\/\/api.w.org\/{rel}","templated":true}]}}