{"id":181268,"date":"2024-11-06T23:50:41","date_gmt":"2024-11-07T07:50:41","guid":{"rendered":"https:\/\/foosales.com\/?page_id=181268"},"modified":"2025-06-23T07:08:19","modified_gmt":"2025-06-23T14:08:19","slug":"sconti","status":"publish","type":"page","link":"https:\/\/www.foosales.com\/it\/features\/discounts\/","title":{"rendered":"Sconti"},"content":{"rendered":"<div data-elementor-type=\"wp-page\" data-elementor-id=\"181268\" class=\"elementor elementor-181268\" data-elementor-post-type=\"page\">\n\t\t\t\t\t\t<section class=\"elementor-section elementor-top-section elementor-element elementor-element-234d8826 elementor-section-boxed elementor-section-height-default elementor-section-height-default\" data-id=\"234d8826\" data-element_type=\"section\" data-e-type=\"section\">\n\t\t\t\t\t\t<div class=\"elementor-container elementor-column-gap-default\">\n\t\t\t\t\t<div class=\"elementor-column elementor-col-100 elementor-top-column elementor-element elementor-element-1d0ccfb0\" data-id=\"1d0ccfb0\" data-element_type=\"column\" data-e-type=\"column\">\n\t\t\t<div class=\"elementor-widget-wrap elementor-element-populated\">\n\t\t\t\t\t\t<div class=\"elementor-element elementor-element-4d75536c elementor-widget elementor-widget-heading\" data-id=\"4d75536c\" data-element_type=\"widget\" data-e-type=\"widget\" data-widget_type=\"heading.default\">\n\t\t\t\t<div class=\"elementor-widget-container\">\n\t\t\t\t\t<h2 class=\"elementor-heading-title elementor-size-default\">Sconti<\/h2>\t\t\t\t<\/div>\n\t\t\t\t<\/div>\n\t\t\t\t<div class=\"elementor-element elementor-element-44561a88 elementor-widget elementor-widget-heading\" data-id=\"44561a88\" data-element_type=\"widget\" data-e-type=\"widget\" data-widget_type=\"heading.default\">\n\t\t\t\t<div class=\"elementor-widget-container\">\n\t\t\t\t\t<h1 class=\"elementor-heading-title elementor-size-xxl\">Applicare sconti flessibili e in loco<\/h1>\t\t\t\t<\/div>\n\t\t\t\t<\/div>\n\t\t\t\t<div class=\"elementor-element elementor-element-5e9bd6d elementor-widget elementor-widget-text-editor\" data-id=\"5e9bd6d\" data-element_type=\"widget\" data-e-type=\"widget\" data-widget_type=\"text-editor.default\">\n\t\t\t\t<div class=\"elementor-widget-container\">\n\t\t\t\t\t\t\t\t\t<p><span style=\"font-weight: 400;\">Gli sconti sono un modo collaudato per incrementare le vendite e con FooSales la loro applicazione \u00e8 rapida, facile e personalizzabile. Con una nuova funzionalit\u00e0 di sconti e un'interfaccia aggiornata, FooSales vi offre la flessibilit\u00e0 di applicare gli sconti sia a livello di articolo che di carrello, consentendovi di creare offerte interessanti sul momento e di offrire ai clienti le offerte che amano.<\/span><\/p>\t\t\t\t\t\t\t\t<\/div>\n\t\t\t\t<\/div>\n\t\t\t\t\t<\/div>\n\t\t<\/div>\n\t\t\t\t\t<\/div>\n\t\t<\/section>\n\t\t\t\t<section class=\"elementor-section elementor-top-section elementor-element elementor-element-7d239785 elementor-section-boxed elementor-section-height-default elementor-section-height-default\" data-id=\"7d239785\" data-element_type=\"section\" data-e-type=\"section\">\n\t\t\t\t\t\t<div class=\"elementor-container elementor-column-gap-default\">\n\t\t\t\t\t<div class=\"elementor-column elementor-col-100 elementor-top-column elementor-element elementor-element-520d42e5\" data-id=\"520d42e5\" data-element_type=\"column\" data-e-type=\"column\">\n\t\t\t<div class=\"elementor-widget-wrap elementor-element-populated\">\n\t\t\t\t\t\t<div class=\"elementor-element elementor-element-1b74e344 elementor-widget elementor-widget-image\" data-id=\"1b74e344\" data-element_type=\"widget\" data-e-type=\"widget\" data-widget_type=\"image.default\">\n\t\t\t\t<div class=\"elementor-widget-container\">\n\t\t\t\t\t\t\t\t\t\t\t\t\t\t\t<img fetchpriority=\"high\" decoding=\"async\" width=\"1000\" height=\"678\" src=\"https:\/\/www.foosales.com\/wp-content\/uploads\/2024\/11\/foosales-discounts.png\" class=\"attachment-large size-large wp-image-181297\" alt=\"Sconti FooSales\" srcset=\"https:\/\/www.foosales.com\/wp-content\/uploads\/2024\/11\/foosales-discounts.png 1000w, https:\/\/www.foosales.com\/wp-content\/uploads\/2024\/11\/foosales-discounts-300x203.png 300w, https:\/\/www.foosales.com\/wp-content\/uploads\/2024\/11\/foosales-discounts-768x521.png 768w, https:\/\/www.foosales.com\/wp-content\/uploads\/2024\/11\/foosales-discounts-18x12.png 18w, https:\/\/www.foosales.com\/wp-content\/uploads\/2024\/11\/foosales-discounts-600x407.png 600w\" sizes=\"(max-width: 1000px) 100vw, 1000px\" title=\"\">\t\t\t\t\t\t\t\t\t\t\t\t\t\t\t<\/div>\n\t\t\t\t<\/div>\n\t\t\t\t\t<\/div>\n\t\t<\/div>\n\t\t\t\t\t<\/div>\n\t\t<\/section>\n\t\t\t\t<section class=\"elementor-section elementor-top-section elementor-element elementor-element-43cd3403 elementor-section-boxed elementor-section-height-default elementor-section-height-default\" data-id=\"43cd3403\" data-element_type=\"section\" data-e-type=\"section\">\n\t\t\t\t\t\t<div class=\"elementor-container elementor-column-gap-default\">\n\t\t\t\t\t<div class=\"elementor-column elementor-col-100 elementor-top-column elementor-element elementor-element-481c9a00\" data-id=\"481c9a00\" data-element_type=\"column\" data-e-type=\"column\">\n\t\t\t<div class=\"elementor-widget-wrap elementor-element-populated\">\n\t\t\t\t\t\t<div class=\"elementor-element elementor-element-29d4cdbb elementor-widget elementor-widget-text-editor\" data-id=\"29d4cdbb\" data-element_type=\"widget\" data-e-type=\"widget\" data-widget_type=\"text-editor.default\">\n\t\t\t\t<div class=\"elementor-widget-container\">\n\t\t\t\t\t\t\t\t\t<div style=\"text-align: center;\"><a href=\"https:\/\/help.foosales.com\/docs\/topics\/checkout\/\" rel=\"nofollow noopener\"><img decoding=\"async\" class=\"alignnone wp-image-76092 size-full\" src=\"https:\/\/www.foosales.com\/wp-content\/uploads\/2021\/05\/wapuu-foosales.png\" alt=\"\" width=\"130\" height=\"121\" title=\"\"><\/a><\/div><p style=\"text-align: center;\">Visitate il nostro <span style=\"text-decoration: underline;\"><a href=\"https:\/\/help.foosales.com\/docs\/topics\/checkout\/\" rel=\"nofollow noopener\">Centro assistenza<\/a><\/span> per<br \/>informazioni pi\u00f9 dettagliate.<\/p>\t\t\t\t\t\t\t\t<\/div>\n\t\t\t\t<\/div>\n\t\t\t\t<div class=\"elementor-element elementor-element-1223868c elementor-widget elementor-widget-heading\" data-id=\"1223868c\" data-element_type=\"widget\" data-e-type=\"widget\" data-widget_type=\"heading.default\">\n\t\t\t\t<div class=\"elementor-widget-container\">\n\t\t\t\t\t<h2 class=\"elementor-heading-title elementor-size-default\">Siete pronti per iniziare?<\/h2>\t\t\t\t<\/div>\n\t\t\t\t<\/div>\n\t\t\t\t<div class=\"elementor-element elementor-element-481cbc80 elementor-widget elementor-widget-global elementor-global-172358 elementor-widget-heading\" data-id=\"481cbc80\" data-element_type=\"widget\" data-e-type=\"widget\" data-widget_type=\"heading.default\">\n\t\t\t\t<div class=\"elementor-widget-container\">\n\t\t\t\t\t<p class=\"elementor-heading-title elementor-size-large\">Registratevi per ottenere l'accesso immediato a FooSales WooCommerce POS. Ci vogliono solo pochi minuti per creare un account e iniziare la prova gratuita di 7 giorni!\n<span style=\"text-decoration: underline\"><br>Non sono richiesti dati di carta di credito o di fatturazione.<\/span><\/p>\t\t\t\t<\/div>\n\t\t\t\t<\/div>\n\t\t\t\t<div class=\"elementor-element elementor-element-7f04bdd5 elementor-align-center elementor-widget__width-auto elementor-widget elementor-widget-button\" data-id=\"7f04bdd5\" data-element_type=\"widget\" data-e-type=\"widget\" data-widget_type=\"button.default\">\n\t\t\t\t<div class=\"elementor-widget-container\">\n\t\t\t\t\t\t\t\t\t<div class=\"elementor-button-wrapper\">\n\t\t\t\t\t<a class=\"elementor-button elementor-button-link elementor-size-md\" href=\"https:\/\/www.foosales.com\/it\/scaricare\/\">\n\t\t\t\t\t\t<span class=\"elementor-button-content-wrapper\">\n\t\t\t\t\t\t\t\t\t<span class=\"elementor-button-text\">Iniziare<\/span>\n\t\t\t\t\t<\/span>\n\t\t\t\t\t<\/a>\n\t\t\t\t<\/div>\n\t\t\t\t\t\t\t\t<\/div>\n\t\t\t\t<\/div>\n\t\t\t\t<div class=\"elementor-element elementor-element-58cf37dd elementor-widget elementor-widget-text-editor\" data-id=\"58cf37dd\" data-element_type=\"widget\" data-e-type=\"widget\" data-widget_type=\"text-editor.default\">\n\t\t\t\t<div class=\"elementor-widget-container\">\n\t\t\t\t\t\t\t\t\t<p style=\"text-align: center;\"><a href=\"https:\/\/www.foosales.com\/it\/determinazione-dei-prezzi\/\"><span style=\"text-decoration: underline;\">Vedere i prezzi<\/span><\/a> o <span style=\"text-decoration: underline;\"><a href=\"https:\/\/www.foosales.com\/it\/demo\/\">Prova la demo<\/a><\/span><\/p>\t\t\t\t\t\t\t\t<\/div>\n\t\t\t\t<\/div>\n\t\t\t\t\t<\/div>\n\t\t<\/div>\n\t\t\t\t\t<\/div>\n\t\t<\/section>\n\t\t\t\t<section class=\"elementor-section elementor-top-section elementor-element elementor-element-5b7de185 elementor-section-full_width elementor-section-height-min-height elementor-section-height-default elementor-section-items-middle\" data-id=\"5b7de185\" data-element_type=\"section\" data-e-type=\"section\">\n\t\t\t\t\t\t<div class=\"elementor-container elementor-column-gap-no\">\n\t\t\t\t\t<div class=\"elementor-column elementor-col-100 elementor-top-column elementor-element elementor-element-6c1e7281\" data-id=\"6c1e7281\" data-element_type=\"column\" data-e-type=\"column\">\n\t\t\t<div class=\"elementor-widget-wrap elementor-element-populated\">\n\t\t\t\t\t\t<div class=\"elementor-element elementor-element-39bd5356 elementor-position-inline-end elementor-widget__width-initial elementor-fixed elementor-view-default elementor-mobile-position-block-start elementor-widget elementor-widget-icon-box\" data-id=\"39bd5356\" data-element_type=\"widget\" data-e-type=\"widget\" data-settings=\"{&quot;_position&quot;:&quot;fixed&quot;}\" data-widget_type=\"icon-box.default\">\n\t\t\t\t<div class=\"elementor-widget-container\">\n\t\t\t\t\t\t\t<div class=\"elementor-icon-box-wrapper\">\n\n\t\t\t\t\t\t<div class=\"elementor-icon-box-icon\">\n\t\t\t\t<a href=\"https:\/\/www.foosales.com\/it\/caratteristiche\/rimborsi\/\" class=\"elementor-icon\" tabindex=\"-1\" aria-label=\"Avanti\">\n\t\t\t\t<i aria-hidden=\"true\" class=\"fas fa-chevron-right\"><\/i>\t\t\t\t<\/a>\n\t\t\t<\/div>\n\t\t\t\n\t\t\t\t\t\t<div class=\"elementor-icon-box-content\">\n\n\t\t\t\t\t\t\t\t\t<h2 class=\"elementor-icon-box-title\">\n\t\t\t\t\t\t<a href=\"https:\/\/www.foosales.com\/it\/caratteristiche\/rimborsi\/\">\n\t\t\t\t\t\t\tAvanti\t\t\t\t\t\t<\/a>\n\t\t\t\t\t<\/h2>\n\t\t\t\t\n\t\t\t\t\n\t\t\t<\/div>\n\t\t\t\n\t\t<\/div>\n\t\t\t\t\t\t<\/div>\n\t\t\t\t<\/div>\n\t\t\t\t<div class=\"elementor-element elementor-element-2688acac elementor-position-inline-start elementor-widget__width-initial elementor-fixed elementor-view-default elementor-mobile-position-block-start elementor-widget elementor-widget-icon-box\" data-id=\"2688acac\" data-element_type=\"widget\" data-e-type=\"widget\" data-settings=\"{&quot;_position&quot;:&quot;fixed&quot;}\" data-widget_type=\"icon-box.default\">\n\t\t\t\t<div class=\"elementor-widget-container\">\n\t\t\t\t\t\t\t<div class=\"elementor-icon-box-wrapper\">\n\n\t\t\t\t\t\t<div class=\"elementor-icon-box-icon\">\n\t\t\t\t<a href=\"https:\/\/www.foosales.com\/it\/caratteristiche\/coupon\/\" class=\"elementor-icon\" tabindex=\"-1\" aria-label=\"Prev\">\n\t\t\t\t<i aria-hidden=\"true\" class=\"fas fa-chevron-left\"><\/i>\t\t\t\t<\/a>\n\t\t\t<\/div>\n\t\t\t\n\t\t\t\t\t\t<div class=\"elementor-icon-box-content\">\n\n\t\t\t\t\t\t\t\t\t<h2 class=\"elementor-icon-box-title\">\n\t\t\t\t\t\t<a href=\"https:\/\/www.foosales.com\/it\/caratteristiche\/coupon\/\">\n\t\t\t\t\t\t\tPrev\t\t\t\t\t\t<\/a>\n\t\t\t\t\t<\/h2>\n\t\t\t\t\n\t\t\t\t\n\t\t\t<\/div>\n\t\t\t\n\t\t<\/div>\n\t\t\t\t\t\t<\/div>\n\t\t\t\t<\/div>\n\t\t\t\t\t<\/div>\n\t\t<\/div>\n\t\t\t\t\t<\/div>\n\t\t<\/section>\n\t\t\t\t<\/div>","protected":false},"excerpt":{"rendered":"<p>Discounts Apply flexible, on-the-spot discounts Discounts are a tried-and-true way to boost sales, and with FooSales, applying them is quick, [&hellip;]<\/p>\n","protected":false},"author":68,"featured_media":0,"parent":17892,"menu_order":0,"comment_status":"closed","ping_status":"closed","template":"","meta":{"site-sidebar-layout":"no-sidebar","site-content-layout":"page-builder","ast-site-content-layout":"normal-width-container","site-content-style":"unboxed","site-sidebar-style":"unboxed","ast-global-header-display":"","ast-banner-title-visibility":"","ast-main-header-display":"","ast-hfb-above-header-display":"","ast-hfb-below-header-display":"","ast-hfb-mobile-header-display":"","site-post-title":"disabled","ast-breadcrumbs-content":"","ast-featured-img":"disabled","footer-sml-layout":"","ast-disable-related-posts":"","theme-transparent-header-meta":"default","adv-header-id-meta":"","stick-header-meta":"default","header-above-stick-meta":"","header-main-stick-meta":"","header-below-stick-meta":"","astra-migrate-meta-layouts":"set","ast-page-background-enabled":"default","ast-page-background-meta":{"desktop":{"background-color":"","background-image":"","background-repeat":"repeat","background-position":"center center","background-size":"auto","background-attachment":"scroll","background-type":"","background-media":"","overlay-type":"","overlay-color":"","overlay-opacity":"","overlay-gradient":""},"tablet":{"background-color":"","background-image":"","background-repeat":"repeat","background-position":"center center","background-size":"auto","background-attachment":"scroll","background-type":"","background-media":"","overlay-type":"","overlay-color":"","overlay-opacity":"","overlay-gradient":""},"mobile":{"background-color":"","background-image":"","background-repeat":"repeat","background-position":"center center","background-size":"auto","background-attachment":"scroll","background-type":"","background-media":"","overlay-type":"","overlay-color":"","overlay-opacity":"","overlay-gradient":""}},"ast-content-background-meta":{"desktop":{"background-color":"var(--ast-global-color-5)","background-image":"","background-repeat":"repeat","background-position":"center center","background-size":"auto","background-attachment":"scroll","background-type":"","background-media":"","overlay-type":"","overlay-color":"","overlay-opacity":"","overlay-gradient":""},"tablet":{"background-color":"var(--ast-global-color-5)","background-image":"","background-repeat":"repeat","background-position":"center center","background-size":"auto","background-attachment":"scroll","background-type":"","background-media":"","overlay-type":"","overlay-color":"","overlay-opacity":"","overlay-gradient":""},"mobile":{"background-color":"var(--ast-global-color-5)","background-image":"","background-repeat":"repeat","background-position":"center center","background-size":"auto","background-attachment":"scroll","background-type":"","background-media":"","overlay-type":"","overlay-color":"","overlay-opacity":"","overlay-gradient":""}},"footnotes":""},"class_list":["post-181268","page","type-page","status-publish","hentry"],"_links":{"self":[{"href":"https:\/\/www.foosales.com\/it\/wp-json\/wp\/v2\/pages\/181268","targetHints":{"allow":["GET"]}}],"collection":[{"href":"https:\/\/www.foosales.com\/it\/wp-json\/wp\/v2\/pages"}],"about":[{"href":"https:\/\/www.foosales.com\/it\/wp-json\/wp\/v2\/types\/page"}],"author":[{"embeddable":true,"href":"https:\/\/www.foosales.com\/it\/wp-json\/wp\/v2\/users\/68"}],"replies":[{"embeddable":true,"href":"https:\/\/www.foosales.com\/it\/wp-json\/wp\/v2\/comments?post=181268"}],"version-history":[{"count":3,"href":"https:\/\/www.foosales.com\/it\/wp-json\/wp\/v2\/pages\/181268\/revisions"}],"predecessor-version":[{"id":183914,"href":"https:\/\/www.foosales.com\/it\/wp-json\/wp\/v2\/pages\/181268\/revisions\/183914"}],"up":[{"embeddable":true,"href":"https:\/\/www.foosales.com\/it\/wp-json\/wp\/v2\/pages\/17892"}],"wp:attachment":[{"href":"https:\/\/www.foosales.com\/it\/wp-json\/wp\/v2\/media?parent=181268"}],"curies":[{"name":"wp","href":"https:\/\/api.w.org\/{rel}","templated":true}]}}