{"id":18542,"date":"2018-06-04T04:02:48","date_gmt":"2018-06-04T10:02:48","guid":{"rendered":"https:\/\/foosales.com\/?page_id=18542"},"modified":"2024-09-09T13:50:36","modified_gmt":"2024-09-09T20:50:36","slug":"privacy-del-plugin","status":"publish","type":"page","link":"https:\/\/www.foosales.com\/it\/plugin-privacy\/","title":{"rendered":"Informativa sulla privacy del plugin FooSales"},"content":{"rendered":"<div data-elementor-type=\"wp-page\" data-elementor-id=\"18542\" class=\"elementor elementor-18542\" data-elementor-post-type=\"page\">\n\t\t\t\t\t\t<section class=\"elementor-section elementor-top-section elementor-element elementor-element-3a603702 elementor-section-boxed elementor-section-height-default elementor-section-height-default\" data-id=\"3a603702\" data-element_type=\"section\" data-e-type=\"section\">\n\t\t\t\t\t\t<div class=\"elementor-container elementor-column-gap-default\">\n\t\t\t\t\t<div class=\"elementor-column elementor-col-100 elementor-top-column elementor-element elementor-element-9300ef8\" data-id=\"9300ef8\" data-element_type=\"column\" data-e-type=\"column\">\n\t\t\t<div class=\"elementor-widget-wrap elementor-element-populated\">\n\t\t\t\t\t\t<div class=\"elementor-element elementor-element-664944af elementor-widget elementor-widget-text-editor\" data-id=\"664944af\" data-element_type=\"widget\" data-e-type=\"widget\" data-widget_type=\"text-editor.default\">\n\t\t\t\t<div class=\"elementor-widget-container\">\n\t\t\t\t\t\t\t\t\t<h1>Informativa sulla privacy del plugin FooSales WP<\/h1><p><em>Ultimo aggiornamento: 9 settembre 2024<\/em><\/p><h2><span style=\"font-size: 30px; font-weight: normal; font-family: var( --e-global-typography-text-font-family ), Sans-serif;\">Come FooSales conserva i dati<\/span><span style=\"font-size: 1.875rem; font-style: normal; font-weight: normal; font-family: var( --e-global-typography-text-font-family ), Sans-serif;\">:<\/span><\/h2><h3 style=\"font-style: normal;\">Database<\/h3><p><span style=\"font-weight: 400;\">L'FooSales fa un uso minimo dei dati memorizzati nel database WooCommerce del cliente. FooSales aggiunge informazioni di base al database WooCommerce sotto forma di metadati post personalizzati per distinguere gli ordini che sono stati elaborati da FooSales e il metodo di pagamento utilizzato. Non vengono trasmessi o memorizzati i dati della carta di credito del cliente o altri dati di pagamento sensibili.<\/span><\/p><h3><span style=\"font-weight: 400;\">Applicazioni<\/span><\/h3><p><span style=\"font-weight: 400;\">Il <\/span><span style=\"font-weight: 400;\">Applicazioni per punti vendita FooSales (POS)<\/span><span style=\"font-weight: 400;\"> utilizzano un'API REST personalizzata per comunicare in modo sicuro con il plugin FooSales al fine di recuperare informazioni sui clienti e sugli ordini e di elaborare le vendite. I dati trasferiti tra il plugin FooSales e le app comprendono i dati relativi agli ordini, ai prodotti e agli acquirenti. Questi dati vengono memorizzati nella cache del dispositivo che esegue l'applicazione FooSales per accelerare i tempi di caricamento iniziale. Per rimuovere i dati memorizzati nella cache, \u00e8 sufficiente scollegare l'app FooSales dal negozio toccando il pulsante\u00a0<\/span><b>Disconnessione<\/b>\u00a0nella schermata Impostazioni o <b>disinstallare<\/b> l'applicazione FooSales dal dispositivo.<\/p><h3 style=\"font-style: normal;\"><span style=\"font-size: 25px; font-weight: 400;\">Elaborazione dei pagamenti<\/span><\/h3><p style=\"font-size: 16px; font-style: normal; font-weight: 400;\"><span style=\"font-size: 16px; font-weight: 400;\">L'FooSales si integra con l'hardware Square e Stripe per elaborare i pagamenti con carta utilizzando i loro kit di sviluppo nativi. Sebbene tutta l'elaborazione delle carte e il lavoro pesante siano gestiti in modo sicuro da Square e Stripe al di fuori di FooSales, il totale dell'ordine e la descrizione degli articoli acquistati vengono inviati all'account Square e\/o Stripe per elaborare il pagamento.<\/span><\/p><h3><span style=\"font-weight: 400;\">Analisi degli ordini<\/span><\/h3><p><span style=\"font-weight: 400;\">FooSales si impegna a condividere con i clienti e con la pi\u00f9 ampia comunit\u00e0 WordPress\/WooCommerce tendenze e intuizioni interessanti basate sui dati aggregati dei clienti. <\/span>Se il <b>analisi degli ordini<\/b> l'impostazione \u00e8 abilitata nel plugin FooSales<span style=\"font-size: 16px; font-weight: 400; color: var( --e-global-color-text ); font-family: var( --e-global-typography-text-font-family ), Sans-serif;\">Per qualsiasi ordine effettuato tramite le applicazioni FooSales, raccoglieremo i seguenti dati non sensibili in forma anonima:<\/span><\/p><ul><li style=\"font-size: 16px;\"><span style=\"font-size: 16px; font-weight: 400;\"><span style=\"font-size: 16px; font-weight: bold;\"><span style=\"font-size: 16px; font-style: normal; font-weight: bold; color: var( --e-global-color-text ); font-family: var( --e-global-typography-text-font-family ), Sans-serif;\">Timestamp<\/span><span style=\"font-size: 16px; font-style: normal; font-weight: 400; color: var( --e-global-color-text ); font-family: var( --e-global-typography-text-font-family ), Sans-serif;\">\u00a0(generato automaticamente)<\/span><br \/><\/span><\/span><\/li><li style=\"font-size: 16px;\"><span style=\"font-size: 16px; font-weight: 400;\"><span style=\"font-size: 16px; font-weight: bold;\">Tasto di raggruppamento\u00a0<\/span><\/span>(stringa generata in modo casuale per raggruppare gli ordini in modo anonimo)<\/li><li><span style=\"font-weight: 400;\"><strong>Piattaforma<\/strong> (Web, iOS, Android)<\/span><\/li><li><span style=\"font-weight: 400;\"><strong>Paese<\/strong> (codice paese abbreviato)<\/span><\/li><li><span style=\"font-weight: 400;\"><strong>Valuta<\/strong> (codice valuta abbreviato)<\/span><\/li><li><span style=\"font-weight: 400;\"><strong>Metodo di pagamento<\/strong> (metodo di pagamento utilizzato nell'ordine)<\/span><\/li><li><span style=\"font-weight: 400;\"><strong>Settore<\/strong> (solo se si \u00e8 scelto di condividere le informazioni sul settore\/categoria con WooCommerce)<\/span><\/li><li style=\"font-size: 16px;\"><span style=\"font-size: 16px; font-weight: 400;\"><span style=\"font-size: 16px; font-weight: bold;\">Conteggio delle voci<\/span>\u00a0(numero totale di voci incluse nell'ordine)<\/span><\/li><li style=\"font-size: 16px;\"><span style=\"font-size: 16px; font-weight: 400;\"><span style=\"font-size: 16px; font-weight: bold;\">Quantit\u00e0 totale<\/span>\u00a0(quantit\u00e0 totale di articoli inclusi nell'ordine)<\/span><\/li><li><span style=\"font-weight: 400;\"><strong>Totale dell'ordine<\/strong> (totale dell'ordine nella valuta selezionata dal negozio, ad esempio CAD 10,00)<\/span><\/li><li><span style=\"font-weight: 400;\"><strong>Totale dell'ordine in USD<\/strong> (totale dell'ordine convertito nell'importo equivalente in USD, ad esempio 8,07 USD)\u00a0<\/span><\/li><\/ul><h3><span style=\"font-weight: 400;\">Email<\/span><\/h3><p><span style=\"font-weight: 400;\">Gli ordini elaborati dalle applicazioni FooSales POS attivano la funzionalit\u00e0 predefinita dell'ordine via e-mail dell'WooCommerce. Se l'opzione \u00e8 attivata, l'e-mail WooCommerce \"Ordine di un nuovo cliente\" verr\u00e0 inviata agli indirizzi e-mail specificati sotto la voce <strong>WooCommerce<\/strong> &gt; <strong>Impostazioni<\/strong><\/span><span style=\"font-size: 16px; font-style: normal; font-weight: 400; color: var( --e-global-color-text ); font-family: var( --e-global-typography-text-font-family ), Sans-serif;\">\u00a0<\/span><span style=\"font-size: 16px; font-style: normal; font-weight: 400; color: var( --e-global-color-text ); font-family: var( --e-global-typography-text-font-family ), Sans-serif;\">&gt;<\/span><span style=\"font-size: 16px; font-style: normal; font-weight: 400; color: var( --e-global-color-text ); font-family: var( --e-global-typography-text-font-family ), Sans-serif;\">\u00a0<\/span><strong style=\"font-size: 16px; color: var( --e-global-color-text ); font-family: var( --e-global-typography-text-font-family ), Sans-serif;\">Email<\/strong><span style=\"font-size: 16px; font-weight: 400; color: var( --e-global-color-text ); font-family: var( --e-global-typography-text-font-family ), Sans-serif;\"> opzioni. I dati predefiniti di questa e-mail includono i dettagli dell'ordine e dell'articolo e i dati del cliente. Una volta inviata l'e-mail \"Nuovo ordine cliente\", questa verr\u00e0 memorizzata a tempo indeterminato sul server e-mail dell'amministratore del sito web, a seconda dell'indirizzo o degli indirizzi e-mail specificati nelle impostazioni WooCommerce.<\/span><\/p><h2>Come rimuovere i dati:<\/h2><div><h3 style=\"font-style: normal;\">Rimozione degli ordini<\/h3><\/div><ol><li><span style=\"font-weight: 400;\">Andare a <\/span><b>WooCommerce<\/b><span style=\"font-weight: 400;\"> &gt; <\/span><b>Ordini<\/b><span style=\"font-weight: 400;\"> nell'area di amministrazione di WordPress<\/span><\/li><li style=\"font-weight: 400;\"><span style=\"font-weight: 400;\">Evidenziate gli ordini che devono essere cancellati<\/span><\/li><li style=\"font-weight: 400;\"><span style=\"font-weight: 400;\">Selezionate \"Sposta nel cestino\" nelle azioni di massa e fate clic su \"Applica\".<\/span><\/li><li style=\"font-weight: 400;\"><span style=\"font-weight: 400;\">Navigare fino all'ordine \"Bin<\/span><\/li><li style=\"font-weight: 400;\"><span style=\"font-weight: 400;\">Evidenziare l'ordine o gli ordini che devono essere cancellati<\/span><\/li><li style=\"font-weight: 400;\"><span style=\"font-weight: 400;\">Selezionare \"Elimina definitivamente\" nelle azioni di massa e fare clic su \"Applica\".<\/span><\/li><\/ol><h3><span style=\"font-weight: 400;\">Rimozione delle opzioni e delle impostazioni del plugin<\/span><\/h3><p><span style=\"font-weight: 400;\">Per rimuovere tutte le opzioni e le impostazioni di FooSales, \u00e8 sufficiente disattivare e disinstallare i plugin. I plugin rimuoveranno automaticamente tutte le opzioni e le impostazioni dal database durante il processo di disinstallazione.<\/span><\/p><h3><span style=\"font-weight: 400;\">Rimozione di tutti i file FooSales<\/span><\/h3><ol><li style=\"font-weight: 400;\"><span style=\"font-weight: 400;\">Disattivare e disinstallare i plugin come indicato nelle istruzioni precedenti (Rimozione delle opzioni e delle impostazioni dei plugin).<\/span><\/li><li style=\"font-weight: 400;\"><span style=\"font-weight: 400;\">Collegatevi al vostro server web tramite un client FTP e navigate su '<\/span><i><span style=\"font-weight: 400;\">wp-content\/plugins<\/span><\/i><span style=\"font-weight: 400;\">' nella directory WordPress. Assicurarsi che tutte le directory dei plugin FooSales siano state eliminate.<\/span><\/li><\/ol><h3><span style=\"font-weight: 400;\">Ruoli, capacit\u00e0 e autorizzazioni degli utenti:<\/span><\/h3><p><span style=\"font-weight: 400;\">L'FooSales fa ampio uso della funzionalit\u00e0 integrata di ruolo e capacit\u00e0 dell'utente dell'WordPress per garantire una migliore privacy. Per impostazione predefinita, solo gli utenti con il ruolo di \"Amministratore\" avranno accesso a tutte le funzionalit\u00e0 dell'FooSales. Se si desidera che un ruolo aggiuntivo abbia accesso a funzioni specifiche di FooSales, \u00e8 necessario assegnare le capacit\u00e0 a questo ruolo utilizzando un plugin WordPress gratuito di terze parti.<\/span><\/p><p><span style=\"font-weight: 400;\">Ecco i passi necessari per farlo:<\/span><\/p><ol><li style=\"font-weight: 400;\"><span style=\"font-weight: 400;\">Accedere all'area di amministrazione dell'WordPress e installare e attivare l'applicazione <\/span><b>Editor dei ruoli utente<\/b><span style=\"font-weight: 400;\"> plugin: <\/span><a href=\"https:\/\/wordpress.org\/plugins\/user-role-editor\/\" rel=\"noopener\"><span style=\"font-weight: 400;\">https:\/\/wordpress.org\/plugins\/user-role-editor\/<\/span><\/a><\/li><li><span style=\"font-weight: 400;\">Andare a <\/span><b>Utenti<\/b><span style=\"font-weight: 400;\"> &gt; <\/span><b>Editor dei ruoli utente<\/b><\/li><li style=\"font-weight: 400;\"><span style=\"font-weight: 400;\">Selezionare il ruolo dell'utente che deve accedere a specifiche funzionalit\u00e0 dell'FooSales nell'opzione \"Seleziona il ruolo e modificane le funzionalit\u00e0\".<\/span><\/li><li style=\"font-weight: 400;\"><span style=\"font-weight: 400;\">Inserire il termine \"foosales\" nella casella di testo del filtro rapido<\/span><\/li><li style=\"font-weight: 400;\"><span style=\"font-weight: 400;\">Controllate tutte le voci che sono state evidenziate (in pratica, tutte le opzioni che hanno il suffisso \"foosales\").<\/span><\/li><li><span style=\"font-weight: 400;\">Fare clic sul pulsante \"Aggiorna\" a destra<\/span><\/li><\/ol>\t\t\t\t\t\t\t\t<\/div>\n\t\t\t\t<\/div>\n\t\t\t\t\t<\/div>\n\t\t<\/div>\n\t\t\t\t\t<\/div>\n\t\t<\/section>\n\t\t\t\t<\/div>","protected":false},"excerpt":{"rendered":"<p>FooSales WP Plugin Privacy Policy Last Updated: 9 September 2024 How FooSales Stores Data: Database FooSales makes minimal use of [&hellip;]<\/p>\n","protected":false},"author":1,"featured_media":0,"parent":0,"menu_order":100,"comment_status":"closed","ping_status":"closed","template":"elementor_header_footer","meta":{"site-sidebar-layout":"default","site-content-layout":"default","ast-site-content-layout":"default","site-content-style":"default","site-sidebar-style":"default","ast-global-header-display":"","ast-banner-title-visibility":"","ast-main-header-display":"","ast-hfb-above-header-display":"","ast-hfb-below-header-display":"","ast-hfb-mobile-header-display":"","site-post-title":"","ast-breadcrumbs-content":"","ast-featured-img":"","footer-sml-layout":"","ast-disable-related-posts":"","theme-transparent-header-meta":"default","adv-header-id-meta":"","stick-header-meta":"default","header-above-stick-meta":"","header-main-stick-meta":"","header-below-stick-meta":"","astra-migrate-meta-layouts":"default","ast-page-background-enabled":"default","ast-page-background-meta":{"desktop":{"background-color":"","background-image":"","background-repeat":"repeat","background-position":"center center","background-size":"auto","background-attachment":"scroll","background-type":"","background-media":"","overlay-type":"","overlay-color":"","overlay-opacity":"","overlay-gradient":""},"tablet":{"background-color":"","background-image":"","background-repeat":"repeat","background-position":"center center","background-size":"auto","background-attachment":"scroll","background-type":"","background-media":"","overlay-type":"","overlay-color":"","overlay-opacity":"","overlay-gradient":""},"mobile":{"background-color":"","background-image":"","background-repeat":"repeat","background-position":"center center","background-size":"auto","background-attachment":"scroll","background-type":"","background-media":"","overlay-type":"","overlay-color":"","overlay-opacity":"","overlay-gradient":""}},"ast-content-background-meta":{"desktop":{"background-color":"var(--ast-global-color-5)","background-image":"","background-repeat":"repeat","background-position":"center center","background-size":"auto","background-attachment":"scroll","background-type":"","background-media":"","overlay-type":"","overlay-color":"","overlay-opacity":"","overlay-gradient":""},"tablet":{"background-color":"var(--ast-global-color-5)","background-image":"","background-repeat":"repeat","background-position":"center center","background-size":"auto","background-attachment":"scroll","background-type":"","background-media":"","overlay-type":"","overlay-color":"","overlay-opacity":"","overlay-gradient":""},"mobile":{"background-color":"var(--ast-global-color-5)","background-image":"","background-repeat":"repeat","background-position":"center center","background-size":"auto","background-attachment":"scroll","background-type":"","background-media":"","overlay-type":"","overlay-color":"","overlay-opacity":"","overlay-gradient":""}},"footnotes":""},"class_list":["post-18542","page","type-page","status-publish","hentry"],"_links":{"self":[{"href":"https:\/\/www.foosales.com\/it\/wp-json\/wp\/v2\/pages\/18542","targetHints":{"allow":["GET"]}}],"collection":[{"href":"https:\/\/www.foosales.com\/it\/wp-json\/wp\/v2\/pages"}],"about":[{"href":"https:\/\/www.foosales.com\/it\/wp-json\/wp\/v2\/types\/page"}],"author":[{"embeddable":true,"href":"https:\/\/www.foosales.com\/it\/wp-json\/wp\/v2\/users\/1"}],"replies":[{"embeddable":true,"href":"https:\/\/www.foosales.com\/it\/wp-json\/wp\/v2\/comments?post=18542"}],"version-history":[{"count":0,"href":"https:\/\/www.foosales.com\/it\/wp-json\/wp\/v2\/pages\/18542\/revisions"}],"wp:attachment":[{"href":"https:\/\/www.foosales.com\/it\/wp-json\/wp\/v2\/media?parent=18542"}],"curies":[{"name":"wp","href":"https:\/\/api.w.org\/{rel}","templated":true}]}}