{"id":20326,"date":"2019-02-08T22:11:14","date_gmt":"2019-02-09T05:11:14","guid":{"rendered":"https:\/\/foosales.com\/?page_id=20326"},"modified":"2025-12-16T14:37:03","modified_gmt":"2025-12-16T22:37:03","slug":"circa","status":"publish","type":"page","link":"https:\/\/www.foosales.com\/it\/about\/","title":{"rendered":"Circa"},"content":{"rendered":"<div data-elementor-type=\"wp-page\" data-elementor-id=\"20326\" class=\"elementor elementor-20326\" data-elementor-post-type=\"page\">\n\t\t\t\t\t\t<section class=\"elementor-section elementor-top-section elementor-element elementor-element-a262e29 elementor-section-full_width elementor-section-height-default elementor-section-height-default\" data-id=\"a262e29\" data-element_type=\"section\" data-e-type=\"section\">\n\t\t\t\t\t\t<div class=\"elementor-container elementor-column-gap-default\">\n\t\t\t\t\t<div class=\"elementor-column elementor-col-16 elementor-top-column elementor-element elementor-element-10b5924\" data-id=\"10b5924\" data-element_type=\"column\" data-e-type=\"column\">\n\t\t\t<div class=\"elementor-widget-wrap\">\n\t\t\t\t\t\t\t<\/div>\n\t\t<\/div>\n\t\t\t\t<div class=\"elementor-column elementor-col-66 elementor-top-column elementor-element elementor-element-1aa6075\" data-id=\"1aa6075\" data-element_type=\"column\" data-e-type=\"column\">\n\t\t\t<div class=\"elementor-widget-wrap elementor-element-populated\">\n\t\t\t\t\t\t<div class=\"elementor-element elementor-element-3130bec elementor-widget elementor-widget-heading\" data-id=\"3130bec\" data-element_type=\"widget\" data-e-type=\"widget\" data-widget_type=\"heading.default\">\n\t\t\t\t<div class=\"elementor-widget-container\">\n\t\t\t\t\t<h2 class=\"elementor-heading-title elementor-size-xxl\">La storia di FooSales<\/h2>\t\t\t\t<\/div>\n\t\t\t\t<\/div>\n\t\t\t\t<div class=\"elementor-element elementor-element-d55d8cb elementor-widget elementor-widget-heading\" data-id=\"d55d8cb\" data-element_type=\"widget\" data-e-type=\"widget\" data-widget_type=\"heading.default\">\n\t\t\t\t<div class=\"elementor-widget-container\">\n\t\t\t\t\t<h3 class=\"elementor-heading-title elementor-size-medium\">Applicare la creativit\u00e0, pensare in modo diverso, costruire strumenti che aiutino le persone e collaborare con i nostri colleghi nutre il nostro appetito curioso e alimenta la nostra passione collettiva per ci\u00f2 che facciamo.\n<\/h3>\t\t\t\t<\/div>\n\t\t\t\t<\/div>\n\t\t\t\t\t<\/div>\n\t\t<\/div>\n\t\t\t\t<div class=\"elementor-column elementor-col-16 elementor-top-column elementor-element elementor-element-4c227a8\" data-id=\"4c227a8\" data-element_type=\"column\" data-e-type=\"column\">\n\t\t\t<div class=\"elementor-widget-wrap\">\n\t\t\t\t\t\t\t<\/div>\n\t\t<\/div>\n\t\t\t\t\t<\/div>\n\t\t<\/section>\n\t\t\t\t<section class=\"elementor-section elementor-top-section elementor-element elementor-element-e4a225a elementor-section-full_width elementor-section-height-default elementor-section-height-default\" data-id=\"e4a225a\" data-element_type=\"section\" data-e-type=\"section\">\n\t\t\t\t\t\t<div class=\"elementor-container elementor-column-gap-default\">\n\t\t\t\t\t<div class=\"elementor-column elementor-col-100 elementor-top-column elementor-element elementor-element-04c5048\" data-id=\"04c5048\" data-element_type=\"column\" data-e-type=\"column\">\n\t\t\t<div class=\"elementor-widget-wrap elementor-element-populated\">\n\t\t\t\t\t\t<div class=\"elementor-element elementor-element-1dbb24d elementor-widget__width-auto elementor-widget elementor-widget-image\" data-id=\"1dbb24d\" data-element_type=\"widget\" data-e-type=\"widget\" data-widget_type=\"image.default\">\n\t\t\t\t<div class=\"elementor-widget-container\">\n\t\t\t\t\t\t\t\t\t\t\t\t\t\t\t<img decoding=\"async\" width=\"200\" height=\"61\" src=\"https:\/\/www.foosales.com\/wp-content\/uploads\/2021\/01\/woocommerce-partner-1.png\" class=\"attachment-medium_large size-medium_large wp-image-69834\" alt=\"\" title=\"\">\t\t\t\t\t\t\t\t\t\t\t\t\t\t\t<\/div>\n\t\t\t\t<\/div>\n\t\t\t\t<div class=\"elementor-element elementor-element-a93f1db elementor-widget__width-auto elementor-widget elementor-widget-image\" data-id=\"a93f1db\" data-element_type=\"widget\" data-e-type=\"widget\" data-widget_type=\"image.default\">\n\t\t\t\t<div class=\"elementor-widget-container\">\n\t\t\t\t\t\t\t\t\t\t\t\t\t\t\t<img decoding=\"async\" width=\"150\" height=\"150\" src=\"https:\/\/www.foosales.com\/wp-content\/uploads\/2019\/08\/Silver-150x150.png\" class=\"attachment-thumbnail size-thumbnail wp-image-29067\" alt=\"\" srcset=\"https:\/\/www.foosales.com\/wp-content\/uploads\/2019\/08\/Silver-150x150.png 150w, https:\/\/www.foosales.com\/wp-content\/uploads\/2019\/08\/Silver-300x300.png 300w, https:\/\/www.foosales.com\/wp-content\/uploads\/2019\/08\/Silver-100x100.png 100w, https:\/\/www.foosales.com\/wp-content\/uploads\/2019\/08\/Silver-80x80.png 80w\" sizes=\"(max-width: 150px) 100vw, 150px\" title=\"\">\t\t\t\t\t\t\t\t\t\t\t\t\t\t\t<\/div>\n\t\t\t\t<\/div>\n\t\t\t\t<div class=\"elementor-element elementor-element-aa26823 elementor-widget__width-auto elementor-widget elementor-widget-image\" data-id=\"aa26823\" data-element_type=\"widget\" data-e-type=\"widget\" data-widget_type=\"image.default\">\n\t\t\t\t<div class=\"elementor-widget-container\">\n\t\t\t\t\t\t\t\t\t\t\t\t\t\t\t\t<a href=\"https:\/\/www.capterra.com\/p\/196706\/FooSales\/reviews\/\" rel=\"noopener\">\n\t\t\t\t\t\t\t<img decoding=\"async\" src=\"https:\/\/assets.capterra.com\/badge\/0f5338ac7c96f2445094c585c1207303.png?v=2137458&#038;p=196706\" title=\"\" alt=\"\" loading=\"lazy\">\t\t\t\t\t\t\t\t<\/a>\n\t\t\t\t\t\t\t\t\t\t\t\t\t\t\t<\/div>\n\t\t\t\t<\/div>\n\t\t\t\t<div class=\"elementor-element elementor-element-42a7c28 elementor-widget__width-auto elementor-widget elementor-widget-image\" data-id=\"42a7c28\" data-element_type=\"widget\" data-e-type=\"widget\" data-widget_type=\"image.default\">\n\t\t\t\t<div class=\"elementor-widget-container\">\n\t\t\t\t\t\t\t\t\t\t\t\t\t\t\t\t<a href=\"https:\/\/www.fooevents.com\/it\/\" rel=\"noopener\">\n\t\t\t\t\t\t\t<img decoding=\"async\" width=\"284\" height=\"58\" src=\"https:\/\/www.foosales.com\/wp-content\/uploads\/2021\/02\/fe-logo-ret.png\" class=\"attachment-medium_large size-medium_large wp-image-71993\" alt=\"\" title=\"\">\t\t\t\t\t\t\t\t<\/a>\n\t\t\t\t\t\t\t\t\t\t\t\t\t\t\t<\/div>\n\t\t\t\t<\/div>\n\t\t\t\t\t<\/div>\n\t\t<\/div>\n\t\t\t\t\t<\/div>\n\t\t<\/section>\n\t\t\t\t<section class=\"elementor-section elementor-top-section elementor-element elementor-element-883fa91 elementor-section-full_width elementor-section-height-default elementor-section-height-default\" data-id=\"883fa91\" data-element_type=\"section\" data-e-type=\"section\">\n\t\t\t\t\t\t<div class=\"elementor-container elementor-column-gap-default\">\n\t\t\t\t\t<div class=\"elementor-column elementor-col-16 elementor-top-column elementor-element elementor-element-b96a469\" data-id=\"b96a469\" data-element_type=\"column\" data-e-type=\"column\">\n\t\t\t<div class=\"elementor-widget-wrap\">\n\t\t\t\t\t\t\t<\/div>\n\t\t<\/div>\n\t\t\t\t<div class=\"elementor-column elementor-col-66 elementor-top-column elementor-element elementor-element-40f75ee\" data-id=\"40f75ee\" data-element_type=\"column\" data-e-type=\"column\">\n\t\t\t<div class=\"elementor-widget-wrap elementor-element-populated\">\n\t\t\t\t\t\t<div class=\"elementor-element elementor-element-6d81d2c elementor-widget elementor-widget-heading\" data-id=\"6d81d2c\" data-element_type=\"widget\" data-e-type=\"widget\" data-widget_type=\"heading.default\">\n\t\t\t\t<div class=\"elementor-widget-container\">\n\t\t\t\t\t<h2 class=\"elementor-heading-title elementor-size-default\">Come \u00e8 iniziato?<\/h2>\t\t\t\t<\/div>\n\t\t\t\t<\/div>\n\t\t\t\t<div class=\"elementor-element elementor-element-90ed73c elementor-widget elementor-widget-text-editor\" data-id=\"90ed73c\" data-element_type=\"widget\" data-e-type=\"widget\" data-widget_type=\"text-editor.default\">\n\t\t\t\t<div class=\"elementor-widget-container\">\n\t\t\t\t\t\t\t\t\t<p style=\"text-align: center;\">L'idea di FooSales\u2122 \u00e8 nata nel 2016. Mentre discutevamo nuove idee di prodotto, abbiamo individuato l'opportunit\u00e0 di sviluppare un sistema POS basato su app creato appositamente per WooCommerce.<\/p>\n<p style=\"text-align: center;\">Abbiamo presto scoperto che c'era un motivo per cui non era stato fatto prima, poich\u00e9 si trattava di un'impresa enorme! Abbiamo affrontato questa sfida monumentale (con molte battute d'arresto uniche lungo il percorso) e FooSales \u00e8 stato finalmente lanciato nel 2018. In un breve periodo di tempo, FooSales \u00e8 cresciuto in modo significativo ed \u00e8 ora utilizzato attivamente da migliaia di clienti in tutto il mondo.<\/p>\t\t\t\t\t\t\t\t<\/div>\n\t\t\t\t<\/div>\n\t\t\t\t<div class=\"elementor-element elementor-element-2ac4dc8 elementor-widget elementor-widget-heading\" data-id=\"2ac4dc8\" data-element_type=\"widget\" data-e-type=\"widget\" data-widget_type=\"heading.default\">\n\t\t\t\t<div class=\"elementor-widget-container\">\n\t\t\t\t\t<h2 class=\"elementor-heading-title elementor-size-default\">Chi siamo?<\/h2>\t\t\t\t<\/div>\n\t\t\t\t<\/div>\n\t\t\t\t<div class=\"elementor-element elementor-element-341dd71 elementor-widget elementor-widget-text-editor\" data-id=\"341dd71\" data-element_type=\"widget\" data-e-type=\"widget\" data-widget_type=\"text-editor.default\">\n\t\t\t\t<div class=\"elementor-widget-container\">\n\t\t\t\t\t\t\t\t\t<p><img loading=\"lazy\" decoding=\"async\" class=\"aligncenter wp-image-165949 size-large\" src=\"https:\/\/www.foosales.com\/wp-content\/uploads\/2023\/02\/fooevents-team-1024x156.png\" alt=\"Immagini del profilo del team FooSales.\" width=\"1024\" height=\"156\" title=\"\" srcset=\"https:\/\/www.foosales.com\/wp-content\/uploads\/2023\/02\/fooevents-team-1024x156.png 1024w, https:\/\/www.foosales.com\/wp-content\/uploads\/2023\/02\/fooevents-team-300x46.png 300w, https:\/\/www.foosales.com\/wp-content\/uploads\/2023\/02\/fooevents-team-768x117.png 768w, https:\/\/www.foosales.com\/wp-content\/uploads\/2023\/02\/fooevents-team-600x92.png 600w, https:\/\/www.foosales.com\/wp-content\/uploads\/2023\/02\/fooevents-team.png 1436w\" sizes=\"(max-width: 1024px) 100vw, 1024px\" \/><\/p><p style=\"text-align: center;\">Abbiamo iniziato come agenzia digitale chiamata\u00a0<a href=\"https:\/\/www.grenadeco.com\/\" rel=\"noopener\">Grenade<\/a>\u00a0che ha sviluppato applicazioni web e mobile per aziende blue chip e ha anche creato una soluzione di biglietteria ed eventi molto popolare per WooCommerce chiamata\u00a0<a href=\"https:\/\/www.fooevents.com\/it\/\" rel=\"noopener\">FooEvents<\/a>.<\/p><p style=\"text-align: center;\">Il team di FooSales \u00e8 composto da talentuosi sviluppatori, progettisti, esperti di marketing e assistenza clienti con sede in Nord America, Sudafrica e Filippine, che si impegnano senza sosta nella realizzazione e nel supporto di prodotti di alta qualit\u00e0, non solo facili da usare ma anche convenienti.<\/p><p style=\"text-align: center;\">Il nostro team \u00e8 stato forgiato nelle trincee del mondo altamente competitivo delle agenzie, caratterizzato da scadenze strette e spesso irragionevoli e che richiede una grande creativit\u00e0 nella risoluzione dei problemi e nervi d'acciaio per sopravvivere. Questi attributi sono evidenti nella nostra esperienza, conoscenza, dedizione e assistenza clienti di alto livello. L'applicazione del nostro background unico di agenzia digitale e sviluppo di app a FooSales \u00e8 uno dei tanti motivi per cui ci distinguiamo, garantendo clienti felici e negozi di successo.<\/p><p style=\"text-align: center;\"><strong>Se desiderate saperne di pi\u00f9 sull'FooSales o collaborare con noi, vi invitiamo a <a href=\"https:\/\/help.foosales.com\/it\/contact\/\" rel=\"nofollow noopener\">contattaci<\/a>!<\/strong>\u00a0\u00a0<\/p>\t\t\t\t\t\t\t\t<\/div>\n\t\t\t\t<\/div>\n\t\t\t\t\t<\/div>\n\t\t<\/div>\n\t\t\t\t<div class=\"elementor-column elementor-col-16 elementor-top-column elementor-element elementor-element-b33bf94\" data-id=\"b33bf94\" data-element_type=\"column\" data-e-type=\"column\">\n\t\t\t<div class=\"elementor-widget-wrap\">\n\t\t\t\t\t\t\t<\/div>\n\t\t<\/div>\n\t\t\t\t\t<\/div>\n\t\t<\/section>\n\t\t\t\t<\/div>","protected":false},"excerpt":{"rendered":"<p>The FooSales Story Applying creativity, thinking differently, building tools that help people and collaborating with our peers nourishes our curious [&hellip;]<\/p>\n","protected":false},"author":1,"featured_media":0,"parent":0,"menu_order":20,"comment_status":"closed","ping_status":"closed","template":"elementor_header_footer","meta":{"site-sidebar-layout":"default","site-content-layout":"default","ast-site-content-layout":"default","site-content-style":"default","site-sidebar-style":"default","ast-global-header-display":"","ast-banner-title-visibility":"","ast-main-header-display":"","ast-hfb-above-header-display":"","ast-hfb-below-header-display":"","ast-hfb-mobile-header-display":"","site-post-title":"","ast-breadcrumbs-content":"","ast-featured-img":"","footer-sml-layout":"","ast-disable-related-posts":"","theme-transparent-header-meta":"default","adv-header-id-meta":"","stick-header-meta":"default","header-above-stick-meta":"","header-main-stick-meta":"","header-below-stick-meta":"","astra-migrate-meta-layouts":"set","ast-page-background-enabled":"default","ast-page-background-meta":{"desktop":{"background-color":"","background-image":"","background-repeat":"repeat","background-position":"center center","background-size":"auto","background-attachment":"scroll","background-type":"","background-media":"","overlay-type":"","overlay-color":"","overlay-opacity":"","overlay-gradient":""},"tablet":{"background-color":"","background-image":"","background-repeat":"repeat","background-position":"center center","background-size":"auto","background-attachment":"scroll","background-type":"","background-media":"","overlay-type":"","overlay-color":"","overlay-opacity":"","overlay-gradient":""},"mobile":{"background-color":"","background-image":"","background-repeat":"repeat","background-position":"center center","background-size":"auto","background-attachment":"scroll","background-type":"","background-media":"","overlay-type":"","overlay-color":"","overlay-opacity":"","overlay-gradient":""}},"ast-content-background-meta":{"desktop":{"background-color":"var(--ast-global-color-5)","background-image":"","background-repeat":"repeat","background-position":"center center","background-size":"auto","background-attachment":"scroll","background-type":"","background-media":"","overlay-type":"","overlay-color":"","overlay-opacity":"","overlay-gradient":""},"tablet":{"background-color":"var(--ast-global-color-5)","background-image":"","background-repeat":"repeat","background-position":"center center","background-size":"auto","background-attachment":"scroll","background-type":"","background-media":"","overlay-type":"","overlay-color":"","overlay-opacity":"","overlay-gradient":""},"mobile":{"background-color":"var(--ast-global-color-5)","background-image":"","background-repeat":"repeat","background-position":"center center","background-size":"auto","background-attachment":"scroll","background-type":"","background-media":"","overlay-type":"","overlay-color":"","overlay-opacity":"","overlay-gradient":""}},"footnotes":""},"class_list":["post-20326","page","type-page","status-publish","hentry"],"_links":{"self":[{"href":"https:\/\/www.foosales.com\/it\/wp-json\/wp\/v2\/pages\/20326","targetHints":{"allow":["GET"]}}],"collection":[{"href":"https:\/\/www.foosales.com\/it\/wp-json\/wp\/v2\/pages"}],"about":[{"href":"https:\/\/www.foosales.com\/it\/wp-json\/wp\/v2\/types\/page"}],"author":[{"embeddable":true,"href":"https:\/\/www.foosales.com\/it\/wp-json\/wp\/v2\/users\/1"}],"replies":[{"embeddable":true,"href":"https:\/\/www.foosales.com\/it\/wp-json\/wp\/v2\/comments?post=20326"}],"version-history":[{"count":3,"href":"https:\/\/www.foosales.com\/it\/wp-json\/wp\/v2\/pages\/20326\/revisions"}],"predecessor-version":[{"id":185373,"href":"https:\/\/www.foosales.com\/it\/wp-json\/wp\/v2\/pages\/20326\/revisions\/185373"}],"wp:attachment":[{"href":"https:\/\/www.foosales.com\/it\/wp-json\/wp\/v2\/media?parent=20326"}],"curies":[{"name":"wp","href":"https:\/\/api.w.org\/{rel}","templated":true}]}}