{"id":141325,"date":"2022-01-12T14:12:18","date_gmt":"2022-01-12T21:12:18","guid":{"rendered":"https:\/\/foosales.com\/?page_id=141325"},"modified":"2024-09-03T18:46:28","modified_gmt":"2024-09-04T01:46:28","slug":"polityka-prywatnosci","status":"publish","type":"page","link":"https:\/\/www.foosales.com\/pl\/privacy-policy\/","title":{"rendered":"Polityka prywatno\u015bci (STARA)"},"content":{"rendered":"<div data-elementor-type=\"wp-page\" data-elementor-id=\"141325\" class=\"elementor elementor-141325\" data-elementor-post-type=\"page\">\n\t\t\t\t\t\t<section class=\"elementor-section elementor-top-section elementor-element elementor-element-986b7e9 elementor-section-boxed elementor-section-height-default elementor-section-height-default\" data-id=\"986b7e9\" data-element_type=\"section\" data-e-type=\"section\">\n\t\t\t\t\t\t<div class=\"elementor-container elementor-column-gap-default\">\n\t\t\t\t\t<div class=\"elementor-column elementor-col-33 elementor-top-column elementor-element elementor-element-0917e5a\" data-id=\"0917e5a\" data-element_type=\"column\" data-e-type=\"column\">\n\t\t\t<div class=\"elementor-widget-wrap elementor-element-populated\">\n\t\t\t\t\t\t<div class=\"elementor-element elementor-element-d9f681b elementor-widget elementor-widget-text-editor\" data-id=\"d9f681b\" data-element_type=\"widget\" data-e-type=\"widget\" data-widget_type=\"text-editor.default\">\n\t\t\t\t<div class=\"elementor-widget-container\">\n\t\t\t\t\t\t\t\t\t<ol><li><a href=\"#who_we_are\">KIM JESTE\u015aMY<\/a><\/li><li><a href=\"#personal_data_collection\">JAKIE DANE OSOBOWE GROMADZIMY<\/a><\/li><li><a href=\"#comments\">UWAGI<\/a><\/li><li><a href=\"#media\">MEDIA<\/a><\/li><li><a href=\"#contact_forms\">FORMULARZE KONTAKTOWE<\/a><\/li><li><a href=\"#cookies\">CIASTECZKA<\/a><\/li><li><a href=\"#embedded_content\">OSADZONE TRE\u015aCI Z INNYCH STRON INTERNETOWYCH<\/a><\/li><li><a href=\"#analytics\">ANALITYKA<\/a><\/li><li><a href=\"#what_we_collect\">CO ZBIERAMY I PRZECHOWUJEMY<\/a><\/li><li><a href=\"#data_retention\">JAK D\u0141UGO PRZECHOWUJEMY DANE U\u017bYTKOWNIKA<\/a><\/li><li><a href=\"#send_data\">GDZIE WYSY\u0141AMY DANE U\u017bYTKOWNIKA<\/a><\/li><li><a href=\"#data_rights\">JAKIE PRAWA PRZYS\u0141UGUJ\u0104 U\u017bYTKOWNIKOWI W ODNIESIENIU DO JEGO DANYCH<\/a><\/li><li><a href=\"#data_access\">KTO W NASZYM ZESPOLE MA DOST\u0118P<\/a><\/li><\/ol>\t\t\t\t\t\t\t\t<\/div>\n\t\t\t\t<\/div>\n\t\t\t\t\t<\/div>\n\t\t<\/div>\n\t\t\t\t<div class=\"elementor-column elementor-col-66 elementor-top-column elementor-element elementor-element-734841c\" data-id=\"734841c\" data-element_type=\"column\" data-e-type=\"column\">\n\t\t\t<div class=\"elementor-widget-wrap elementor-element-populated\">\n\t\t\t\t\t\t<div class=\"elementor-element elementor-element-4d4ff1c elementor-widget elementor-widget-text-editor\" data-id=\"4d4ff1c\" data-element_type=\"widget\" data-e-type=\"widget\" data-widget_type=\"text-editor.default\">\n\t\t\t\t<div class=\"elementor-widget-container\">\n\t\t\t\t\t\t\t\t\t<h1>Polityka prywatno\u015bci<\/h1>\n<em>Ostatnia aktualizacja: 2 listopada 2021 r.<\/em>\n<h3>1. KIM JESTE\u015aMY<\/h3>\nFooSales jest produktem nale\u017c\u0105cym do firmy Grenade Technologies (Pty) Ltd. zarejestrowanej w Republice Po\u0142udniowej Afryki (nr rej. 2012\/051365\/07).\n\nAdres naszej strony internetowej to: <a href=\"https:\/\/www.foosales.com\/pl\/\">https:\/\/www.foosales.com<\/a>\n\nW przypadku jakichkolwiek pyta\u0144 dotycz\u0105cych naszej polityki prywatno\u015bci lub wniosk\u00f3w o prawo dost\u0119pu mo\u017cna wys\u0142a\u0107 wiadomo\u015b\u0107 e-mail na adres: privacy (at) foosales.com\n<h3>2. JAKIE DANE OSOBOWE GROMADZIMY I DLACZEGO JE GROMADZIMY<\/h3>\nFooSales przestrzega nast\u0119puj\u0105cych zasad w celu ochrony prywatno\u015bci u\u017cytkownik\u00f3w:\n- Nie zbieramy wi\u0119cej informacji ni\u017c jest to konieczne;\n- Nie wykorzystujemy danych u\u017cytkownika do cel\u00f3w innych ni\u017c okre\u015blone;\n- Nie przechowujemy danych u\u017cytkownika, je\u015bli nie s\u0105 ju\u017c potrzebne;\n- Nie przekazujemy danych u\u017cytkownika stronom trzecim bez jego zgody.\n\nJe\u015bli masz jakiekolwiek pytania dotycz\u0105ce naszej Polityki prywatno\u015bci lub nie zgadzasz si\u0119 z ni\u0105, skontaktuj si\u0119 z nami przed skorzystaniem z tej witryny. Od czasu do czasu mo\u017cemy zmienia\u0107 nasz\u0105 polityk\u0119, dlatego nale\u017cy cz\u0119sto sprawdza\u0107 t\u0119 stron\u0119, aby upewni\u0107 si\u0119, \u017ce u\u017cytkownik jest \u015bwiadomy wszelkich wprowadzonych zmian.\n<h3>3. UWAGI<\/h3>\nGdy odwiedzaj\u0105cy zostawiaj\u0105 komentarze na stronie, zbieramy dane wy\u015bwietlane w formularzu komentarzy, a tak\u017ce adres IP odwiedzaj\u0105cego i ci\u0105g agenta u\u017cytkownika przegl\u0105darki, aby pom\u00f3c w wykrywaniu spamu.\n\nZanonimizowany ci\u0105g znak\u00f3w utworzony z adresu e-mail u\u017cytkownika (zwany r\u00f3wnie\u017c skr\u00f3tem) mo\u017ce zosta\u0107 przekazany do us\u0142ugi Gravatar w celu sprawdzenia, czy u\u017cytkownik z niej korzysta. Polityka prywatno\u015bci us\u0142ugi Gravatar jest dost\u0119pna tutaj: <a href=\"https:\/\/automattic.com\/privacy\/\" rel=\"nofollow noopener\">https:\/\/automattic.com\/privacy\/<\/a>\n\nPo zatwierdzeniu komentarza zdj\u0119cie profilowe jest widoczne publicznie w kontek\u015bcie komentarza.\n<h3>4. MEDIA<\/h3>\nW przypadku przesy\u0142ania obraz\u00f3w do witryny internetowej nale\u017cy unika\u0107 przesy\u0142ania obraz\u00f3w z osadzonymi danymi lokalizacji (EXIF GPS). Odwiedzaj\u0105cy witryn\u0119 mog\u0105 pobiera\u0107 i wyodr\u0119bnia\u0107 wszelkie dane o lokalizacji z obraz\u00f3w w witrynie.\n<h3>5. FORMULARZE KONTAKTOWE<\/h3>\nU\u017cywamy formularzy kontaktowych na tej stronie, aby umo\u017cliwi\u0107 klientom i odwiedzaj\u0105cym zapisywanie si\u0119 na listy mailingowe, odpowiadanie na ankiety, przesy\u0142anie zg\u0142osze\u0144 do pomocy technicznej i kontaktowanie si\u0119 z nami.\n\nDo cel\u00f3w obs\u0142ugi klienta i \u0142adu korporacyjnego archiwizujemy nast\u0119puj\u0105ce dane osobowe przes\u0142ane za po\u015brednictwem dowolnego formularza kontaktowego na czas nieokre\u015blony w bazie danych naszej witryny: imi\u0119 i nazwisko, adres URL witryny (je\u015bli zosta\u0142 podany), adres e-mail i adres IP.\n\nFooSales nie b\u0119dzie wynajmowa\u0107 ani sprzedawa\u0107 nikomu potencjalnie identyfikuj\u0105cych i identyfikuj\u0105cych danych osobowych. Poza pracownikami i wykonawcami, jak opisano powy\u017cej, FooSales ujawnia potencjalnie dane osobowe i dane osobowe tylko w odpowiedzi na wezwanie do s\u0105du, nakaz s\u0105dowy lub inne \u017c\u0105danie rz\u0105dowe, lub gdy FooSales wierzy w dobrej wierze, \u017ce ujawnienie jest uzasadnione w celu ochrony w\u0142asno\u015bci lub praw FooSales, stron trzecich lub og\u00f3\u0142u spo\u0142ecze\u0144stwa.\n\nJe\u015bli jeste\u015b klientem FooSales i wyrazi\u0142e\u015b zgod\u0119 na otrzymywanie od nas wiadomo\u015bci i aktualizacji, FooSales mo\u017ce od czasu do czasu wysy\u0142a\u0107 Ci wiadomo\u015b\u0107 e-mail, aby poinformowa\u0107 Ci\u0119 o nowych funkcjach, poprosi\u0107 o Twoj\u0105 opini\u0119 lub po prostu informowa\u0107 Ci\u0119 na bie\u017c\u0105co o tym, co dzieje si\u0119 z FooSales i naszymi produktami. Je\u015bli u\u017cytkownik prze\u015ble nam pro\u015bb\u0119 (na przyk\u0142ad za po\u015brednictwem wiadomo\u015bci e-mail dotycz\u0105cej pomocy technicznej lub za po\u015brednictwem jednego z naszych mechanizm\u00f3w przekazywania opinii), zastrzegamy sobie prawo do jej opublikowania, aby pom\u00f3c nam wyja\u015bni\u0107 lub odpowiedzie\u0107 na pro\u015bb\u0119 u\u017cytkownika lub pom\u00f3c nam wspiera\u0107 innych u\u017cytkownik\u00f3w.\n\nFooSales podejmuje wszelkie niezb\u0119dne \u015brodki w celu ochrony przed nieuprawnionym dost\u0119pem, wykorzystaniem, zmian\u0105 lub zniszczeniem potencjalnie identyfikuj\u0105cych i identyfikuj\u0105cych dane osobowe informacji.\n\nW ramach naszych \u015brodk\u00f3w bezpiecze\u0144stwa wdro\u017cyli\u015bmy protok\u00f3\u0142 HTTPS na ca\u0142ej stronie internetowej i szyfrujemy przep\u0142yw danych mi\u0119dzy przegl\u0105dark\u0105 klienta a serwerem internetowym.\n<h3 id=\"cookies\">6. CIASTECZKA<\/h3>\nAby poprawi\u0107 komfort korzystania z naszej witryny, u\u017cywamy plik\u00f3w cookie. Pliki cookie s\u0105 standardem bran\u017cowym i korzysta z nich wi\u0119kszo\u015b\u0107 g\u0142\u00f3wnych witryn internetowych. Plik cookie to ma\u0142y plik tekstowy, kt\u00f3ry nasza witryna umieszcza na komputerze u\u017cytkownika w celu zapami\u0119tania jego preferencji. U\u017cytkownik mo\u017ce odm\u00f3wi\u0107 korzystania z plik\u00f3w cookie, wybieraj\u0105c odpowiednie ustawienia w przegl\u0105darce, jednak nale\u017cy pami\u0119ta\u0107, \u017ce w takim przypadku korzystanie z pe\u0142nej funkcjonalno\u015bci tej witryny mo\u017ce nie by\u0107 mo\u017cliwe.\n\nKorzystamy z plik\u00f3w cookie Google Analytics (opisanych szczeg\u00f3\u0142owo w sekcji <a href=\"#analytics\">Analityka<\/a> sekcja) i piksel Facebooka. Piksel Facebooka to narz\u0119dzie analityczne, kt\u00f3re pozwala nam mierzy\u0107 skuteczno\u015b\u0107 naszych reklam poprzez zrozumienie dzia\u0142a\u0144 podejmowanych przez u\u017cytkownik\u00f3w na tej stronie. Szczeg\u00f3\u0142y techniczne dotycz\u0105ce dzia\u0142ania piksela Facebooka i gromadzonych przez niego danych mo\u017cna znale\u017a\u0107 w Polityce plik\u00f3w cookie Facebooka: <a href=\"https:\/\/www.facebook.com\/policies\/cookies\/\" rel=\"noopener\">https:\/\/www.facebook.com\/policies\/cookies\/<\/a>\n\nJe\u015bli zostawisz komentarz na naszej stronie, mo\u017cesz wyrazi\u0107 zgod\u0119 na zapisanie swojego imienia i nazwiska, adresu e-mail i strony internetowej w plikach cookie. S\u0105 one przeznaczone dla wygody u\u017cytkownika, dzi\u0119ki czemu nie musi on ponownie wpisywa\u0107 swoich danych, gdy zostawia kolejny komentarz. Te pliki cookie b\u0119d\u0105 przechowywane przez rok.\n\nJe\u015bli masz konto i logujesz si\u0119 na tej stronie, ustawimy tymczasowy plik cookie, aby okre\u015bli\u0107, czy Twoja przegl\u0105darka akceptuje pliki cookie. Ten plik cookie nie zawiera danych osobowych i jest usuwany po zamkni\u0119ciu przegl\u0105darki.\n\nPodczas logowania ustawimy r\u00f3wnie\u017c kilka plik\u00f3w cookie, aby zapisa\u0107 dane logowania i opcje wy\u015bwietlania ekranu. Pliki cookie logowania s\u0105 przechowywane przez dwa dni, a pliki cookie opcji ekranu przez rok. W przypadku wybrania opcji \"Zapami\u0119taj mnie\" dane logowania b\u0119d\u0105 przechowywane przez dwa tygodnie. Po wylogowaniu si\u0119 z konta pliki cookie logowania zostan\u0105 usuni\u0119te.\n\nJe\u015bli edytujesz lub publikujesz artyku\u0142, w Twojej przegl\u0105darce zostanie zapisany dodatkowy plik cookie. Ten plik cookie nie zawiera \u017cadnych danych osobowych i po prostu wskazuje identyfikator posta artyku\u0142u, kt\u00f3ry w\u0142a\u015bnie edytowa\u0142e\u015b. Wygasa on po 1 dniu.\n<h3>7. OSADZONE TRE\u015aCI Z INNYCH STRON INTERNETOWYCH<\/h3>\nArtyku\u0142y na tej stronie mog\u0105 zawiera\u0107 osadzone tre\u015bci (np. filmy, obrazy, artyku\u0142y itp.). Osadzone tre\u015bci z innych witryn zachowuj\u0105 si\u0119 dok\u0142adnie tak samo, jak gdyby u\u017cytkownik odwiedzi\u0142 inn\u0105 witryn\u0119.\n\nWitryny te mog\u0105 gromadzi\u0107 dane o u\u017cytkowniku, u\u017cywa\u0107 plik\u00f3w cookie, osadza\u0107 dodatkowe \u015bledzenie stron trzecich i monitorowa\u0107 interakcj\u0119 u\u017cytkownika z osadzon\u0105 tre\u015bci\u0105, w tym \u015bledzi\u0107 interakcj\u0119 u\u017cytkownika z osadzon\u0105 tre\u015bci\u0105, je\u015bli u\u017cytkownik ma konto i jest zalogowany w tej witrynie.\n<h3>8. ANALITYKA<\/h3>\nNasza witryna korzysta z us\u0142ugi Google Analytics, kt\u00f3ra przesy\u0142a dane witryny na serwery Google w Stanach Zjednoczonych. Google Analytics nie identyfikuje poszczeg\u00f3lnych u\u017cytkownik\u00f3w ani nie \u0142\u0105czy adresu IP u\u017cytkownika z \u017cadnymi innymi danymi przechowywanymi przez Google. Korzystamy z raport\u00f3w dostarczanych przez Google Analytics, aby pom\u00f3c nam zrozumie\u0107 ruch w witrynie i korzystanie ze strony internetowej.\n\nPolityka prywatno\u015bci Google jest dost\u0119pna tutaj: <a href=\"https:\/\/policies.google.com\/privacy\" rel=\"nofollow noopener\">https:\/\/policies.google.com\/privacy<\/a>\n\nPrzeczytaj o tym, jak Google wykorzystuje informacje z witryn i aplikacji korzystaj\u0105cych z ich us\u0142ug tutaj:\u00a0<a href=\"https:\/\/policies.google.com\/technologies\/partner-sites\" rel=\"nofollow noopener\">https:\/\/policies.google.com\/technologies\/partner-sites<\/a>\n\nList\u0119 wszystkich plik\u00f3w cookie u\u017cywanych przez Google Analytics wraz z wyja\u015bnieniem ka\u017cdego z nich mo\u017cna znale\u017a\u0107 tutaj: <a href=\"https:\/\/developers.google.com\/analytics\/devguides\/collection\/analyticsjs\/cookie-usage\" rel=\"nofollow noopener\">https:\/\/developers.google.com\/analytics\/devguides\/collection\/analyticsjs\/cookie-usage<\/a>\n\nW\u0142\u0105czyli\u015bmy opcjonaln\u0105 anonimizacj\u0119 IP i funkcj\u0119 rezygnacji z Google Analytics w tej wtyczce, aby zachowa\u0107 zgodno\u015b\u0107 z europejskim og\u00f3lnym rozporz\u0105dzeniem o ochronie danych (RODO).\n\nMo\u017cesz tak\u017ce zainstalowa\u0107 dodatek do przegl\u0105darki Google Analytics Opt-out, aby ca\u0142kowicie uniemo\u017cliwi\u0107 zg\u0142aszanie danych w Google Analytics: <a href=\"https:\/\/tools.google.com\/dlpage\/gaoptout\/\" rel=\"nofollow noopener\">https:\/\/tools.google.com\/dlpage\/gaoptout\/<\/a>\n<h3>9. CO ZBIERAMY I PRZECHOWUJEMY<\/h3>\n<span style=\"font-size: 16px; font-style: normal; font-weight: 400; color: var( --e-global-color-text ); font-family: var( --e-global-typography-text-font-family ), Sans-serif;\">Je\u015bli utworzysz konto FooSales, b\u0119dziemy przechowywa\u0107 Twoje imi\u0119 i nazwisko, adres URL sklepu internetowego i adres e-mail, kt\u00f3rych potrzebujemy, aby \u015bwiadczy\u0107 Ci us\u0142ugi.<\/span>\u00a0Dane konta i adres IP, kt\u00f3re zbieramy od u\u017cytkownika, s\u0105 przechowywane na naszych bezpiecznych serwerach w Niemczech przez naszego dostawc\u0119 us\u0142ug hostingowych Xneelo.\n\n<span style=\"font-size: 16px; color: var( --e-global-color-text ); font-family: var( --e-global-typography-text-font-family ), Sans-serif;\">Zasadniczo przechowujemy informacje o u\u017cytkowniku tak d\u0142ugo, jak potrzebujemy ich do cel\u00f3w, dla kt\u00f3rych je gromadzimy i wykorzystujemy, i nie jeste\u015bmy prawnie zobowi\u0105zani do ich dalszego przechowywania.<\/span>\n<h3>10. JAK D\u0141UGO PRZECHOWUJEMY DANE U\u017bYTKOWNIKA<\/h3>\nW przypadku u\u017cytkownik\u00f3w, kt\u00f3rzy zarejestruj\u0105 si\u0119 na naszej stronie internetowej, przechowujemy r\u00f3wnie\u017c podane przez nich dane osobowe w ich profilu u\u017cytkownika. Wszyscy u\u017cytkownicy mog\u0105 przegl\u0105da\u0107, edytowa\u0107 lub usuwa\u0107 swoje dane osobowe w dowolnym momencie (z wyj\u0105tkiem tego, \u017ce nie mog\u0105 zmieni\u0107 swojej nazwy u\u017cytkownika). Administratorzy strony r\u00f3wnie\u017c mog\u0105 przegl\u0105da\u0107 i edytowa\u0107 te informacje.\n\nObecnie przechowujemy dane osobowe dotycz\u0105ce zam\u00f3wie\u0144 z\u0142o\u017conych na tej stronie przez nast\u0119puj\u0105cy okres:\n- Nieaktywne konta:\u00a0<span style=\"font-size: 16px; font-style: normal; font-weight: 400;\">Bezterminowo<\/span>\n- Aktywne konta: Bezterminowo\n\nJe\u015bli zostawisz komentarz, komentarz i jego metadane zostan\u0105 zachowane na czas nieokre\u015blony. Dzi\u0119ki temu mo\u017cemy automatycznie rozpoznawa\u0107 i zatwierdza\u0107 kolejne komentarze, zamiast trzyma\u0107 je w kolejce moderacji.\n<h3>11. GDZIE WYSY\u0141AMY DANE U\u017bYTKOWNIKA<\/h3>\nUdost\u0119pniamy informacje nast\u0119puj\u0105cym stronom trzecim, kt\u00f3re pomagaj\u0105 nam w realizacji zam\u00f3wie\u0144 i \u015bwiadczeniu us\u0142ug w sklepie:\n\nKorzystamy z opartej na chmurze us\u0142ugi o nazwie MailChimp, aby wysy\u0142a\u0107 promocyjne wiadomo\u015bci e-mail i aktualizacje produkt\u00f3w do klient\u00f3w, kt\u00f3rzy zapisali si\u0119 na nasz\u0105 list\u0119 mailingow\u0105. Dane osobowe, w tym imi\u0119 i nazwisko, adres e-mail, kraj i kwota przychod\u00f3w wydanych u nas, s\u0105 przechowywane na naszej li\u015bcie MailChimp. Polityk\u0119 prywatno\u015bci MailChimp mo\u017cna znale\u017a\u0107 tutaj: <a href=\"https:\/\/mailchimp.com\/legal\/privacy\/\" rel=\"noopener\">https:\/\/mailchimp.com\/legal\/privacy\/<\/a>\n\nKorzystamy z opartej na chmurze us\u0142ugi o nazwie Freshdesk jako naszego systemu kontaktu i wsparcia. Dane osobowe, w tym imi\u0119 i nazwisko, adres e-mail, numer zam\u00f3wienia i tre\u015b\u0107 wiadomo\u015bci, s\u0105 przekazywane do systemu Freshdesk za ka\u017cdym razem, gdy klient lub u\u017cytkownik wysy\u0142a do nas zapytanie dotycz\u0105ce pomocy technicznej lub og\u00f3ln\u0105 wiadomo\u015b\u0107 e-mail. Polityk\u0119 prywatno\u015bci Freshdesk mo\u017cna znale\u017a\u0107 tutaj: <a href=\"https:\/\/www.freshworks.com\/privacy\/\" rel=\"nofollow noopener\">https:\/\/www.freshworks.com\/privacy\/<\/a>\n\nDane osobowe, w tym imi\u0119 i nazwisko, adres e-mail, adres rozliczeniowy, szczeg\u00f3\u0142y zam\u00f3wienia i subskrypcji oraz kwota przychod\u00f3w wydanych z nami, s\u0105 bezpiecznie przechowywane na ich serwerach w Stanach Zjednoczonych. Polityk\u0119 prywatno\u015bci Metorik mo\u017cna znale\u017a\u0107 tutaj: <a href=\"https:\/\/metorik.com\/privacy\" rel=\"nofollow noopener\">https:\/\/metorik.com\/privacy<\/a>\n<h3>12. JAKIE PRAWA PRZYS\u0141UGUJ\u0104 U\u017bYTKOWNIKOWI W ODNIESIENIU DO JEGO DANYCH<\/h3>\nJe\u015bli masz konto na tej stronie lub zostawi\u0142e\u015b komentarze, mo\u017cesz poprosi\u0107 o otrzymanie wyeksportowanego pliku danych osobowych, kt\u00f3re przechowujemy na Tw\u00f3j temat, w tym wszelkich danych, kt\u00f3re nam przekaza\u0142e\u015b. U\u017cytkownik mo\u017ce r\u00f3wnie\u017c za\u017c\u0105da\u0107 usuni\u0119cia wszelkich przechowywanych przez nas jego danych osobowych. Nie obejmuje to \u017cadnych danych, kt\u00f3re jeste\u015bmy zobowi\u0105zani przechowywa\u0107 do cel\u00f3w administracyjnych, prawnych lub bezpiecze\u0144stwa.\n<h3>13. KTO W NASZYM ZESPOLE MA DOST\u0118P<\/h3>\nOgraniczamy dost\u0119p do przekazywanych nam informacji do jak najmniejszej liczby os\u00f3b.\n\nObecnie tylko cz\u0142onkowie sta\u0142ego zespo\u0142u wsparcia maj\u0105 dost\u0119p do podstawowych informacji o zam\u00f3wieniu, takich jak\u00a0<span style=\"font-size: 16px; font-style: normal; font-weight: 400; color: var( --e-global-color-text ); font-family: var( --e-global-typography-text-font-family ), Sans-serif;\">imi\u0119 i nazwisko, historia zakup\u00f3w, adres e-mail i adres URL sklepu<\/span><span style=\"font-size: 16px; color: var( --e-global-color-text ); font-family: var( --e-global-typography-text-font-family ), Sans-serif;\">\u00a0w celu zapewnienia obs\u0142ugi klienta.<\/span>\n\n<span style=\"font-size: 16px; font-style: normal; font-weight: 400; color: var( --e-global-color-text ); font-family: var( --e-global-typography-text-font-family ), Sans-serif;\">Tylko administratorzy i starsi cz\u0142onkowie zespo\u0142u maj\u0105 dost\u0119p do bardziej szczeg\u00f3\u0142owych informacji o zam\u00f3wieniach, takich jak adres rozliczeniowy i numery kontaktowe, kt\u00f3re mog\u0105 by\u0107 wymagane do wydawania zwrot\u00f3w i rozwi\u0105zywania problem\u00f3w w przypadku ich eskalacji.<\/span>\t\t\t\t\t\t\t\t<\/div>\n\t\t\t\t<\/div>\n\t\t\t\t\t<\/div>\n\t\t<\/div>\n\t\t\t\t\t<\/div>\n\t\t<\/section>\n\t\t\t\t<\/div>","protected":false},"excerpt":{"rendered":"<p>WHO WE ARE WHAT PERSONAL DATA WE COLLECT COMMENTS MEDIA CONTACT FORMS COOKIES EMBEDDED CONTENT FROM OTHER WEBSITES ANALYTICS WHAT [&hellip;]<\/p>\n","protected":false},"author":75,"featured_media":0,"parent":0,"menu_order":99,"comment_status":"closed","ping_status":"closed","template":"elementor_header_footer","meta":{"site-sidebar-layout":"default","site-content-layout":"default","ast-site-content-layout":"default","site-content-style":"default","site-sidebar-style":"default","ast-global-header-display":"","ast-banner-title-visibility":"","ast-main-header-display":"","ast-hfb-above-header-display":"","ast-hfb-below-header-display":"","ast-hfb-mobile-header-display":"","site-post-title":"","ast-breadcrumbs-content":"","ast-featured-img":"","footer-sml-layout":"","ast-disable-related-posts":"","theme-transparent-header-meta":"default","adv-header-id-meta":"","stick-header-meta":"default","header-above-stick-meta":"","header-main-stick-meta":"","header-below-stick-meta":"","astra-migrate-meta-layouts":"default","ast-page-background-enabled":"default","ast-page-background-meta":{"desktop":{"background-color":"","background-image":"","background-repeat":"repeat","background-position":"center center","background-size":"auto","background-attachment":"scroll","background-type":"","background-media":"","overlay-type":"","overlay-color":"","overlay-opacity":"","overlay-gradient":""},"tablet":{"background-color":"","background-image":"","background-repeat":"repeat","background-position":"center center","background-size":"auto","background-attachment":"scroll","background-type":"","background-media":"","overlay-type":"","overlay-color":"","overlay-opacity":"","overlay-gradient":""},"mobile":{"background-color":"","background-image":"","background-repeat":"repeat","background-position":"center center","background-size":"auto","background-attachment":"scroll","background-type":"","background-media":"","overlay-type":"","overlay-color":"","overlay-opacity":"","overlay-gradient":""}},"ast-content-background-meta":{"desktop":{"background-color":"var(--ast-global-color-5)","background-image":"","background-repeat":"repeat","background-position":"center center","background-size":"auto","background-attachment":"scroll","background-type":"","background-media":"","overlay-type":"","overlay-color":"","overlay-opacity":"","overlay-gradient":""},"tablet":{"background-color":"var(--ast-global-color-5)","background-image":"","background-repeat":"repeat","background-position":"center center","background-size":"auto","background-attachment":"scroll","background-type":"","background-media":"","overlay-type":"","overlay-color":"","overlay-opacity":"","overlay-gradient":""},"mobile":{"background-color":"var(--ast-global-color-5)","background-image":"","background-repeat":"repeat","background-position":"center center","background-size":"auto","background-attachment":"scroll","background-type":"","background-media":"","overlay-type":"","overlay-color":"","overlay-opacity":"","overlay-gradient":""}},"footnotes":""},"class_list":["post-141325","page","type-page","status-publish","hentry"],"_links":{"self":[{"href":"https:\/\/www.foosales.com\/pl\/wp-json\/wp\/v2\/pages\/141325","targetHints":{"allow":["GET"]}}],"collection":[{"href":"https:\/\/www.foosales.com\/pl\/wp-json\/wp\/v2\/pages"}],"about":[{"href":"https:\/\/www.foosales.com\/pl\/wp-json\/wp\/v2\/types\/page"}],"author":[{"embeddable":true,"href":"https:\/\/www.foosales.com\/pl\/wp-json\/wp\/v2\/users\/75"}],"replies":[{"embeddable":true,"href":"https:\/\/www.foosales.com\/pl\/wp-json\/wp\/v2\/comments?post=141325"}],"version-history":[{"count":0,"href":"https:\/\/www.foosales.com\/pl\/wp-json\/wp\/v2\/pages\/141325\/revisions"}],"wp:attachment":[{"href":"https:\/\/www.foosales.com\/pl\/wp-json\/wp\/v2\/media?parent=141325"}],"curies":[{"name":"wp","href":"https:\/\/api.w.org\/{rel}","templated":true}]}}