{"id":180609,"date":"2024-09-04T13:37:56","date_gmt":"2024-09-04T20:37:56","guid":{"rendered":"https:\/\/foosales.com\/privacy-statement-au\/"},"modified":"2025-03-13T14:54:13","modified_gmt":"2025-03-13T21:54:13","slug":"oswiadczenie-o-ochronie-prywatnosci-au","status":"publish","type":"page","link":"https:\/\/www.foosales.com\/pl\/privacy-statement-au\/","title":{"rendered":"O\u015bwiadczenie o ochronie prywatno\u015bci (AU)"},"content":{"rendered":"<!-- Legal document generated by Complianz | GDPR\/CCPA Cookie Consent https:\/\/wordpress.org\/plugins\/complianz-gdpr -->\n<div id=\"cmplz-document\" class=\"cmplz-document privacy-statement cmplz-document-au\"><p><i>Niniejsze o\u015bwiadczenie o ochronie prywatno\u015bci zosta\u0142o ostatnio zmienione 14 pa\u017adziernika 2025 r., ostatnio sprawdzone 14 pa\u017adziernika 2025 r. i dotyczy obywateli Australii.<\/i><br \/><br \/><\/p><p>W niniejszym o\u015bwiadczeniu o ochronie prywatno\u015bci wyja\u015bniamy, co robimy z danymi, kt\u00f3re uzyskujemy o u\u017cytkowniku za po\u015brednictwem <a href=\"https:\/\/www.foosales.com\/pl\">https:\/\/www.foosales.com\/pl<\/a>. Zalecamy uwa\u017cne przeczytanie niniejszego o\u015bwiadczenia. Przetwarzaj\u0105c dane osobowe, przestrzegamy wymog\u00f3w przepis\u00f3w o ochronie prywatno\u015bci. Oznacza to mi\u0119dzy innymi, \u017ce:<ul>\n                <li>jasno okre\u015blamy cele, dla kt\u00f3rych przetwarzamy dane osobowe. Robimy to za pomoc\u0105 niniejszego o\u015bwiadczenia o ochronie prywatno\u015bci;<\/li>\n                <li>Naszym celem jest ograniczenie gromadzenia danych osobowych wy\u0142\u0105cznie do danych osobowych wymaganych do cel\u00f3w zgodnych z prawem;<\/li>\n                <li>w przypadkach wymagaj\u0105cych zgody najpierw prosimy o wyra\u017an\u0105 zgod\u0119 u\u017cytkownika na przetwarzanie jego danych osobowych;<\/li>\n                <li>podejmujemy odpowiednie \u015brodki bezpiecze\u0144stwa w celu ochrony danych osobowych u\u017cytkownika, a tak\u017ce wymagamy tego od stron, kt\u00f3re przetwarzaj\u0105 dane osobowe w naszym imieniu;<\/li>\n                <li>respektujemy prawo u\u017cytkownika do dost\u0119pu do jego danych osobowych, ich poprawienia lub usuni\u0119cia na jego \u017c\u0105danie.<\/li>\n            <\/ul><\/p>W razie jakichkolwiek pyta\u0144 lub w celu uzyskania dok\u0142adnych informacji na temat przechowywanych przez nas danych, prosimy o kontakt.<h2>1. Cele i kategorie danych<\/h2><p>Mo\u017cemy zbiera\u0107 lub otrzymywa\u0107 dane osobowe w wielu celach zwi\u0105zanych z nasz\u0105 dzia\u0142alno\u015bci\u0105 biznesow\u0105, kt\u00f3re mog\u0105 obejmowa\u0107: (kliknij, aby rozwin\u0105\u0107)<\/b><\/p><details class=\"cmplz-dropdown dropdown-privacy-statement\"><summary><div><h3>1.1 Kontakt - przez telefon, poczt\u0119, e-mail i\/lub formularze<\/h3><\/div><\/summary><p class=\"cmplz-subtitle\">Nast\u0119puj\u0105ce kategorie danych s\u0105 zbierane<\/p><p><ul><li>Imi\u0119 i nazwisko<\/li><li>Nazwa konta lub pseudonim<\/li><li>Domowy lub inny fizyczny adres, zawieraj\u0105cy nazw\u0119 ulicy oraz nazw\u0119 miasta<\/li><li>Adres e-mail<\/li><li>Numer telefonu<\/li><li>Dane geolokalizacyjne<\/li><li>adres IP<\/li><li>Informacje o aktywno\u015bci w internecie zawieraj\u0105ce, ale nie ograniczone do, historii przegl\u0105dania, historii wyszukiwania oraz informacje dotycz\u0105ce interakcji konsumenta z witryn\u0105 internetow\u0105, aplikacj\u0105 lub reklam\u0105<\/li><\/ul><\/p><p class=\"cmplz-subtitle\">Okres przechowywania<\/p><p>Przechowujemy te dane po zako\u0144czeniu \u015bwiadczenia us\u0142ugi przez nast\u0119puj\u0105c\u0105 liczb\u0119 miesi\u0119cy: 24<\/p><\/details><details class=\"cmplz-dropdown dropdown-privacy-statement\"><summary><div><h3>1.2 P\u0142atno\u015bci<\/h3><\/div><\/summary><p class=\"cmplz-subtitle\">Nast\u0119puj\u0105ce kategorie danych s\u0105 zbierane<\/p><p><ul><li>Imi\u0119 i nazwisko<\/li><li>Nazwa konta lub pseudonim<\/li><li>Domowy lub inny fizyczny adres, zawieraj\u0105cy nazw\u0119 ulicy oraz nazw\u0119 miasta<\/li><li>Adres e-mail<\/li><li>Numer telefonu<\/li><li>adres IP<\/li><li>Dane geolokalizacyjne<\/li><li>Informacje o aktywno\u015bci w internecie zawieraj\u0105ce, ale nie ograniczone do, historii przegl\u0105dania, historii wyszukiwania oraz informacje dotycz\u0105ce interakcji konsumenta z witryn\u0105 internetow\u0105, aplikacj\u0105 lub reklam\u0105<\/li><\/ul><\/p><p class=\"cmplz-subtitle\">Okres przechowywania<\/p><p>Przechowujemy te dane po zako\u0144czeniu \u015bwiadczenia us\u0142ugi przez nast\u0119puj\u0105c\u0105 liczb\u0119 miesi\u0119cy: 24<\/p><\/details><details class=\"cmplz-dropdown dropdown-privacy-statement\"><summary><div><h3>1.3 Rejestracja konta<\/h3><\/div><\/summary><p class=\"cmplz-subtitle\">Nast\u0119puj\u0105ce kategorie danych s\u0105 zbierane<\/p><p><ul><li>Imi\u0119 i nazwisko<\/li><li>Nazwa konta lub pseudonim<\/li><li>Domowy lub inny fizyczny adres, zawieraj\u0105cy nazw\u0119 ulicy oraz nazw\u0119 miasta<\/li><li>Adres e-mail<\/li><li>Numer telefonu<\/li><li>adres IP<\/li><li>Informacje o aktywno\u015bci w internecie zawieraj\u0105ce, ale nie ograniczone do, historii przegl\u0105dania, historii wyszukiwania oraz informacje dotycz\u0105ce interakcji konsumenta z witryn\u0105 internetow\u0105, aplikacj\u0105 lub reklam\u0105<\/li><li>Dane geolokalizacyjne<\/li><\/ul><\/p><p class=\"cmplz-subtitle\">Okres przechowywania<\/p><p>Przechowujemy te dane po zako\u0144czeniu \u015bwiadczenia us\u0142ugi przez nast\u0119puj\u0105c\u0105 liczb\u0119 miesi\u0119cy: 24<\/p><\/details><details class=\"cmplz-dropdown dropdown-privacy-statement\"><summary><div><h3>1.4 Biuletyny informacyjne<\/h3><\/div><\/summary><p class=\"cmplz-subtitle\">Nast\u0119puj\u0105ce kategorie danych s\u0105 zbierane<\/p><p><ul><li>Imi\u0119 i nazwisko<\/li><li>Adres e-mail<\/li><li>Dane geolokalizacyjne<\/li><li>Numer telefonu<\/li><li>adres IP<\/li><li>Informacje o aktywno\u015bci w internecie zawieraj\u0105ce, ale nie ograniczone do, historii przegl\u0105dania, historii wyszukiwania oraz informacje dotycz\u0105ce interakcji konsumenta z witryn\u0105 internetow\u0105, aplikacj\u0105 lub reklam\u0105<\/li><li>Domowy lub inny fizyczny adres, zawieraj\u0105cy nazw\u0119 ulicy oraz nazw\u0119 miasta<\/li><li>Nazwa konta lub pseudonim<\/li><\/ul><\/p><p class=\"cmplz-subtitle\">Okres przechowywania<\/p><p>Przechowujemy te dane do zako\u0144czenia us\u0142ugi.<\/p><\/details><details class=\"cmplz-dropdown dropdown-privacy-statement\"><summary><div><h3>1.5 \u017beby wspiera\u0107 serwisy lub produkty, kt\u00f3re klient chce kupi\u0107 lub kupi\u0142<\/h3><\/div><\/summary><p class=\"cmplz-subtitle\">Nast\u0119puj\u0105ce kategorie danych s\u0105 zbierane<\/p><p><ul><li>Imi\u0119 i nazwisko<\/li><li>Nazwa konta lub pseudonim<\/li><li>Adres e-mail<\/li><li>adres IP<\/li><li>Informacje o aktywno\u015bci w internecie zawieraj\u0105ce, ale nie ograniczone do, historii przegl\u0105dania, historii wyszukiwania oraz informacje dotycz\u0105ce interakcji konsumenta z witryn\u0105 internetow\u0105, aplikacj\u0105 lub reklam\u0105<\/li><\/ul><\/p><p class=\"cmplz-subtitle\">Okres przechowywania<\/p><p>Okres przechowywania okre\u015blamy wed\u0142ug ustalonych obiektywnych kryteri\u00f3w: Przechowywane przez czas nieokre\u015blony, chyba \u017ce dana osoba za\u017c\u0105da usuni\u0119cia swojego konta i danych osobowych.<\/p><\/details><details class=\"cmplz-dropdown dropdown-privacy-statement\"><summary><div><h3>1.6 Tworzenie i analizowanie statystyk w celu ulepszania witryny.<\/h3><\/div><\/summary><p class=\"cmplz-subtitle\">Nast\u0119puj\u0105ce kategorie danych s\u0105 zbierane<\/p><p><ul><li>Informacje o aktywno\u015bci w internecie zawieraj\u0105ce, ale nie ograniczone do, historii przegl\u0105dania, historii wyszukiwania oraz informacje dotycz\u0105ce interakcji konsumenta z witryn\u0105 internetow\u0105, aplikacj\u0105 lub reklam\u0105<\/li><li>Dane geolokalizacyjne<\/li><li>adres IP<\/li><\/ul><\/p><p class=\"cmplz-subtitle\">Okres przechowywania<\/p><p>Okres przechowywania okre\u015blamy wed\u0142ug ustalonych obiektywnych kryteri\u00f3w: Przechowywane przez czas nieokre\u015blony, chyba \u017ce dana osoba za\u017c\u0105da usuni\u0119cia swojego konta i danych osobowych.<\/p><\/details><details class=\"cmplz-dropdown dropdown-privacy-statement\"><summary><div><h3>1.7 Aby m\u00f3c oferowa\u0107 spersonalizowane produkty oraz us\u0142ugi<\/h3><\/div><\/summary><p class=\"cmplz-subtitle\">Nast\u0119puj\u0105ce kategorie danych s\u0105 zbierane<\/p><p><ul><li>Imi\u0119 i nazwisko<\/li><li>Nazwa konta lub pseudonim<\/li><li>Domowy lub inny fizyczny adres, zawieraj\u0105cy nazw\u0119 ulicy oraz nazw\u0119 miasta<\/li><li>Adres e-mail<\/li><li>Numer telefonu<\/li><li>adres IP<\/li><li>Informacje o aktywno\u015bci w internecie zawieraj\u0105ce, ale nie ograniczone do, historii przegl\u0105dania, historii wyszukiwania oraz informacje dotycz\u0105ce interakcji konsumenta z witryn\u0105 internetow\u0105, aplikacj\u0105 lub reklam\u0105<\/li><li>Dane geolokalizacyjne<\/li><\/ul><\/p><p class=\"cmplz-subtitle\">Okres przechowywania<\/p><p>Po zako\u0144czeniu \u015bwiadczenia us\u0142ugi przechowujemy te dane przez nast\u0119puj\u0105cy okres: Przechowywane przez czas nieokre\u015blony, chyba \u017ce dana osoba za\u017c\u0105da usuni\u0119cia swojego konta i danych osobowych.<\/p><\/details><details class=\"cmplz-dropdown dropdown-privacy-statement\"><summary><div><h3>1.8 Sprzedawa\u0107 lub udost\u0119pnia\u0107 dane podmiotom zewn\u0119trznym.<\/h3><\/div><\/summary><p class=\"cmplz-subtitle\">Nast\u0119puj\u0105ce kategorie danych s\u0105 zbierane<\/p><p><ul><li>Informacje o aktywno\u015bci w internecie zawieraj\u0105ce, ale nie ograniczone do, historii przegl\u0105dania, historii wyszukiwania oraz informacje dotycz\u0105ce interakcji konsumenta z witryn\u0105 internetow\u0105, aplikacj\u0105 lub reklam\u0105<\/li><li>Dane geolokalizacyjne<\/li><\/ul><\/p><p class=\"cmplz-subtitle\">Okres przechowywania<\/p><p>Przechowujemy te dane po zako\u0144czeniu \u015bwiadczenia us\u0142ugi przez nast\u0119puj\u0105c\u0105 liczb\u0119 miesi\u0119cy: 24<\/p><\/details><h2>2. Udost\u0119pnianie innym stronom<\/h2><p>Udost\u0119pniamy lub ujawniamy te dane innym odbiorcom wy\u0142\u0105cznie w nast\u0119puj\u0105cych celach:<\/p><h2>3. Praktyki w zakresie ujawniania informacji<\/h2><p><p>Ujawniamy dane osobowe, je\u015bli wymaga tego od nas prawo lub nakaz s\u0105dowy, w odpowiedzi na wezwanie organ\u00f3w \u015bcigania, w zakresie dozwolonym przez inne przepisy prawa, w celu dostarczenia informacji lub w celu przeprowadzenia dochodzenia w sprawie zwi\u0105zanej z bezpiecze\u0144stwem publicznym.<\/p><p>Je\u015bli nasza witryna internetowa lub organizacja zostanie przej\u0119ta, sprzedana lub zaanga\u017cowana w fuzj\u0119 lub przej\u0119cie, dane u\u017cytkownika mog\u0105 zosta\u0107 ujawnione naszym doradcom i potencjalnym nabywcom oraz przekazane nowym w\u0142a\u015bcicielom.<\/p><\/p><h2>4. Co si\u0119 stanie, je\u015bli u\u017cytkownik nie przeka\u017ce nam swoich danych osobowych?<\/h2><p>Je\u015bli u\u017cytkownik nie przeka\u017ce nam swoich danych osobowych, mo\u017cemy nie by\u0107 w stanie dostarczy\u0107 mu poszukiwanych informacji, produkt\u00f3w lub pomocy.<\/p><h2>4. Jak reagujemy na sygna\u0142y Do Not Track i Global Privacy Control? <\/h2><p>Nasza witryna nie odpowiada na pole \u017c\u0105dania nag\u0142\u00f3wka Do Not Track (DNT) i nie obs\u0142uguje go.<\/p><h2>6. Pliki cookie<\/h2><p>Nasza strona u\u017cywa plik\u00f3w cookie. Wi\u0119cej informacji na temat plik\u00f3w cookie mo\u017cna znale\u017a\u0107 w naszej Polityce plik\u00f3w cookie na stronie <a href=\"https:\/\/www.foosales.com\/pl\/cookie-policy-au\/\">Polityka plik\u00f3w cookie (AU)<\/a> strona internetowa.&nbsp;<\/p><p>Zawarli\u015bmy z Google umow\u0119 o przetwarzanie danych.<\/p><p>Google nie mo\u017ce wykorzystywa\u0107 tych danych do \u017cadnych innych us\u0142ug Google.<\/p><p>Podawanie pe\u0142nych adres\u00f3w IP jest przez nas zablokowane.<\/p><h2>7. Bezpiecze\u0144stwo<\/h2><p>Dbamy o bezpiecze\u0144stwo danych osobowych. Podejmujemy odpowiednie \u015brodki bezpiecze\u0144stwa w celu ograniczenia nadu\u017cy\u0107 i nieuprawnionego dost\u0119pu do danych osobowych. Gwarantuje to, \u017ce tylko niezb\u0119dne osoby maj\u0105 dost\u0119p do danych u\u017cytkownika, \u017ce dost\u0119p do danych jest chroniony oraz \u017ce nasze \u015brodki bezpiecze\u0144stwa s\u0105 regularnie weryfikowane.<\/p><p>Stosowane przez nas \u015brodki bezpiecze\u0144stwa obejmuj\u0105:<\/p><p><ul><li>Wykrywanie luk w zabezpieczeniach<\/li><li>Wzmocnienie strony internetowej\/funkcje bezpiecze\u0144stwa<\/li><li>(START)Szyfrowanie TLS \/ SSL \/ DANE<\/li><li>HTTP Strict Transport Security i powi\u0105zane nag\u0142\u00f3wki zabezpiecze\u0144 oraz zasady przegl\u0105darki<\/li><li>Bezpiecze\u0144stwo logowania<\/li><li>DKIM, SPF, DMARC i inne konkretne ustawienia DNS<\/li><\/ul><\/p><h2>8. Strony internetowe os\u00f3b trzecich<\/h2><p>Niniejsze o\u015bwiadczenie o ochronie prywatno\u015bci nie ma zastosowania do stron internetowych os\u00f3b trzecich, do kt\u00f3rych prowadz\u0105 \u0142\u0105cza na naszej stronie internetowej. Nie mo\u017cemy zagwarantowa\u0107, \u017ce te strony trzecie przetwarzaj\u0105 dane osobowe u\u017cytkownika w spos\u00f3b niezawodny lub bezpieczny. Zalecamy zapoznanie si\u0119 z o\u015bwiadczeniami o ochronie prywatno\u015bci tych witryn przed skorzystaniem z nich.<\/p><h2>9. Zmiany w niniejszym o\u015bwiadczeniu o ochronie prywatno\u015bci<\/h2><p>Zastrzegamy sobie prawo do wprowadzania zmian w niniejszym o\u015bwiadczeniu o ochronie prywatno\u015bci. Zaleca si\u0119 regularne zapoznawanie si\u0119 z niniejszym o\u015bwiadczeniem o ochronie prywatno\u015bci, aby by\u0107 \u015bwiadomym wszelkich zmian. Ponadto w miar\u0119 mo\u017cliwo\u015bci b\u0119dziemy aktywnie informowa\u0107 u\u017cytkownik\u00f3w.<\/p><h2>10. Uzyskiwanie dost\u0119pu i modyfikowanie danych<\/h2><p>Je\u015bli masz jakiekolwiek pytania lub chcesz dowiedzie\u0107 si\u0119, jakie dane osobowe posiadamy na Tw\u00f3j temat, skontaktuj si\u0119 z nami. Upewnij si\u0119, \u017ce zawsze wyra\u017anie okre\u015blasz, kim jeste\u015b, aby\u015bmy mieli pewno\u015b\u0107, \u017ce nie modyfikujemy ani nie usuwamy \u017cadnych danych niew\u0142a\u015bciwej osoby. Udost\u0119pnimy \u017c\u0105dane informacje wy\u0142\u0105cznie po otrzymaniu mo\u017cliwego do zweryfikowania \u017c\u0105dania konsumenta. U\u017cytkownik mo\u017ce skontaktowa\u0107 si\u0119 z nami, korzystaj\u0105c z poni\u017cszych informacji. U\u017cytkownikowi przys\u0142uguj\u0105 nast\u0119puj\u0105ce prawa:<\/p><p class=\"cmplz-subtitle\">10.1 U\u017cytkownikowi przys\u0142uguj\u0105 nast\u0119puj\u0105ce prawa w odniesieniu do jego danych osobowych<\/p><ol class=\"alphabetic\">\n                        <li>U\u017cytkownik mo\u017ce z\u0142o\u017cy\u0107 wniosek o dost\u0119p do danych, kt\u00f3re przetwarzamy na jego temat.<\/li>\n                        <li>U\u017cytkownik mo\u017ce za\u017c\u0105da\u0107 przegl\u0105du, w powszechnie u\u017cywanym formacie, danych, kt\u00f3re przetwarzamy na jego temat.<\/li>\n                        <li>U\u017cytkownik mo\u017ce za\u017c\u0105da\u0107 poprawienia lub usuni\u0119cia danych, je\u015bli s\u0105 one nieprawid\u0142owe, nieistotne lub przesta\u0142y by\u0107 istotne dla jakiegokolwiek celu zgodnie z ustaw\u0105 o ochronie prywatno\u015bci.<\/li>\n                      <\/ol>\n                      <h2>11. Dzieci<\/h2><p>Nasza strona internetowa nie zosta\u0142a zaprojektowana w celu przyci\u0105gni\u0119cia dzieci i nie jest naszym zamiarem zbieranie danych osobowych od dzieci poni\u017cej wieku wyra\u017cenia zgody w ich kraju zamieszkania. W zwi\u0105zku z tym prosimy, aby dzieci poni\u017cej wieku wyra\u017cenia zgody nie przekazywa\u0142y nam \u017cadnych danych osobowych.<\/p><h2>12. Dane kontaktowe<\/h2><p>Grenade Technologies, Inc<br \/>\n        301-3450 Uptown Boulevard<br \/>\nVictoria BC V8Z 0B9<br \/>\n        Kanada<br \/>\n        Witryna:  <a href=\"https:\/\/www.foosales.com\/pl\">https:\/\/www.foosales.com\/pl<\/a> <br \/>\n        E-mail: <span class=\"cmplz-obfuscate\">prywatno\u015b\u0107@<span class=\"cmplz-fmail-domain\">ex.com<\/span>foosales.com<\/span> <br \/>\n        <br \/>\n        <\/p><p>Wyznaczyli\u015bmy osob\u0119 kontaktow\u0105 ds. polityk i praktyk organizacji, do kt\u00f3rej mo\u017cna kierowa\u0107 skargi lub zapytania:<br \/>Att: Specjalista ds. ochrony prywatno\u015bci<br \/>301-3450 Uptown Boulevard<br \/>\nVictoria BC V8Z 0B9<br \/>\nKanada<\/p><\/div>","protected":false},"excerpt":{"rendered":"","protected":false},"author":75,"featured_media":0,"parent":0,"menu_order":0,"comment_status":"closed","ping_status":"closed","template":"","meta":{"site-sidebar-layout":"default","site-content-layout":"","ast-site-content-layout":"default","site-content-style":"default","site-sidebar-style":"default","ast-global-header-display":"","ast-banner-title-visibility":"","ast-main-header-display":"","ast-hfb-above-header-display":"","ast-hfb-below-header-display":"","ast-hfb-mobile-header-display":"","site-post-title":"","ast-breadcrumbs-content":"","ast-featured-img":"","footer-sml-layout":"","ast-disable-related-posts":"","theme-transparent-header-meta":"","adv-header-id-meta":"","stick-header-meta":"","header-above-stick-meta":"","header-main-stick-meta":"","header-below-stick-meta":"","astra-migrate-meta-layouts":"default","ast-page-background-enabled":"default","ast-page-background-meta":{"desktop":{"background-color":"","background-image":"","background-repeat":"repeat","background-position":"center center","background-size":"auto","background-attachment":"scroll","background-type":"","background-media":"","overlay-type":"","overlay-color":"","overlay-opacity":"","overlay-gradient":""},"tablet":{"background-color":"","background-image":"","background-repeat":"repeat","background-position":"center center","background-size":"auto","background-attachment":"scroll","background-type":"","background-media":"","overlay-type":"","overlay-color":"","overlay-opacity":"","overlay-gradient":""},"mobile":{"background-color":"","background-image":"","background-repeat":"repeat","background-position":"center center","background-size":"auto","background-attachment":"scroll","background-type":"","background-media":"","overlay-type":"","overlay-color":"","overlay-opacity":"","overlay-gradient":""}},"ast-content-background-meta":{"desktop":{"background-color":"var(--ast-global-color-5)","background-image":"","background-repeat":"repeat","background-position":"center center","background-size":"auto","background-attachment":"scroll","background-type":"","background-media":"","overlay-type":"","overlay-color":"","overlay-opacity":"","overlay-gradient":""},"tablet":{"background-color":"var(--ast-global-color-5)","background-image":"","background-repeat":"repeat","background-position":"center center","background-size":"auto","background-attachment":"scroll","background-type":"","background-media":"","overlay-type":"","overlay-color":"","overlay-opacity":"","overlay-gradient":""},"mobile":{"background-color":"var(--ast-global-color-5)","background-image":"","background-repeat":"repeat","background-position":"center center","background-size":"auto","background-attachment":"scroll","background-type":"","background-media":"","overlay-type":"","overlay-color":"","overlay-opacity":"","overlay-gradient":""}},"footnotes":""},"class_list":["post-180609","page","type-page","status-publish","hentry"],"_links":{"self":[{"href":"https:\/\/www.foosales.com\/pl\/wp-json\/wp\/v2\/pages\/180609","targetHints":{"allow":["GET"]}}],"collection":[{"href":"https:\/\/www.foosales.com\/pl\/wp-json\/wp\/v2\/pages"}],"about":[{"href":"https:\/\/www.foosales.com\/pl\/wp-json\/wp\/v2\/types\/page"}],"author":[{"embeddable":true,"href":"https:\/\/www.foosales.com\/pl\/wp-json\/wp\/v2\/users\/75"}],"replies":[{"embeddable":true,"href":"https:\/\/www.foosales.com\/pl\/wp-json\/wp\/v2\/comments?post=180609"}],"version-history":[{"count":1,"href":"https:\/\/www.foosales.com\/pl\/wp-json\/wp\/v2\/pages\/180609\/revisions"}],"predecessor-version":[{"id":182383,"href":"https:\/\/www.foosales.com\/pl\/wp-json\/wp\/v2\/pages\/180609\/revisions\/182383"}],"wp:attachment":[{"href":"https:\/\/www.foosales.com\/pl\/wp-json\/wp\/v2\/media?parent=180609"}],"curies":[{"name":"wp","href":"https:\/\/api.w.org\/{rel}","templated":true}]}}