{"id":180611,"date":"2024-09-04T13:37:59","date_gmt":"2024-09-04T20:37:59","guid":{"rendered":"https:\/\/foosales.com\/privacy-statement-za\/"},"modified":"2025-03-13T14:54:16","modified_gmt":"2025-03-13T21:54:16","slug":"oswiadczenie-o-ochronie-prywatnosci-za","status":"publish","type":"page","link":"https:\/\/www.foosales.com\/pl\/privacy-statement-za\/","title":{"rendered":"O\u015bwiadczenie o ochronie prywatno\u015bci (ZA)"},"content":{"rendered":"<!-- Legal document generated by Complianz | GDPR\/CCPA Cookie Consent https:\/\/wordpress.org\/plugins\/complianz-gdpr -->\n<div id=\"cmplz-document\" class=\"cmplz-document privacy-statement cmplz-document-za\"><p><i>To o\u015bwiadczenie o ochronie prywatno\u015bci zosta\u0142o ostatnio zaktualizowane pa\u017adziernik 14, 2025 i dotyczy obywateli oraz legalnych sta\u0142ych mieszka\u0144c\u00f3w Republiki Po\u0142udniowej Afryki.<\/i><br \/><br \/><\/p><p>W tym o\u015bwiadczeniu o ochronie prywatno\u015bci wyja\u015bniamy, co robimy z danymi, kt\u00f3re uzyskujemy o tobie za po\u015brednictwem <a href=\"https:\/\/www.foosales.com\/pl\">https:\/\/www.foosales.com\/pl<\/a>. Zalecamy uwa\u017cne przeczytanie tego o\u015bwiadczenia. Przetwarzaj\u0105c dane, przestrzegamy przepis\u00f3w dotycz\u0105cych prywatno\u015bci. Oznacza to mi\u0119dzy innymi, \u017ce:<\/p><ul>\n                <li>jasno okre\u015blamy cele, dla kt\u00f3rych przetwarzamy dane osobowe. Robimy to za pomoc\u0105 niniejszego o\u015bwiadczenia o ochronie prywatno\u015bci;<\/li>\n                <li>d\u0105\u017cymy do ograniczenia gromadzenia przez nas danych osobowych tylko do tych danych, kt\u00f3re s\u0105 niezb\u0119dne do uzasadnionych cel\u00f3w;<\/li>\n                <li>w pierwszej kolejno\u015bci prosimy o wyra\u017an\u0105 zgod\u0119 na przetwarzanie twoich danych osobowych w przypadkach wymagaj\u0105cych twojej zgody;<\/li>\n                <li>podejmujemy odpowiednie \u015brodki bezpiecze\u0144stwa, aby chroni\u0107 twoje dane osobowe, a tak\u017ce wymagamy tego od stron, kt\u00f3re przetwarzaj\u0105 dane osobowe w naszym imieniu;<\/li>\n                <li>szanujemy twoje prawo dost\u0119pu do twoich danych osobowych, ich poprawiania lub usuwania na twoje \u017c\u0105danie.<\/li>\n            <\/ul><p>Je\u015bli masz jakie\u015b pytania lub chcesz dok\u0142adnie wiedzie\u0107, jakie dane na tw\u00f3j temat przechowujemy, skontaktuj si\u0119 z nami.<\/p><h2>1. Cel, dane i okres przechowywania<\/h2>Mo\u017cemy zbiera\u0107 lub otrzymywa\u0107 dane osobowe w wielu celach zwi\u0105zanych z nasz\u0105 dzia\u0142alno\u015bci\u0105 biznesow\u0105, kt\u00f3re mog\u0105 obejmowa\u0107: (kliknij, aby rozwin\u0105\u0107)<details class=\"cmplz-dropdown dropdown-privacy-statement\"><summary><div><h3>1.1 Kontakt - przez telefon, poczt\u0119, e-mail i\/lub formularze<\/h3><\/div><\/summary><p class=\"cmplz-subtitle\">W tym celu wykorzystujemy nast\u0119puj\u0105ce dane:<\/p><p><ul><li>Imi\u0119 i nazwisko<\/li><li>Nazwa konta lub pseudonim<\/li><li>Domowy lub inny fizyczny adres, zawieraj\u0105cy nazw\u0119 ulicy oraz nazw\u0119 miasta<\/li><li>Adres e-mail<\/li><li>Numer telefonu<\/li><li>Dane geolokalizacyjne<\/li><li>adres IP<\/li><li>Informacje o aktywno\u015bci w internecie zawieraj\u0105ce, ale nie ograniczone do, historii przegl\u0105dania, historii wyszukiwania oraz informacje dotycz\u0105ce interakcji konsumenta z witryn\u0105 internetow\u0105, aplikacj\u0105 lub reklam\u0105<\/li><\/ul><\/p><p class=\"cmplz-subtitle\">Okres przechowywania<\/p><p>Przechowujemy te dane po zako\u0144czeniu \u015bwiadczenia us\u0142ugi przez nast\u0119puj\u0105c\u0105 liczb\u0119 miesi\u0119cy: 24<\/p><\/details><details class=\"cmplz-dropdown dropdown-privacy-statement\"><summary><div><h3>1.2 P\u0142atno\u015bci<\/h3><\/div><\/summary><p class=\"cmplz-subtitle\">W tym celu wykorzystujemy nast\u0119puj\u0105ce dane:<\/p><p><ul><li>Imi\u0119 i nazwisko<\/li><li>Nazwa konta lub pseudonim<\/li><li>Domowy lub inny fizyczny adres, zawieraj\u0105cy nazw\u0119 ulicy oraz nazw\u0119 miasta<\/li><li>Adres e-mail<\/li><li>Numer telefonu<\/li><li>adres IP<\/li><li>Dane geolokalizacyjne<\/li><li>Informacje o aktywno\u015bci w internecie zawieraj\u0105ce, ale nie ograniczone do, historii przegl\u0105dania, historii wyszukiwania oraz informacje dotycz\u0105ce interakcji konsumenta z witryn\u0105 internetow\u0105, aplikacj\u0105 lub reklam\u0105<\/li><\/ul><\/p><p class=\"cmplz-subtitle\">Okres przechowywania<\/p><p>Przechowujemy te dane po zako\u0144czeniu \u015bwiadczenia us\u0142ugi przez nast\u0119puj\u0105c\u0105 liczb\u0119 miesi\u0119cy: 24<\/p><\/details><details class=\"cmplz-dropdown dropdown-privacy-statement\"><summary><div><h3>1.3 Rejestracja konta<\/h3><\/div><\/summary><p class=\"cmplz-subtitle\">W tym celu wykorzystujemy nast\u0119puj\u0105ce dane:<\/p><p><ul><li>Imi\u0119 i nazwisko<\/li><li>Nazwa konta lub pseudonim<\/li><li>Domowy lub inny fizyczny adres, zawieraj\u0105cy nazw\u0119 ulicy oraz nazw\u0119 miasta<\/li><li>Adres e-mail<\/li><li>Numer telefonu<\/li><li>adres IP<\/li><li>Informacje o aktywno\u015bci w internecie zawieraj\u0105ce, ale nie ograniczone do, historii przegl\u0105dania, historii wyszukiwania oraz informacje dotycz\u0105ce interakcji konsumenta z witryn\u0105 internetow\u0105, aplikacj\u0105 lub reklam\u0105<\/li><li>Dane geolokalizacyjne<\/li><\/ul><\/p><p class=\"cmplz-subtitle\">Okres przechowywania<\/p><p>Przechowujemy te dane po zako\u0144czeniu \u015bwiadczenia us\u0142ugi przez nast\u0119puj\u0105c\u0105 liczb\u0119 miesi\u0119cy: 24<\/p><\/details><details class=\"cmplz-dropdown dropdown-privacy-statement\"><summary><div><h3>1.4 Biuletyny informacyjne<\/h3><\/div><\/summary><p class=\"cmplz-subtitle\">W tym celu wykorzystujemy nast\u0119puj\u0105ce dane:<\/p><p><ul><li>Imi\u0119 i nazwisko<\/li><li>Adres e-mail<\/li><li>Dane geolokalizacyjne<\/li><li>Numer telefonu<\/li><li>adres IP<\/li><li>Informacje o aktywno\u015bci w internecie zawieraj\u0105ce, ale nie ograniczone do, historii przegl\u0105dania, historii wyszukiwania oraz informacje dotycz\u0105ce interakcji konsumenta z witryn\u0105 internetow\u0105, aplikacj\u0105 lub reklam\u0105<\/li><li>Domowy lub inny fizyczny adres, zawieraj\u0105cy nazw\u0119 ulicy oraz nazw\u0119 miasta<\/li><li>Nazwa konta lub pseudonim<\/li><\/ul><\/p><p class=\"cmplz-subtitle\">Okres przechowywania<\/p><p>Przechowujemy te dane do zako\u0144czenia us\u0142ugi.<\/p><\/details><details class=\"cmplz-dropdown dropdown-privacy-statement\"><summary><div><h3>1.5 \u017beby wspiera\u0107 serwisy lub produkty, kt\u00f3re klient chce kupi\u0107 lub kupi\u0142<\/h3><\/div><\/summary><p class=\"cmplz-subtitle\">W tym celu wykorzystujemy nast\u0119puj\u0105ce dane:<\/p><p><ul><li>Imi\u0119 i nazwisko<\/li><li>Nazwa konta lub pseudonim<\/li><li>Adres e-mail<\/li><li>adres IP<\/li><li>Informacje o aktywno\u015bci w internecie zawieraj\u0105ce, ale nie ograniczone do, historii przegl\u0105dania, historii wyszukiwania oraz informacje dotycz\u0105ce interakcji konsumenta z witryn\u0105 internetow\u0105, aplikacj\u0105 lub reklam\u0105<\/li><\/ul><\/p><p class=\"cmplz-subtitle\">Okres przechowywania<\/p><p>Okres przechowywania okre\u015blamy wed\u0142ug ustalonych obiektywnych kryteri\u00f3w: Przechowywane przez czas nieokre\u015blony, chyba \u017ce dana osoba za\u017c\u0105da usuni\u0119cia swojego konta i danych osobowych.<\/p><\/details><details class=\"cmplz-dropdown dropdown-privacy-statement\"><summary><div><h3>1.6 Tworzenie i analizowanie statystyk w celu ulepszania witryny.<\/h3><\/div><\/summary><p class=\"cmplz-subtitle\">W tym celu wykorzystujemy nast\u0119puj\u0105ce dane:<\/p><p><ul><li>Informacje o aktywno\u015bci w internecie zawieraj\u0105ce, ale nie ograniczone do, historii przegl\u0105dania, historii wyszukiwania oraz informacje dotycz\u0105ce interakcji konsumenta z witryn\u0105 internetow\u0105, aplikacj\u0105 lub reklam\u0105<\/li><li>Dane geolokalizacyjne<\/li><li>adres IP<\/li><\/ul><\/p><p class=\"cmplz-subtitle\">Okres przechowywania<\/p><p>Okres przechowywania okre\u015blamy wed\u0142ug ustalonych obiektywnych kryteri\u00f3w: Przechowywane przez czas nieokre\u015blony, chyba \u017ce dana osoba za\u017c\u0105da usuni\u0119cia swojego konta i danych osobowych.<\/p><\/details><details class=\"cmplz-dropdown dropdown-privacy-statement\"><summary><div><h3>1.7 Aby m\u00f3c oferowa\u0107 spersonalizowane produkty oraz us\u0142ugi<\/h3><\/div><\/summary><p class=\"cmplz-subtitle\">W tym celu wykorzystujemy nast\u0119puj\u0105ce dane:<\/p><p><ul><li>Imi\u0119 i nazwisko<\/li><li>Nazwa konta lub pseudonim<\/li><li>Domowy lub inny fizyczny adres, zawieraj\u0105cy nazw\u0119 ulicy oraz nazw\u0119 miasta<\/li><li>Adres e-mail<\/li><li>Numer telefonu<\/li><li>adres IP<\/li><li>Informacje o aktywno\u015bci w internecie zawieraj\u0105ce, ale nie ograniczone do, historii przegl\u0105dania, historii wyszukiwania oraz informacje dotycz\u0105ce interakcji konsumenta z witryn\u0105 internetow\u0105, aplikacj\u0105 lub reklam\u0105<\/li><li>Dane geolokalizacyjne<\/li><\/ul><\/p><p class=\"cmplz-subtitle\">Okres przechowywania<\/p><p>Po zako\u0144czeniu \u015bwiadczenia us\u0142ugi przechowujemy te dane przez nast\u0119puj\u0105cy okres: Przechowywane przez czas nieokre\u015blony, chyba \u017ce dana osoba za\u017c\u0105da usuni\u0119cia swojego konta i danych osobowych.<\/p><\/details><details class=\"cmplz-dropdown dropdown-privacy-statement\"><summary><div><h3>1.8 Sprzedawa\u0107 lub udost\u0119pnia\u0107 dane podmiotom zewn\u0119trznym.<\/h3><\/div><\/summary><p class=\"cmplz-subtitle\">W tym celu wykorzystujemy nast\u0119puj\u0105ce dane:<\/p><p><ul><li>Informacje o aktywno\u015bci w internecie zawieraj\u0105ce, ale nie ograniczone do, historii przegl\u0105dania, historii wyszukiwania oraz informacje dotycz\u0105ce interakcji konsumenta z witryn\u0105 internetow\u0105, aplikacj\u0105 lub reklam\u0105<\/li><li>Dane geolokalizacyjne<\/li><\/ul><\/p><p class=\"cmplz-subtitle\">Okres przechowywania<\/p><p>Przechowujemy te dane po zako\u0144czeniu \u015bwiadczenia us\u0142ugi przez nast\u0119puj\u0105c\u0105 liczb\u0119 miesi\u0119cy: 24<\/p><\/details><h2>2. Co si\u0119 stanie, je\u015bli nie podasz nam swoich danych osobowych?<\/h2><p>Je\u017celi nie podasz nam swoich danych osobowych, mo\u017cemy nie by\u0107 w stanie dostarczy\u0107 ci produkt\u00f3w, informacji lub pomocy, kt\u00f3rej szukasz.<\/p><h2>3. Udost\u0119pnianie innym stronom<\/h2><p>Dzielimy si\u0119 lub ujawniamy te informacje operatorom w nast\u0119puj\u0105cych celach:<\/p><h2>4. Pliki cookie<\/h2>Nasza witryna wykorzystuje pliki cookies. Aby uzyska\u0107 wi\u0119cej informacji na temat plik\u00f3w cookies, zapoznaj si\u0119 z nasz\u0105 witryn\u0105 <a href=\"https:\/\/www.foosales.com\/pl\/cookie-policy-za\/\">Polityka dotycz\u0105ca plik\u00f3w cookie<\/a>.&nbsp;<h2>5. Praktyki ujawniania informacji<\/h2><p><p>Udost\u0119pniamy dane osobowe, je\u017celi jeste\u015bmy zobowi\u0105zani przepisami prawa lub na mocy postanowienia s\u0105du, w odpowiedzi na wezwanie organu \u015bcigania, w zakresie dozwolonym na podstawie innych przepis\u00f3w prawa, w celu udzielenia informacji lub w celu przeprowadzenia post\u0119powania wyja\u015bniaj\u0105cego w sprawie zwi\u0105zanej z bezpiecze\u0144stwem publicznym.<\/p><p>Je\u017celi nasza strona internetowa lub organizacja zostanie przej\u0119ta, sprzedana lub zaanga\u017cowana w fuzj\u0119 lub przej\u0119cie, Twoje dane mog\u0105 zosta\u0107 ujawnione naszym doradcom i potencjalnym nabywcom oraz zostan\u0105 przekazane nowym w\u0142a\u015bcicielom.<\/p><\/p>Zawarli\u015bmy z Google umow\u0119 o przetwarzanie danych.Google nie mo\u017ce wykorzystywa\u0107 danych do \u017cadnych innych us\u0142ug Google.W\u0142\u0105czanie pe\u0142nych adres\u00f3w IP jest przez nas blokowane.<h2>6. Bezpiecze\u0144stwo<\/h2>Dbamy o bezpiecze\u0144stwo danych osobowych. Podejmujemy odpowiednie \u015brodki bezpiecze\u0144stwa, aby ograniczy\u0107 nadu\u017cycia i nieuprawniony dost\u0119p do danych osobowych. Gwarantuje to, \u017ce tylko niezb\u0119dne osoby maj\u0105 dost\u0119p do twoich danych, dost\u0119p do danych jest chroniony, a nasze \u015brodki bezpiecze\u0144stwa s\u0105 regularnie sprawdzane.<p>Stosowane przez nas \u015brodki bezpiecze\u0144stwa obejmuj\u0105:<\/p><ul><li>Wykrywanie luk w zabezpieczeniach<\/li><li>Wzmocnienie strony internetowej\/funkcje bezpiecze\u0144stwa<\/li><li>(START)Szyfrowanie TLS \/ SSL \/ DANE<\/li><li>HTTP Strict Transport Security i powi\u0105zane nag\u0142\u00f3wki zabezpiecze\u0144 oraz zasady przegl\u0105darki<\/li><li>Bezpiecze\u0144stwo logowania<\/li><li>DKIM, SPF, DMARC i inne konkretne ustawienia DNS<\/li><\/ul><h2>7. Witryny podmiot\u00f3w zewn\u0119trznych<\/h2>Niniejsze o\u015bwiadczenie o ochronie prywatno\u015bci nie ma zastosowania do stron internetowych os\u00f3b trzecich po\u0142\u0105czonych linkami na naszej stronie internetowej. Nie mo\u017cemy zagwarantowa\u0107, \u017ce strony trzecie przetwarzaj\u0105 twoje dane osobowe w spos\u00f3b niezawodny lub bezpieczny. Zalecamy zapoznanie si\u0119 z o\u015bwiadczeniami o ochronie prywatno\u015bci tych witryn przed rozpocz\u0119ciem korzystania z nich.<h2>8. Zmiany niniejszego o\u015bwiadczenia o ochronie prywatno\u015bci<\/h2>Zastrzegamy sobie prawo do wprowadzania zmian w niniejszym o\u015bwiadczeniu o ochronie prywatno\u015bci. Zaleca si\u0119 regularne sprawdzanie niniejszego o\u015bwiadczenia o ochronie prywatno\u015bci, aby by\u0107 \u015bwiadomym wszelkich zmian. Ponadto b\u0119dziemy Ci\u0119 aktywnie informowa\u0107, gdy tylko b\u0119dzie to mo\u017cliwe.<h2>9. Dost\u0119p i modyfikowanie danych<\/h2><p>Je\u015bli masz jakiekolwiek pytania lub chcesz wiedzie\u0107, jakie dane osobowe posiadamy na tw\u00f3j temat, skontaktuj si\u0119 z nami. Mo\u017cesz skontaktowa\u0107 si\u0119 z nami, korzystaj\u0105c z poni\u017cszych informacji. Przys\u0142uguj\u0105 Ci nast\u0119puj\u0105ce prawa:<\/p><ul>\n                <li>Masz prawo wiedzie\u0107, dlaczego potrzebne s\u0105 twoje dane osobowe, co si\u0119 z nimi stanie i jak d\u0142ugo b\u0119d\u0105 przechowywane.<\/li>\n                <li>Prawo dost\u0119pu: Masz prawo dost\u0119pu do swoich danych osobowych, kt\u00f3re s\u0105 nam znane.<\/li>\n                <li>Prawo do sprostowania: masz prawo do uzupe\u0142niania, poprawiania, usuwania lub blokowania swoich danych osobowych w dowolnym momencie.<\/li>\n                <li>Je\u015bli wyrazisz zgod\u0119 na przetwarzanie twoich danych, przys\u0142uguje ci prawo do cofni\u0119cia tej zgody i usuni\u0119cia twoich danych osobowych.<\/li>\n                <li>Prawo do sprzeciwu: mo\u017cesz sprzeciwi\u0107 si\u0119 przetwarzaniu twoich danych. Przestrzegamy tego, chyba \u017ce istniej\u0105 uzasadnione podstawy do przetwarzania.<\/li>\n            <\/ul><p>Upewnij si\u0119, \u017ce zawsze jasno okre\u015blasz, kim jeste\u015b, aby\u015bmy mieli pewno\u015b\u0107, \u017ce nie modyfikujemy ani nie u\u017cywamy \u017cadnych danych niew\u0142a\u015bciwej osoby.<\/p><h2>10. Z\u0142o\u017cy\u0107 skarg\u0119<\/h2>Je\u015bli nie jeste\u015b zadowolony ze sposobu, w jaki obs\u0142ugujemy (skarg\u0119 dotycz\u0105c\u0105) przetwarzania twoich danych osobowych, masz prawo z\u0142o\u017cy\u0107 skarg\u0119 do Information Regulator South Africa:<br \/>P.O Box 31533,\n\t\t\t\t\t\t<br \/>Braamfontein,\n\t\t\t\t\t\t<br \/>Johannesburg,\n\t\t\t\t\t\t<br \/>2017\n\t\t\t\t\t\t<br \/>E-mail, pod kt\u00f3ry mo\u017cna wysy\u0142a\u0107 skargi:complaints.IR@justice.gov.za<h2>11. Dziecko<\/h2><p>Nasza witryna internetowa nie jest przeznaczona do przyci\u0105gania dzieci i nie jest naszym zamiarem zbieranie danych osobowych od dzieci poni\u017cej wieku, w kt\u00f3rym wyra\u017caj\u0105 zgod\u0119 w ich kraju zamieszkania. W zwi\u0105zku z tym prosimy, aby dzieci, kt\u00f3re nie osi\u0105gn\u0119\u0142y wieku zgody, nie przekazywa\u0142y nam \u017cadnych danych osobowych.<\/p><h2>12. Dane kontaktowe<\/h2><p>Grenade Technologies, Inc<br \/>\n        301-3450 Uptown Boulevard<br \/>\nVictoria BC V8Z 0B9<br \/>\n        Kanada<br \/>\n        Witryna:  <a href=\"https:\/\/www.foosales.com\/pl\">https:\/\/www.foosales.com\/pl<\/a> <br \/>\n        E-mail: <span class=\"cmplz-obfuscate\">prywatno\u015b\u0107@<span class=\"cmplz-fmail-domain\">ex.com<\/span>foosales.com<\/span> <br \/>\n        <\/p><p>Wyznaczyli\u015bmy osob\u0119 kontaktow\u0105 w zakresie zasad i praktyk organizacji, do kt\u00f3rej mo\u017cna kierowa\u0107 skargi lub zapytania:<br \/>Att: Specjalista ds. ochrony prywatno\u015bci<br \/>301-3450 Uptown Boulevard<br \/>\nVictoria BC V8Z 0B9<br \/>\nKanada<\/p><\/div>","protected":false},"excerpt":{"rendered":"","protected":false},"author":75,"featured_media":0,"parent":0,"menu_order":0,"comment_status":"closed","ping_status":"closed","template":"","meta":{"site-sidebar-layout":"default","site-content-layout":"","ast-site-content-layout":"default","site-content-style":"default","site-sidebar-style":"default","ast-global-header-display":"","ast-banner-title-visibility":"","ast-main-header-display":"","ast-hfb-above-header-display":"","ast-hfb-below-header-display":"","ast-hfb-mobile-header-display":"","site-post-title":"","ast-breadcrumbs-content":"","ast-featured-img":"","footer-sml-layout":"","ast-disable-related-posts":"","theme-transparent-header-meta":"","adv-header-id-meta":"","stick-header-meta":"","header-above-stick-meta":"","header-main-stick-meta":"","header-below-stick-meta":"","astra-migrate-meta-layouts":"default","ast-page-background-enabled":"default","ast-page-background-meta":{"desktop":{"background-color":"","background-image":"","background-repeat":"repeat","background-position":"center center","background-size":"auto","background-attachment":"scroll","background-type":"","background-media":"","overlay-type":"","overlay-color":"","overlay-opacity":"","overlay-gradient":""},"tablet":{"background-color":"","background-image":"","background-repeat":"repeat","background-position":"center center","background-size":"auto","background-attachment":"scroll","background-type":"","background-media":"","overlay-type":"","overlay-color":"","overlay-opacity":"","overlay-gradient":""},"mobile":{"background-color":"","background-image":"","background-repeat":"repeat","background-position":"center center","background-size":"auto","background-attachment":"scroll","background-type":"","background-media":"","overlay-type":"","overlay-color":"","overlay-opacity":"","overlay-gradient":""}},"ast-content-background-meta":{"desktop":{"background-color":"var(--ast-global-color-5)","background-image":"","background-repeat":"repeat","background-position":"center center","background-size":"auto","background-attachment":"scroll","background-type":"","background-media":"","overlay-type":"","overlay-color":"","overlay-opacity":"","overlay-gradient":""},"tablet":{"background-color":"var(--ast-global-color-5)","background-image":"","background-repeat":"repeat","background-position":"center center","background-size":"auto","background-attachment":"scroll","background-type":"","background-media":"","overlay-type":"","overlay-color":"","overlay-opacity":"","overlay-gradient":""},"mobile":{"background-color":"var(--ast-global-color-5)","background-image":"","background-repeat":"repeat","background-position":"center center","background-size":"auto","background-attachment":"scroll","background-type":"","background-media":"","overlay-type":"","overlay-color":"","overlay-opacity":"","overlay-gradient":""}},"footnotes":""},"class_list":["post-180611","page","type-page","status-publish","hentry"],"_links":{"self":[{"href":"https:\/\/www.foosales.com\/pl\/wp-json\/wp\/v2\/pages\/180611","targetHints":{"allow":["GET"]}}],"collection":[{"href":"https:\/\/www.foosales.com\/pl\/wp-json\/wp\/v2\/pages"}],"about":[{"href":"https:\/\/www.foosales.com\/pl\/wp-json\/wp\/v2\/types\/page"}],"author":[{"embeddable":true,"href":"https:\/\/www.foosales.com\/pl\/wp-json\/wp\/v2\/users\/75"}],"replies":[{"embeddable":true,"href":"https:\/\/www.foosales.com\/pl\/wp-json\/wp\/v2\/comments?post=180611"}],"version-history":[{"count":1,"href":"https:\/\/www.foosales.com\/pl\/wp-json\/wp\/v2\/pages\/180611\/revisions"}],"predecessor-version":[{"id":182385,"href":"https:\/\/www.foosales.com\/pl\/wp-json\/wp\/v2\/pages\/180611\/revisions\/182385"}],"wp:attachment":[{"href":"https:\/\/www.foosales.com\/pl\/wp-json\/wp\/v2\/media?parent=180611"}],"curies":[{"name":"wp","href":"https:\/\/api.w.org\/{rel}","templated":true}]}}