{"id":180614,"date":"2024-09-04T13:38:02","date_gmt":"2024-09-04T20:38:02","guid":{"rendered":"https:\/\/foosales.com\/disclaimer\/"},"modified":"2024-09-17T19:11:41","modified_gmt":"2024-09-18T02:11:41","slug":"wylaczenie-odpowiedzialnosci","status":"publish","type":"page","link":"https:\/\/www.foosales.com\/pl\/disclaimer\/","title":{"rendered":"Zastrze\u017cenie"},"content":{"rendered":"<p><!-- Legal document generated by Complianz | GDPR\/CCPA Cookie Consent https:\/\/wordpress.org\/plugins\/complianz-gdpr --><\/p>\n<div id=\"cmplz-document\" class=\"cmplz-document disclaimer cmplz-document-all\">\n<p>Grenade Technologies, Inc dok\u0142ada wszelkich stara\u0144, aby niniejsza strona internetowa by\u0142a aktualna i dok\u0142adna. Je\u015bli mimo to napotkasz co\u015b, co jest nieprawid\u0142owe lub nieaktualne, b\u0119dziemy wdzi\u0119czni za poinformowanie nas o tym. Prosimy o wskazanie miejsca na stronie internetowej, w kt\u00f3rym przeczyta\u0142e\u015b te informacje. Zajmiemy si\u0119 tym tak szybko, jak to mo\u017cliwe. Prosimy o przes\u0142anie odpowiedzi poczt\u0105 elektroniczn\u0105 na adres: privacy@foosales.com.<\/p>\n<p>Nie ponosimy odpowiedzialno\u015bci za straty wynikaj\u0105ce z nie\u015bcis\u0142o\u015bci lub niekompletno\u015bci, ani za straty wynikaj\u0105ce z problem\u00f3w spowodowanych lub nieod\u0142\u0105cznie zwi\u0105zanych z rozpowszechnianiem informacji przez Internet, takich jak zak\u0142\u00f3cenia lub przerwy. Korzystaj\u0105c z formularzy internetowych, staramy si\u0119 ograniczy\u0107 liczb\u0119 wymaganych p\u00f3l do minimum. Za wszelkie straty poniesione w wyniku wykorzystania danych, porad lub pomys\u0142\u00f3w dostarczonych przez lub w imieniu Grenade Technologies, Inc za po\u015brednictwem tej strony internetowej, Grenade Technologies, Inc nie ponosi \u017cadnej odpowiedzialno\u015bci.<\/p>\n<p>Korzystanie z witryny i wszystkich jej element\u00f3w (w tym for\u00f3w) podlega naszym <a href=\"https:\/\/www.foosales.com\/pl\/zasady-i-warunki\/\" target=\"_blank\" rel=\"noopener\">zasady i warunki<\/a>. Samo korzystanie z tej witryny oznacza znajomo\u015b\u0107 i akceptacj\u0119 niniejszych warunk\u00f3w u\u017cytkowania.<\/p>\n<p>Odpowiedzi i zapytania dotycz\u0105ce prywatno\u015bci przes\u0142ane poczt\u0105 elektroniczn\u0105 lub za pomoc\u0105 formularza internetowego b\u0119d\u0105 traktowane w taki sam spos\u00f3b jak listy. Oznacza to, \u017ce mo\u017cesz oczekiwa\u0107 odpowiedzi od nas najp\u00f3\u017aniej w ci\u0105gu 1 miesi\u0105ca. W przypadku z\u0142o\u017conych wniosk\u00f3w poinformujemy Ci\u0119 w ci\u0105gu 1 miesi\u0105ca, je\u015bli potrzebujemy maksymalnie 3 miesi\u0119cy.<\/p>\n<p>Wszelkie dane osobowe przekazane nam w ramach odpowiedzi lub pro\u015bby o informacje b\u0119d\u0105 wykorzystywane wy\u0142\u0105cznie zgodnie z naszym o\u015bwiadczeniem o ochronie prywatno\u015bci.<\/p>\n<p>Grenade Technologies, Inc do\u0142o\u017cy wszelkich stara\u0144, aby chroni\u0107 swoje systemy przed wszelkimi formami niezgodnego z prawem u\u017cytkowania. Grenade Technologies, Inc wdro\u017cy w tym celu odpowiednie \u015brodki techniczne i organizacyjne, bior\u0105c pod uwag\u0119, mi\u0119dzy innymi, aktualny stan wiedzy. Nie ponosi jednak odpowiedzialno\u015bci za jakiekolwiek straty, bezpo\u015brednie i\/lub po\u015brednie, poniesione przez u\u017cytkownika strony internetowej, kt\u00f3re wynikaj\u0105 z niezgodnego z prawem korzystania z jej system\u00f3w przez osoby trzecie.<\/p>\n<p>Grenade Technologies, Inc nie ponosi odpowiedzialno\u015bci za zawarto\u015b\u0107 stron internetowych, do kt\u00f3rych lub z kt\u00f3rych prowadz\u0105 hiper\u0142\u0105cza lub inne odniesienia. Produkty lub us\u0142ugi oferowane przez osoby trzecie podlegaj\u0105 obowi\u0105zuj\u0105cym warunkom tych os\u00f3b trzecich.<\/p>\n<p>Wszelkie prawa w\u0142asno\u015bci intelektualnej do tre\u015bci zamieszczonych na niniejszej stronie internetowej przys\u0142uguj\u0105 Grenade Technologies, Inc.<\/p>\n<p>Kopiowanie, rozpowszechnianie i jakiekolwiek inne wykorzystywanie tych materia\u0142\u00f3w nie jest dozwolone bez pisemnej zgody Grenade Technologies, Inc, z wyj\u0105tkiem i tylko w takim zakresie, w jakim stanowi\u0105 inaczej przepisy bezwzgl\u0119dnie obowi\u0105zuj\u0105cego prawa (np. prawo cytatu), chyba \u017ce konkretna tre\u015b\u0107 stanowi inaczej.<\/p>\n<p>Wszystkie nazwy produkt\u00f3w, logo i marki s\u0105 w\u0142asno\u015bci\u0105 ich odpowiednich w\u0142a\u015bcicieli. Wszystkie nazwy firm, produkt\u00f3w i us\u0142ug u\u017cyte na tej stronie s\u0142u\u017c\u0105 wy\u0142\u0105cznie do cel\u00f3w identyfikacyjnych. U\u017cycie tych nazw, logo i marek nie oznacza ich poparcia.<\/p>\n<p>W przypadku jakichkolwiek pyta\u0144 lub problem\u00f3w zwi\u0105zanych z dost\u0119pno\u015bci\u0105 strony internetowej, prosimy o kontakt pod adresem <a href=\"https:\/\/help.foosales.com\/pl\/contact\/\" rel=\"nofollow noopener\">skontaktuj si\u0119 z nami<\/a>.<\/p>\n<\/div>","protected":false},"excerpt":{"rendered":"<p>Grenade Technologies, Inc is committed to keeping this website up to date and accurate. Should you nevertheless encounter anything that [&hellip;]<\/p>\n","protected":false},"author":75,"featured_media":0,"parent":0,"menu_order":0,"comment_status":"closed","ping_status":"closed","template":"","meta":{"site-sidebar-layout":"default","site-content-layout":"","ast-site-content-layout":"default","site-content-style":"default","site-sidebar-style":"default","ast-global-header-display":"","ast-banner-title-visibility":"","ast-main-header-display":"","ast-hfb-above-header-display":"","ast-hfb-below-header-display":"","ast-hfb-mobile-header-display":"","site-post-title":"","ast-breadcrumbs-content":"","ast-featured-img":"","footer-sml-layout":"","ast-disable-related-posts":"","theme-transparent-header-meta":"default","adv-header-id-meta":"","stick-header-meta":"default","header-above-stick-meta":"","header-main-stick-meta":"","header-below-stick-meta":"","astra-migrate-meta-layouts":"set","ast-page-background-enabled":"default","ast-page-background-meta":{"desktop":{"background-color":"","background-image":"","background-repeat":"repeat","background-position":"center center","background-size":"auto","background-attachment":"scroll","background-type":"","background-media":"","overlay-type":"","overlay-color":"","overlay-opacity":"","overlay-gradient":""},"tablet":{"background-color":"","background-image":"","background-repeat":"repeat","background-position":"center center","background-size":"auto","background-attachment":"scroll","background-type":"","background-media":"","overlay-type":"","overlay-color":"","overlay-opacity":"","overlay-gradient":""},"mobile":{"background-color":"","background-image":"","background-repeat":"repeat","background-position":"center center","background-size":"auto","background-attachment":"scroll","background-type":"","background-media":"","overlay-type":"","overlay-color":"","overlay-opacity":"","overlay-gradient":""}},"ast-content-background-meta":{"desktop":{"background-color":"var(--ast-global-color-5)","background-image":"","background-repeat":"repeat","background-position":"center center","background-size":"auto","background-attachment":"scroll","background-type":"","background-media":"","overlay-type":"","overlay-color":"","overlay-opacity":"","overlay-gradient":""},"tablet":{"background-color":"var(--ast-global-color-5)","background-image":"","background-repeat":"repeat","background-position":"center center","background-size":"auto","background-attachment":"scroll","background-type":"","background-media":"","overlay-type":"","overlay-color":"","overlay-opacity":"","overlay-gradient":""},"mobile":{"background-color":"var(--ast-global-color-5)","background-image":"","background-repeat":"repeat","background-position":"center center","background-size":"auto","background-attachment":"scroll","background-type":"","background-media":"","overlay-type":"","overlay-color":"","overlay-opacity":"","overlay-gradient":""}},"footnotes":""},"class_list":["post-180614","page","type-page","status-publish","hentry"],"_links":{"self":[{"href":"https:\/\/www.foosales.com\/pl\/wp-json\/wp\/v2\/pages\/180614","targetHints":{"allow":["GET"]}}],"collection":[{"href":"https:\/\/www.foosales.com\/pl\/wp-json\/wp\/v2\/pages"}],"about":[{"href":"https:\/\/www.foosales.com\/pl\/wp-json\/wp\/v2\/types\/page"}],"author":[{"embeddable":true,"href":"https:\/\/www.foosales.com\/pl\/wp-json\/wp\/v2\/users\/75"}],"replies":[{"embeddable":true,"href":"https:\/\/www.foosales.com\/pl\/wp-json\/wp\/v2\/comments?post=180614"}],"version-history":[{"count":0,"href":"https:\/\/www.foosales.com\/pl\/wp-json\/wp\/v2\/pages\/180614\/revisions"}],"wp:attachment":[{"href":"https:\/\/www.foosales.com\/pl\/wp-json\/wp\/v2\/media?parent=180614"}],"curies":[{"name":"wp","href":"https:\/\/api.w.org\/{rel}","templated":true}]}}