{"id":18542,"date":"2018-06-04T04:02:48","date_gmt":"2018-06-04T10:02:48","guid":{"rendered":"https:\/\/foosales.com\/?page_id=18542"},"modified":"2024-09-09T13:50:36","modified_gmt":"2024-09-09T20:50:36","slug":"prywatnosc-wtyczki","status":"publish","type":"page","link":"https:\/\/www.foosales.com\/pl\/plugin-privacy\/","title":{"rendered":"Polityka prywatno\u015bci wtyczki FooSales"},"content":{"rendered":"<div data-elementor-type=\"wp-page\" data-elementor-id=\"18542\" class=\"elementor elementor-18542\" data-elementor-post-type=\"page\">\n\t\t\t\t\t\t<section class=\"elementor-section elementor-top-section elementor-element elementor-element-3a603702 elementor-section-boxed elementor-section-height-default elementor-section-height-default\" data-id=\"3a603702\" data-element_type=\"section\" data-e-type=\"section\">\n\t\t\t\t\t\t<div class=\"elementor-container elementor-column-gap-default\">\n\t\t\t\t\t<div class=\"elementor-column elementor-col-100 elementor-top-column elementor-element elementor-element-9300ef8\" data-id=\"9300ef8\" data-element_type=\"column\" data-e-type=\"column\">\n\t\t\t<div class=\"elementor-widget-wrap elementor-element-populated\">\n\t\t\t\t\t\t<div class=\"elementor-element elementor-element-664944af elementor-widget elementor-widget-text-editor\" data-id=\"664944af\" data-element_type=\"widget\" data-e-type=\"widget\" data-widget_type=\"text-editor.default\">\n\t\t\t\t<div class=\"elementor-widget-container\">\n\t\t\t\t\t\t\t\t\t<h1>Polityka prywatno\u015bci wtyczki FooSales WP<\/h1><p><em>Ostatnia aktualizacja: 9 wrze\u015bnia 2024 r.<\/em><\/p><h2><span style=\"font-size: 30px; font-weight: normal; font-family: var( --e-global-typography-text-font-family ), Sans-serif;\">Jak FooSales przechowuje dane<\/span><span style=\"font-size: 1.875rem; font-style: normal; font-weight: normal; font-family: var( --e-global-typography-text-font-family ), Sans-serif;\">:<\/span><\/h2><h3 style=\"font-style: normal;\">Baza danych<\/h3><p><span style=\"font-weight: 400;\">FooSales w minimalnym stopniu wykorzystuje dane przechowywane w bazie danych WooCommerce klienta. FooSales dodaje podstawowe informacje do bazy danych WooCommerce w postaci niestandardowych metadanych post\u00f3w w celu rozr\u00f3\u017cnienia zam\u00f3wie\u0144, kt\u00f3re zosta\u0142y przetworzone przez FooSales wraz z zastosowan\u0105 metod\u0105 p\u0142atno\u015bci. \u017badne dane karty kredytowej klienta ani inne poufne dane dotycz\u0105ce p\u0142atno\u015bci nie s\u0105 przesy\u0142ane ani przechowywane.<\/span><\/p><h3><span style=\"font-weight: 400;\">Aplikacje<\/span><\/h3><p><span style=\"font-weight: 400;\">The <\/span><span style=\"font-weight: 400;\">Aplikacje dla punkt\u00f3w sprzeda\u017cy FooSales (POS)<\/span><span style=\"font-weight: 400;\"> u\u017cywaj\u0105 niestandardowego interfejsu API REST do bezpiecznej komunikacji z wtyczk\u0105 FooSales w celu pobierania informacji o klientach i zam\u00f3wieniach, a tak\u017ce przetwarzania sprzeda\u017cy. Dane przesy\u0142ane mi\u0119dzy wtyczk\u0105 FooSales a aplikacjami obejmuj\u0105 dane zam\u00f3wie\u0144, produkt\u00f3w i nabywc\u00f3w. Dane te s\u0105 buforowane na urz\u0105dzeniu z uruchomion\u0105 aplikacj\u0105 FooSales w celu przyspieszenia pocz\u0105tkowego czasu \u0142adowania. Aby usun\u0105\u0107 te dane z pami\u0119ci podr\u0119cznej, wystarczy od\u0142\u0105czy\u0107 aplikacj\u0119 FooSales od sklepu, dotykaj\u0105c przycisku\u00a0<\/span><b>Roz\u0142\u0105czenie<\/b>\u00a0na ekranie Ustawienia lub <b>odinstalowanie<\/b> aplikacj\u0119 FooSales z urz\u0105dzenia.<\/p><h3 style=\"font-style: normal;\"><span style=\"font-size: 25px; font-weight: 400;\">Przetwarzanie p\u0142atno\u015bci<\/span><\/h3><p style=\"font-size: 16px; font-style: normal; font-weight: 400;\"><span style=\"font-size: 16px; font-weight: 400;\">FooSales integruje si\u0119 ze sprz\u0119tem Square i Stripe w celu przetwarzania p\u0142atno\u015bci kart\u0105 przy u\u017cyciu ich natywnych zestaw\u00f3w programistycznych. Chocia\u017c ca\u0142e przetwarzanie kart i podnoszenie ci\u0119\u017car\u00f3w jest bezpiecznie zarz\u0105dzane przez Square i Stripe poza FooSales, suma zam\u00f3wienia i opis zakupionych przedmiot\u00f3w s\u0105 przesy\u0142ane na konto Square i \/ lub Stripe w celu przetworzenia p\u0142atno\u015bci.<\/span><\/p><h3><span style=\"font-weight: 400;\">Analiza zam\u00f3wie\u0144<\/span><\/h3><p><span style=\"font-weight: 400;\">FooSales jest zaanga\u017cowany w dzielenie si\u0119 interesuj\u0105cymi trendami i spostrze\u017ceniami z klientami i szersz\u0105 spo\u0142eczno\u015bci\u0105 WordPress\/WooCommerce w oparciu o zagregowane dane klient\u00f3w. <\/span>Je\u015bli <b>analiza zam\u00f3wie\u0144<\/b> ustawienie jest w\u0142\u0105czone we wtyczce FooSales<span style=\"font-size: 16px; font-weight: 400; color: var( --e-global-color-text ); font-family: var( --e-global-typography-text-font-family ), Sans-serif;\">W przypadku ka\u017cdego zam\u00f3wienia z\u0142o\u017conego za po\u015brednictwem aplikacji FooSales b\u0119dziemy anonimowo gromadzi\u0107 nast\u0119puj\u0105ce dane niewra\u017cliwe:<\/span><\/p><ul><li style=\"font-size: 16px;\"><span style=\"font-size: 16px; font-weight: 400;\"><span style=\"font-size: 16px; font-weight: bold;\"><span style=\"font-size: 16px; font-style: normal; font-weight: bold; color: var( --e-global-color-text ); font-family: var( --e-global-typography-text-font-family ), Sans-serif;\">Znacznik czasu<\/span><span style=\"font-size: 16px; font-style: normal; font-weight: 400; color: var( --e-global-color-text ); font-family: var( --e-global-typography-text-font-family ), Sans-serif;\">\u00a0(wygenerowane automatycznie)<\/span><br \/><\/span><\/span><\/li><li style=\"font-size: 16px;\"><span style=\"font-size: 16px; font-weight: 400;\"><span style=\"font-size: 16px; font-weight: bold;\">Przycisk grupowania\u00a0<\/span><\/span>(losowo wygenerowany ci\u0105g znak\u00f3w do anonimowego grupowania zam\u00f3wie\u0144)<\/li><li><span style=\"font-weight: 400;\"><strong>Platforma<\/strong> (Web, iOS, Android)<\/span><\/li><li><span style=\"font-weight: 400;\"><strong>Kraj<\/strong> (skr\u00f3cony kod kraju)<\/span><\/li><li><span style=\"font-weight: 400;\"><strong>Waluta<\/strong> (skr\u00f3cony kod waluty)<\/span><\/li><li><span style=\"font-weight: 400;\"><strong>Metoda p\u0142atno\u015bci<\/strong> (metoda p\u0142atno\u015bci u\u017cyta w zam\u00f3wieniu)<\/span><\/li><li><span style=\"font-weight: 400;\"><strong>Sektor<\/strong> (tylko je\u015bli u\u017cytkownik wyrazi\u0142 zgod\u0119 na udost\u0119pnianie informacji o sektorze\/kategorii WooCommerce)<\/span><\/li><li style=\"font-size: 16px;\"><span style=\"font-size: 16px; font-weight: 400;\"><span style=\"font-size: 16px; font-weight: bold;\">Liczba pozycji<\/span>\u00a0(ca\u0142kowita liczba pozycji zawartych w zam\u00f3wieniu)<\/span><\/li><li style=\"font-size: 16px;\"><span style=\"font-size: 16px; font-weight: 400;\"><span style=\"font-size: 16px; font-weight: bold;\">Ilo\u015b\u0107 og\u00f3\u0142em<\/span>\u00a0(ca\u0142kowita ilo\u015b\u0107 produkt\u00f3w obj\u0119tych zam\u00f3wieniem)<\/span><\/li><li><span style=\"font-weight: 400;\"><strong>Suma zam\u00f3wienia<\/strong> (suma zam\u00f3wienia w wybranej walucie sklepu, np. 10,00 CAD)<\/span><\/li><li><span style=\"font-weight: 400;\"><strong>Suma zam\u00f3wienia w USD<\/strong> (suma zam\u00f3wienia przeliczona na r\u00f3wnowarto\u015b\u0107 w USD, np. 8,07 USD)\u00a0<\/span><\/li><\/ul><h3><span style=\"font-weight: 400;\">E-maile<\/span><\/h3><p><span style=\"font-weight: 400;\">Zam\u00f3wienia przetwarzane przez aplikacje FooSales POS b\u0119d\u0105 uruchamia\u0107 domy\u015bln\u0105 funkcj\u0119 zam\u00f3wie\u0144 e-mail WooCommerce. Je\u015bli ta opcja jest w\u0142\u0105czona, wiadomo\u015b\u0107 e-mail WooCommerce \"Nowe zam\u00f3wienie klienta\" zostanie wys\u0142ana na adresy e-mail okre\u015blone w sekcji <strong>WooCommerce<\/strong> &gt; <strong>Ustawienia<\/strong><\/span><span style=\"font-size: 16px; font-style: normal; font-weight: 400; color: var( --e-global-color-text ); font-family: var( --e-global-typography-text-font-family ), Sans-serif;\">\u00a0<\/span><span style=\"font-size: 16px; font-style: normal; font-weight: 400; color: var( --e-global-color-text ); font-family: var( --e-global-typography-text-font-family ), Sans-serif;\">&gt;<\/span><span style=\"font-size: 16px; font-style: normal; font-weight: 400; color: var( --e-global-color-text ); font-family: var( --e-global-typography-text-font-family ), Sans-serif;\">\u00a0<\/span><strong style=\"font-size: 16px; color: var( --e-global-color-text ); font-family: var( --e-global-typography-text-font-family ), Sans-serif;\">E-maile<\/strong><span style=\"font-size: 16px; font-weight: 400; color: var( --e-global-color-text ); font-family: var( --e-global-typography-text-font-family ), Sans-serif;\"> opcje. Domy\u015blne dane w tej wiadomo\u015bci e-mail obejmuj\u0105 szczeg\u00f3\u0142y zam\u00f3wienia i pozycji oraz dane klienta. Po wys\u0142aniu wiadomo\u015bci e-mail \"Nowe zam\u00f3wienie klienta\" b\u0119dzie ona przechowywana przez czas nieokre\u015blony na serwerze e-mail administratora witryny, w zale\u017cno\u015bci od adresu e-mail okre\u015blonego w ustawieniach WooCommerce.<\/span><\/p><h2>Jak usun\u0105\u0107 dane:<\/h2><div><h3 style=\"font-style: normal;\">Usuwanie zlece\u0144<\/h3><\/div><ol><li><span style=\"font-weight: 400;\">Przejd\u017a do <\/span><b>WooCommerce<\/b><span style=\"font-weight: 400;\"> &gt; <\/span><b>Zam\u00f3wienia<\/b><span style=\"font-weight: 400;\"> w obszarze administracyjnym WordPress<\/span><\/li><li style=\"font-weight: 400;\"><span style=\"font-weight: 400;\">Zaznacz zlecenia, kt\u00f3re maj\u0105 zosta\u0107 usuni\u0119te<\/span><\/li><li style=\"font-weight: 400;\"><span style=\"font-weight: 400;\">Wybierz \"Przenie\u015b do kosza\" w akcjach zbiorczych i kliknij \"Zastosuj\".<\/span><\/li><li style=\"font-weight: 400;\"><span style=\"font-weight: 400;\">Przejd\u017a do zam\u00f3wienia \"Kosz\"<\/span><\/li><li style=\"font-weight: 400;\"><span style=\"font-weight: 400;\">Pod\u015bwietl zlecenie\/zlecenia, kt\u00f3re maj\u0105 zosta\u0107 usuni\u0119te<\/span><\/li><li style=\"font-weight: 400;\"><span style=\"font-weight: 400;\">Wybierz \"Usu\u0144 trwale\" w akcjach zbiorczych i kliknij \"Zastosuj\".<\/span><\/li><\/ol><h3><span style=\"font-weight: 400;\">Usuwanie opcji i ustawie\u0144 wtyczki<\/span><\/h3><p><span style=\"font-weight: 400;\">Aby usun\u0105\u0107 wszystkie opcje i ustawienia FooSales, wystarczy wy\u0142\u0105czy\u0107 i odinstalowa\u0107 wtyczki. Wtyczka automatycznie usunie wszystkie opcje i ustawienia z bazy danych podczas procesu dezinstalacji.<\/span><\/p><h3><span style=\"font-weight: 400;\">Usuwanie wszystkich plik\u00f3w FooSales<\/span><\/h3><ol><li style=\"font-weight: 400;\"><span style=\"font-weight: 400;\">Wy\u0142\u0105cz i odinstaluj wtyczki zgodnie z powy\u017cszymi instrukcjami (Usuwanie opcji i ustawie\u0144 wtyczek).<\/span><\/li><li style=\"font-weight: 400;\"><span style=\"font-weight: 400;\">Po\u0142\u0105cz si\u0119 z serwerem WWW za pomoc\u0105 klienta FTP i przejd\u017a do<\/span><i><span style=\"font-weight: 400;\">wp-content\/plugins<\/span><\/i><span style=\"font-weight: 400;\">' w katalogu WordPress. Upewnij si\u0119, \u017ce wszystkie katalogi wtyczek FooSales zosta\u0142y usuni\u0119te.<\/span><\/li><\/ol><h3><span style=\"font-weight: 400;\">Role, mo\u017cliwo\u015bci i uprawnienia u\u017cytkownik\u00f3w:<\/span><\/h3><p><span style=\"font-weight: 400;\">FooSales w szerokim zakresie wykorzystuje wbudowane w WordPress funkcje r\u00f3l i mo\u017cliwo\u015bci u\u017cytkownik\u00f3w, aby zapewni\u0107 lepsz\u0105 prywatno\u015b\u0107. Domy\u015blnie tylko u\u017cytkownicy z rol\u0105 \"Administrator\" b\u0119d\u0105 mieli dost\u0119p do wszystkich funkcji FooSales. Je\u015bli potrzebujesz dodatkowej roli, aby mie\u0107 dost\u0119p do okre\u015blonych funkcji FooSales, musisz przypisa\u0107 mo\u017cliwo\u015bci do tej roli za pomoc\u0105 bezp\u0142atnej wtyczki WordPress innej firmy.<\/span><\/p><p><span style=\"font-weight: 400;\">Oto kroki, kt\u00f3re nale\u017cy wykona\u0107, aby to zrobi\u0107:<\/span><\/p><ol><li style=\"font-weight: 400;\"><span style=\"font-weight: 400;\">Zaloguj si\u0119 do obszaru administracyjnego WordPress, zainstaluj i aktywuj aplikacj\u0119 <\/span><b>Edytor r\u00f3l u\u017cytkownik\u00f3w<\/b><span style=\"font-weight: 400;\"> wtyczka: <\/span><a href=\"https:\/\/wordpress.org\/plugins\/user-role-editor\/\" rel=\"noopener\"><span style=\"font-weight: 400;\">https:\/\/wordpress.org\/plugins\/user-role-editor\/<\/span><\/a><\/li><li><span style=\"font-weight: 400;\">Przejd\u017a do <\/span><b>U\u017cytkownicy<\/b><span style=\"font-weight: 400;\"> &gt; <\/span><b>Edytor r\u00f3l u\u017cytkownik\u00f3w<\/b><\/li><li style=\"font-weight: 400;\"><span style=\"font-weight: 400;\">Wybierz rol\u0119 u\u017cytkownika, kt\u00f3ry potrzebuje dost\u0119pu do okre\u015blonych funkcji FooSales w opcji \"Wybierz rol\u0119 i zmie\u0144 jej mo\u017cliwo\u015bci\".<\/span><\/li><li style=\"font-weight: 400;\"><span style=\"font-weight: 400;\">Wprowad\u017a wyra\u017cenie \"foosales\" w polu tekstowym szybkiego filtrowania<\/span><\/li><li style=\"font-weight: 400;\"><span style=\"font-weight: 400;\">Sprawd\u017a ka\u017cd\u0105 z pod\u015bwietlonych pozycji (s\u0105 to w zasadzie wszystkie opcje z przyrostkiem \"foosales\").<\/span><\/li><li><span style=\"font-weight: 400;\">Kliknij przycisk \"Aktualizuj\" po prawej stronie<\/span><\/li><\/ol>\t\t\t\t\t\t\t\t<\/div>\n\t\t\t\t<\/div>\n\t\t\t\t\t<\/div>\n\t\t<\/div>\n\t\t\t\t\t<\/div>\n\t\t<\/section>\n\t\t\t\t<\/div>","protected":false},"excerpt":{"rendered":"<p>FooSales WP Plugin Privacy Policy Last Updated: 9 September 2024 How FooSales Stores Data: Database FooSales makes minimal use of [&hellip;]<\/p>\n","protected":false},"author":1,"featured_media":0,"parent":0,"menu_order":100,"comment_status":"closed","ping_status":"closed","template":"elementor_header_footer","meta":{"site-sidebar-layout":"default","site-content-layout":"default","ast-site-content-layout":"default","site-content-style":"default","site-sidebar-style":"default","ast-global-header-display":"","ast-banner-title-visibility":"","ast-main-header-display":"","ast-hfb-above-header-display":"","ast-hfb-below-header-display":"","ast-hfb-mobile-header-display":"","site-post-title":"","ast-breadcrumbs-content":"","ast-featured-img":"","footer-sml-layout":"","ast-disable-related-posts":"","theme-transparent-header-meta":"default","adv-header-id-meta":"","stick-header-meta":"default","header-above-stick-meta":"","header-main-stick-meta":"","header-below-stick-meta":"","astra-migrate-meta-layouts":"default","ast-page-background-enabled":"default","ast-page-background-meta":{"desktop":{"background-color":"","background-image":"","background-repeat":"repeat","background-position":"center center","background-size":"auto","background-attachment":"scroll","background-type":"","background-media":"","overlay-type":"","overlay-color":"","overlay-opacity":"","overlay-gradient":""},"tablet":{"background-color":"","background-image":"","background-repeat":"repeat","background-position":"center center","background-size":"auto","background-attachment":"scroll","background-type":"","background-media":"","overlay-type":"","overlay-color":"","overlay-opacity":"","overlay-gradient":""},"mobile":{"background-color":"","background-image":"","background-repeat":"repeat","background-position":"center center","background-size":"auto","background-attachment":"scroll","background-type":"","background-media":"","overlay-type":"","overlay-color":"","overlay-opacity":"","overlay-gradient":""}},"ast-content-background-meta":{"desktop":{"background-color":"var(--ast-global-color-5)","background-image":"","background-repeat":"repeat","background-position":"center center","background-size":"auto","background-attachment":"scroll","background-type":"","background-media":"","overlay-type":"","overlay-color":"","overlay-opacity":"","overlay-gradient":""},"tablet":{"background-color":"var(--ast-global-color-5)","background-image":"","background-repeat":"repeat","background-position":"center center","background-size":"auto","background-attachment":"scroll","background-type":"","background-media":"","overlay-type":"","overlay-color":"","overlay-opacity":"","overlay-gradient":""},"mobile":{"background-color":"var(--ast-global-color-5)","background-image":"","background-repeat":"repeat","background-position":"center center","background-size":"auto","background-attachment":"scroll","background-type":"","background-media":"","overlay-type":"","overlay-color":"","overlay-opacity":"","overlay-gradient":""}},"footnotes":""},"class_list":["post-18542","page","type-page","status-publish","hentry"],"_links":{"self":[{"href":"https:\/\/www.foosales.com\/pl\/wp-json\/wp\/v2\/pages\/18542","targetHints":{"allow":["GET"]}}],"collection":[{"href":"https:\/\/www.foosales.com\/pl\/wp-json\/wp\/v2\/pages"}],"about":[{"href":"https:\/\/www.foosales.com\/pl\/wp-json\/wp\/v2\/types\/page"}],"author":[{"embeddable":true,"href":"https:\/\/www.foosales.com\/pl\/wp-json\/wp\/v2\/users\/1"}],"replies":[{"embeddable":true,"href":"https:\/\/www.foosales.com\/pl\/wp-json\/wp\/v2\/comments?post=18542"}],"version-history":[{"count":0,"href":"https:\/\/www.foosales.com\/pl\/wp-json\/wp\/v2\/pages\/18542\/revisions"}],"wp:attachment":[{"href":"https:\/\/www.foosales.com\/pl\/wp-json\/wp\/v2\/media?parent=18542"}],"curies":[{"name":"wp","href":"https:\/\/api.w.org\/{rel}","templated":true}]}}