{"id":68327,"date":"2021-01-12T11:51:05","date_gmt":"2021-01-12T18:51:05","guid":{"rendered":"https:\/\/foosales.com\/?post_type=product&#038;p=68327"},"modified":"2024-10-03T18:21:05","modified_gmt":"2024-10-04T01:21:05","slug":"platnosci-kwadratowe","status":"publish","type":"product","link":"https:\/\/www.foosales.com\/pl\/product\/square-payments\/","title":{"rendered":"Square Dodatek do p\u0142atno\u015bci"},"content":{"rendered":"","protected":false},"excerpt":{"rendered":"<p>WooCommerce i Square s\u0105 popularnymi platformami, ale w przesz\u0142o\u015bci nie gra\u0142y ze sob\u0105 dobrze. A\u017c do teraz. FooSales wykorzystuje mocne strony obu platform i p\u0142ynnie wype\u0142nia luk\u0119 mi\u0119dzy sprzeda\u017c\u0105 online i osobist\u0105 dzi\u0119ki naszej integracji Square. Square obs\u0142uguje karty chipowe EMV, karty z paskiem magnetycznym, Apple Pay, Google Pay, Samsung Pay i NFC.<\/p>\n<p><strong><u><a href=\"https:\/\/www.foosales.com\/pl\/cechy\/platnosci\/kwadrat\/\">Dowiedz si\u0119 wi\u0119cej o p\u0142atno\u015bciach Square \u2192<\/a><\/u><\/strong><\/p>\n<p>Dodatek FooSales Square Payments jest wymagany do integracji Square, kt\u00f3r\u0105 mo\u017cna naby\u0107 za cen\u0119 <a href=\"https:\/\/www.foosales.com\/pl\/wycena\/\">Plan dla jednej lub wielu domen<\/a> jak r\u00f3wnie\u017c osobno, je\u015bli chcesz doda\u0107 je w przysz\u0142o\u015bci.<\/p>\n<p><strong><u><a href=\"https:\/\/help.foosales.com\/docs\/topics\/payments\/square-payment-integration\/#requirements\" target=\"_blank\" rel=\"noopener\">Zobacz Wymagania \u2192<\/a><\/u><\/strong><\/p>","protected":false},"featured_media":70768,"template":"","meta":{"site-sidebar-layout":"default","site-content-layout":"default","ast-site-content-layout":"default","site-content-style":"default","site-sidebar-style":"default","ast-global-header-display":"","ast-banner-title-visibility":"","ast-main-header-display":"","ast-hfb-above-header-display":"","ast-hfb-below-header-display":"","ast-hfb-mobile-header-display":"","site-post-title":"","ast-breadcrumbs-content":"","ast-featured-img":"","footer-sml-layout":"","ast-disable-related-posts":"","theme-transparent-header-meta":"default","adv-header-id-meta":"","stick-header-meta":"default","header-above-stick-meta":"","header-main-stick-meta":"","header-below-stick-meta":"","astra-migrate-meta-layouts":"set","ast-page-background-enabled":"default","ast-page-background-meta":{"desktop":{"background-color":"","background-image":"","background-repeat":"repeat","background-position":"center center","background-size":"auto","background-attachment":"scroll","background-type":"","background-media":"","overlay-type":"","overlay-color":"","overlay-opacity":"","overlay-gradient":""},"tablet":{"background-color":"","background-image":"","background-repeat":"repeat","background-position":"center center","background-size":"auto","background-attachment":"scroll","background-type":"","background-media":"","overlay-type":"","overlay-color":"","overlay-opacity":"","overlay-gradient":""},"mobile":{"background-color":"","background-image":"","background-repeat":"repeat","background-position":"center center","background-size":"auto","background-attachment":"scroll","background-type":"","background-media":"","overlay-type":"","overlay-color":"","overlay-opacity":"","overlay-gradient":""}},"ast-content-background-meta":{"desktop":{"background-color":"var(--ast-global-color-5)","background-image":"","background-repeat":"repeat","background-position":"center center","background-size":"auto","background-attachment":"scroll","background-type":"","background-media":"","overlay-type":"","overlay-color":"","overlay-opacity":"","overlay-gradient":""},"tablet":{"background-color":"var(--ast-global-color-5)","background-image":"","background-repeat":"repeat","background-position":"center center","background-size":"auto","background-attachment":"scroll","background-type":"","background-media":"","overlay-type":"","overlay-color":"","overlay-opacity":"","overlay-gradient":""},"mobile":{"background-color":"var(--ast-global-color-5)","background-image":"","background-repeat":"repeat","background-position":"center center","background-size":"auto","background-attachment":"scroll","background-type":"","background-media":"","overlay-type":"","overlay-color":"","overlay-opacity":"","overlay-gradient":""}}},"product_brand":[],"product_cat":[68,262,268],"product_tag":[],"class_list":{"0":"post-68327","1":"product","2":"type-product","3":"status-publish","4":"has-post-thumbnail","6":"product_cat-subscription","7":"product_cat-add-on","8":"product_cat-square","9":"desktop-align-left","10":"tablet-align-left","11":"mobile-align-left","12":"ast-product-gallery-layout-vertical","13":"ast-product-gallery-with-no-image","14":"ast-magnify-disabled","15":"ast-product-single-variable","17":"first","18":"instock","19":"taxable","20":"shipping-taxable","21":"purchasable","22":"product-type-variable-subscription","23":"has-default-attributes"},"_links":{"self":[{"href":"https:\/\/www.foosales.com\/pl\/wp-json\/wp\/v2\/product\/68327","targetHints":{"allow":["GET"]}}],"collection":[{"href":"https:\/\/www.foosales.com\/pl\/wp-json\/wp\/v2\/product"}],"about":[{"href":"https:\/\/www.foosales.com\/pl\/wp-json\/wp\/v2\/types\/product"}],"wp:featuredmedia":[{"embeddable":true,"href":"https:\/\/www.foosales.com\/pl\/wp-json\/wp\/v2\/media\/70768"}],"wp:attachment":[{"href":"https:\/\/www.foosales.com\/pl\/wp-json\/wp\/v2\/media?parent=68327"}],"wp:term":[{"taxonomy":"product_brand","embeddable":true,"href":"https:\/\/www.foosales.com\/pl\/wp-json\/wp\/v2\/product_brand?post=68327"},{"taxonomy":"product_cat","embeddable":true,"href":"https:\/\/www.foosales.com\/pl\/wp-json\/wp\/v2\/product_cat?post=68327"},{"taxonomy":"product_tag","embeddable":true,"href":"https:\/\/www.foosales.com\/pl\/wp-json\/wp\/v2\/product_tag?post=68327"}],"curies":[{"name":"wp","href":"https:\/\/api.w.org\/{rel}","templated":true}]}}