{"id":141325,"date":"2022-01-12T14:12:18","date_gmt":"2022-01-12T21:12:18","guid":{"rendered":"https:\/\/foosales.com\/?page_id=141325"},"modified":"2024-09-03T18:46:28","modified_gmt":"2024-09-04T01:46:28","slug":"politica-de-privacidade","status":"publish","type":"page","link":"https:\/\/www.foosales.com\/pt\/privacy-policy\/","title":{"rendered":"Pol\u00edtica de privacidade (ANTIGA)"},"content":{"rendered":"<div data-elementor-type=\"wp-page\" data-elementor-id=\"141325\" class=\"elementor elementor-141325\" data-elementor-post-type=\"page\">\n\t\t\t\t\t\t<section class=\"elementor-section elementor-top-section elementor-element elementor-element-986b7e9 elementor-section-boxed elementor-section-height-default elementor-section-height-default\" data-id=\"986b7e9\" data-element_type=\"section\" data-e-type=\"section\">\n\t\t\t\t\t\t<div class=\"elementor-container elementor-column-gap-default\">\n\t\t\t\t\t<div class=\"elementor-column elementor-col-33 elementor-top-column elementor-element elementor-element-0917e5a\" data-id=\"0917e5a\" data-element_type=\"column\" data-e-type=\"column\">\n\t\t\t<div class=\"elementor-widget-wrap elementor-element-populated\">\n\t\t\t\t\t\t<div class=\"elementor-element elementor-element-d9f681b elementor-widget elementor-widget-text-editor\" data-id=\"d9f681b\" data-element_type=\"widget\" data-e-type=\"widget\" data-widget_type=\"text-editor.default\">\n\t\t\t\t<div class=\"elementor-widget-container\">\n\t\t\t\t\t\t\t\t\t<ol><li><a href=\"#who_we_are\">QUEM SOMOS<\/a><\/li><li><a href=\"#personal_data_collection\">QUE DADOS PESSOAIS RECOLHEMOS<\/a><\/li><li><a href=\"#comments\">COMENT\u00c1RIOS<\/a><\/li><li><a href=\"#media\">MEDIA<\/a><\/li><li><a href=\"#contact_forms\">FORMUL\u00c1RIOS DE CONTACTO<\/a><\/li><li><a href=\"#cookies\">COOKIES<\/a><\/li><li><a href=\"#embedded_content\">CONTE\u00daDO INCORPORADO DE OUTROS S\u00cdTIOS WEB<\/a><\/li><li><a href=\"#analytics\">ANAL\u00cdTICA<\/a><\/li><li><a href=\"#what_we_collect\">O QUE RECOLHEMOS E ARMAZENAMOS<\/a><\/li><li><a href=\"#data_retention\">DURANTE QUANTO TEMPO CONSERVAMOS OS SEUS DADOS<\/a><\/li><li><a href=\"#send_data\">PARA ONDE ENVIAMOS OS SEUS DADOS<\/a><\/li><li><a href=\"#data_rights\">QUE DIREITOS TEM SOBRE OS SEUS DADOS<\/a><\/li><li><a href=\"#data_access\">QUEM NA NOSSA EQUIPA TEM ACESSO<\/a><\/li><\/ol>\t\t\t\t\t\t\t\t<\/div>\n\t\t\t\t<\/div>\n\t\t\t\t\t<\/div>\n\t\t<\/div>\n\t\t\t\t<div class=\"elementor-column elementor-col-66 elementor-top-column elementor-element elementor-element-734841c\" data-id=\"734841c\" data-element_type=\"column\" data-e-type=\"column\">\n\t\t\t<div class=\"elementor-widget-wrap elementor-element-populated\">\n\t\t\t\t\t\t<div class=\"elementor-element elementor-element-4d4ff1c elementor-widget elementor-widget-text-editor\" data-id=\"4d4ff1c\" data-element_type=\"widget\" data-e-type=\"widget\" data-widget_type=\"text-editor.default\">\n\t\t\t\t<div class=\"elementor-widget-container\">\n\t\t\t\t\t\t\t\t\t<h1>Pol\u00edtica de privacidade<\/h1>\n<em>\u00daltima atualiza\u00e7\u00e3o: 2 de novembro de 2021<\/em>\n<h3>1. QUEM SOMOS<\/h3>\nFooSales \u00e9 um produto propriedade da Grenade Technologies (Pty) Ltd. que est\u00e1 registada na Rep\u00fablica da \u00c1frica do Sul (Reg. No. 2012\/051365\/07).\n\nO endere\u00e7o do nosso s\u00edtio Web \u00e9: <a href=\"https:\/\/www.foosales.com\/pt\/\">https:\/\/www.foosales.com<\/a>\n\nPara quaisquer quest\u00f5es relativas \u00e0 nossa pol\u00edtica de privacidade ou para pedidos de direito de acesso, pode enviar uma mensagem de correio eletr\u00f3nico para: privacy (at) foosales.com\n<h3>2. QUE DADOS PESSOAIS RECOLHEMOS E PORQUE OS RECOLHEMOS<\/h3>\nO FooSales segue os seguintes princ\u00edpios para proteger a sua privacidade:\n- N\u00e3o recolhemos mais informa\u00e7\u00e3o do que a necess\u00e1ria;\n- N\u00e3o utilizamos os seus dados para outros fins que n\u00e3o os especificados;\n- N\u00e3o conservamos os seus dados se j\u00e1 n\u00e3o forem necess\u00e1rios;\n- N\u00e3o divulgamos os seus dados a terceiros sem o seu consentimento.\n\nSe tiver alguma d\u00favida sobre a nossa Pol\u00edtica de Privacidade ou se n\u00e3o concordar com ela, contacte-nos antes de utilizar este s\u00edtio Web. A nossa pol\u00edtica pode ser alterada periodicamente, pelo que o utilizador deve consultar esta p\u00e1gina com frequ\u00eancia para se certificar de que tem conhecimento de quaisquer altera\u00e7\u00f5es que tenham sido efectuadas.\n<h3>3. COMENT\u00c1RIOS<\/h3>\nQuando os visitantes deixam coment\u00e1rios no s\u00edtio, recolhemos os dados apresentados no formul\u00e1rio de coment\u00e1rios, bem como o endere\u00e7o IP do visitante e a cadeia de agentes do utilizador do navegador para ajudar a detetar spam.\n\nUma cadeia an\u00f3nima criada a partir do seu endere\u00e7o de correio eletr\u00f3nico (tamb\u00e9m designada por hash) pode ser fornecida ao servi\u00e7o Gravatar para verificar se o utilizador o est\u00e1 a utilizar. A pol\u00edtica de privacidade do servi\u00e7o Gravatar est\u00e1 dispon\u00edvel aqui: <a href=\"https:\/\/automattic.com\/privacy\/\" rel=\"nofollow noopener\">https:\/\/automattic.com\/privacy\/<\/a>\n\nAp\u00f3s a aprova\u00e7\u00e3o do seu coment\u00e1rio, a sua fotografia de perfil fica vis\u00edvel para o p\u00fablico no contexto do seu coment\u00e1rio.\n<h3>4. MEDIA<\/h3>\nSe o utilizador carregar imagens para o s\u00edtio Web, deve evitar carregar imagens com dados de localiza\u00e7\u00e3o incorporados (EXIF GPS). Os visitantes do s\u00edtio Web podem descarregar e extrair quaisquer dados de localiza\u00e7\u00e3o das imagens no s\u00edtio Web.\n<h3>5. FORMUL\u00c1RIOS DE CONTACTO<\/h3>\nUtilizamos formul\u00e1rios de contacto neste s\u00edtio Web para permitir que os clientes e visitantes se inscrevam em listas de correio, respondam a inqu\u00e9ritos, enviem pedidos de apoio e entrem em contacto connosco.\n\nPara fins de servi\u00e7o ao cliente e de gest\u00e3o empresarial, arquivamos indefinidamente na base de dados do nosso s\u00edtio Web as seguintes informa\u00e7\u00f5es pessoais enviadas atrav\u00e9s de qualquer formul\u00e1rio de contacto: o seu nome completo, URL do s\u00edtio Web (se fornecido), endere\u00e7o de correio eletr\u00f3nico e endere\u00e7o IP.\n\nO FooSales n\u00e3o alugar\u00e1 nem vender\u00e1 a ningu\u00e9m informa\u00e7\u00f5es de identifica\u00e7\u00e3o pessoal a ningu\u00e9m. Al\u00e9m de seus funcion\u00e1rios e contratados, conforme descrito acima, o FooSales divulga informa\u00e7\u00f5es de identifica\u00e7\u00e3o pessoal e de identifica\u00e7\u00e3o pessoal apenas em resposta a uma intima\u00e7\u00e3o, ordem judicial ou outra solicita\u00e7\u00e3o governamental, ou quando o FooSales acredita de boa f\u00e9 que a divulga\u00e7\u00e3o \u00e9 razoavelmente necess\u00e1ria para proteger a propriedade ou os direitos do FooSales, terceiros ou o p\u00fablico em geral.\n\nSe for cliente do FooSales e tiver optado por receber not\u00edcias e actualiza\u00e7\u00f5es da nossa parte, o FooSales poder\u00e1 ocasionalmente enviar-lhe um e-mail para o informar sobre novas funcionalidades, solicitar o seu feedback, ou simplesmente mant\u00ea-lo atualizado sobre o que se passa com o FooSales e os nossos produtos. Se nos enviar um pedido (por exemplo, atrav\u00e9s de um e-mail de apoio ou atrav\u00e9s de um dos nossos mecanismos de feedback), reservamo-nos o direito de o publicar para nos ajudar a esclarecer ou responder ao seu pedido ou para nos ajudar a apoiar outros utilizadores.\n\nO FooSales toma todas as medidas razoavelmente necess\u00e1rias para proteger contra o acesso n\u00e3o autorizado, uso, altera\u00e7\u00e3o ou destrui\u00e7\u00e3o de informa\u00e7\u00f5es de identifica\u00e7\u00e3o pessoal e de identifica\u00e7\u00e3o pessoal.\n\nComo parte de nossas medidas de seguran\u00e7a, implementamos HTTPS em todo o site e criptografamos o fluxo de dados entre o navegador do cliente e o servidor da web.\n<h3 id=\"cookies\">6. COOKIES<\/h3>\nPara melhorar a sua experi\u00eancia no nosso s\u00edtio, utilizamos \"cookies\". Os cookies s\u00e3o um padr\u00e3o da ind\u00fastria e a maioria dos principais s\u00edtios Web utilizam-nos. Um cookie \u00e9 um pequeno ficheiro de texto que o nosso s\u00edtio coloca no seu computador como uma ferramenta para recordar as suas prefer\u00eancias. Pode recusar a utiliza\u00e7\u00e3o de cookies seleccionando as defini\u00e7\u00f5es apropriadas no seu browser. No entanto, tenha em aten\u00e7\u00e3o que, se o fizer, poder\u00e1 n\u00e3o conseguir utilizar todas as funcionalidades deste s\u00edtio Web.\n\nUtilizamos cookies do Google Analytics (descritos em pormenor na sec\u00e7\u00e3o <a href=\"#analytics\">Anal\u00edtica<\/a> sec\u00e7\u00e3o) e o pixel do Facebook. O pixel do Facebook \u00e9 uma ferramenta de an\u00e1lise que nos permite medir a efic\u00e1cia da nossa publicidade, compreendendo as ac\u00e7\u00f5es que as pessoas realizam neste s\u00edtio Web. Os detalhes t\u00e9cnicos sobre o funcionamento do pixel do Facebook e os dados que recolhe podem ser consultados na Pol\u00edtica de Cookies do Facebook: <a href=\"https:\/\/www.facebook.com\/policies\/cookies\/\" rel=\"noopener\">https:\/\/www.facebook.com\/policies\/cookies\/<\/a>\n\nSe deixar um coment\u00e1rio no nosso site, pode optar por guardar o seu nome, endere\u00e7o de correio eletr\u00f3nico e s\u00edtio Web nos cookies. Estes s\u00e3o para sua conveni\u00eancia, para que n\u00e3o tenha de preencher os seus dados novamente quando deixar outro coment\u00e1rio. Estes cookies ter\u00e3o a dura\u00e7\u00e3o de um ano.\n\nSe tiver uma conta e iniciar sess\u00e3o neste s\u00edtio, definiremos um cookie tempor\u00e1rio para determinar se o seu browser aceita cookies. Este cookie n\u00e3o cont\u00e9m dados pessoais e \u00e9 eliminado quando fecha o seu browser.\n\nQuando iniciar sess\u00e3o, tamb\u00e9m configuraremos v\u00e1rios cookies para guardar as suas informa\u00e7\u00f5es de in\u00edcio de sess\u00e3o e as suas op\u00e7\u00f5es de visualiza\u00e7\u00e3o do ecr\u00e3. Os cookies de in\u00edcio de sess\u00e3o duram dois dias e os cookies de op\u00e7\u00f5es de ecr\u00e3 duram um ano. Se selecionar \"Lembrar-me\", o seu in\u00edcio de sess\u00e3o persistir\u00e1 durante duas semanas. Se terminar a sess\u00e3o na sua conta, os cookies de in\u00edcio de sess\u00e3o ser\u00e3o removidos.\n\nSe editar ou publicar um artigo, ser\u00e1 guardado um cookie adicional no seu browser. Este cookie n\u00e3o inclui dados pessoais e indica simplesmente o ID de publica\u00e7\u00e3o do artigo que acabou de editar. Expira ao fim de 1 dia.\n<h3>7. CONTE\u00daDO INCORPORADO DE OUTROS S\u00cdTIOS WEB<\/h3>\nOs artigos deste s\u00edtio podem incluir conte\u00fados incorporados (por exemplo, v\u00eddeos, imagens, artigos, etc.). O conte\u00fado incorporado de outros s\u00edtios Web comporta-se exatamente da mesma forma como se o visitante tivesse visitado o outro s\u00edtio Web.\n\nEstes s\u00edtios Web podem recolher dados sobre o utilizador, utilizar cookies, incorporar rastreio adicional de terceiros e monitorizar a sua intera\u00e7\u00e3o com esse conte\u00fado incorporado, incluindo o rastreio da sua intera\u00e7\u00e3o com o conte\u00fado incorporado se tiver uma conta e estiver ligado a esse s\u00edtio Web.\n<h3>8. ANAL\u00cdTICA<\/h3>\nO nosso s\u00edtio Web utiliza o Google Analytics, um servi\u00e7o que transmite os dados do s\u00edtio Web aos servidores da Google nos Estados Unidos. O Google Analytics n\u00e3o identifica utilizadores individuais nem associa o seu endere\u00e7o IP a quaisquer outros dados detidos pela Google. Utilizamos os relat\u00f3rios fornecidos pelo Google Analytics para nos ajudar a compreender o tr\u00e1fego do s\u00edtio Web e a utiliza\u00e7\u00e3o da p\u00e1gina Web.\n\nPode aceder \u00e0 Pol\u00edtica de Privacidade da Google aqui: <a href=\"https:\/\/policies.google.com\/privacy\" rel=\"nofollow noopener\">https:\/\/policies.google.com\/privacy<\/a>\n\nLeia mais sobre a forma como a Google utiliza as informa\u00e7\u00f5es de sites e aplica\u00e7\u00f5es que utilizam o seu servi\u00e7o aqui:\u00a0<a href=\"https:\/\/policies.google.com\/technologies\/partner-sites\" rel=\"nofollow noopener\">https:\/\/policies.google.com\/technologies\/partner-sites<\/a>\n\nUma lista de todos os cookies que o Google Analytics utiliza, juntamente com uma explica\u00e7\u00e3o de cada cookie, pode ser encontrada aqui: <a href=\"https:\/\/developers.google.com\/analytics\/devguides\/collection\/analyticsjs\/cookie-usage\" rel=\"nofollow noopener\">https:\/\/developers.google.com\/analytics\/devguides\/collection\/analyticsjs\/cookie-usage<\/a>\n\nActiv\u00e1mos a funcionalidade opcional de anonimiza\u00e7\u00e3o do IP e de exclus\u00e3o do Google Analytics neste plug-in para estarmos em conformidade com o Regulamento Geral sobre a Prote\u00e7\u00e3o de Dados (RGPD) europeu.\n\nTamb\u00e9m pode instalar o Google Analytics Opt-out Browser Add-on para impedir completamente que os seus dados sejam reportados no Google Analytics: <a href=\"https:\/\/tools.google.com\/dlpage\/gaoptout\/\" rel=\"nofollow noopener\">https:\/\/tools.google.com\/dlpage\/gaoptout\/<\/a>\n<h3>9. O QUE RECOLHEMOS E ARMAZENAMOS<\/h3>\n<span style=\"font-size: 16px; font-style: normal; font-weight: 400; color: var( --e-global-color-text ); font-family: var( --e-global-typography-text-font-family ), Sans-serif;\">Se criar uma conta FooSales, guardaremos o seu nome completo, o URL da loja do s\u00edtio Web e o endere\u00e7o de correio eletr\u00f3nico de que necessitamos para lhe fornecer o servi\u00e7o.<\/span>\u00a0Os dados da conta e o endere\u00e7o IP que recolhemos do utilizador s\u00e3o armazenados nos nossos servidores seguros na Alemanha pelo nosso fornecedor de alojamento Xneelo.\n\n<span style=\"font-size: 16px; color: var( --e-global-color-text ); font-family: var( --e-global-typography-text-font-family ), Sans-serif;\">Geralmente, guardamos as informa\u00e7\u00f5es sobre o utilizador durante o tempo necess\u00e1rio para os fins para os quais as recolhemos e utilizamos, e n\u00e3o somos legalmente obrigados a continuar a guard\u00e1-las.<\/span>\n<h3>10. DURANTE QUANTO TEMPO CONSERVAMOS OS SEUS DADOS<\/h3>\nPara os utilizadores que se registam no nosso s\u00edtio Web, tamb\u00e9m guardamos as informa\u00e7\u00f5es pessoais que fornecem no seu perfil de utilizador. Todos os utilizadores podem ver, editar ou eliminar as suas informa\u00e7\u00f5es pessoais em qualquer altura (exceto que n\u00e3o podem alterar o seu nome de utilizador). Os administradores do s\u00edtio Web tamb\u00e9m podem ver e editar essas informa\u00e7\u00f5es.\n\nAtualmente, conservamos os dados pessoais das encomendas efectuadas neste s\u00edtio Web durante o seguinte per\u00edodo de tempo\n- Contas inactivas:\u00a0<span style=\"font-size: 16px; font-style: normal; font-weight: 400;\">Indefinidamente<\/span>\n- Contas activas: Indefinidamente\n\nSe deixar um coment\u00e1rio, o coment\u00e1rio e os seus metadados s\u00e3o retidos indefinidamente. Isto \u00e9 para que possamos reconhecer e aprovar automaticamente quaisquer coment\u00e1rios de seguimento em vez de os manter numa fila de modera\u00e7\u00e3o.\n<h3>11. PARA ONDE ENVIAMOS OS SEUS DADOS<\/h3>\nPartilhamos informa\u00e7\u00f5es com os seguintes terceiros que nos ajudam a fornecer as nossas encomendas e servi\u00e7os de loja ao utilizador:\n\nUtilizamos um servi\u00e7o baseado na nuvem chamado MailChimp para enviar e-mails promocionais e actualiza\u00e7\u00f5es de produtos aos clientes que optaram por aderir \u00e0 nossa lista de correio. As informa\u00e7\u00f5es pessoais, incluindo o nome completo, o endere\u00e7o de correio eletr\u00f3nico, o pa\u00eds e o montante das receitas gastas connosco, s\u00e3o armazenadas na nossa lista do MailChimp. A Pol\u00edtica de Privacidade do MailChimp pode ser consultada aqui: <a href=\"https:\/\/mailchimp.com\/legal\/privacy\/\" rel=\"noopener\">https:\/\/mailchimp.com\/legal\/privacy\/<\/a>\n\nUtilizamos um servi\u00e7o baseado na nuvem chamado Freshdesk como nosso sistema de contacto e apoio. As informa\u00e7\u00f5es pessoais, incluindo o nome completo, o endere\u00e7o de correio eletr\u00f3nico, o n\u00famero de encomenda e o corpo da mensagem, s\u00e3o transmitidas ao sistema Freshdesk sempre que um cliente ou utilizador nos envia uma pergunta de apoio ou uma mensagem de correio eletr\u00f3nico geral. A Pol\u00edtica de Privacidade do Freshdesk pode ser consultada aqui: <a href=\"https:\/\/www.freshworks.com\/privacy\/\" rel=\"nofollow noopener\">https:\/\/www.freshworks.com\/privacy\/<\/a>\n\nAs informa\u00e7\u00f5es pessoais, incluindo o nome completo, o endere\u00e7o de correio eletr\u00f3nico, o endere\u00e7o de fatura\u00e7\u00e3o, os detalhes da encomenda e da subscri\u00e7\u00e3o e o montante das receitas gastas connosco, s\u00e3o armazenadas de forma segura nos seus servidores nos Estados Unidos. A Pol\u00edtica de Privacidade da Metorik pode ser consultada aqui: <a href=\"https:\/\/metorik.com\/privacy\" rel=\"nofollow noopener\">https:\/\/metorik.com\/privacy<\/a>\n<h3>12. QUE DIREITOS TEM SOBRE OS SEUS DADOS<\/h3>\nSe tiver uma conta neste s\u00edtio ou tiver deixado coment\u00e1rios, pode pedir para receber um ficheiro exportado dos dados pessoais que temos sobre si, incluindo quaisquer dados que nos tenha fornecido. Tamb\u00e9m pode solicitar a elimina\u00e7\u00e3o de quaisquer dados pessoais que tenhamos sobre si. Isto n\u00e3o inclui quaisquer dados que sejamos obrigados a manter para fins administrativos, legais ou de seguran\u00e7a.\n<h3>13. QUEM NA NOSSA EQUIPA TEM ACESSO<\/h3>\nRestringimos o acesso \u00e0s informa\u00e7\u00f5es que nos fornece ao menor n\u00famero poss\u00edvel de pessoas.\n\nAtualmente, apenas os membros da equipa de apoio permanente t\u00eam acesso \u00e0s informa\u00e7\u00f5es b\u00e1sicas da encomenda, tais como\u00a0<span style=\"font-size: 16px; font-style: normal; font-weight: 400; color: var( --e-global-color-text ); font-family: var( --e-global-typography-text-font-family ), Sans-serif;\">nome completo, hist\u00f3rico de compras, endere\u00e7o de correio eletr\u00f3nico e URL da loja<\/span><span style=\"font-size: 16px; color: var( --e-global-color-text ); font-family: var( --e-global-typography-text-font-family ), Sans-serif;\">\u00a0a fim de prestar apoio ao cliente.<\/span>\n\n<span style=\"font-size: 16px; font-style: normal; font-weight: 400; color: var( --e-global-color-text ); font-family: var( --e-global-typography-text-font-family ), Sans-serif;\">Apenas os administradores e os membros da equipa s\u00e9nior t\u00eam acesso a informa\u00e7\u00f5es mais detalhadas sobre as encomendas, como o endere\u00e7o de fatura\u00e7\u00e3o e os n\u00fameros de contacto, que podem ser necess\u00e1rios para emitir reembolsos e resolver problemas, se estes forem escalados.<\/span>\t\t\t\t\t\t\t\t<\/div>\n\t\t\t\t<\/div>\n\t\t\t\t\t<\/div>\n\t\t<\/div>\n\t\t\t\t\t<\/div>\n\t\t<\/section>\n\t\t\t\t<\/div>","protected":false},"excerpt":{"rendered":"<p>WHO WE ARE WHAT PERSONAL DATA WE COLLECT COMMENTS MEDIA CONTACT FORMS COOKIES EMBEDDED CONTENT FROM OTHER WEBSITES ANALYTICS WHAT [&hellip;]<\/p>\n","protected":false},"author":75,"featured_media":0,"parent":0,"menu_order":99,"comment_status":"closed","ping_status":"closed","template":"elementor_header_footer","meta":{"site-sidebar-layout":"default","site-content-layout":"default","ast-site-content-layout":"default","site-content-style":"default","site-sidebar-style":"default","ast-global-header-display":"","ast-banner-title-visibility":"","ast-main-header-display":"","ast-hfb-above-header-display":"","ast-hfb-below-header-display":"","ast-hfb-mobile-header-display":"","site-post-title":"","ast-breadcrumbs-content":"","ast-featured-img":"","footer-sml-layout":"","ast-disable-related-posts":"","theme-transparent-header-meta":"default","adv-header-id-meta":"","stick-header-meta":"default","header-above-stick-meta":"","header-main-stick-meta":"","header-below-stick-meta":"","astra-migrate-meta-layouts":"default","ast-page-background-enabled":"default","ast-page-background-meta":{"desktop":{"background-color":"","background-image":"","background-repeat":"repeat","background-position":"center center","background-size":"auto","background-attachment":"scroll","background-type":"","background-media":"","overlay-type":"","overlay-color":"","overlay-opacity":"","overlay-gradient":""},"tablet":{"background-color":"","background-image":"","background-repeat":"repeat","background-position":"center center","background-size":"auto","background-attachment":"scroll","background-type":"","background-media":"","overlay-type":"","overlay-color":"","overlay-opacity":"","overlay-gradient":""},"mobile":{"background-color":"","background-image":"","background-repeat":"repeat","background-position":"center center","background-size":"auto","background-attachment":"scroll","background-type":"","background-media":"","overlay-type":"","overlay-color":"","overlay-opacity":"","overlay-gradient":""}},"ast-content-background-meta":{"desktop":{"background-color":"var(--ast-global-color-5)","background-image":"","background-repeat":"repeat","background-position":"center center","background-size":"auto","background-attachment":"scroll","background-type":"","background-media":"","overlay-type":"","overlay-color":"","overlay-opacity":"","overlay-gradient":""},"tablet":{"background-color":"var(--ast-global-color-5)","background-image":"","background-repeat":"repeat","background-position":"center center","background-size":"auto","background-attachment":"scroll","background-type":"","background-media":"","overlay-type":"","overlay-color":"","overlay-opacity":"","overlay-gradient":""},"mobile":{"background-color":"var(--ast-global-color-5)","background-image":"","background-repeat":"repeat","background-position":"center center","background-size":"auto","background-attachment":"scroll","background-type":"","background-media":"","overlay-type":"","overlay-color":"","overlay-opacity":"","overlay-gradient":""}},"footnotes":""},"class_list":["post-141325","page","type-page","status-publish","hentry"],"_links":{"self":[{"href":"https:\/\/www.foosales.com\/pt\/wp-json\/wp\/v2\/pages\/141325","targetHints":{"allow":["GET"]}}],"collection":[{"href":"https:\/\/www.foosales.com\/pt\/wp-json\/wp\/v2\/pages"}],"about":[{"href":"https:\/\/www.foosales.com\/pt\/wp-json\/wp\/v2\/types\/page"}],"author":[{"embeddable":true,"href":"https:\/\/www.foosales.com\/pt\/wp-json\/wp\/v2\/users\/75"}],"replies":[{"embeddable":true,"href":"https:\/\/www.foosales.com\/pt\/wp-json\/wp\/v2\/comments?post=141325"}],"version-history":[{"count":0,"href":"https:\/\/www.foosales.com\/pt\/wp-json\/wp\/v2\/pages\/141325\/revisions"}],"wp:attachment":[{"href":"https:\/\/www.foosales.com\/pt\/wp-json\/wp\/v2\/media?parent=141325"}],"curies":[{"name":"wp","href":"https:\/\/api.w.org\/{rel}","templated":true}]}}