{"id":15623,"date":"2017-03-30T09:42:17","date_gmt":"2017-03-30T15:42:17","guid":{"rendered":"https:\/\/foosales.com\/?page_id=15623"},"modified":"2025-06-05T05:18:42","modified_gmt":"2025-06-05T12:18:42","slug":"registo","status":"publish","type":"page","link":"https:\/\/www.foosales.com\/pt\/signup\/","title":{"rendered":"Registo"},"content":{"rendered":"<div data-elementor-type=\"wp-page\" data-elementor-id=\"15623\" class=\"elementor elementor-15623\" data-elementor-post-type=\"page\">\n\t\t\t\t\t\t<section class=\"elementor-section elementor-top-section elementor-element elementor-element-13bfe9ef elementor-section-boxed elementor-section-height-default elementor-section-height-default\" data-id=\"13bfe9ef\" data-element_type=\"section\" data-e-type=\"section\">\n\t\t\t\t\t\t<div class=\"elementor-container elementor-column-gap-default\">\n\t\t\t\t\t<div class=\"elementor-column elementor-col-25 elementor-top-column elementor-element elementor-element-46f179da\" data-id=\"46f179da\" data-element_type=\"column\" data-e-type=\"column\">\n\t\t\t<div class=\"elementor-widget-wrap\">\n\t\t\t\t\t\t\t<\/div>\n\t\t<\/div>\n\t\t\t\t<div class=\"elementor-column elementor-col-50 elementor-top-column elementor-element elementor-element-289ccc5a\" data-id=\"289ccc5a\" data-element_type=\"column\" data-e-type=\"column\">\n\t\t\t<div class=\"elementor-widget-wrap elementor-element-populated\">\n\t\t\t\t\t\t<div class=\"elementor-element elementor-element-0f615ac elementor-widget elementor-widget-text-editor\" data-id=\"0f615ac\" data-element_type=\"widget\" data-e-type=\"widget\" data-widget_type=\"text-editor.default\">\n\t\t\t\t<div class=\"elementor-widget-container\">\n\t\t\t\t\t\t\t\t\t<p><img decoding=\"async\" class=\"alignnone wp-image-69499\" src=\"https:\/\/www.foosales.com\/wp-content\/uploads\/2021\/01\/register_fs_logo.png\" alt=\"\" width=\"130\" height=\"64\" title=\"\" srcset=\"https:\/\/www.foosales.com\/wp-content\/uploads\/2021\/01\/register_fs_logo.png 196w, https:\/\/www.foosales.com\/wp-content\/uploads\/2021\/01\/register_fs_logo-18x9.png 18w, https:\/\/www.foosales.com\/wp-content\/uploads\/2021\/01\/register_fs_logo-58x28.png 58w\" sizes=\"(max-width: 130px) 100vw, 130px\" \/><\/p>\t\t\t\t\t\t\t\t<\/div>\n\t\t\t\t<\/div>\n\t\t\t\t<div class=\"elementor-element elementor-element-31568a0f elementor-widget elementor-widget-heading\" data-id=\"31568a0f\" data-element_type=\"widget\" data-e-type=\"widget\" data-widget_type=\"heading.default\">\n\t\t\t\t<div class=\"elementor-widget-container\">\n\t\t\t\t\t<h1 class=\"elementor-heading-title elementor-size-large\">Inicie a sua avalia\u00e7\u00e3o gratuita de 7 dias<\/h1>\t\t\t\t<\/div>\n\t\t\t\t<\/div>\n\t\t\t\t<div class=\"elementor-element elementor-element-38375821 elementor-widget elementor-widget-text-editor\" data-id=\"38375821\" data-element_type=\"widget\" data-e-type=\"widget\" data-widget_type=\"text-editor.default\">\n\t\t\t\t<div class=\"elementor-widget-container\">\n\t\t\t\t\t\t\t\t\t<p>Experimente o FooSales gratuitamente, <u>n\u00e3o \u00e9 necess\u00e1rio cart\u00e3o de cr\u00e9dito ou dados de fatura\u00e7\u00e3o<\/u>. J\u00e1 tem uma conta? <a href=\"https:\/\/www.foosales.com\/pt\/a-minha-conta\/\"><strong>Iniciar sess\u00e3o agora<\/strong><\/a><\/p>\t\t\t\t\t\t\t\t<\/div>\n\t\t\t\t<\/div>\n\t\t\t\t<div class=\"elementor-element elementor-element-1b3d955 elementor-widget elementor-widget-heading\" data-id=\"1b3d955\" data-element_type=\"widget\" data-e-type=\"widget\" data-widget_type=\"heading.default\">\n\t\t\t\t<div class=\"elementor-widget-container\">\n\t\t\t\t\t<div class=\"elementor-heading-title elementor-size-default\">Importante: Introduza o URL correto da sua loja - \u00e9 necess\u00e1rio para ligar o seu site ao FooSales e permitir o acesso \u00e0s aplica\u00e7\u00f5es FooSales POS.<\/div>\t\t\t\t<\/div>\n\t\t\t\t<\/div>\n\t\t\t\t<div class=\"elementor-element elementor-element-528e043 elementor-widget elementor-widget-shortcode\" data-id=\"528e043\" data-element_type=\"widget\" data-e-type=\"widget\" data-widget_type=\"shortcode.default\">\n\t\t\t\t<div class=\"elementor-widget-container\">\n\t\t\t\t\t\t\t<div class=\"elementor-shortcode\"><div class=\"registration-form woocommerce\">\r\n\r\n\t\r\n\t<h2>Inscrever-se<\/h2>\r\n\r\n\t<form method=\"post\" class=\"register\" action=\"\">\r\n\r\n\t\t\n<p class=\"form-row form-row-wide\">\n\t<label for=\"foosales_trial_url\">URL da loja *<\/label>\n\t<input type=\"text\" class=\"input-text\" name=\"foosales_trial_url\" id=\"reg_foosales_url\" value=\"\" placeholder=\"https:\/\/www.yourstore.com\" \/>\n<\/p>\n\n\r\n\t\t\r\n\t\t<p class=\"woocommerce-FormRow woocommerce-FormRow--wide form-row form-row-wide\">\r\n\t\t\t<label for=\"reg_email\">Endere\u00e7o de correio eletr\u00f3nico <span class=\"required\">*<\/span><\/label>\r\n\t\t\t<input type=\"email\" class=\"woocommerce-Input woocommerce-Input--text input-text\" name=\"email\" id=\"reg_email\" value=\"\" \/>\r\n\t\t<\/p>\r\n\r\n\t\t\r\n\t\t\t<p class=\"woocommerce-FormRow woocommerce-FormRow--wide form-row form-row-wide\">\r\n\t\t\t\t<label for=\"reg_password\">Palavra-passe <span class=\"required\">*<\/span><\/label>\r\n\t\t\t\t<input type=\"password\" class=\"woocommerce-Input woocommerce-Input--text input-text\" name=\"password\" id=\"reg_password\" \/>\r\n\t\t\t<\/p>\r\n\r\n\t\t\r\n\t\t<!-- Spam Trap -->\r\n\t\t<div style=\"left: -999em; position: absolute;\"><label for=\"trap\">Anti-spam<\/label><input type=\"text\" name=\"email_2\" id=\"trap\" tabindex=\"-1\" autocomplete=\"off\" \/><\/div>\r\n\r\n\t\t<wc-order-attribution-inputs><\/wc-order-attribution-inputs><div class=\"woocommerce-privacy-policy-text\"><\/div>\t\t\r\n\t\t<p class=\"woocomerce-FormRow form-row\">\r\n\t\t\t<input type=\"hidden\" id=\"woocommerce-register-nonce\" name=\"woocommerce-register-nonce\" value=\"9061cf78f0\" \/><input type=\"hidden\" name=\"_wp_http_referer\" value=\"\/pt\/wp-json\/wp\/v2\/pages\/15623\" \/>\t\t\t<input type=\"submit\" class=\"woocommerce-Button button\" name=\"register\" value=\"Inscrever-se\" \/>\r\n\t\t<\/p>\r\n\r\n\t\t<p class=\"woocommerce-simple-registration-login-link\">\r\n\t\t\t<a href=\"https:\/\/www.foosales.com\/wp-login.php?redirect_to=https%3A%2F%2Fwww.foosales.com%2Fpt%2Fsignup%2F\">Iniciar sess\u00e3o<\/a>\r\n\t\t<\/p>\r\n\r\n\t\t\r\n\t<input type=\"hidden\" name=\"trp-form-language\" value=\"pt\"\/><\/form>\r\n\r\n<\/div>\r\n<\/div>\n\t\t\t\t\t\t<\/div>\n\t\t\t\t<\/div>\n\t\t\t\t<div class=\"elementor-element elementor-element-0043a66 elementor-widget elementor-widget-text-editor\" data-id=\"0043a66\" data-element_type=\"widget\" data-e-type=\"widget\" data-widget_type=\"text-editor.default\">\n\t\t\t\t<div class=\"elementor-widget-container\">\n\t\t\t\t\t\t\t\t\t<p>Ao clicar no bot\u00e3o \"Inscrever-se agora\", o utilizador autoriza a cria\u00e7\u00e3o de uma conta FooSales e concorda com os Termos e Condi\u00e7\u00f5es do FooSales <a href=\"https:\/\/www.foosales.com\/pt\/termos-de-servico\/\">Termos do servi\u00e7o<\/a> e <a href=\"https:\/\/www.foosales.com\/pt\/politica-de-privacidade\/\">Pol\u00edtica de privacidade<\/a>.<\/p>\t\t\t\t\t\t\t\t<\/div>\n\t\t\t\t<\/div>\n\t\t\t\t\t<\/div>\n\t\t<\/div>\n\t\t\t\t<div class=\"elementor-column elementor-col-25 elementor-top-column elementor-element elementor-element-69a344e2\" data-id=\"69a344e2\" data-element_type=\"column\" data-e-type=\"column\">\n\t\t\t<div class=\"elementor-widget-wrap\">\n\t\t\t\t\t\t\t<\/div>\n\t\t<\/div>\n\t\t\t\t\t<\/div>\n\t\t<\/section>\n\t\t\t\t<\/div>","protected":false},"excerpt":{"rendered":"<p>Start your 7-day Free Trial Try FooSales for free, no credit card or billing details required. Already have an account? [&hellip;]<\/p>\n","protected":false},"author":1,"featured_media":0,"parent":0,"menu_order":8,"comment_status":"closed","ping_status":"closed","template":"","meta":{"site-sidebar-layout":"default","site-content-layout":"default","ast-site-content-layout":"default","site-content-style":"default","site-sidebar-style":"default","ast-global-header-display":"","ast-banner-title-visibility":"","ast-main-header-display":"disabled","ast-hfb-above-header-display":"","ast-hfb-below-header-display":"","ast-hfb-mobile-header-display":"","site-post-title":"disabled","ast-breadcrumbs-content":"","ast-featured-img":"","footer-sml-layout":"disabled","ast-disable-related-posts":"","theme-transparent-header-meta":"default","adv-header-id-meta":"","stick-header-meta":"default","header-above-stick-meta":"","header-main-stick-meta":"","header-below-stick-meta":"","astra-migrate-meta-layouts":"set","ast-page-background-enabled":"default","ast-page-background-meta":{"desktop":{"background-color":"","background-image":"","background-repeat":"repeat","background-position":"center center","background-size":"auto","background-attachment":"scroll","background-type":"","background-media":"","overlay-type":"","overlay-color":"","overlay-opacity":"","overlay-gradient":""},"tablet":{"background-color":"","background-image":"","background-repeat":"repeat","background-position":"center center","background-size":"auto","background-attachment":"scroll","background-type":"","background-media":"","overlay-type":"","overlay-color":"","overlay-opacity":"","overlay-gradient":""},"mobile":{"background-color":"","background-image":"","background-repeat":"repeat","background-position":"center center","background-size":"auto","background-attachment":"scroll","background-type":"","background-media":"","overlay-type":"","overlay-color":"","overlay-opacity":"","overlay-gradient":""}},"ast-content-background-meta":{"desktop":{"background-color":"var(--ast-global-color-5)","background-image":"","background-repeat":"repeat","background-position":"center center","background-size":"auto","background-attachment":"scroll","background-type":"","background-media":"","overlay-type":"","overlay-color":"","overlay-opacity":"","overlay-gradient":""},"tablet":{"background-color":"var(--ast-global-color-5)","background-image":"","background-repeat":"repeat","background-position":"center center","background-size":"auto","background-attachment":"scroll","background-type":"","background-media":"","overlay-type":"","overlay-color":"","overlay-opacity":"","overlay-gradient":""},"mobile":{"background-color":"var(--ast-global-color-5)","background-image":"","background-repeat":"repeat","background-position":"center center","background-size":"auto","background-attachment":"scroll","background-type":"","background-media":"","overlay-type":"","overlay-color":"","overlay-opacity":"","overlay-gradient":""}},"footnotes":""},"class_list":["post-15623","page","type-page","status-publish","hentry"],"_links":{"self":[{"href":"https:\/\/www.foosales.com\/pt\/wp-json\/wp\/v2\/pages\/15623","targetHints":{"allow":["GET"]}}],"collection":[{"href":"https:\/\/www.foosales.com\/pt\/wp-json\/wp\/v2\/pages"}],"about":[{"href":"https:\/\/www.foosales.com\/pt\/wp-json\/wp\/v2\/types\/page"}],"author":[{"embeddable":true,"href":"https:\/\/www.foosales.com\/pt\/wp-json\/wp\/v2\/users\/1"}],"replies":[{"embeddable":true,"href":"https:\/\/www.foosales.com\/pt\/wp-json\/wp\/v2\/comments?post=15623"}],"version-history":[{"count":17,"href":"https:\/\/www.foosales.com\/pt\/wp-json\/wp\/v2\/pages\/15623\/revisions"}],"predecessor-version":[{"id":183678,"href":"https:\/\/www.foosales.com\/pt\/wp-json\/wp\/v2\/pages\/15623\/revisions\/183678"}],"wp:attachment":[{"href":"https:\/\/www.foosales.com\/pt\/wp-json\/wp\/v2\/media?parent=15623"}],"curies":[{"name":"wp","href":"https:\/\/api.w.org\/{rel}","templated":true}]}}