{"id":180609,"date":"2024-09-04T13:37:56","date_gmt":"2024-09-04T20:37:56","guid":{"rendered":"https:\/\/foosales.com\/privacy-statement-au\/"},"modified":"2025-03-13T14:54:13","modified_gmt":"2025-03-13T21:54:13","slug":"declaracao-de-privacidade-au","status":"publish","type":"page","link":"https:\/\/www.foosales.com\/pt\/privacy-statement-au\/","title":{"rendered":"Declara\u00e7\u00e3o de privacidade (AU)"},"content":{"rendered":"<!-- Legal document generated by Complianz | GDPR\/CCPA Cookie Consent https:\/\/wordpress.org\/plugins\/complianz-gdpr -->\n<div id=\"cmplz-document\" class=\"cmplz-document privacy-statement cmplz-document-au\"><p><i>This privacy statement was last changed on Outubro 14, 2025, last checked on Outubro 14, 2025, and applies to citizens of Australia.<\/i><br \/><br \/><\/p><p>Nesta declara\u00e7\u00e3o de privacidade, explicamos o que fazemos com os dados que obtemos sobre o utilizador atrav\u00e9s de <a href=\"https:\/\/www.foosales.com\/pt\">https:\/\/www.foosales.com\/pt<\/a>. Recomendamos-lhe que leia atentamente esta declara\u00e7\u00e3o. No nosso processamento, cumprimos os requisitos da legisla\u00e7\u00e3o sobre privacidade. Isto significa, entre outras coisas, que:<ul>\n                <li>indicamos claramente as finalidades para as quais processamos os dados pessoais. Fazemo-lo atrav\u00e9s da presente declara\u00e7\u00e3o de privacidade;<\/li>\n                <li>o nosso objetivo \u00e9 limitar a nossa recolha de dados pessoais apenas aos dados pessoais necess\u00e1rios para fins leg\u00edtimos;<\/li>\n                <li>solicitamos primeiro o seu consentimento expl\u00edcito para tratar os seus dados pessoais nos casos que exigem o seu consentimento;<\/li>\n                <li>tomamos medidas de seguran\u00e7a adequadas para proteger os seus dados pessoais e exigimos o mesmo \u00e0s partes que tratam os dados pessoais em nosso nome;<\/li>\n                <li>respeitamos o seu direito de aceder aos seus dados pessoais ou de os corrigir ou apagar, a seu pedido.<\/li>\n            <\/ul><\/p>Se tiver alguma d\u00favida ou quiser saber exatamente que dados guardamos sobre si, contacte-nos.<h2>1. Objetivo e categorias de dados<\/h2><p>Podemos recolher ou receber informa\u00e7\u00f5es pessoais para v\u00e1rios fins relacionados com as nossas opera\u00e7\u00f5es comerciais, que podem incluir o seguinte: (clique para expandir)<\/b><\/p><details class=\"cmplz-dropdown dropdown-privacy-statement\"><summary><div><h3>1.1 Contacto - Atrav\u00e9s de telefone, correio, e-mail e\/ou formul\u00e1rios web<\/h3><\/div><\/summary><p class=\"cmplz-subtitle\">As seguintes categorias de dados s\u00e3o recolhidas<\/p><p><ul><li>Um nome e apelido<\/li><li>Nome da conta ou apelido<\/li><li>Uma casa ou outro endere\u00e7o f\u00edsico, incluindo nome de rua e nome da cidade<\/li><li>Um endere\u00e7o de e-mail<\/li><li>Um n\u00famero de telefone<\/li><li>Dados de geolocaliza\u00e7\u00e3o<\/li><li>Endere\u00e7o IP<\/li><li>Informa\u00e7\u00f5es sobre atividades na internet, incluindo, mas n\u00e3o se limitando a, hist\u00f3rico de navega\u00e7\u00e3o, hist\u00f3rico de pesquisa e informa\u00e7\u00f5es sobre a intera\u00e7\u00e3o de um consumidor com um site, aplicativo ou an\u00fancio na internet<\/li><\/ul><\/p><p class=\"cmplz-subtitle\">Per\u00edodo de reten\u00e7\u00e3o<\/p><p>Retemos esses dados ap\u00f3s o encerramento do servi\u00e7o pelo seguinte n\u00famero de meses: 24<\/p><\/details><details class=\"cmplz-dropdown dropdown-privacy-statement\"><summary><div><h3>1.2 Pagamentos<\/h3><\/div><\/summary><p class=\"cmplz-subtitle\">As seguintes categorias de dados s\u00e3o recolhidas<\/p><p><ul><li>Um nome e apelido<\/li><li>Nome da conta ou apelido<\/li><li>Uma casa ou outro endere\u00e7o f\u00edsico, incluindo nome de rua e nome da cidade<\/li><li>Um endere\u00e7o de e-mail<\/li><li>Um n\u00famero de telefone<\/li><li>Endere\u00e7o IP<\/li><li>Dados de geolocaliza\u00e7\u00e3o<\/li><li>Informa\u00e7\u00f5es sobre atividades na internet, incluindo, mas n\u00e3o se limitando a, hist\u00f3rico de navega\u00e7\u00e3o, hist\u00f3rico de pesquisa e informa\u00e7\u00f5es sobre a intera\u00e7\u00e3o de um consumidor com um site, aplicativo ou an\u00fancio na internet<\/li><\/ul><\/p><p class=\"cmplz-subtitle\">Per\u00edodo de reten\u00e7\u00e3o<\/p><p>Retemos esses dados ap\u00f3s o encerramento do servi\u00e7o pelo seguinte n\u00famero de meses: 24<\/p><\/details><details class=\"cmplz-dropdown dropdown-privacy-statement\"><summary><div><h3>1.3 Registar uma conta<\/h3><\/div><\/summary><p class=\"cmplz-subtitle\">As seguintes categorias de dados s\u00e3o recolhidas<\/p><p><ul><li>Um nome e apelido<\/li><li>Nome da conta ou apelido<\/li><li>Uma casa ou outro endere\u00e7o f\u00edsico, incluindo nome de rua e nome da cidade<\/li><li>Um endere\u00e7o de e-mail<\/li><li>Um n\u00famero de telefone<\/li><li>Endere\u00e7o IP<\/li><li>Informa\u00e7\u00f5es sobre atividades na internet, incluindo, mas n\u00e3o se limitando a, hist\u00f3rico de navega\u00e7\u00e3o, hist\u00f3rico de pesquisa e informa\u00e7\u00f5es sobre a intera\u00e7\u00e3o de um consumidor com um site, aplicativo ou an\u00fancio na internet<\/li><li>Dados de geolocaliza\u00e7\u00e3o<\/li><\/ul><\/p><p class=\"cmplz-subtitle\">Per\u00edodo de reten\u00e7\u00e3o<\/p><p>Retemos esses dados ap\u00f3s o encerramento do servi\u00e7o pelo seguinte n\u00famero de meses: 24<\/p><\/details><details class=\"cmplz-dropdown dropdown-privacy-statement\"><summary><div><h3>1.4 Boletins informativos<\/h3><\/div><\/summary><p class=\"cmplz-subtitle\">As seguintes categorias de dados s\u00e3o recolhidas<\/p><p><ul><li>Um nome e apelido<\/li><li>Um endere\u00e7o de e-mail<\/li><li>Dados de geolocaliza\u00e7\u00e3o<\/li><li>Um n\u00famero de telefone<\/li><li>Endere\u00e7o IP<\/li><li>Informa\u00e7\u00f5es sobre atividades na internet, incluindo, mas n\u00e3o se limitando a, hist\u00f3rico de navega\u00e7\u00e3o, hist\u00f3rico de pesquisa e informa\u00e7\u00f5es sobre a intera\u00e7\u00e3o de um consumidor com um site, aplicativo ou an\u00fancio na internet<\/li><li>Uma casa ou outro endere\u00e7o f\u00edsico, incluindo nome de rua e nome da cidade<\/li><li>Nome da conta ou apelido<\/li><\/ul><\/p><p class=\"cmplz-subtitle\">Per\u00edodo de reten\u00e7\u00e3o<\/p><p>Retemos esses dados at\u00e9 que o servi\u00e7o seja encerrado.<\/p><\/details><details class=\"cmplz-dropdown dropdown-privacy-statement\"><summary><div><h3>1.5 Para apoiar servi\u00e7os ou produtos que um cliente quer comprar ou comprou<\/h3><\/div><\/summary><p class=\"cmplz-subtitle\">As seguintes categorias de dados s\u00e3o recolhidas<\/p><p><ul><li>Um nome e apelido<\/li><li>Nome da conta ou apelido<\/li><li>Um endere\u00e7o de e-mail<\/li><li>Endere\u00e7o IP<\/li><li>Informa\u00e7\u00f5es sobre atividades na internet, incluindo, mas n\u00e3o se limitando a, hist\u00f3rico de navega\u00e7\u00e3o, hist\u00f3rico de pesquisa e informa\u00e7\u00f5es sobre a intera\u00e7\u00e3o de um consumidor com um site, aplicativo ou an\u00fancio na internet<\/li><\/ul><\/p><p class=\"cmplz-subtitle\">Per\u00edodo de reten\u00e7\u00e3o<\/p><p>Determinamos o per\u00edodo de reten\u00e7\u00e3o de acordo com crit\u00e9rios objectivos fixos: Conservados indefinidamente, exceto se a pessoa solicitar a remo\u00e7\u00e3o da sua conta e dos seus dados pessoais.<\/p><\/details><details class=\"cmplz-dropdown dropdown-privacy-statement\"><summary><div><h3>1.6 Compilar e analisar estat\u00edsticas para melhoria do s\u00edtio.<\/h3><\/div><\/summary><p class=\"cmplz-subtitle\">As seguintes categorias de dados s\u00e3o recolhidas<\/p><p><ul><li>Informa\u00e7\u00f5es sobre atividades na internet, incluindo, mas n\u00e3o se limitando a, hist\u00f3rico de navega\u00e7\u00e3o, hist\u00f3rico de pesquisa e informa\u00e7\u00f5es sobre a intera\u00e7\u00e3o de um consumidor com um site, aplicativo ou an\u00fancio na internet<\/li><li>Dados de geolocaliza\u00e7\u00e3o<\/li><li>Endere\u00e7o IP<\/li><\/ul><\/p><p class=\"cmplz-subtitle\">Per\u00edodo de reten\u00e7\u00e3o<\/p><p>Determinamos o per\u00edodo de reten\u00e7\u00e3o de acordo com crit\u00e9rios objectivos fixos: Conservados indefinidamente, exceto se a pessoa solicitar a remo\u00e7\u00e3o da sua conta e dos seus dados pessoais.<\/p><\/details><details class=\"cmplz-dropdown dropdown-privacy-statement\"><summary><div><h3>1.7 Para poder oferecer produtos e servi\u00e7os personalizados<\/h3><\/div><\/summary><p class=\"cmplz-subtitle\">As seguintes categorias de dados s\u00e3o recolhidas<\/p><p><ul><li>Um nome e apelido<\/li><li>Nome da conta ou apelido<\/li><li>Uma casa ou outro endere\u00e7o f\u00edsico, incluindo nome de rua e nome da cidade<\/li><li>Um endere\u00e7o de e-mail<\/li><li>Um n\u00famero de telefone<\/li><li>Endere\u00e7o IP<\/li><li>Informa\u00e7\u00f5es sobre atividades na internet, incluindo, mas n\u00e3o se limitando a, hist\u00f3rico de navega\u00e7\u00e3o, hist\u00f3rico de pesquisa e informa\u00e7\u00f5es sobre a intera\u00e7\u00e3o de um consumidor com um site, aplicativo ou an\u00fancio na internet<\/li><li>Dados de geolocaliza\u00e7\u00e3o<\/li><\/ul><\/p><p class=\"cmplz-subtitle\">Per\u00edodo de reten\u00e7\u00e3o<\/p><p>Ap\u00f3s o encerramento do servi\u00e7o, retemos esses dados pelo seguinte per\u00edodo: Retidos indefinidamente, a menos que a pessoa solicite a remo\u00e7\u00e3o da sua conta e dados pessoais.<\/p><\/details><details class=\"cmplz-dropdown dropdown-privacy-statement\"><summary><div><h3>1.8 Para vender ou partilhar dados com terceiros<\/h3><\/div><\/summary><p class=\"cmplz-subtitle\">As seguintes categorias de dados s\u00e3o recolhidas<\/p><p><ul><li>Informa\u00e7\u00f5es sobre atividades na internet, incluindo, mas n\u00e3o se limitando a, hist\u00f3rico de navega\u00e7\u00e3o, hist\u00f3rico de pesquisa e informa\u00e7\u00f5es sobre a intera\u00e7\u00e3o de um consumidor com um site, aplicativo ou an\u00fancio na internet<\/li><li>Dados de geolocaliza\u00e7\u00e3o<\/li><\/ul><\/p><p class=\"cmplz-subtitle\">Per\u00edodo de reten\u00e7\u00e3o<\/p><p>Retemos esses dados ap\u00f3s o encerramento do servi\u00e7o pelo seguinte n\u00famero de meses: 24<\/p><\/details><h2>2. Partilhar com outras partes<\/h2><p>S\u00f3 partilhamos ou divulgamos estes dados a outros destinat\u00e1rios para os seguintes fins:<\/p><h2>3. Pr\u00e1ticas de divulga\u00e7\u00e3o<\/h2><p><p>Divulgamos informa\u00e7\u00f5es pessoais se formos obrigados por lei ou por uma ordem judicial, em resposta a uma ag\u00eancia de aplica\u00e7\u00e3o da lei, na medida do permitido por outras disposi\u00e7\u00f5es da lei, para fornecer informa\u00e7\u00f5es ou para uma investiga\u00e7\u00e3o sobre um assunto relacionado com a seguran\u00e7a p\u00fablica.<\/p><p>Se o nosso s\u00edtio Web ou organiza\u00e7\u00e3o for adquirido, vendido ou envolvido numa fus\u00e3o ou aquisi\u00e7\u00e3o, os seus dados poder\u00e3o ser divulgados aos nossos consultores e a quaisquer potenciais compradores e ser\u00e3o transmitidos aos novos propriet\u00e1rios.<\/p><\/p><h2>4. E se n\u00e3o nos fornecer as suas informa\u00e7\u00f5es pessoais?<\/h2><p>Se n\u00e3o nos fornecer as suas informa\u00e7\u00f5es pessoais, poderemos n\u00e3o conseguir fornecer-lhe as informa\u00e7\u00f5es, os produtos ou a assist\u00eancia que procura.<\/p><h2>5. Como respondemos aos sinais Do Not Track e ao Controlo Global da Privacidade <\/h2><p>O nosso s\u00edtio Web n\u00e3o responde e n\u00e3o suporta o campo de pedido do cabe\u00e7alho Do Not Track (DNT).<\/p><h2>6. Biscoitos<\/h2><p>O nosso s\u00edtio Web utiliza cookies. Para mais informa\u00e7\u00f5es sobre cookies, consulte a nossa Pol\u00edtica de Cookies no nosso <a href=\"https:\/\/www.foosales.com\/pt\/cookie-policy-au\/\">Pol\u00edtica de cookies (AU)<\/a> p\u00e1gina web.&nbsp;<\/p><p>Celebr\u00e1mos um acordo de processamento de dados com a Google.<\/p><p>A Google n\u00e3o pode utilizar os dados para quaisquer outros servi\u00e7os da Google.<\/p><p>A inclus\u00e3o de endere\u00e7os IP completos \u00e9 bloqueada por n\u00f3s.<\/p><h2>7. Seguran\u00e7a<\/h2><p>Comprometemo-nos com a seguran\u00e7a dos dados pessoais. Tomamos medidas de seguran\u00e7a adequadas para limitar o abuso e o acesso n\u00e3o autorizado aos dados pessoais. Isto garante que apenas as pessoas necess\u00e1rias t\u00eam acesso aos seus dados, que o acesso aos dados est\u00e1 protegido e que as nossas medidas de seguran\u00e7a s\u00e3o revistas regularmente.<\/p><p>As medidas de seguran\u00e7a que utilizamos consistem em:<\/p><p><ul><li>Dete\u00e7\u00e3o de vulnerabilidades<\/li><li>Carater\u00edsticas de seguran\u00e7a\/resist\u00eancia do s\u00edtio Web<\/li><li>encripta\u00e7\u00e3o (START)TLS \/ SSL \/ DANE<\/li><li>HTTP Strict Transport Security e cabe\u00e7alhos de seguran\u00e7a relacionados e pol\u00edticas do navegador<\/li><li>Seguran\u00e7a do in\u00edcio de sess\u00e3o<\/li><li>DKIM, SPF, DMARC e outras defini\u00e7\u00f5es espec\u00edficas de DNS<\/li><\/ul><\/p><h2>8. S\u00edtios Web de terceiros<\/h2><p>A presente declara\u00e7\u00e3o de privacidade n\u00e3o se aplica a s\u00edtios Web de terceiros ligados por hiperliga\u00e7\u00f5es no nosso s\u00edtio Web. N\u00e3o podemos garantir que estes terceiros tratem os seus dados pessoais de forma fi\u00e1vel ou segura. Recomendamos que leia as declara\u00e7\u00f5es de privacidade desses s\u00edtios Web antes de os utilizar.<\/p><h2>9. Altera\u00e7\u00f5es \u00e0 presente declara\u00e7\u00e3o de privacidade<\/h2><p>Reservamo-nos o direito de efetuar altera\u00e7\u00f5es \u00e0 presente declara\u00e7\u00e3o de privacidade. Recomenda-se que o utilizador consulte regularmente esta declara\u00e7\u00e3o de privacidade para ter conhecimento de quaisquer altera\u00e7\u00f5es. Al\u00e9m disso, inform\u00e1-lo-emos ativamente sempre que poss\u00edvel.<\/p><h2>10. Aceder e modificar os seus dados<\/h2><p>Se tiver alguma d\u00favida ou quiser saber quais os dados pessoais que temos sobre si, contacte-nos. Certifique-se de que indica sempre claramente quem \u00e9, para que possamos ter a certeza de que n\u00e3o modificamos ou apagamos quaisquer dados da pessoa errada. S\u00f3 forneceremos as informa\u00e7\u00f5es solicitadas ap\u00f3s a rece\u00e7\u00e3o de um pedido verific\u00e1vel do consumidor. Pode contactar-nos utilizando as informa\u00e7\u00f5es abaixo. O utilizador tem os seguintes direitos:<\/p><p class=\"cmplz-subtitle\">10.1 O utilizador tem os seguintes direitos em rela\u00e7\u00e3o aos seus dados pessoais<\/p><ol class=\"alphabetic\">\n                        <li>O utilizador pode apresentar um pedido de acesso aos dados que tratamos a seu respeito.<\/li>\n                        <li>Pode solicitar uma vis\u00e3o geral, num formato de uso corrente, dos dados que tratamos sobre si.<\/li>\n                        <li>O utilizador pode solicitar a corre\u00e7\u00e3o ou a elimina\u00e7\u00e3o dos dados se estes estiverem incorrectos ou n\u00e3o forem ou j\u00e1 n\u00e3o forem relevantes para qualquer finalidade ao abrigo da Lei da Privacidade.<\/li>\n                      <\/ol>\n                      <h2>11. Crian\u00e7as<\/h2><p>O nosso s\u00edtio Web n\u00e3o foi concebido para atrair crian\u00e7as e n\u00e3o \u00e9 nossa inten\u00e7\u00e3o recolher dados pessoais de crian\u00e7as com idade inferior \u00e0 do consentimento no seu pa\u00eds de resid\u00eancia. Por conseguinte, solicitamos que as crian\u00e7as com idade inferior \u00e0 do consentimento n\u00e3o nos forne\u00e7am quaisquer dados pessoais.<\/p><h2>12. Dados de contacto<\/h2><p>Grenade Technologies, Inc<br \/>\n        301-3450 Uptown Boulevard<br \/>\nVictoria BC V8Z 0B9<br \/>\n        Canad\u00e1<br \/>\n        Local na rede Internet: <a href=\"https:\/\/www.foosales.com\/pt\">https:\/\/www.foosales.com\/pt<\/a> <br \/>\n        Correio eletr\u00f3nico: <span class=\"cmplz-obfuscate\">privacidade@<span class=\"cmplz-fmail-domain\">ex.com<\/span>&#102;o&#111;&#115;&#097;l&#101;&#115;.com<\/span> <br \/>\n        <br \/>\n        <\/p><p>Nome\u00e1mos uma pessoa de contacto para as pol\u00edticas e pr\u00e1ticas da organiza\u00e7\u00e3o e para quem podem ser encaminhadas queixas ou quest\u00f5es:<br \/>Att: Respons\u00e1vel pela privacidade<br \/>301-3450 Uptown Boulevard<br \/>\nVictoria BC V8Z 0B9<br \/>\nCanad\u00e1<\/p><\/div>","protected":false},"excerpt":{"rendered":"","protected":false},"author":75,"featured_media":0,"parent":0,"menu_order":0,"comment_status":"closed","ping_status":"closed","template":"","meta":{"site-sidebar-layout":"default","site-content-layout":"","ast-site-content-layout":"default","site-content-style":"default","site-sidebar-style":"default","ast-global-header-display":"","ast-banner-title-visibility":"","ast-main-header-display":"","ast-hfb-above-header-display":"","ast-hfb-below-header-display":"","ast-hfb-mobile-header-display":"","site-post-title":"","ast-breadcrumbs-content":"","ast-featured-img":"","footer-sml-layout":"","ast-disable-related-posts":"","theme-transparent-header-meta":"","adv-header-id-meta":"","stick-header-meta":"","header-above-stick-meta":"","header-main-stick-meta":"","header-below-stick-meta":"","astra-migrate-meta-layouts":"default","ast-page-background-enabled":"default","ast-page-background-meta":{"desktop":{"background-color":"","background-image":"","background-repeat":"repeat","background-position":"center center","background-size":"auto","background-attachment":"scroll","background-type":"","background-media":"","overlay-type":"","overlay-color":"","overlay-opacity":"","overlay-gradient":""},"tablet":{"background-color":"","background-image":"","background-repeat":"repeat","background-position":"center center","background-size":"auto","background-attachment":"scroll","background-type":"","background-media":"","overlay-type":"","overlay-color":"","overlay-opacity":"","overlay-gradient":""},"mobile":{"background-color":"","background-image":"","background-repeat":"repeat","background-position":"center center","background-size":"auto","background-attachment":"scroll","background-type":"","background-media":"","overlay-type":"","overlay-color":"","overlay-opacity":"","overlay-gradient":""}},"ast-content-background-meta":{"desktop":{"background-color":"var(--ast-global-color-5)","background-image":"","background-repeat":"repeat","background-position":"center center","background-size":"auto","background-attachment":"scroll","background-type":"","background-media":"","overlay-type":"","overlay-color":"","overlay-opacity":"","overlay-gradient":""},"tablet":{"background-color":"var(--ast-global-color-5)","background-image":"","background-repeat":"repeat","background-position":"center center","background-size":"auto","background-attachment":"scroll","background-type":"","background-media":"","overlay-type":"","overlay-color":"","overlay-opacity":"","overlay-gradient":""},"mobile":{"background-color":"var(--ast-global-color-5)","background-image":"","background-repeat":"repeat","background-position":"center center","background-size":"auto","background-attachment":"scroll","background-type":"","background-media":"","overlay-type":"","overlay-color":"","overlay-opacity":"","overlay-gradient":""}},"footnotes":""},"class_list":["post-180609","page","type-page","status-publish","hentry"],"_links":{"self":[{"href":"https:\/\/www.foosales.com\/pt\/wp-json\/wp\/v2\/pages\/180609","targetHints":{"allow":["GET"]}}],"collection":[{"href":"https:\/\/www.foosales.com\/pt\/wp-json\/wp\/v2\/pages"}],"about":[{"href":"https:\/\/www.foosales.com\/pt\/wp-json\/wp\/v2\/types\/page"}],"author":[{"embeddable":true,"href":"https:\/\/www.foosales.com\/pt\/wp-json\/wp\/v2\/users\/75"}],"replies":[{"embeddable":true,"href":"https:\/\/www.foosales.com\/pt\/wp-json\/wp\/v2\/comments?post=180609"}],"version-history":[{"count":1,"href":"https:\/\/www.foosales.com\/pt\/wp-json\/wp\/v2\/pages\/180609\/revisions"}],"predecessor-version":[{"id":182383,"href":"https:\/\/www.foosales.com\/pt\/wp-json\/wp\/v2\/pages\/180609\/revisions\/182383"}],"wp:attachment":[{"href":"https:\/\/www.foosales.com\/pt\/wp-json\/wp\/v2\/media?parent=180609"}],"curies":[{"name":"wp","href":"https:\/\/api.w.org\/{rel}","templated":true}]}}