{"id":180614,"date":"2024-09-04T13:38:02","date_gmt":"2024-09-04T20:38:02","guid":{"rendered":"https:\/\/foosales.com\/disclaimer\/"},"modified":"2024-09-17T19:11:41","modified_gmt":"2024-09-18T02:11:41","slug":"declaracao-de-exoneracao-de-responsabilidade","status":"publish","type":"page","link":"https:\/\/www.foosales.com\/pt\/disclaimer\/","title":{"rendered":"Declara\u00e7\u00e3o de exonera\u00e7\u00e3o de responsabilidade"},"content":{"rendered":"<p><!-- Legal document generated by Complianz | GDPR\/CCPA Cookie Consent https:\/\/wordpress.org\/plugins\/complianz-gdpr --><\/p>\n<div id=\"cmplz-document\" class=\"cmplz-document disclaimer cmplz-document-all\">\n<p>A Grenade Technologies, Inc est\u00e1 empenhada em manter este s\u00edtio Web atualizado e preciso. Se, no entanto, encontrar alguma informa\u00e7\u00e3o incorrecta ou desactualizada, agradecemos que nos informe. Por favor, indique em que parte do s\u00edtio Web leu a informa\u00e7\u00e3o. Iremos analisar a quest\u00e3o o mais rapidamente poss\u00edvel. Por favor, envie a sua resposta por correio eletr\u00f3nico para: privacy@foosales.com.<\/p>\n<p>N\u00e3o nos responsabilizamos por perdas resultantes de inexactid\u00f5es ou incompletude, nem por perdas resultantes de problemas causados por ou inerentes \u00e0 divulga\u00e7\u00e3o de informa\u00e7\u00f5es atrav\u00e9s da Internet, tais como perturba\u00e7\u00f5es ou interrup\u00e7\u00f5es. Quando utilizamos formul\u00e1rios Web, esfor\u00e7amo-nos por limitar ao m\u00ednimo o n\u00famero de campos obrigat\u00f3rios. Por qualquer perda sofrida como resultado da utiliza\u00e7\u00e3o de dados, conselhos ou ideias fornecidas por ou em nome da Grenade Technologies, Inc atrav\u00e9s deste s\u00edtio Web, a Grenade Technologies, Inc n\u00e3o aceita qualquer responsabilidade.<\/p>\n<p>A utiliza\u00e7\u00e3o do s\u00edtio Web e de todos os seus componentes (incluindo os f\u00f3runs) est\u00e1 sujeita \u00e0s nossas <a href=\"https:\/\/www.foosales.com\/pt\/termos-e-condicoes\/\" target=\"_blank\" rel=\"noopener\">termos e condi\u00e7\u00f5es<\/a>. A simples utiliza\u00e7\u00e3o deste s\u00edtio Web implica o conhecimento e a aceita\u00e7\u00e3o das presentes condi\u00e7\u00f5es de utiliza\u00e7\u00e3o.<\/p>\n<p>As respostas e os pedidos de privacidade enviados por correio eletr\u00f3nico ou atrav\u00e9s de um formul\u00e1rio Web ser\u00e3o tratados da mesma forma que as cartas. Isto significa que pode esperar uma resposta da nossa parte no prazo m\u00e1ximo de 1 m\u00eas. No caso de pedidos complexos, inform\u00e1-lo-emos no prazo de 1 m\u00eas se precisarmos de um m\u00e1ximo de 3 meses.<\/p>\n<p>Quaisquer dados pessoais que nos forne\u00e7a no contexto da sua resposta ou pedido de informa\u00e7\u00e3o s\u00f3 ser\u00e3o utilizados de acordo com a nossa declara\u00e7\u00e3o de privacidade.<\/p>\n<p>Grenade Technologies, Inc deve fazer todos os esfor\u00e7os razo\u00e1veis para proteger seus sistemas contra qualquer forma de uso ilegal. Grenade Technologies, Inc implementar\u00e1 medidas t\u00e9cnicas e organizacionais apropriadas para este fim, tendo em conta, entre outras coisas, o estado da arte. No entanto, n\u00e3o ser\u00e1 respons\u00e1vel por qualquer preju\u00edzo, direto e\/ou indireto, sofrido por um utilizador do s\u00edtio Web, que resulte da utiliza\u00e7\u00e3o il\u00edcita dos seus sistemas por terceiros.<\/p>\n<p>A Grenade Technologies, Inc n\u00e3o aceita qualquer responsabilidade pelo conte\u00fado dos s\u00edtios Web para os quais ou a partir dos quais \u00e9 feita uma hiperliga\u00e7\u00e3o ou outra refer\u00eancia. Os produtos ou servi\u00e7os oferecidos por terceiros estar\u00e3o sujeitos aos termos e condi\u00e7\u00f5es aplic\u00e1veis desses terceiros.<\/p>\n<p>Todos os direitos de propriedade intelectual do conte\u00fado deste s\u00edtio Web pertencem \u00e0 Grenade Technologies, Inc.<\/p>\n<p>A c\u00f3pia, divulga\u00e7\u00e3o e qualquer outra utiliza\u00e7\u00e3o destes materiais n\u00e3o \u00e9 permitida sem a autoriza\u00e7\u00e3o por escrito da Grenade Technologies, Inc, exceto e apenas na medida em que seja estipulado de outra forma em regulamentos de lei obrigat\u00f3ria (como o direito de cita\u00e7\u00e3o), a menos que o conte\u00fado espec\u00edfico determine o contr\u00e1rio.<\/p>\n<p>Todos os nomes de produtos, log\u00f3tipos e marcas s\u00e3o propriedade dos respectivos propriet\u00e1rios. Todos os nomes de empresas, produtos e servi\u00e7os utilizados neste s\u00edtio Web destinam-se apenas a fins de identifica\u00e7\u00e3o. A utiliza\u00e7\u00e3o destes nomes, log\u00f3tipos e marcas n\u00e3o implica a sua aprova\u00e7\u00e3o.<\/p>\n<p>Se tiver alguma d\u00favida ou problema com a acessibilidade do s\u00edtio Web, n\u00e3o hesite em contactar <a href=\"https:\/\/help.foosales.com\/pt\/contact\/\" rel=\"nofollow noopener\">contactar-nos<\/a>.<\/p>\n<\/div>","protected":false},"excerpt":{"rendered":"<p>Grenade Technologies, Inc is committed to keeping this website up to date and accurate. Should you nevertheless encounter anything that [&hellip;]<\/p>\n","protected":false},"author":75,"featured_media":0,"parent":0,"menu_order":0,"comment_status":"closed","ping_status":"closed","template":"","meta":{"site-sidebar-layout":"default","site-content-layout":"","ast-site-content-layout":"default","site-content-style":"default","site-sidebar-style":"default","ast-global-header-display":"","ast-banner-title-visibility":"","ast-main-header-display":"","ast-hfb-above-header-display":"","ast-hfb-below-header-display":"","ast-hfb-mobile-header-display":"","site-post-title":"","ast-breadcrumbs-content":"","ast-featured-img":"","footer-sml-layout":"","ast-disable-related-posts":"","theme-transparent-header-meta":"default","adv-header-id-meta":"","stick-header-meta":"default","header-above-stick-meta":"","header-main-stick-meta":"","header-below-stick-meta":"","astra-migrate-meta-layouts":"set","ast-page-background-enabled":"default","ast-page-background-meta":{"desktop":{"background-color":"","background-image":"","background-repeat":"repeat","background-position":"center center","background-size":"auto","background-attachment":"scroll","background-type":"","background-media":"","overlay-type":"","overlay-color":"","overlay-opacity":"","overlay-gradient":""},"tablet":{"background-color":"","background-image":"","background-repeat":"repeat","background-position":"center center","background-size":"auto","background-attachment":"scroll","background-type":"","background-media":"","overlay-type":"","overlay-color":"","overlay-opacity":"","overlay-gradient":""},"mobile":{"background-color":"","background-image":"","background-repeat":"repeat","background-position":"center center","background-size":"auto","background-attachment":"scroll","background-type":"","background-media":"","overlay-type":"","overlay-color":"","overlay-opacity":"","overlay-gradient":""}},"ast-content-background-meta":{"desktop":{"background-color":"var(--ast-global-color-5)","background-image":"","background-repeat":"repeat","background-position":"center center","background-size":"auto","background-attachment":"scroll","background-type":"","background-media":"","overlay-type":"","overlay-color":"","overlay-opacity":"","overlay-gradient":""},"tablet":{"background-color":"var(--ast-global-color-5)","background-image":"","background-repeat":"repeat","background-position":"center center","background-size":"auto","background-attachment":"scroll","background-type":"","background-media":"","overlay-type":"","overlay-color":"","overlay-opacity":"","overlay-gradient":""},"mobile":{"background-color":"var(--ast-global-color-5)","background-image":"","background-repeat":"repeat","background-position":"center center","background-size":"auto","background-attachment":"scroll","background-type":"","background-media":"","overlay-type":"","overlay-color":"","overlay-opacity":"","overlay-gradient":""}},"footnotes":""},"class_list":["post-180614","page","type-page","status-publish","hentry"],"_links":{"self":[{"href":"https:\/\/www.foosales.com\/pt\/wp-json\/wp\/v2\/pages\/180614","targetHints":{"allow":["GET"]}}],"collection":[{"href":"https:\/\/www.foosales.com\/pt\/wp-json\/wp\/v2\/pages"}],"about":[{"href":"https:\/\/www.foosales.com\/pt\/wp-json\/wp\/v2\/types\/page"}],"author":[{"embeddable":true,"href":"https:\/\/www.foosales.com\/pt\/wp-json\/wp\/v2\/users\/75"}],"replies":[{"embeddable":true,"href":"https:\/\/www.foosales.com\/pt\/wp-json\/wp\/v2\/comments?post=180614"}],"version-history":[{"count":0,"href":"https:\/\/www.foosales.com\/pt\/wp-json\/wp\/v2\/pages\/180614\/revisions"}],"wp:attachment":[{"href":"https:\/\/www.foosales.com\/pt\/wp-json\/wp\/v2\/media?parent=180614"}],"curies":[{"name":"wp","href":"https:\/\/api.w.org\/{rel}","templated":true}]}}