{"id":183324,"date":"2025-04-30T00:20:16","date_gmt":"2025-04-30T07:20:16","guid":{"rendered":"https:\/\/www.foosales.com\/?page_id=183324"},"modified":"2026-01-14T05:44:11","modified_gmt":"2026-01-14T13:44:11","slug":"integracao-de-suplementos-de-produtos-woocommerce","status":"publish","type":"page","link":"https:\/\/www.foosales.com\/pt\/features\/woocommerce-product-add-ons-integration\/","title":{"rendered":"WooCommerce Complementos de produtos"},"content":{"rendered":"<div data-elementor-type=\"wp-page\" data-elementor-id=\"183324\" class=\"elementor elementor-183324\" data-elementor-post-type=\"page\">\n\t\t\t\t\t\t<section class=\"elementor-section elementor-top-section elementor-element elementor-element-10a67a2c elementor-section-boxed elementor-section-height-default elementor-section-height-default\" data-id=\"10a67a2c\" data-element_type=\"section\" data-e-type=\"section\">\n\t\t\t\t\t\t<div class=\"elementor-container elementor-column-gap-default\">\n\t\t\t\t\t<div class=\"elementor-column elementor-col-100 elementor-top-column elementor-element elementor-element-5464c613\" data-id=\"5464c613\" data-element_type=\"column\" data-e-type=\"column\">\n\t\t\t<div class=\"elementor-widget-wrap elementor-element-populated\">\n\t\t\t\t\t\t<div class=\"elementor-element elementor-element-7dba92e2 elementor-widget elementor-widget-heading\" data-id=\"7dba92e2\" data-element_type=\"widget\" data-e-type=\"widget\" data-widget_type=\"heading.default\">\n\t\t\t\t<div class=\"elementor-widget-container\">\n\t\t\t\t\t<h2 class=\"elementor-heading-title elementor-size-default\">WooCommerce Complementos de produtos<\/h2>\t\t\t\t<\/div>\n\t\t\t\t<\/div>\n\t\t\t\t<div class=\"elementor-element elementor-element-69e79a0c elementor-widget elementor-widget-heading\" data-id=\"69e79a0c\" data-element_type=\"widget\" data-e-type=\"widget\" data-widget_type=\"heading.default\">\n\t\t\t\t<div class=\"elementor-widget-container\">\n\t\t\t\t\t<h1 class=\"elementor-heading-title elementor-size-xxl\">Capture os detalhes personalizados de produtos adicionais de seus clientes diretamente nos aplicativos FooSales POS<\/h1>\t\t\t\t<\/div>\n\t\t\t\t<\/div>\n\t\t\t\t<div class=\"elementor-element elementor-element-23186ce6 elementor-widget elementor-widget-text-editor\" data-id=\"23186ce6\" data-element_type=\"widget\" data-e-type=\"widget\" data-widget_type=\"text-editor.default\">\n\t\t\t\t<div class=\"elementor-widget-container\">\n\t\t\t\t\t\t\t\t\t<p>Capture os detalhes de personaliza\u00e7\u00e3o dos seus clientes diretamente nas aplica\u00e7\u00f5es FooSales POS. Quer se trate de um nome para gravar, instru\u00e7\u00f5es especiais para uma refei\u00e7\u00e3o ou extras de reserva personalizados, o FooSales garante que tem toda a informa\u00e7\u00e3o de que precisa, exatamente onde precisa - em qualquer dispositivo, em tempo real.<br \/><span style=\"font-size: 12pt;\"><i>O <a href=\"https:\/\/automattic.pxf.io\/GKyGP2\" rel=\"nofollow noopener\">Plugin WooCommerce Product Add-ons<\/a> \u00e9 vendido separadamente<\/i>.<\/span><\/p>\t\t\t\t\t\t\t\t<\/div>\n\t\t\t\t<\/div>\n\t\t\t\t\t<\/div>\n\t\t<\/div>\n\t\t\t\t\t<\/div>\n\t\t<\/section>\n\t\t\t\t<section class=\"elementor-section elementor-top-section elementor-element elementor-element-4a21361e elementor-section-boxed elementor-section-height-default elementor-section-height-default\" data-id=\"4a21361e\" data-element_type=\"section\" data-e-type=\"section\">\n\t\t\t\t\t\t<div class=\"elementor-container elementor-column-gap-default\">\n\t\t\t\t\t<div class=\"elementor-column elementor-col-100 elementor-top-column elementor-element elementor-element-646c842\" data-id=\"646c842\" data-element_type=\"column\" data-e-type=\"column\">\n\t\t\t<div class=\"elementor-widget-wrap elementor-element-populated\">\n\t\t\t\t\t\t<div class=\"elementor-element elementor-element-3efc443f elementor-widget elementor-widget-image\" data-id=\"3efc443f\" data-element_type=\"widget\" data-e-type=\"widget\" data-widget_type=\"image.default\">\n\t\t\t\t<div class=\"elementor-widget-container\">\n\t\t\t\t\t\t\t\t\t\t\t\t\t\t\t<img fetchpriority=\"high\" decoding=\"async\" width=\"1024\" height=\"635\" src=\"https:\/\/www.foosales.com\/wp-content\/uploads\/2025\/10\/product-add-ons-1024x635.png\" class=\"attachment-large size-large wp-image-184847\" alt=\"WooCommerce Add-ons de produtos Integra\u00e7\u00e3o de ponto de venda\" srcset=\"https:\/\/www.foosales.com\/wp-content\/uploads\/2025\/10\/product-add-ons-1024x635.png 1024w, https:\/\/www.foosales.com\/wp-content\/uploads\/2025\/10\/product-add-ons-300x186.png 300w, https:\/\/www.foosales.com\/wp-content\/uploads\/2025\/10\/product-add-ons-768x477.png 768w, https:\/\/www.foosales.com\/wp-content\/uploads\/2025\/10\/product-add-ons-18x12.png 18w, https:\/\/www.foosales.com\/wp-content\/uploads\/2025\/10\/product-add-ons-600x372.png 600w, https:\/\/www.foosales.com\/wp-content\/uploads\/2025\/10\/product-add-ons.png 1381w\" sizes=\"(max-width: 1024px) 100vw, 1024px\" title=\"\">\t\t\t\t\t\t\t\t\t\t\t\t\t\t\t<\/div>\n\t\t\t\t<\/div>\n\t\t\t\t\t<\/div>\n\t\t<\/div>\n\t\t\t\t\t<\/div>\n\t\t<\/section>\n\t\t\t\t<section class=\"elementor-section elementor-top-section elementor-element elementor-element-26bc3c9 elementor-section-boxed elementor-section-height-default elementor-section-height-default\" data-id=\"26bc3c9\" data-element_type=\"section\" data-e-type=\"section\">\n\t\t\t\t\t\t<div class=\"elementor-container elementor-column-gap-default\">\n\t\t\t\t\t<div class=\"elementor-column elementor-col-100 elementor-top-column elementor-element elementor-element-a6cbe44\" data-id=\"a6cbe44\" data-element_type=\"column\" data-e-type=\"column\">\n\t\t\t<div class=\"elementor-widget-wrap elementor-element-populated\">\n\t\t\t\t\t\t<div class=\"elementor-element elementor-element-3b019f0 elementor-widget elementor-widget-heading\" data-id=\"3b019f0\" data-element_type=\"widget\" data-e-type=\"widget\" data-widget_type=\"heading.default\">\n\t\t\t\t<div class=\"elementor-widget-container\">\n\t\t\t\t\t<h3 class=\"elementor-heading-title elementor-size-xxl\">Ver as selec\u00e7\u00f5es de suplementos dos seus clientes para encomendas online e presenciais<\/h3>\t\t\t\t<\/div>\n\t\t\t\t<\/div>\n\t\t\t\t<div class=\"elementor-element elementor-element-6e656fe elementor-widget elementor-widget-image\" data-id=\"6e656fe\" data-element_type=\"widget\" data-e-type=\"widget\" data-widget_type=\"image.default\">\n\t\t\t\t<div class=\"elementor-widget-container\">\n\t\t\t\t\t\t\t\t\t\t\t\t\t\t\t<img decoding=\"async\" width=\"1024\" height=\"637\" src=\"https:\/\/www.foosales.com\/wp-content\/uploads\/2026\/01\/Screenshot-2025-09-17-at-20.00.05-1024x637-1.png\" class=\"attachment-large size-large wp-image-185522\" alt=\"Captura de ecr\u00e3 de uma encomenda no FooSales que demonstra os campos do complemento de produto do WooCommerce.\" srcset=\"https:\/\/www.foosales.com\/wp-content\/uploads\/2026\/01\/Screenshot-2025-09-17-at-20.00.05-1024x637-1.png 1024w, https:\/\/www.foosales.com\/wp-content\/uploads\/2026\/01\/Screenshot-2025-09-17-at-20.00.05-1024x637-1-300x187.png 300w, https:\/\/www.foosales.com\/wp-content\/uploads\/2026\/01\/Screenshot-2025-09-17-at-20.00.05-1024x637-1-768x478.png 768w, https:\/\/www.foosales.com\/wp-content\/uploads\/2026\/01\/Screenshot-2025-09-17-at-20.00.05-1024x637-1-18x12.png 18w, https:\/\/www.foosales.com\/wp-content\/uploads\/2026\/01\/Screenshot-2025-09-17-at-20.00.05-1024x637-1-600x373.png 600w\" sizes=\"(max-width: 1024px) 100vw, 1024px\" title=\"\">\t\t\t\t\t\t\t\t\t\t\t\t\t\t\t<\/div>\n\t\t\t\t<\/div>\n\t\t\t\t<div class=\"elementor-element elementor-element-9091872 elementor-widget elementor-widget-heading\" data-id=\"9091872\" data-element_type=\"widget\" data-e-type=\"widget\" data-widget_type=\"heading.default\">\n\t\t\t\t<div class=\"elementor-widget-container\">\n\t\t\t\t\t<p class=\"elementor-heading-title elementor-size-default\">Inclua as selec\u00e7\u00f5es de suplementos dos seus clientes nos recibos impressos. Isto \u00e9 especialmente \u00fatil para restaurantes e servi\u00e7os de take-away, ajudando o pessoal da cozinha ou do servi\u00e7o a satisfazer as encomendas com exatid\u00e3o.<\/p>\t\t\t\t<\/div>\n\t\t\t\t<\/div>\n\t\t\t\t<div class=\"elementor-element elementor-element-7073a60 elementor-widget elementor-widget-image\" data-id=\"7073a60\" data-element_type=\"widget\" data-e-type=\"widget\" data-widget_type=\"image.default\">\n\t\t\t\t<div class=\"elementor-widget-container\">\n\t\t\t\t\t\t\t\t\t\t\t\t\t\t\t<img decoding=\"async\" width=\"1024\" height=\"664\" src=\"https:\/\/www.foosales.com\/wp-content\/uploads\/2025\/09\/foosales-woocommerce-product-add-ons-pizza-receipts-1024x664.png\" class=\"attachment-large size-large wp-image-184583\" alt=\"Captura de ecr\u00e3 das op\u00e7\u00f5es FooSales, POS e WooCommerce Product Add-ons numa encomenda Captura de ecr\u00e3 das op\u00e7\u00f5es FooSales, POS e WooCommerce Product Add-ons num recibo de pizza para uma pizzaria\" srcset=\"https:\/\/www.foosales.com\/wp-content\/uploads\/2025\/09\/foosales-woocommerce-product-add-ons-pizza-receipts-1024x664.png 1024w, https:\/\/www.foosales.com\/wp-content\/uploads\/2025\/09\/foosales-woocommerce-product-add-ons-pizza-receipts-300x195.png 300w, https:\/\/www.foosales.com\/wp-content\/uploads\/2025\/09\/foosales-woocommerce-product-add-ons-pizza-receipts-768x498.png 768w, https:\/\/www.foosales.com\/wp-content\/uploads\/2025\/09\/foosales-woocommerce-product-add-ons-pizza-receipts-1536x997.png 1536w, https:\/\/www.foosales.com\/wp-content\/uploads\/2025\/09\/foosales-woocommerce-product-add-ons-pizza-receipts-2048x1329.png 2048w, https:\/\/www.foosales.com\/wp-content\/uploads\/2025\/09\/foosales-woocommerce-product-add-ons-pizza-receipts-18x12.png 18w, https:\/\/www.foosales.com\/wp-content\/uploads\/2025\/09\/foosales-woocommerce-product-add-ons-pizza-receipts-600x389.png 600w\" sizes=\"(max-width: 1024px) 100vw, 1024px\" title=\"\">\t\t\t\t\t\t\t\t\t\t\t\t\t\t\t<\/div>\n\t\t\t\t<\/div>\n\t\t\t\t\t<\/div>\n\t\t<\/div>\n\t\t\t\t\t<\/div>\n\t\t<\/section>\n\t\t\t\t<section class=\"elementor-section elementor-top-section elementor-element elementor-element-0fea575 elementor-section-boxed elementor-section-height-default elementor-section-height-default\" data-id=\"0fea575\" data-element_type=\"section\" data-e-type=\"section\">\n\t\t\t\t\t\t<div class=\"elementor-container elementor-column-gap-default\">\n\t\t\t\t\t<div class=\"elementor-column elementor-col-100 elementor-top-column elementor-element elementor-element-4ae3642\" data-id=\"4ae3642\" data-element_type=\"column\" data-e-type=\"column\">\n\t\t\t<div class=\"elementor-widget-wrap elementor-element-populated\">\n\t\t\t\t\t\t<div class=\"elementor-element elementor-element-511def3 elementor-widget__width-initial elementor-widget elementor-widget-text-editor\" data-id=\"511def3\" data-element_type=\"widget\" data-e-type=\"widget\" data-widget_type=\"text-editor.default\">\n\t\t\t\t<div class=\"elementor-widget-container\">\n\t\t\t\t\t\t\t\t\t<p style=\"text-align: center;\">Acesso ao <a title=\"WooCommerce Complementos de produtos\" href=\"https:\/\/automattic.pxf.io\/GKyGP2\" target=\"_blank\" rel=\"noopener nofollow\">WooCommerce Complementos de produtos<\/a> a integra\u00e7\u00e3o est\u00e1 inclu\u00edda no\u00a0<a href=\"https:\/\/www.foosales.com\/pt\/fixacao-de-precos\/\" target=\"_blank\" rel=\"noopener\">Plano FooSales Plus<\/a>.<\/p>\t\t\t\t\t\t\t\t<\/div>\n\t\t\t\t<\/div>\n\t\t\t\t\t<\/div>\n\t\t<\/div>\n\t\t\t\t\t<\/div>\n\t\t<\/section>\n\t\t\t\t<section class=\"elementor-section elementor-top-section elementor-element elementor-element-1cf0756 elementor-section-boxed elementor-section-height-default elementor-section-height-default\" data-id=\"1cf0756\" data-element_type=\"section\" data-e-type=\"section\">\n\t\t\t\t\t\t<div class=\"elementor-container elementor-column-gap-default\">\n\t\t\t\t\t<div class=\"elementor-column elementor-col-100 elementor-top-column elementor-element elementor-element-7bc4f22b\" data-id=\"7bc4f22b\" data-element_type=\"column\" data-e-type=\"column\">\n\t\t\t<div class=\"elementor-widget-wrap elementor-element-populated\">\n\t\t\t\t\t\t<div class=\"elementor-element elementor-element-34ba03ab elementor-widget elementor-widget-text-editor\" data-id=\"34ba03ab\" data-element_type=\"widget\" data-e-type=\"widget\" data-widget_type=\"text-editor.default\">\n\t\t\t\t<div class=\"elementor-widget-container\">\n\t\t\t\t\t\t\t\t\t<div style=\"text-align: center;\"><a href=\"https:\/\/help.foosales.com\/docs\/topics\/customers\/\" rel=\"nofollow noopener\"><img loading=\"lazy\" decoding=\"async\" class=\"alignnone wp-image-76092 size-full\" src=\"https:\/\/www.foosales.com\/wp-content\/uploads\/2021\/05\/wapuu-foosales.png\" alt=\"\" width=\"130\" height=\"121\" title=\"\"><\/a><\/div><p style=\"text-align: center;\">Visite o nosso <span style=\"text-decoration: underline;\"><a href=\"https:\/\/help.foosales.com\/docs\/topics\/integrations\/woocommerce-product-add-ons\/\" data-wplink-edit=\"true\" rel=\"nofollow noopener\">Centro de ajuda<\/a><\/span> para<br \/>informa\u00e7\u00f5es mais pormenorizadas.<\/p>\t\t\t\t\t\t\t\t<\/div>\n\t\t\t\t<\/div>\n\t\t\t\t<div class=\"elementor-element elementor-element-4941be1f elementor-widget elementor-widget-heading\" data-id=\"4941be1f\" data-element_type=\"widget\" data-e-type=\"widget\" data-widget_type=\"heading.default\">\n\t\t\t\t<div class=\"elementor-widget-container\">\n\t\t\t\t\t<h2 class=\"elementor-heading-title elementor-size-default\">Pronto para come\u00e7ar?<\/h2>\t\t\t\t<\/div>\n\t\t\t\t<\/div>\n\t\t\t\t<div class=\"elementor-element elementor-element-29773142 elementor-widget elementor-widget-heading\" data-id=\"29773142\" data-element_type=\"widget\" data-e-type=\"widget\" data-widget_type=\"heading.default\">\n\t\t\t\t<div class=\"elementor-widget-container\">\n\t\t\t\t\t<h2 class=\"elementor-heading-title elementor-size-large\">Registe-se para ter acesso imediato ao FooSales. S\u00e3o necess\u00e1rios apenas alguns minutos para criar uma conta e iniciar o seu teste gratuito de 7 dias!\n<span style=\"text-decoration: underline\">N\u00e3o s\u00e3o necess\u00e1rios dados de cart\u00e3o de cr\u00e9dito ou de fatura\u00e7\u00e3o.<\/span><\/h2>\t\t\t\t<\/div>\n\t\t\t\t<\/div>\n\t\t\t\t<div class=\"elementor-element elementor-element-32d11adf elementor-align-center elementor-widget__width-auto elementor-widget elementor-widget-button\" data-id=\"32d11adf\" data-element_type=\"widget\" data-e-type=\"widget\" data-widget_type=\"button.default\">\n\t\t\t\t<div class=\"elementor-widget-container\">\n\t\t\t\t\t\t\t\t\t<div class=\"elementor-button-wrapper\">\n\t\t\t\t\t<a class=\"elementor-button elementor-button-link elementor-size-md\" href=\"https:\/\/www.foosales.com\/pt\/descarregar\/\">\n\t\t\t\t\t\t<span class=\"elementor-button-content-wrapper\">\n\t\t\t\t\t\t\t\t\t<span class=\"elementor-button-text\">Come\u00e7ar a trabalhar<\/span>\n\t\t\t\t\t<\/span>\n\t\t\t\t\t<\/a>\n\t\t\t\t<\/div>\n\t\t\t\t\t\t\t\t<\/div>\n\t\t\t\t<\/div>\n\t\t\t\t<div class=\"elementor-element elementor-element-695af966 elementor-widget elementor-widget-text-editor\" data-id=\"695af966\" data-element_type=\"widget\" data-e-type=\"widget\" data-widget_type=\"text-editor.default\">\n\t\t\t\t<div class=\"elementor-widget-container\">\n\t\t\t\t\t\t\t\t\t<p style=\"text-align: center;\"><a href=\"https:\/\/www.foosales.com\/pt\/fixacao-de-precos\/\"><span style=\"text-decoration: underline;\">Ver pre\u00e7os<\/span><\/a> ou <span style=\"text-decoration: underline;\"><a href=\"https:\/\/www.foosales.com\/pt\/demonstracao\/\">Experimente a demonstra\u00e7\u00e3o<\/a><\/span><\/p>\t\t\t\t\t\t\t\t<\/div>\n\t\t\t\t<\/div>\n\t\t\t\t\t<\/div>\n\t\t<\/div>\n\t\t\t\t\t<\/div>\n\t\t<\/section>\n\t\t\t\t<section class=\"elementor-section elementor-top-section elementor-element elementor-element-4fda7843 elementor-section-full_width elementor-section-height-min-height elementor-section-height-default elementor-section-items-middle\" data-id=\"4fda7843\" data-element_type=\"section\" data-e-type=\"section\">\n\t\t\t\t\t\t<div class=\"elementor-container elementor-column-gap-no\">\n\t\t\t\t\t<div class=\"elementor-column elementor-col-100 elementor-top-column elementor-element elementor-element-7b710a40\" data-id=\"7b710a40\" data-element_type=\"column\" data-e-type=\"column\">\n\t\t\t<div class=\"elementor-widget-wrap elementor-element-populated\">\n\t\t\t\t\t\t<div class=\"elementor-element elementor-element-2ad7f062 elementor-position-inline-end elementor-widget__width-initial elementor-fixed elementor-view-default elementor-mobile-position-block-start elementor-widget elementor-widget-icon-box\" data-id=\"2ad7f062\" data-element_type=\"widget\" data-e-type=\"widget\" data-settings=\"{&quot;_position&quot;:&quot;fixed&quot;}\" data-widget_type=\"icon-box.default\">\n\t\t\t\t<div class=\"elementor-widget-container\">\n\t\t\t\t\t\t\t<div class=\"elementor-icon-box-wrapper\">\n\n\t\t\t\t\t\t<div class=\"elementor-icon-box-icon\">\n\t\t\t\t<a href=\"https:\/\/www.foosales.com\/pt\/caracteristicas\/modo-escuro\/?_gl=1*mqtjji*_gcl_au*MTE4ODEyNzg0MS4xNzM4OTI2ODIxLjIwNjM1NjI3MzguMTc0NTQ5MTU3Ni4xNzQ1NDkyNDA1*_ga*MTM1MDA1OTQ1Ni4xNjc0ODAwNTYw*_ga_K4WE72Y7ZC*MTc0NTk5NjA2NC45MzkuMS4xNzQ1OTk4MTQyLjYuMC43MDcwODIzNDg.\" class=\"elementor-icon\" tabindex=\"-1\" aria-label=\"Seguinte\">\n\t\t\t\t<i aria-hidden=\"true\" class=\"fas fa-chevron-right\"><\/i>\t\t\t\t<\/a>\n\t\t\t<\/div>\n\t\t\t\n\t\t\t\t\t\t<div class=\"elementor-icon-box-content\">\n\n\t\t\t\t\t\t\t\t\t<h2 class=\"elementor-icon-box-title\">\n\t\t\t\t\t\t<a href=\"https:\/\/www.foosales.com\/pt\/caracteristicas\/modo-escuro\/?_gl=1*mqtjji*_gcl_au*MTE4ODEyNzg0MS4xNzM4OTI2ODIxLjIwNjM1NjI3MzguMTc0NTQ5MTU3Ni4xNzQ1NDkyNDA1*_ga*MTM1MDA1OTQ1Ni4xNjc0ODAwNTYw*_ga_K4WE72Y7ZC*MTc0NTk5NjA2NC45MzkuMS4xNzQ1OTk4MTQyLjYuMC43MDcwODIzNDg.\">\n\t\t\t\t\t\t\tSeguinte\t\t\t\t\t\t<\/a>\n\t\t\t\t\t<\/h2>\n\t\t\t\t\n\t\t\t\t\n\t\t\t<\/div>\n\t\t\t\n\t\t<\/div>\n\t\t\t\t\t\t<\/div>\n\t\t\t\t<\/div>\n\t\t\t\t<div class=\"elementor-element elementor-element-6c4a60a0 elementor-position-inline-start elementor-widget__width-initial elementor-fixed elementor-view-default elementor-mobile-position-block-start elementor-widget elementor-widget-icon-box\" data-id=\"6c4a60a0\" data-element_type=\"widget\" data-e-type=\"widget\" data-settings=\"{&quot;_position&quot;:&quot;fixed&quot;}\" data-widget_type=\"icon-box.default\">\n\t\t\t\t<div class=\"elementor-widget-container\">\n\t\t\t\t\t\t\t<div class=\"elementor-icon-box-wrapper\">\n\n\t\t\t\t\t\t<div class=\"elementor-icon-box-icon\">\n\t\t\t\t<a href=\"https:\/\/www.foosales.com\/pt\/caracteristicas\/vender-bilhetes\/\" class=\"elementor-icon\" tabindex=\"-1\" aria-label=\"Anterior\">\n\t\t\t\t<i aria-hidden=\"true\" class=\"fas fa-chevron-left\"><\/i>\t\t\t\t<\/a>\n\t\t\t<\/div>\n\t\t\t\n\t\t\t\t\t\t<div class=\"elementor-icon-box-content\">\n\n\t\t\t\t\t\t\t\t\t<h2 class=\"elementor-icon-box-title\">\n\t\t\t\t\t\t<a href=\"https:\/\/www.foosales.com\/pt\/caracteristicas\/vender-bilhetes\/\">\n\t\t\t\t\t\t\tAnterior\t\t\t\t\t\t<\/a>\n\t\t\t\t\t<\/h2>\n\t\t\t\t\n\t\t\t\t\n\t\t\t<\/div>\n\t\t\t\n\t\t<\/div>\n\t\t\t\t\t\t<\/div>\n\t\t\t\t<\/div>\n\t\t\t\t\t<\/div>\n\t\t<\/div>\n\t\t\t\t\t<\/div>\n\t\t<\/section>\n\t\t\t\t<\/div>","protected":false},"excerpt":{"rendered":"<p>WooCommerce Product Add-ons\u200b Capture your customers\u2019 personalized product add-on details directly in the FooSales POS apps Capture your customers personalization [&hellip;]<\/p>\n","protected":false},"author":68,"featured_media":0,"parent":17892,"menu_order":0,"comment_status":"closed","ping_status":"closed","template":"","meta":{"site-sidebar-layout":"no-sidebar","site-content-layout":"page-builder","ast-site-content-layout":"normal-width-container","site-content-style":"default","site-sidebar-style":"default","ast-global-header-display":"","ast-banner-title-visibility":"","ast-main-header-display":"","ast-hfb-above-header-display":"","ast-hfb-below-header-display":"","ast-hfb-mobile-header-display":"","site-post-title":"disabled","ast-breadcrumbs-content":"","ast-featured-img":"disabled","footer-sml-layout":"","ast-disable-related-posts":"","theme-transparent-header-meta":"default","adv-header-id-meta":"","stick-header-meta":"default","header-above-stick-meta":"","header-main-stick-meta":"","header-below-stick-meta":"","astra-migrate-meta-layouts":"set","ast-page-background-enabled":"default","ast-page-background-meta":{"desktop":{"background-color":"","background-image":"","background-repeat":"repeat","background-position":"center center","background-size":"auto","background-attachment":"scroll","background-type":"","background-media":"","overlay-type":"","overlay-color":"","overlay-opacity":"","overlay-gradient":""},"tablet":{"background-color":"","background-image":"","background-repeat":"repeat","background-position":"center center","background-size":"auto","background-attachment":"scroll","background-type":"","background-media":"","overlay-type":"","overlay-color":"","overlay-opacity":"","overlay-gradient":""},"mobile":{"background-color":"","background-image":"","background-repeat":"repeat","background-position":"center center","background-size":"auto","background-attachment":"scroll","background-type":"","background-media":"","overlay-type":"","overlay-color":"","overlay-opacity":"","overlay-gradient":""}},"ast-content-background-meta":{"desktop":{"background-color":"var(--ast-global-color-5)","background-image":"","background-repeat":"repeat","background-position":"center center","background-size":"auto","background-attachment":"scroll","background-type":"","background-media":"","overlay-type":"","overlay-color":"","overlay-opacity":"","overlay-gradient":""},"tablet":{"background-color":"var(--ast-global-color-5)","background-image":"","background-repeat":"repeat","background-position":"center center","background-size":"auto","background-attachment":"scroll","background-type":"","background-media":"","overlay-type":"","overlay-color":"","overlay-opacity":"","overlay-gradient":""},"mobile":{"background-color":"var(--ast-global-color-5)","background-image":"","background-repeat":"repeat","background-position":"center center","background-size":"auto","background-attachment":"scroll","background-type":"","background-media":"","overlay-type":"","overlay-color":"","overlay-opacity":"","overlay-gradient":""}},"footnotes":""},"class_list":["post-183324","page","type-page","status-publish","hentry"],"_links":{"self":[{"href":"https:\/\/www.foosales.com\/pt\/wp-json\/wp\/v2\/pages\/183324","targetHints":{"allow":["GET"]}}],"collection":[{"href":"https:\/\/www.foosales.com\/pt\/wp-json\/wp\/v2\/pages"}],"about":[{"href":"https:\/\/www.foosales.com\/pt\/wp-json\/wp\/v2\/types\/page"}],"author":[{"embeddable":true,"href":"https:\/\/www.foosales.com\/pt\/wp-json\/wp\/v2\/users\/68"}],"replies":[{"embeddable":true,"href":"https:\/\/www.foosales.com\/pt\/wp-json\/wp\/v2\/comments?post=183324"}],"version-history":[{"count":10,"href":"https:\/\/www.foosales.com\/pt\/wp-json\/wp\/v2\/pages\/183324\/revisions"}],"predecessor-version":[{"id":185551,"href":"https:\/\/www.foosales.com\/pt\/wp-json\/wp\/v2\/pages\/183324\/revisions\/185551"}],"up":[{"embeddable":true,"href":"https:\/\/www.foosales.com\/pt\/wp-json\/wp\/v2\/pages\/17892"}],"wp:attachment":[{"href":"https:\/\/www.foosales.com\/pt\/wp-json\/wp\/v2\/media?parent=183324"}],"curies":[{"name":"wp","href":"https:\/\/api.w.org\/{rel}","templated":true}]}}