{"id":18542,"date":"2018-06-04T04:02:48","date_gmt":"2018-06-04T10:02:48","guid":{"rendered":"https:\/\/foosales.com\/?page_id=18542"},"modified":"2024-09-09T13:50:36","modified_gmt":"2024-09-09T20:50:36","slug":"privacidade-do-plugin","status":"publish","type":"page","link":"https:\/\/www.foosales.com\/pt\/plugin-privacy\/","title":{"rendered":"Pol\u00edtica de privacidade do plugin FooSales"},"content":{"rendered":"<div data-elementor-type=\"wp-page\" data-elementor-id=\"18542\" class=\"elementor elementor-18542\" data-elementor-post-type=\"page\">\n\t\t\t\t\t\t<section class=\"elementor-section elementor-top-section elementor-element elementor-element-3a603702 elementor-section-boxed elementor-section-height-default elementor-section-height-default\" data-id=\"3a603702\" data-element_type=\"section\" data-e-type=\"section\">\n\t\t\t\t\t\t<div class=\"elementor-container elementor-column-gap-default\">\n\t\t\t\t\t<div class=\"elementor-column elementor-col-100 elementor-top-column elementor-element elementor-element-9300ef8\" data-id=\"9300ef8\" data-element_type=\"column\" data-e-type=\"column\">\n\t\t\t<div class=\"elementor-widget-wrap elementor-element-populated\">\n\t\t\t\t\t\t<div class=\"elementor-element elementor-element-664944af elementor-widget elementor-widget-text-editor\" data-id=\"664944af\" data-element_type=\"widget\" data-e-type=\"widget\" data-widget_type=\"text-editor.default\">\n\t\t\t\t<div class=\"elementor-widget-container\">\n\t\t\t\t\t\t\t\t\t<h1>FooSales WP Plugin Pol\u00edtica de privacidade<\/h1><p><em>\u00daltima atualiza\u00e7\u00e3o: 9 de setembro de 2024<\/em><\/p><h2><span style=\"font-size: 30px; font-weight: normal; font-family: var( --e-global-typography-text-font-family ), Sans-serif;\">Como o FooSales armazena os dados<\/span><span style=\"font-size: 1.875rem; font-style: normal; font-weight: normal; font-family: var( --e-global-typography-text-font-family ), Sans-serif;\">:<\/span><\/h2><h3 style=\"font-style: normal;\">Base de dados<\/h3><p><span style=\"font-weight: 400;\">O FooSales utiliza minimamente os dados armazenados na base de dados WooCommerce do cliente. O FooSales adiciona informa\u00e7\u00f5es b\u00e1sicas ao banco de dados do WooCommerce na forma de metadados de postagem personalizados para distinguir os pedidos que foram processados pelo FooSales, juntamente com o m\u00e9todo de pagamento usado. Nenhum detalhe do cart\u00e3o de cr\u00e9dito do cliente ou outros dados sens\u00edveis de pagamento s\u00e3o transmitidos ou armazenados.<\/span><\/p><h3><span style=\"font-weight: 400;\">Aplica\u00e7\u00f5es<\/span><\/h3><p><span style=\"font-weight: 400;\">O <\/span><span style=\"font-weight: 400;\">Aplica\u00e7\u00f5es de ponto de venda FooSales (POS)<\/span><span style=\"font-weight: 400;\"> utilizam uma API REST personalizada para comunicar de forma segura com o plugin FooSales, a fim de obter informa\u00e7\u00f5es sobre clientes e encomendas, bem como processar vendas. Os dados que s\u00e3o transferidos entre o plugin FooSales e as aplica\u00e7\u00f5es incluem dados de encomendas, produtos e compradores. Esses dados s\u00e3o armazenados em cache no dispositivo que executa o aplicativo FooSales para acelerar o tempo de carregamento inicial. Para remover esses dados armazenados em cache, basta desconectar o aplicativo FooSales da sua loja tocando no bot\u00e3o\u00a0<\/span><b>Desligar<\/b>\u00a0no ecr\u00e3 Defini\u00e7\u00f5es ou <b>desinstalar<\/b> a aplica\u00e7\u00e3o FooSales a partir do seu dispositivo.<\/p><h3 style=\"font-style: normal;\"><span style=\"font-size: 25px; font-weight: 400;\">Processamento de pagamentos<\/span><\/h3><p style=\"font-size: 16px; font-style: normal; font-weight: 400;\"><span style=\"font-size: 16px; font-weight: 400;\">O FooSales integra-se com o hardware Square e Stripe para processar pagamentos com cart\u00e3o usando seus kits de desenvolvimento nativos. Embora todo o processamento do cart\u00e3o e o trabalho pesado sejam gerenciados com seguran\u00e7a pelo Square e Stripe fora do FooSales, o total do pedido e a descri\u00e7\u00e3o dos itens que foram comprados s\u00e3o enviados para sua conta Square e\/ou Stripe para processar o pagamento.<\/span><\/p><h3><span style=\"font-weight: 400;\">An\u00e1lise de encomendas<\/span><\/h3><p><span style=\"font-weight: 400;\">O FooSales est\u00e1 empenhado em partilhar tend\u00eancias e conhecimentos interessantes com os clientes e a comunidade WordPress\/WooCommerce em geral, com base nos dados agregados dos clientes. <\/span>Se o <b>an\u00e1lise de encomendas<\/b> est\u00e1 activada no plugin FooSales<span style=\"font-size: 16px; font-weight: 400; color: var( --e-global-color-text ); font-family: var( --e-global-typography-text-font-family ), Sans-serif;\">No caso de uma encomenda efectuada atrav\u00e9s das aplica\u00e7\u00f5es FooSales, recolheremos anonimamente os seguintes dados n\u00e3o sens\u00edveis<\/span><\/p><ul><li style=\"font-size: 16px;\"><span style=\"font-size: 16px; font-weight: 400;\"><span style=\"font-size: 16px; font-weight: bold;\"><span style=\"font-size: 16px; font-style: normal; font-weight: bold; color: var( --e-global-color-text ); font-family: var( --e-global-typography-text-font-family ), Sans-serif;\">Carimbo de data\/hora<\/span><span style=\"font-size: 16px; font-style: normal; font-weight: 400; color: var( --e-global-color-text ); font-family: var( --e-global-typography-text-font-family ), Sans-serif;\">\u00a0(gerado automaticamente)<\/span><br \/><\/span><\/span><\/li><li style=\"font-size: 16px;\"><span style=\"font-size: 16px; font-weight: 400;\"><span style=\"font-size: 16px; font-weight: bold;\">Tecla de agrupamento\u00a0<\/span><\/span>(cadeia gerada aleatoriamente para agrupar anonimamente as encomendas)<\/li><li><span style=\"font-weight: 400;\"><strong>Plataforma<\/strong> (Web, iOS, Android)<\/span><\/li><li><span style=\"font-weight: 400;\"><strong>Pa\u00eds<\/strong> (c\u00f3digo abreviado do pa\u00eds)<\/span><\/li><li><span style=\"font-weight: 400;\"><strong>Moeda<\/strong> (c\u00f3digo abreviado da moeda)<\/span><\/li><li><span style=\"font-weight: 400;\"><strong>M\u00e9todo de pagamento<\/strong> (m\u00e9todo de pagamento utilizado na encomenda)<\/span><\/li><li><span style=\"font-weight: 400;\"><strong>Sector<\/strong> (apenas se tiver optado por partilhar informa\u00e7\u00f5es sobre o sector\/categoria com o WooCommerce)<\/span><\/li><li style=\"font-size: 16px;\"><span style=\"font-size: 16px; font-weight: 400;\"><span style=\"font-size: 16px; font-weight: bold;\">Contagem de itens<\/span>\u00a0(n\u00famero total de rubricas inclu\u00eddas na encomenda)<\/span><\/li><li style=\"font-size: 16px;\"><span style=\"font-size: 16px; font-weight: 400;\"><span style=\"font-size: 16px; font-weight: bold;\">Quantidade total<\/span>\u00a0(quantidade total de artigos inclu\u00eddos na encomenda)<\/span><\/li><li><span style=\"font-weight: 400;\"><strong>Total da encomenda<\/strong> (total da encomenda na moeda selecionada pela loja, por exemplo, CAD 10,00)<\/span><\/li><li><span style=\"font-weight: 400;\"><strong>Total da encomenda em USD<\/strong> (total da encomenda convertido para o montante equivalente em USD, por exemplo, USD 8,07)\u00a0<\/span><\/li><\/ul><h3><span style=\"font-weight: 400;\">Emails<\/span><\/h3><p><span style=\"font-weight: 400;\">Os pedidos processados pelos aplicativos FooSales POS acionar\u00e3o a funcionalidade padr\u00e3o de pedidos por e-mail do WooCommerce. Se esta op\u00e7\u00e3o estiver habilitada, o e-mail \"Pedido de novo cliente\" do WooCommerce ser\u00e1 enviado para os endere\u00e7os de e-mail especificados na op\u00e7\u00e3o <strong>WooCommerce<\/strong> &gt; <strong>Defini\u00e7\u00f5es<\/strong><\/span><span style=\"font-size: 16px; font-style: normal; font-weight: 400; color: var( --e-global-color-text ); font-family: var( --e-global-typography-text-font-family ), Sans-serif;\">\u00a0<\/span><span style=\"font-size: 16px; font-style: normal; font-weight: 400; color: var( --e-global-color-text ); font-family: var( --e-global-typography-text-font-family ), Sans-serif;\">&gt;<\/span><span style=\"font-size: 16px; font-style: normal; font-weight: 400; color: var( --e-global-color-text ); font-family: var( --e-global-typography-text-font-family ), Sans-serif;\">\u00a0<\/span><strong style=\"font-size: 16px; color: var( --e-global-color-text ); font-family: var( --e-global-typography-text-font-family ), Sans-serif;\">Emails<\/strong><span style=\"font-size: 16px; font-weight: 400; color: var( --e-global-color-text ); font-family: var( --e-global-typography-text-font-family ), Sans-serif;\"> op\u00e7\u00f5es. Os dados predefinidos neste e-mail incluem detalhes da encomenda e do artigo, bem como dados do cliente. Uma vez enviada uma mensagem de correio eletr\u00f3nico \"Nova encomenda de cliente\", esta ser\u00e1 guardada indefinidamente no servidor de correio eletr\u00f3nico do administrador do s\u00edtio Web, em fun\u00e7\u00e3o do(s) endere\u00e7o(s) de correio eletr\u00f3nico especificado(s) nas defini\u00e7\u00f5es do WooCommerce.<\/span><\/p><h2>Como remover dados:<\/h2><div><h3 style=\"font-style: normal;\">Remo\u00e7\u00e3o de ordens<\/h3><\/div><ol><li><span style=\"font-weight: 400;\">Navegar para <\/span><b>WooCommerce<\/b><span style=\"font-weight: 400;\"> &gt; <\/span><b>Encomendas<\/b><span style=\"font-weight: 400;\"> na sua \u00e1rea de administra\u00e7\u00e3o do WordPress<\/span><\/li><li style=\"font-weight: 400;\"><span style=\"font-weight: 400;\">Destacar a(s) encomenda(s) que deve(m) ser eliminada(s)<\/span><\/li><li style=\"font-weight: 400;\"><span style=\"font-weight: 400;\">Seleccione \"Mover para o contentor\" nas ac\u00e7\u00f5es em massa e clique em \"Aplicar\"<\/span><\/li><li style=\"font-weight: 400;\"><span style=\"font-weight: 400;\">Navegar para a ordem \"Bin\"<\/span><\/li><li style=\"font-weight: 400;\"><span style=\"font-weight: 400;\">Assinalar a(s) ordem(ns) que deve(m) ser eliminada(s)<\/span><\/li><li style=\"font-weight: 400;\"><span style=\"font-weight: 400;\">Seleccione \"Eliminar permanentemente\" nas ac\u00e7\u00f5es em massa e clique em \"Aplicar\"<\/span><\/li><\/ol><h3><span style=\"font-weight: 400;\">Remo\u00e7\u00e3o de op\u00e7\u00f5es e defini\u00e7\u00f5es de plug-ins<\/span><\/h3><p><span style=\"font-weight: 400;\">Para remover todas as op\u00e7\u00f5es e configura\u00e7\u00f5es do FooSales, basta desativar e desinstalar os plugins. Os plugins remover\u00e3o automaticamente todas as op\u00e7\u00f5es e configura\u00e7\u00f5es do banco de dados durante o processo de desinstala\u00e7\u00e3o.<\/span><\/p><h3><span style=\"font-weight: 400;\">Removendo todos os arquivos FooSales<\/span><\/h3><ol><li style=\"font-weight: 400;\"><span style=\"font-weight: 400;\">Desativar e desinstalar os plugins de acordo com as instru\u00e7\u00f5es acima (Remover op\u00e7\u00f5es e defini\u00e7\u00f5es de plugins)<\/span><\/li><li style=\"font-weight: 400;\"><span style=\"font-weight: 400;\">Ligue-se ao seu servidor Web atrav\u00e9s de um cliente FTP e navegue at\u00e9 '<\/span><i><span style=\"font-weight: 400;\">wp-content\/plugins<\/span><\/i><span style=\"font-weight: 400;\">' no diret\u00f3rio WordPress. Certifique-se de que todos os diret\u00f3rios de plugins do FooSales foram apagados.<\/span><\/li><\/ol><h3><span style=\"font-weight: 400;\">Fun\u00e7\u00f5es, capacidades e permiss\u00f5es do utilizador:<\/span><\/h3><p><span style=\"font-weight: 400;\">O FooSales faz uso extensivo da fun\u00e7\u00e3o de usu\u00e1rio do WordPress e da funcionalidade de capacidade para garantir melhor privacidade. Por padr\u00e3o, apenas usu\u00e1rios com a fun\u00e7\u00e3o de \"Administrador\" ter\u00e3o acesso a todos os recursos do FooSales. Se voc\u00ea precisar de uma fun\u00e7\u00e3o adicional para ter acesso a recursos espec\u00edficos do FooSales, ser\u00e1 necess\u00e1rio atribuir recursos a essa fun\u00e7\u00e3o usando um plugin gratuito do WordPress de terceiros.<\/span><\/p><p><span style=\"font-weight: 400;\">Eis os passos necess\u00e1rios para o fazer:<\/span><\/p><ol><li style=\"font-weight: 400;\"><span style=\"font-weight: 400;\">Entre na sua \u00e1rea de administra\u00e7\u00e3o do WordPress e instale e active o <\/span><b>Editor de fun\u00e7\u00f5es de utilizador<\/b><span style=\"font-weight: 400;\"> plugin: <\/span><a href=\"https:\/\/wordpress.org\/plugins\/user-role-editor\/\" rel=\"noopener\"><span style=\"font-weight: 400;\">https:\/\/wordpress.org\/plugins\/user-role-editor\/<\/span><\/a><\/li><li><span style=\"font-weight: 400;\">Navegar para <\/span><b>Utilizadores<\/b><span style=\"font-weight: 400;\"> &gt; <\/span><b>Editor de fun\u00e7\u00f5es de utilizador<\/b><\/li><li style=\"font-weight: 400;\"><span style=\"font-weight: 400;\">Seleccione a fun\u00e7\u00e3o de utilizador que necessita de acesso a funcionalidades espec\u00edficas do FooSales na op\u00e7\u00e3o \"Select Role and change its capabilities\" (Selecionar fun\u00e7\u00e3o e alterar as suas capacidades)<\/span><\/li><li style=\"font-weight: 400;\"><span style=\"font-weight: 400;\">Introduzir o termo \"foosales\" na caixa de texto do filtro r\u00e1pido<\/span><\/li><li style=\"font-weight: 400;\"><span style=\"font-weight: 400;\">Marque cada um dos itens destacados (basicamente, todas as op\u00e7\u00f5es que t\u00eam o sufixo \"foosales\")<\/span><\/li><li><span style=\"font-weight: 400;\">Clique no bot\u00e3o \"Atualizar\", \u00e0 direita<\/span><\/li><\/ol>\t\t\t\t\t\t\t\t<\/div>\n\t\t\t\t<\/div>\n\t\t\t\t\t<\/div>\n\t\t<\/div>\n\t\t\t\t\t<\/div>\n\t\t<\/section>\n\t\t\t\t<\/div>","protected":false},"excerpt":{"rendered":"<p>FooSales WP Plugin Privacy Policy Last Updated: 9 September 2024 How FooSales Stores Data: Database FooSales makes minimal use of [&hellip;]<\/p>\n","protected":false},"author":1,"featured_media":0,"parent":0,"menu_order":100,"comment_status":"closed","ping_status":"closed","template":"elementor_header_footer","meta":{"site-sidebar-layout":"default","site-content-layout":"default","ast-site-content-layout":"default","site-content-style":"default","site-sidebar-style":"default","ast-global-header-display":"","ast-banner-title-visibility":"","ast-main-header-display":"","ast-hfb-above-header-display":"","ast-hfb-below-header-display":"","ast-hfb-mobile-header-display":"","site-post-title":"","ast-breadcrumbs-content":"","ast-featured-img":"","footer-sml-layout":"","ast-disable-related-posts":"","theme-transparent-header-meta":"default","adv-header-id-meta":"","stick-header-meta":"default","header-above-stick-meta":"","header-main-stick-meta":"","header-below-stick-meta":"","astra-migrate-meta-layouts":"default","ast-page-background-enabled":"default","ast-page-background-meta":{"desktop":{"background-color":"","background-image":"","background-repeat":"repeat","background-position":"center center","background-size":"auto","background-attachment":"scroll","background-type":"","background-media":"","overlay-type":"","overlay-color":"","overlay-opacity":"","overlay-gradient":""},"tablet":{"background-color":"","background-image":"","background-repeat":"repeat","background-position":"center center","background-size":"auto","background-attachment":"scroll","background-type":"","background-media":"","overlay-type":"","overlay-color":"","overlay-opacity":"","overlay-gradient":""},"mobile":{"background-color":"","background-image":"","background-repeat":"repeat","background-position":"center center","background-size":"auto","background-attachment":"scroll","background-type":"","background-media":"","overlay-type":"","overlay-color":"","overlay-opacity":"","overlay-gradient":""}},"ast-content-background-meta":{"desktop":{"background-color":"var(--ast-global-color-5)","background-image":"","background-repeat":"repeat","background-position":"center center","background-size":"auto","background-attachment":"scroll","background-type":"","background-media":"","overlay-type":"","overlay-color":"","overlay-opacity":"","overlay-gradient":""},"tablet":{"background-color":"var(--ast-global-color-5)","background-image":"","background-repeat":"repeat","background-position":"center center","background-size":"auto","background-attachment":"scroll","background-type":"","background-media":"","overlay-type":"","overlay-color":"","overlay-opacity":"","overlay-gradient":""},"mobile":{"background-color":"var(--ast-global-color-5)","background-image":"","background-repeat":"repeat","background-position":"center center","background-size":"auto","background-attachment":"scroll","background-type":"","background-media":"","overlay-type":"","overlay-color":"","overlay-opacity":"","overlay-gradient":""}},"footnotes":""},"class_list":["post-18542","page","type-page","status-publish","hentry"],"_links":{"self":[{"href":"https:\/\/www.foosales.com\/pt\/wp-json\/wp\/v2\/pages\/18542","targetHints":{"allow":["GET"]}}],"collection":[{"href":"https:\/\/www.foosales.com\/pt\/wp-json\/wp\/v2\/pages"}],"about":[{"href":"https:\/\/www.foosales.com\/pt\/wp-json\/wp\/v2\/types\/page"}],"author":[{"embeddable":true,"href":"https:\/\/www.foosales.com\/pt\/wp-json\/wp\/v2\/users\/1"}],"replies":[{"embeddable":true,"href":"https:\/\/www.foosales.com\/pt\/wp-json\/wp\/v2\/comments?post=18542"}],"version-history":[{"count":0,"href":"https:\/\/www.foosales.com\/pt\/wp-json\/wp\/v2\/pages\/18542\/revisions"}],"wp:attachment":[{"href":"https:\/\/www.foosales.com\/pt\/wp-json\/wp\/v2\/media?parent=18542"}],"curies":[{"name":"wp","href":"https:\/\/api.w.org\/{rel}","templated":true}]}}