{"id":20121,"date":"2019-03-04T14:25:37","date_gmt":"2019-03-04T21:25:37","guid":{"rendered":"https:\/\/foosales.com\/?page_id=20121"},"modified":"2025-01-21T15:15:01","modified_gmt":"2025-01-21T23:15:01","slug":"guia-de-iniciacao-ao-comercio-eletronico","status":"publish","type":"page","link":"https:\/\/www.foosales.com\/pt\/promo\/ecommerce-starter-guide\/","title":{"rendered":"O guia para iniciantes no com\u00e9rcio eletr\u00f3nico"},"content":{"rendered":"<div data-elementor-type=\"wp-page\" data-elementor-id=\"20121\" class=\"elementor elementor-20121\" data-elementor-post-type=\"page\">\n\t\t\t\t\t\t<section class=\"elementor-section elementor-top-section elementor-element elementor-element-9022c18 elementor-section-boxed elementor-section-height-default elementor-section-height-default\" data-id=\"9022c18\" data-element_type=\"section\" data-e-type=\"section\">\n\t\t\t\t\t\t<div class=\"elementor-container elementor-column-gap-default\">\n\t\t\t\t\t<div class=\"elementor-column elementor-col-50 elementor-top-column elementor-element elementor-element-7f21192\" data-id=\"7f21192\" data-element_type=\"column\" data-e-type=\"column\">\n\t\t\t<div class=\"elementor-widget-wrap elementor-element-populated\">\n\t\t\t\t\t\t<div class=\"elementor-element elementor-element-b8b27f8 elementor-widget elementor-widget-image\" data-id=\"b8b27f8\" data-element_type=\"widget\" data-e-type=\"widget\" data-widget_type=\"image.default\">\n\t\t\t\t<div class=\"elementor-widget-container\">\n\t\t\t\t\t\t\t\t\t\t\t\t\t\t\t<img fetchpriority=\"high\" decoding=\"async\" width=\"724\" height=\"1024\" src=\"https:\/\/www.foosales.com\/wp-content\/uploads\/2019\/03\/The-Ecommerce-Starter-Guide-724x1024.png\" class=\"attachment-large size-large wp-image-20793\" alt=\"\" srcset=\"https:\/\/www.foosales.com\/wp-content\/uploads\/2019\/03\/The-Ecommerce-Starter-Guide-724x1024.png 724w, https:\/\/www.foosales.com\/wp-content\/uploads\/2019\/03\/The-Ecommerce-Starter-Guide-600x849.png 600w, https:\/\/www.foosales.com\/wp-content\/uploads\/2019\/03\/The-Ecommerce-Starter-Guide-212x300.png 212w, https:\/\/www.foosales.com\/wp-content\/uploads\/2019\/03\/The-Ecommerce-Starter-Guide-768x1087.png 768w, https:\/\/www.foosales.com\/wp-content\/uploads\/2019\/03\/The-Ecommerce-Starter-Guide.png 800w\" sizes=\"(max-width: 724px) 100vw, 724px\" title=\"\">\t\t\t\t\t\t\t\t\t\t\t\t\t\t\t<\/div>\n\t\t\t\t<\/div>\n\t\t\t\t\t<\/div>\n\t\t<\/div>\n\t\t\t\t<div class=\"elementor-column elementor-col-50 elementor-top-column elementor-element elementor-element-fb39e62\" data-id=\"fb39e62\" data-element_type=\"column\" data-e-type=\"column\">\n\t\t\t<div class=\"elementor-widget-wrap elementor-element-populated\">\n\t\t\t\t\t\t<div class=\"elementor-element elementor-element-c7270a8 elementor-widget elementor-widget-heading\" data-id=\"c7270a8\" data-element_type=\"widget\" data-e-type=\"widget\" data-widget_type=\"heading.default\">\n\t\t\t\t<div class=\"elementor-widget-container\">\n\t\t\t\t\t<h2 class=\"elementor-heading-title elementor-size-xxl\">O guia para iniciantes no com\u00e9rcio eletr\u00f3nico\n<\/h2>\t\t\t\t<\/div>\n\t\t\t\t<\/div>\n\t\t\t\t<div class=\"elementor-element elementor-element-9d58894 elementor-widget elementor-widget-heading\" data-id=\"9d58894\" data-element_type=\"widget\" data-e-type=\"widget\" data-widget_type=\"heading.default\">\n\t\t\t\t<div class=\"elementor-widget-container\">\n\t\t\t\t\t<h3 class=\"elementor-heading-title elementor-size-default\">Por Robin Pietersen e Colin Daniels, co-fundadores do FooSales.<\/h3>\t\t\t\t<\/div>\n\t\t\t\t<\/div>\n\t\t\t\t<div class=\"elementor-element elementor-element-1d0c048 elementor-widget elementor-widget-text-editor\" data-id=\"1d0c048\" data-element_type=\"widget\" data-e-type=\"widget\" data-widget_type=\"text-editor.default\">\n\t\t\t\t<div class=\"elementor-widget-container\">\n\t\t\t\t\t\t\t\t\t<p>J\u00e1 alguma vez sonhou em ser o seu pr\u00f3prio patr\u00e3o e alcan\u00e7ar a liberdade financeira? Ou talvez j\u00e1 tenha uma loja f\u00edsica e gostaria de come\u00e7ar a vender online, mas n\u00e3o sabe como come\u00e7ar? Gra\u00e7as \u00e0 Internet e ao aparecimento do com\u00e9rcio eletr\u00f3nico, a forma como as pessoas fazem neg\u00f3cios mudou para sempre. O Guia de Inicia\u00e7\u00e3o ao Com\u00e9rcio Eletr\u00f3nico GRATUITO ir\u00e1 fornecer-lhe uma compreens\u00e3o s\u00f3lida, mas n\u00e3o intimidante, do com\u00e9rcio eletr\u00f3nico, incluindo todas as ferramentas e passos pr\u00e1ticos que o ajudar\u00e3o a construir uma loja online de sucesso e a atingir os seus objectivos.<\/p>\t\t\t\t\t\t\t\t<\/div>\n\t\t\t\t<\/div>\n\t\t\t\t<div class=\"elementor-element elementor-element-ab91f74 elementor-widget elementor-widget-text-editor\" data-id=\"ab91f74\" data-element_type=\"widget\" data-e-type=\"widget\" data-widget_type=\"text-editor.default\">\n\t\t\t\t<div class=\"elementor-widget-container\">\n\t\t\t\t\t\t\t\t\t<h3>Introduza os seus dados abaixo e enviar-lhe-emos imediatamente uma liga\u00e7\u00e3o para descarregar!<\/h3>\n<p>                    <script type=\"text\/javascript\">\n                        var onloadSibCallback = function () {\n                            jQuery('.g-recaptcha').each(function (index, el) {\n                                grecaptcha.render(el, {\n                                    'sitekey': jQuery(el).attr('data-sitekey')\n                                });\n                            });\n                        };\n                    <\/script>\n\t\t\t\t\t                <script src=\"https:\/\/www.google.com\/recaptcha\/api.js?onload=onloadSibCallback&#038;render=explicit\" async defer><\/script>\n\t\t\t\t\n\t\t\t<form id=\"sib_signup_form_2\" method=\"post\" class=\"sib_signup_form\" action=\"\">\n\t\t\t\t<div class=\"sib_loader\" style=\"display:none;\"><img\n\t\t\t\t\t\t\tsrc=\"https:\/\/www.foosales.com\/wp-includes\/images\/spinner.gif\" alt=\"carregador\"><\/div>\n\t\t\t\t<input type=\"hidden\" name=\"sib_form_action\" value=\"subscribe_form_submit\">\n\t\t\t\t<input type=\"hidden\" name=\"sib_form_id\" value=\"2\">\n                <input type=\"hidden\" name=\"sib_form_alert_notice\" value=\"Please complete all the required fields.\">\n                <input type=\"hidden\" name=\"sib_form_invalid_email_notice\" value=\"Your email address is invalid.\">\n                <input type=\"hidden\" name=\"sib_security\" value=\"3ba517e1a2\">\n\t\t\t\t<div class=\"sib_signup_box_inside_2\">\n\t\t\t\t\t<div style=\"\/*display:none*\/\" class=\"sib_msg_disp\">\n\t\t\t\t\t<\/div>\n                    \t\t\t\t\t<p class=\"sib-FIRSTNAME-area\">\r\n    <input type=\"text\" class=\"sib-FIRSTNAME-area\" name=\"FIRSTNAME\" placeholder=\"Nome pr\u00f3prio*\" required=\"required\" \/>\r\n<\/p>\r\n\r\n<p class=\"sib-LASTNAME-area\">\r\n   <input type=\"text\" class=\"sib-LASTNAME-area\" name=\"LASTNAME\" placeholder=\"Apelido*\" required=\"required\" \/>\r\n<\/p>\r\n\r\n<p class=\"sib-EMAIL-area\">\r\n   <input type=\"email\" class=\"sib-EMAIL-area\" name=\"email\" placeholder=\"Endere\u00e7o de correio eletr\u00f3nico*\" required=\"required\" \/>\r\n<\/p>\r\n\r\n<p class=\"sib-multi-lists-area\">\r\n\r\n<div class=\"sib-multi-lists\" data-require=\"\">\r\n\r\n<div class=\"checkbox-wrapper\">\r\n\r\n <input type=\"checkbox\" class=\"sib-interesting-lists\" value=\"10\" name=\"listIDs[]\" id=\"updatesCheckbox\" \/>\r\n <label for=\"checkbox1\" class=\"list_text\">Quero receber not\u00edcias e promo\u00e7\u00f5es do FooSales<\/label><br \/>\r\n\r\n<\/div>\r\n\r\n<\/div>\r\n\r\n<div class=\"checkbox-wrapper\">\r\n\r\n<input type=\"checkbox\" class=\"sib-interesting-lists\" name=\"terms\" required=\"required\">\r\n\r\n  <label for=\"checkbox2\" class=\"list_text\">Concordo em receber uma mensagem de correio eletr\u00f3nico com a liga\u00e7\u00e3o de descarregamento e aceito os <a href=\"https:\/\/www.foosales.com\/pt\/declaracao-de-privacidade-nos\/?cmplz_region_redirect=true\" target=\"_blank\">Declara\u00e7\u00e3o de privacidade do FooSales<\/a>*<\/label>\r\n<\/div>\r\n\r\n<\/p>\r\n\r\n<p>\r\n    <input type=\"submit\" class=\"sib-default-btn\" value=\"Enviar liga\u00e7\u00e3o do livro eletr\u00f3nico\">\r\n<\/p>\r\n\r\n<div id=\"sib_captcha\" class=\"g-recaptcha\" data-sitekey=\"6LfYac0fAAAAACLODiHr4TqvjLQpzvFKdXdnJkH4\"><\/div>\r\n<p class=\"sib-CONSENT-area\"> \r\n<input type=\"hidden\" class=\"sib-CONSENT-area\" name=\"CONSENT\" value=\"1\">\r\n<\/p>\r\n\r\n<p class=\"sib-CONSENT-text\">Utilizamos a Brevo como plataforma de marketing. Ao enviar este formul\u00e1rio, o utilizador aceita que os dados pessoais que forneceu sejam transferidos para a Brevo para serem processados de acordo com <a href=\"https:\/\/www.brevo.com\/en\/legal\/privacypolicy\/\" target=\"_blank\" rel=\"nofollow noopener\">Pol\u00edtica de privacidade do Brevo<\/a>.<\/p>\r\n\t\t\t\t<\/div>\n\t\t\t<input type=\"hidden\" name=\"trp-form-language\" value=\"pt\"\/><\/form>\n\t\t\t<style>\n\t\t\t\tform#sib_signup_form_2 p.sib-alert-message {\n    padding: 6px 12px;\n    margin-bottom: 20px;\n    border: 1px solid transparent;\n    border-radius: 4px;\n    -webkit-box-sizing: border-box;\n    -moz-box-sizing: border-box;\n    box-sizing: border-box;\n}\nform#sib_signup_form_2 p.sib-alert-message-error {\n    background-color: #f2dede;\n    border-color: #ebccd1;\n    color: #a94442;\n}\nform#sib_signup_form_2 p.sib-alert-message-success {\n    background-color: #dff0d8;\n    border-color: #d6e9c6;\n    color: #3c763d;\n}\nform#sib_signup_form_2 p.sib-alert-message-warning {\n    background-color: #fcf8e3;\n    border-color: #faebcc;\n    color: #8a6d3b;\n}\n\t\t\t<\/style>\n\t\t\t<\/p>\n<p><script>\n  \/\/ Pre-check the checkbox\n  document.getElementById(\"updatesCheckbox\").checked = true;\n<\/script><\/p>\t\t\t\t\t\t\t\t<\/div>\n\t\t\t\t<\/div>\n\t\t\t\t\t<\/div>\n\t\t<\/div>\n\t\t\t\t\t<\/div>\n\t\t<\/section>\n\t\t\t\t<\/div>","protected":false},"excerpt":{"rendered":"<p>The Ecommerce Starter Guide By Robin Pietersen and Colin Daniels, FooSales co-founders. Have you ever dreamt of becoming your own [&hellip;]<\/p>\n","protected":false},"author":1,"featured_media":0,"parent":68689,"menu_order":0,"comment_status":"closed","ping_status":"closed","template":"elementor_header_footer","meta":{"site-sidebar-layout":"default","site-content-layout":"default","ast-site-content-layout":"default","site-content-style":"default","site-sidebar-style":"default","ast-global-header-display":"","ast-banner-title-visibility":"","ast-main-header-display":"","ast-hfb-above-header-display":"","ast-hfb-below-header-display":"","ast-hfb-mobile-header-display":"","site-post-title":"","ast-breadcrumbs-content":"","ast-featured-img":"","footer-sml-layout":"","ast-disable-related-posts":"","theme-transparent-header-meta":"default","adv-header-id-meta":"","stick-header-meta":"default","header-above-stick-meta":"","header-main-stick-meta":"","header-below-stick-meta":"","astra-migrate-meta-layouts":"set","ast-page-background-enabled":"default","ast-page-background-meta":{"desktop":{"background-color":"","background-image":"","background-repeat":"repeat","background-position":"center center","background-size":"auto","background-attachment":"scroll","background-type":"","background-media":"","overlay-type":"","overlay-color":"","overlay-opacity":"","overlay-gradient":""},"tablet":{"background-color":"","background-image":"","background-repeat":"repeat","background-position":"center center","background-size":"auto","background-attachment":"scroll","background-type":"","background-media":"","overlay-type":"","overlay-color":"","overlay-opacity":"","overlay-gradient":""},"mobile":{"background-color":"","background-image":"","background-repeat":"repeat","background-position":"center center","background-size":"auto","background-attachment":"scroll","background-type":"","background-media":"","overlay-type":"","overlay-color":"","overlay-opacity":"","overlay-gradient":""}},"ast-content-background-meta":{"desktop":{"background-color":"var(--ast-global-color-5)","background-image":"","background-repeat":"repeat","background-position":"center center","background-size":"auto","background-attachment":"scroll","background-type":"","background-media":"","overlay-type":"","overlay-color":"","overlay-opacity":"","overlay-gradient":""},"tablet":{"background-color":"var(--ast-global-color-5)","background-image":"","background-repeat":"repeat","background-position":"center center","background-size":"auto","background-attachment":"scroll","background-type":"","background-media":"","overlay-type":"","overlay-color":"","overlay-opacity":"","overlay-gradient":""},"mobile":{"background-color":"var(--ast-global-color-5)","background-image":"","background-repeat":"repeat","background-position":"center center","background-size":"auto","background-attachment":"scroll","background-type":"","background-media":"","overlay-type":"","overlay-color":"","overlay-opacity":"","overlay-gradient":""}},"footnotes":""},"class_list":["post-20121","page","type-page","status-publish","hentry"],"_links":{"self":[{"href":"https:\/\/www.foosales.com\/pt\/wp-json\/wp\/v2\/pages\/20121","targetHints":{"allow":["GET"]}}],"collection":[{"href":"https:\/\/www.foosales.com\/pt\/wp-json\/wp\/v2\/pages"}],"about":[{"href":"https:\/\/www.foosales.com\/pt\/wp-json\/wp\/v2\/types\/page"}],"author":[{"embeddable":true,"href":"https:\/\/www.foosales.com\/pt\/wp-json\/wp\/v2\/users\/1"}],"replies":[{"embeddable":true,"href":"https:\/\/www.foosales.com\/pt\/wp-json\/wp\/v2\/comments?post=20121"}],"version-history":[{"count":11,"href":"https:\/\/www.foosales.com\/pt\/wp-json\/wp\/v2\/pages\/20121\/revisions"}],"predecessor-version":[{"id":182260,"href":"https:\/\/www.foosales.com\/pt\/wp-json\/wp\/v2\/pages\/20121\/revisions\/182260"}],"up":[{"embeddable":true,"href":"https:\/\/www.foosales.com\/pt\/wp-json\/wp\/v2\/pages\/68689"}],"wp:attachment":[{"href":"https:\/\/www.foosales.com\/pt\/wp-json\/wp\/v2\/media?parent=20121"}],"curies":[{"name":"wp","href":"https:\/\/api.w.org\/{rel}","templated":true}]}}