{"id":20326,"date":"2019-02-08T22:11:14","date_gmt":"2019-02-09T05:11:14","guid":{"rendered":"https:\/\/foosales.com\/?page_id=20326"},"modified":"2025-12-16T14:37:03","modified_gmt":"2025-12-16T22:37:03","slug":"sobre","status":"publish","type":"page","link":"https:\/\/www.foosales.com\/pt\/about\/","title":{"rendered":"Sobre"},"content":{"rendered":"<div data-elementor-type=\"wp-page\" data-elementor-id=\"20326\" class=\"elementor elementor-20326\" data-elementor-post-type=\"page\">\n\t\t\t\t\t\t<section class=\"elementor-section elementor-top-section elementor-element elementor-element-a262e29 elementor-section-full_width elementor-section-height-default elementor-section-height-default\" data-id=\"a262e29\" data-element_type=\"section\" data-e-type=\"section\">\n\t\t\t\t\t\t<div class=\"elementor-container elementor-column-gap-default\">\n\t\t\t\t\t<div class=\"elementor-column elementor-col-16 elementor-top-column elementor-element elementor-element-10b5924\" data-id=\"10b5924\" data-element_type=\"column\" data-e-type=\"column\">\n\t\t\t<div class=\"elementor-widget-wrap\">\n\t\t\t\t\t\t\t<\/div>\n\t\t<\/div>\n\t\t\t\t<div class=\"elementor-column elementor-col-66 elementor-top-column elementor-element elementor-element-1aa6075\" data-id=\"1aa6075\" data-element_type=\"column\" data-e-type=\"column\">\n\t\t\t<div class=\"elementor-widget-wrap elementor-element-populated\">\n\t\t\t\t\t\t<div class=\"elementor-element elementor-element-3130bec elementor-widget elementor-widget-heading\" data-id=\"3130bec\" data-element_type=\"widget\" data-e-type=\"widget\" data-widget_type=\"heading.default\">\n\t\t\t\t<div class=\"elementor-widget-container\">\n\t\t\t\t\t<h2 class=\"elementor-heading-title elementor-size-xxl\">A hist\u00f3ria do FooSales<\/h2>\t\t\t\t<\/div>\n\t\t\t\t<\/div>\n\t\t\t\t<div class=\"elementor-element elementor-element-d55d8cb elementor-widget elementor-widget-heading\" data-id=\"d55d8cb\" data-element_type=\"widget\" data-e-type=\"widget\" data-widget_type=\"heading.default\">\n\t\t\t\t<div class=\"elementor-widget-container\">\n\t\t\t\t\t<h3 class=\"elementor-heading-title elementor-size-medium\">Aplicar a criatividade, pensar de forma diferente, criar ferramentas que ajudem as pessoas e colaborar com os nossos pares alimenta os nossos apetites curiosos e alimenta a nossa paix\u00e3o colectiva pelo que fazemos.\n<\/h3>\t\t\t\t<\/div>\n\t\t\t\t<\/div>\n\t\t\t\t\t<\/div>\n\t\t<\/div>\n\t\t\t\t<div class=\"elementor-column elementor-col-16 elementor-top-column elementor-element elementor-element-4c227a8\" data-id=\"4c227a8\" data-element_type=\"column\" data-e-type=\"column\">\n\t\t\t<div class=\"elementor-widget-wrap\">\n\t\t\t\t\t\t\t<\/div>\n\t\t<\/div>\n\t\t\t\t\t<\/div>\n\t\t<\/section>\n\t\t\t\t<section class=\"elementor-section elementor-top-section elementor-element elementor-element-e4a225a elementor-section-full_width elementor-section-height-default elementor-section-height-default\" data-id=\"e4a225a\" data-element_type=\"section\" data-e-type=\"section\">\n\t\t\t\t\t\t<div class=\"elementor-container elementor-column-gap-default\">\n\t\t\t\t\t<div class=\"elementor-column elementor-col-100 elementor-top-column elementor-element elementor-element-04c5048\" data-id=\"04c5048\" data-element_type=\"column\" data-e-type=\"column\">\n\t\t\t<div class=\"elementor-widget-wrap elementor-element-populated\">\n\t\t\t\t\t\t<div class=\"elementor-element elementor-element-1dbb24d elementor-widget__width-auto elementor-widget elementor-widget-image\" data-id=\"1dbb24d\" data-element_type=\"widget\" data-e-type=\"widget\" data-widget_type=\"image.default\">\n\t\t\t\t<div class=\"elementor-widget-container\">\n\t\t\t\t\t\t\t\t\t\t\t\t\t\t\t<img decoding=\"async\" width=\"200\" height=\"61\" src=\"https:\/\/www.foosales.com\/wp-content\/uploads\/2021\/01\/woocommerce-partner-1.png\" class=\"attachment-medium_large size-medium_large wp-image-69834\" alt=\"\" title=\"\">\t\t\t\t\t\t\t\t\t\t\t\t\t\t\t<\/div>\n\t\t\t\t<\/div>\n\t\t\t\t<div class=\"elementor-element elementor-element-a93f1db elementor-widget__width-auto elementor-widget elementor-widget-image\" data-id=\"a93f1db\" data-element_type=\"widget\" data-e-type=\"widget\" data-widget_type=\"image.default\">\n\t\t\t\t<div class=\"elementor-widget-container\">\n\t\t\t\t\t\t\t\t\t\t\t\t\t\t\t<img decoding=\"async\" width=\"150\" height=\"150\" src=\"https:\/\/www.foosales.com\/wp-content\/uploads\/2019\/08\/Silver-150x150.png\" class=\"attachment-thumbnail size-thumbnail wp-image-29067\" alt=\"\" srcset=\"https:\/\/www.foosales.com\/wp-content\/uploads\/2019\/08\/Silver-150x150.png 150w, https:\/\/www.foosales.com\/wp-content\/uploads\/2019\/08\/Silver-300x300.png 300w, https:\/\/www.foosales.com\/wp-content\/uploads\/2019\/08\/Silver-100x100.png 100w, https:\/\/www.foosales.com\/wp-content\/uploads\/2019\/08\/Silver-80x80.png 80w\" sizes=\"(max-width: 150px) 100vw, 150px\" title=\"\">\t\t\t\t\t\t\t\t\t\t\t\t\t\t\t<\/div>\n\t\t\t\t<\/div>\n\t\t\t\t<div class=\"elementor-element elementor-element-aa26823 elementor-widget__width-auto elementor-widget elementor-widget-image\" data-id=\"aa26823\" data-element_type=\"widget\" data-e-type=\"widget\" data-widget_type=\"image.default\">\n\t\t\t\t<div class=\"elementor-widget-container\">\n\t\t\t\t\t\t\t\t\t\t\t\t\t\t\t\t<a href=\"https:\/\/www.capterra.com\/p\/196706\/FooSales\/reviews\/\" rel=\"noopener\">\n\t\t\t\t\t\t\t<img decoding=\"async\" src=\"https:\/\/assets.capterra.com\/badge\/0f5338ac7c96f2445094c585c1207303.png?v=2137458&#038;p=196706\" title=\"\" alt=\"\" loading=\"lazy\">\t\t\t\t\t\t\t\t<\/a>\n\t\t\t\t\t\t\t\t\t\t\t\t\t\t\t<\/div>\n\t\t\t\t<\/div>\n\t\t\t\t<div class=\"elementor-element elementor-element-42a7c28 elementor-widget__width-auto elementor-widget elementor-widget-image\" data-id=\"42a7c28\" data-element_type=\"widget\" data-e-type=\"widget\" data-widget_type=\"image.default\">\n\t\t\t\t<div class=\"elementor-widget-container\">\n\t\t\t\t\t\t\t\t\t\t\t\t\t\t\t\t<a href=\"https:\/\/www.fooevents.com\/pt\/\" rel=\"noopener\">\n\t\t\t\t\t\t\t<img decoding=\"async\" width=\"284\" height=\"58\" src=\"https:\/\/www.foosales.com\/wp-content\/uploads\/2021\/02\/fe-logo-ret.png\" class=\"attachment-medium_large size-medium_large wp-image-71993\" alt=\"\" title=\"\">\t\t\t\t\t\t\t\t<\/a>\n\t\t\t\t\t\t\t\t\t\t\t\t\t\t\t<\/div>\n\t\t\t\t<\/div>\n\t\t\t\t\t<\/div>\n\t\t<\/div>\n\t\t\t\t\t<\/div>\n\t\t<\/section>\n\t\t\t\t<section class=\"elementor-section elementor-top-section elementor-element elementor-element-883fa91 elementor-section-full_width elementor-section-height-default elementor-section-height-default\" data-id=\"883fa91\" data-element_type=\"section\" data-e-type=\"section\">\n\t\t\t\t\t\t<div class=\"elementor-container elementor-column-gap-default\">\n\t\t\t\t\t<div class=\"elementor-column elementor-col-16 elementor-top-column elementor-element elementor-element-b96a469\" data-id=\"b96a469\" data-element_type=\"column\" data-e-type=\"column\">\n\t\t\t<div class=\"elementor-widget-wrap\">\n\t\t\t\t\t\t\t<\/div>\n\t\t<\/div>\n\t\t\t\t<div class=\"elementor-column elementor-col-66 elementor-top-column elementor-element elementor-element-40f75ee\" data-id=\"40f75ee\" data-element_type=\"column\" data-e-type=\"column\">\n\t\t\t<div class=\"elementor-widget-wrap elementor-element-populated\">\n\t\t\t\t\t\t<div class=\"elementor-element elementor-element-6d81d2c elementor-widget elementor-widget-heading\" data-id=\"6d81d2c\" data-element_type=\"widget\" data-e-type=\"widget\" data-widget_type=\"heading.default\">\n\t\t\t\t<div class=\"elementor-widget-container\">\n\t\t\t\t\t<h2 class=\"elementor-heading-title elementor-size-default\">Como \u00e9 que come\u00e7ou?<\/h2>\t\t\t\t<\/div>\n\t\t\t\t<\/div>\n\t\t\t\t<div class=\"elementor-element elementor-element-90ed73c elementor-widget elementor-widget-text-editor\" data-id=\"90ed73c\" data-element_type=\"widget\" data-e-type=\"widget\" data-widget_type=\"text-editor.default\">\n\t\t\t\t<div class=\"elementor-widget-container\">\n\t\t\t\t\t\t\t\t\t<p style=\"text-align: center;\">A ideia do FooSales\u2122 surgiu em 2016. Ao discutir novas ideias de produtos, identific\u00e1mos uma oportunidade para desenvolver um sistema de ponto de venda baseado em aplica\u00e7\u00e3o, criado nativamente para o WooCommerce.<\/p>\n<p style=\"text-align: center;\">Rapidamente descobrimos que havia uma raz\u00e3o para n\u00e3o ter sido feito antes, pois era um empreendimento enorme! Assumimos esse desafio monumental (com muitos contratempos \u00fanicos ao longo do caminho) e o FooSales finalmente foi lan\u00e7ado em 2018. Em um curto per\u00edodo de tempo, o FooSales cresceu significativamente e agora \u00e9 usado ativamente por milhares de clientes em todo o mundo.<\/p>\t\t\t\t\t\t\t\t<\/div>\n\t\t\t\t<\/div>\n\t\t\t\t<div class=\"elementor-element elementor-element-2ac4dc8 elementor-widget elementor-widget-heading\" data-id=\"2ac4dc8\" data-element_type=\"widget\" data-e-type=\"widget\" data-widget_type=\"heading.default\">\n\t\t\t\t<div class=\"elementor-widget-container\">\n\t\t\t\t\t<h2 class=\"elementor-heading-title elementor-size-default\">Quem somos n\u00f3s?<\/h2>\t\t\t\t<\/div>\n\t\t\t\t<\/div>\n\t\t\t\t<div class=\"elementor-element elementor-element-341dd71 elementor-widget elementor-widget-text-editor\" data-id=\"341dd71\" data-element_type=\"widget\" data-e-type=\"widget\" data-widget_type=\"text-editor.default\">\n\t\t\t\t<div class=\"elementor-widget-container\">\n\t\t\t\t\t\t\t\t\t<p><img loading=\"lazy\" decoding=\"async\" class=\"aligncenter wp-image-165949 size-large\" src=\"https:\/\/www.foosales.com\/wp-content\/uploads\/2023\/02\/fooevents-team-1024x156.png\" alt=\"Fotografias de perfil da equipa FooSales.\" width=\"1024\" height=\"156\" title=\"\" srcset=\"https:\/\/www.foosales.com\/wp-content\/uploads\/2023\/02\/fooevents-team-1024x156.png 1024w, https:\/\/www.foosales.com\/wp-content\/uploads\/2023\/02\/fooevents-team-300x46.png 300w, https:\/\/www.foosales.com\/wp-content\/uploads\/2023\/02\/fooevents-team-768x117.png 768w, https:\/\/www.foosales.com\/wp-content\/uploads\/2023\/02\/fooevents-team-600x92.png 600w, https:\/\/www.foosales.com\/wp-content\/uploads\/2023\/02\/fooevents-team.png 1436w\" sizes=\"(max-width: 1024px) 100vw, 1024px\" \/><\/p><p style=\"text-align: center;\">Come\u00e7\u00e1mos por ser uma ag\u00eancia digital chamada\u00a0<a href=\"https:\/\/www.grenadeco.com\/\" rel=\"noopener\">Grenade<\/a>\u00a0que desenvolveu aplica\u00e7\u00f5es web e m\u00f3veis para empresas de primeira linha e criou tamb\u00e9m uma solu\u00e7\u00e3o muito popular para eventos e emiss\u00e3o de bilhetes para a WooCommerce chamada\u00a0<a href=\"https:\/\/www.fooevents.com\/pt\/\" rel=\"noopener\">FooEvents<\/a>.<\/p><p style=\"text-align: center;\">A equipa do FooSales \u00e9 constitu\u00edda por talentosos programadores, designers, especialistas em apoio ao cliente e em marketing sediados na Am\u00e9rica do Norte, na \u00c1frica do Sul e nas Filipinas, que s\u00e3o incans\u00e1veis na constru\u00e7\u00e3o e no apoio a produtos de alta qualidade que n\u00e3o s\u00e3o apenas f\u00e1ceis de utilizar, mas tamb\u00e9m rent\u00e1veis.<\/p><p style=\"text-align: center;\">A nossa equipa foi forjada nas trincheiras do mundo altamente competitivo das ag\u00eancias, que apresenta prazos apertados, muitas vezes irracionais, e exige muita criatividade na resolu\u00e7\u00e3o de problemas e nervos de a\u00e7o para sobreviver. Estes atributos s\u00e3o evidentes na nossa experi\u00eancia, conhecimento, dedica\u00e7\u00e3o e apoio ao cliente de excel\u00eancia. A aplica\u00e7\u00e3o da nossa experi\u00eancia \u00fanica em ag\u00eancias digitais e desenvolvimento de aplica\u00e7\u00f5es ao FooSales \u00e9 uma das muitas raz\u00f5es pelas quais nos destacamos, garantindo clientes satisfeitos e lojas de sucesso.<\/p><p style=\"text-align: center;\"><strong>Se quiser saber mais sobre o FooSales ou ser nosso parceiro, por favor <a href=\"https:\/\/help.foosales.com\/pt\/contact\/\" rel=\"nofollow noopener\">entrar em contacto<\/a>!<\/strong>\u00a0\u00a0<\/p>\t\t\t\t\t\t\t\t<\/div>\n\t\t\t\t<\/div>\n\t\t\t\t\t<\/div>\n\t\t<\/div>\n\t\t\t\t<div class=\"elementor-column elementor-col-16 elementor-top-column elementor-element elementor-element-b33bf94\" data-id=\"b33bf94\" data-element_type=\"column\" data-e-type=\"column\">\n\t\t\t<div class=\"elementor-widget-wrap\">\n\t\t\t\t\t\t\t<\/div>\n\t\t<\/div>\n\t\t\t\t\t<\/div>\n\t\t<\/section>\n\t\t\t\t<\/div>","protected":false},"excerpt":{"rendered":"<p>The FooSales Story Applying creativity, thinking differently, building tools that help people and collaborating with our peers nourishes our curious [&hellip;]<\/p>\n","protected":false},"author":1,"featured_media":0,"parent":0,"menu_order":20,"comment_status":"closed","ping_status":"closed","template":"elementor_header_footer","meta":{"site-sidebar-layout":"default","site-content-layout":"default","ast-site-content-layout":"default","site-content-style":"default","site-sidebar-style":"default","ast-global-header-display":"","ast-banner-title-visibility":"","ast-main-header-display":"","ast-hfb-above-header-display":"","ast-hfb-below-header-display":"","ast-hfb-mobile-header-display":"","site-post-title":"","ast-breadcrumbs-content":"","ast-featured-img":"","footer-sml-layout":"","ast-disable-related-posts":"","theme-transparent-header-meta":"default","adv-header-id-meta":"","stick-header-meta":"default","header-above-stick-meta":"","header-main-stick-meta":"","header-below-stick-meta":"","astra-migrate-meta-layouts":"set","ast-page-background-enabled":"default","ast-page-background-meta":{"desktop":{"background-color":"","background-image":"","background-repeat":"repeat","background-position":"center center","background-size":"auto","background-attachment":"scroll","background-type":"","background-media":"","overlay-type":"","overlay-color":"","overlay-opacity":"","overlay-gradient":""},"tablet":{"background-color":"","background-image":"","background-repeat":"repeat","background-position":"center center","background-size":"auto","background-attachment":"scroll","background-type":"","background-media":"","overlay-type":"","overlay-color":"","overlay-opacity":"","overlay-gradient":""},"mobile":{"background-color":"","background-image":"","background-repeat":"repeat","background-position":"center center","background-size":"auto","background-attachment":"scroll","background-type":"","background-media":"","overlay-type":"","overlay-color":"","overlay-opacity":"","overlay-gradient":""}},"ast-content-background-meta":{"desktop":{"background-color":"var(--ast-global-color-5)","background-image":"","background-repeat":"repeat","background-position":"center center","background-size":"auto","background-attachment":"scroll","background-type":"","background-media":"","overlay-type":"","overlay-color":"","overlay-opacity":"","overlay-gradient":""},"tablet":{"background-color":"var(--ast-global-color-5)","background-image":"","background-repeat":"repeat","background-position":"center center","background-size":"auto","background-attachment":"scroll","background-type":"","background-media":"","overlay-type":"","overlay-color":"","overlay-opacity":"","overlay-gradient":""},"mobile":{"background-color":"var(--ast-global-color-5)","background-image":"","background-repeat":"repeat","background-position":"center center","background-size":"auto","background-attachment":"scroll","background-type":"","background-media":"","overlay-type":"","overlay-color":"","overlay-opacity":"","overlay-gradient":""}},"footnotes":""},"class_list":["post-20326","page","type-page","status-publish","hentry"],"_links":{"self":[{"href":"https:\/\/www.foosales.com\/pt\/wp-json\/wp\/v2\/pages\/20326","targetHints":{"allow":["GET"]}}],"collection":[{"href":"https:\/\/www.foosales.com\/pt\/wp-json\/wp\/v2\/pages"}],"about":[{"href":"https:\/\/www.foosales.com\/pt\/wp-json\/wp\/v2\/types\/page"}],"author":[{"embeddable":true,"href":"https:\/\/www.foosales.com\/pt\/wp-json\/wp\/v2\/users\/1"}],"replies":[{"embeddable":true,"href":"https:\/\/www.foosales.com\/pt\/wp-json\/wp\/v2\/comments?post=20326"}],"version-history":[{"count":3,"href":"https:\/\/www.foosales.com\/pt\/wp-json\/wp\/v2\/pages\/20326\/revisions"}],"predecessor-version":[{"id":185373,"href":"https:\/\/www.foosales.com\/pt\/wp-json\/wp\/v2\/pages\/20326\/revisions\/185373"}],"wp:attachment":[{"href":"https:\/\/www.foosales.com\/pt\/wp-json\/wp\/v2\/media?parent=20326"}],"curies":[{"name":"wp","href":"https:\/\/api.w.org\/{rel}","templated":true}]}}