{"id":68327,"date":"2021-01-12T11:51:05","date_gmt":"2021-01-12T18:51:05","guid":{"rendered":"https:\/\/foosales.com\/?post_type=product&#038;p=68327"},"modified":"2024-10-03T18:21:05","modified_gmt":"2024-10-04T01:21:05","slug":"pagamentos-quadrados","status":"publish","type":"product","link":"https:\/\/www.foosales.com\/pt\/product\/square-payments\/","title":{"rendered":"Square Complemento de pagamentos"},"content":{"rendered":"","protected":false},"excerpt":{"rendered":"<p>WooCommerce e Square s\u00e3o plataformas populares, mas historicamente n\u00e3o funcionam bem juntas. At\u00e9 agora. O FooSales aproveita os pontos fortes de ambas as plataformas e preenche perfeitamente a lacuna entre a venda on-line e pessoalmente atrav\u00e9s da nossa integra\u00e7\u00e3o Square. O Square suporta cart\u00f5es com chip EMV, cart\u00f5es com tarja magn\u00e9tica, Apple Pay, Google Pay, Samsung Pay e NFC.<\/p>\n<p><strong><u><a href=\"https:\/\/www.foosales.com\/pt\/caracteristicas\/pagamentos\/quadrado\/\">Mais informa\u00e7\u00f5es sobre os pagamentos Square \u2192<\/a><\/u><\/strong><\/p>\n<p>O complemento FooSales Square Payments \u00e9 necess\u00e1rio para a integra\u00e7\u00e3o do Square, que pode ser adquirido com um <a href=\"https:\/\/www.foosales.com\/pt\/fixacao-de-precos\/\">Plano de dom\u00ednio \u00fanico ou m\u00faltiplo<\/a> bem como separadamente, caso pretenda adicion\u00e1-lo no futuro.<\/p>\n<p><strong><u><a href=\"https:\/\/help.foosales.com\/docs\/topics\/payments\/square-payment-integration\/#requirements\" target=\"_blank\" rel=\"noopener\">Ver Requisitos \u2192<\/a><\/u><\/strong><\/p>","protected":false},"featured_media":70768,"template":"","meta":{"site-sidebar-layout":"default","site-content-layout":"default","ast-site-content-layout":"default","site-content-style":"default","site-sidebar-style":"default","ast-global-header-display":"","ast-banner-title-visibility":"","ast-main-header-display":"","ast-hfb-above-header-display":"","ast-hfb-below-header-display":"","ast-hfb-mobile-header-display":"","site-post-title":"","ast-breadcrumbs-content":"","ast-featured-img":"","footer-sml-layout":"","ast-disable-related-posts":"","theme-transparent-header-meta":"default","adv-header-id-meta":"","stick-header-meta":"default","header-above-stick-meta":"","header-main-stick-meta":"","header-below-stick-meta":"","astra-migrate-meta-layouts":"set","ast-page-background-enabled":"default","ast-page-background-meta":{"desktop":{"background-color":"","background-image":"","background-repeat":"repeat","background-position":"center center","background-size":"auto","background-attachment":"scroll","background-type":"","background-media":"","overlay-type":"","overlay-color":"","overlay-opacity":"","overlay-gradient":""},"tablet":{"background-color":"","background-image":"","background-repeat":"repeat","background-position":"center center","background-size":"auto","background-attachment":"scroll","background-type":"","background-media":"","overlay-type":"","overlay-color":"","overlay-opacity":"","overlay-gradient":""},"mobile":{"background-color":"","background-image":"","background-repeat":"repeat","background-position":"center center","background-size":"auto","background-attachment":"scroll","background-type":"","background-media":"","overlay-type":"","overlay-color":"","overlay-opacity":"","overlay-gradient":""}},"ast-content-background-meta":{"desktop":{"background-color":"var(--ast-global-color-5)","background-image":"","background-repeat":"repeat","background-position":"center center","background-size":"auto","background-attachment":"scroll","background-type":"","background-media":"","overlay-type":"","overlay-color":"","overlay-opacity":"","overlay-gradient":""},"tablet":{"background-color":"var(--ast-global-color-5)","background-image":"","background-repeat":"repeat","background-position":"center center","background-size":"auto","background-attachment":"scroll","background-type":"","background-media":"","overlay-type":"","overlay-color":"","overlay-opacity":"","overlay-gradient":""},"mobile":{"background-color":"var(--ast-global-color-5)","background-image":"","background-repeat":"repeat","background-position":"center center","background-size":"auto","background-attachment":"scroll","background-type":"","background-media":"","overlay-type":"","overlay-color":"","overlay-opacity":"","overlay-gradient":""}}},"product_brand":[],"product_cat":[68,262,268],"product_tag":[],"class_list":{"0":"post-68327","1":"product","2":"type-product","3":"status-publish","4":"has-post-thumbnail","6":"product_cat-subscription","7":"product_cat-add-on","8":"product_cat-square","9":"desktop-align-left","10":"tablet-align-left","11":"mobile-align-left","12":"ast-product-gallery-layout-vertical","13":"ast-product-gallery-with-no-image","14":"ast-magnify-disabled","15":"ast-product-single-variable","17":"first","18":"instock","19":"taxable","20":"shipping-taxable","21":"purchasable","22":"product-type-variable-subscription","23":"has-default-attributes"},"_links":{"self":[{"href":"https:\/\/www.foosales.com\/pt\/wp-json\/wp\/v2\/product\/68327","targetHints":{"allow":["GET"]}}],"collection":[{"href":"https:\/\/www.foosales.com\/pt\/wp-json\/wp\/v2\/product"}],"about":[{"href":"https:\/\/www.foosales.com\/pt\/wp-json\/wp\/v2\/types\/product"}],"wp:featuredmedia":[{"embeddable":true,"href":"https:\/\/www.foosales.com\/pt\/wp-json\/wp\/v2\/media\/70768"}],"wp:attachment":[{"href":"https:\/\/www.foosales.com\/pt\/wp-json\/wp\/v2\/media?parent=68327"}],"wp:term":[{"taxonomy":"product_brand","embeddable":true,"href":"https:\/\/www.foosales.com\/pt\/wp-json\/wp\/v2\/product_brand?post=68327"},{"taxonomy":"product_cat","embeddable":true,"href":"https:\/\/www.foosales.com\/pt\/wp-json\/wp\/v2\/product_cat?post=68327"},{"taxonomy":"product_tag","embeddable":true,"href":"https:\/\/www.foosales.com\/pt\/wp-json\/wp\/v2\/product_tag?post=68327"}],"curies":[{"name":"wp","href":"https:\/\/api.w.org\/{rel}","templated":true}]}}